{"id":46713,"date":"2023-10-06T06:20:58","date_gmt":"2023-10-06T06:20:58","guid":{"rendered":"https:\/\/listings.mybikeplan.ch\/?post_type=product&#038;p=46713"},"modified":"2024-05-30T10:58:37","modified_gmt":"2024-05-30T10:58:37","slug":"bolia-link-tisch-130-x-130-cm","status":"publish","type":"product","link":"https:\/\/listings.mybikeplan.ch\/de\/produkt\/bolia-link-tisch-130-x-130-cm\/","title":{"rendered":"Link Tisch 130 x 130 cm hell, weisse Beine"},"content":{"rendered":"<h2><b>Das Wichtigste zum Link Tisch<\/b><b>:<\/b><\/h2>\n<ul class=\"bullet-points\">\n<li class=\"bullet-points__item\">klare, schlanke Silhouette<\/li>\n<li class=\"bullet-points__item\">Tischplatte aus FSC-zertifiziertem Massivholz<\/li>\n<li>weiss pigmentiert, helle Beine<\/li>\n<\/ul>\n","protected":false},"excerpt":{"rendered":"<div class=\"details-row\">\n<div id=\"collapseMoreInformation\" class=\"show collapse\" aria-labelledby=\"headingOne\" data-parent=\"#product-information\">\n<div class=\"details-row\">\n<div id=\"collapseMoreInformation\" class=\"show collapse\" aria-labelledby=\"headingOne\" data-parent=\"#product-information\">\n<div class=\"details-row\">\n<div id=\"collapseMoreInformation\" class=\"show collapse\" aria-labelledby=\"headingOne\" data-parent=\"#product-information\">\n<div class=\"details-row\">\n<div id=\"collapseMoreInformation\" class=\"show collapse\" aria-labelledby=\"headingOne\" data-parent=\"#product-information\">\n<div class=\"details-row\">\n<div id=\"collapseMoreInformation\" class=\"show collapse\" aria-labelledby=\"headingOne\" data-parent=\"#product-information\">\n<div class=\"details-row\">\n<div id=\"collapseMoreInformation\" class=\"show collapse\" aria-labelledby=\"headingOne\" data-parent=\"#product-information\">\n<div class=\"details-row\">\n<div id=\"collapseMoreInformation\" class=\"show collapse\" aria-labelledby=\"headingOne\" data-parent=\"#product-information\">\n<div class=\"details-row\">\n<div id=\"collapseMoreInformation\" class=\"show collapse\" aria-labelledby=\"headingOne\" data-parent=\"#product-information\">\n<div class=\"o-tile-wrapper px-x3 sm:px-x5 lg:px-x8 py-x6 md:py-80 o-tile-wrapper\">\n<div class=\"grid grid-cols-2\">\n<div class=\"col-span-full md:col-span-1 md:ml-30 xl:ml-70 flex flex-col justify-center\">\n<p class=\"leading-24px\">Link ist eine Serie mit sch\u00f6nen Tischen, die sich durch eine klare, schlanke Silhouette auszeichnen. Die Tischplatte aus FSC-zertifiziertem Massivholz wird durch vier schmale Metallbeine ausgewogen getragen, die in die Tischplatte abgesenkt sind, was dem Design eine handgefertigte und reine Oberfl\u00e4che verleiht. Die Konstruktion erm\u00f6glicht ausserdem eine l\u00e4ngere und schmalere Tischplatte, ohne Abstriche bei der Haltbarkeit oder Langlebigkeit des Designs machen zu m\u00fcssen. Link wurde vom d\u00e4nischen Duo Glismand &amp; R\u00fcdiger entworfen, das im Designprozess Modularit\u00e4t und Flexibilit\u00e4t vor Augen hatte. Jeder Tisch kann daher als Einzelst\u00fcck oder in sch\u00f6nen Reihen mit zwei oder mehr Tischen aufgestellt werden.<\/p>\n<\/div>\n<\/div>\n<\/div>\n<\/div>\n<\/div>\n<\/div>\n<\/div>\n<\/div>\n<\/div>\n<\/div>\n<\/div>\n<\/div>\n<\/div>\n<\/div>\n<\/div>\n<\/div>\n<\/div>\n<\/div>\n<\/div>\n","protected":false},"featured_media":44187,"comment_status":"open","ping_status":"closed","template":"","meta":{"_acf_changed":false},"product_brand":[],"product_cat":[7135,4448,4447,4445,4455],"product_tag":[],"class_list":{"0":"post-46713","1":"product","2":"type-product","3":"status-publish","4":"has-post-thumbnail","6":"product_cat-esstische","7":"product_cat-marke-bolia","8":"product_cat-marken-mysofaplan","9":"product_cat-mysofaplan","10":"product_cat-tische","11":"pa_brand-bolia","12":"pa_country-of-origin-bosnien-herzegowina","13":"pa_filters-color-braun","14":"pa_height-7450-cm","15":"pa_hex-color-c1a98f-produkt-bolia-link-tisch-130-x-130-cm-weiss-dunkel","16":"pa_hex-color-c7b7a5","17":"pa_leg-color-weisse-beine","18":"pa_main-material-eiche-weiss-pigmentiert-geoelt-massiv","19":"pa_seat-tube-length-130x130-cm","20":"pa_table-length-100-150-cm","21":"pa_weight-1050-kg","23":"first","24":"instock","25":"shipping-taxable","26":"purchasable","27":"product-type-variable"},"acf":{"short_description":"Link wurde vom d\u00e4nischen Duo Glismand & R\u00fcdiger entworfen, das im Designprozess Modularit\u00e4t und Flexibilit\u00e4t vor Augen hatte. Jeder Tisch kann daher als Einzelst\u00fcck oder in sch\u00f6nen Reihen mit zwei oder mehr Tischen aufgestellt werden.","bike_name":"Bolia Link Tisch","highlight_text":""},"yoast_head":"<!-- This site is optimized with the Yoast SEO plugin v24.5 - https:\/\/yoast.com\/wordpress\/plugins\/seo\/ -->\n<title>Bolia Link Tisch | 0 % Ratenzahlung | M\u00f6bel Schweiz<\/title>\n<meta name=\"description\" content=\"Bestelle jetzt den Bolia Link Tisch ab CHF 23 pro Monat! Zahle mit 0% Zins Ratenzahlung und geniesse unsere gratis Heimlieferung.\" \/>\n<meta name=\"robots\" content=\"noindex, follow, max-snippet:-1, max-image-preview:large, max-video-preview:-1\" \/>\n<meta property=\"og:locale\" content=\"de_DE\" \/>\n<meta property=\"og:type\" content=\"article\" \/>\n<meta property=\"og:title\" content=\"Bolia Link Tisch | 0 % Ratenzahlung | M\u00f6bel Schweiz\" \/>\n<meta property=\"og:description\" content=\"Bestelle jetzt den Bolia Link Tisch ab CHF 23 pro Monat! Zahle mit 0% Zins Ratenzahlung und geniesse unsere gratis Heimlieferung.\" \/>\n<meta property=\"og:url\" content=\"https:\/\/listings.mybikeplan.ch\/de\/produkt\/bolia-link-tisch-130-x-130-cm\/\" \/>\n<meta property=\"og:site_name\" content=\"MyBikePlan\" \/>\n<meta property=\"article:modified_time\" content=\"2024-05-30T10:58:37+00:00\" \/>\n<meta property=\"og:image\" content=\"https:\/\/listings.mybikeplan.ch\/wp-content\/uploads\/2023\/09\/Bolia-Link-Tisch-80x80-weiss-pigmentiert-helle-Beine.jpg\" \/>\n\t<meta property=\"og:image:width\" content=\"1080\" \/>\n\t<meta property=\"og:image:height\" content=\"1080\" \/>\n\t<meta property=\"og:image:type\" content=\"image\/jpeg\" \/>\n<meta name=\"twitter:card\" content=\"summary_large_image\" \/>\n<meta name=\"twitter:label1\" content=\"Gesch\u00e4tzte Lesezeit\" \/>\n\t<meta name=\"twitter:data1\" content=\"1\u00a0Minute\" \/>\n<script type=\"application\/ld+json\" class=\"yoast-schema-graph\">{\"@context\":\"https:\/\/schema.org\",\"@graph\":[{\"@type\":\"WebPage\",\"@id\":\"https:\/\/listings.mybikeplan.ch\/de\/produkt\/bolia-link-tisch-130-x-130-cm\/\",\"url\":\"https:\/\/listings.mybikeplan.ch\/de\/produkt\/bolia-link-tisch-130-x-130-cm\/\",\"name\":\"Bolia Link Tisch | 0 % Ratenzahlung | M\u00f6bel Schweiz\",\"isPartOf\":{\"@id\":\"https:\/\/listings.mybikeplan.ch\/de\/#website\"},\"primaryImageOfPage\":{\"@id\":\"https:\/\/listings.mybikeplan.ch\/de\/produkt\/bolia-link-tisch-130-x-130-cm\/#primaryimage\"},\"image\":{\"@id\":\"https:\/\/listings.mybikeplan.ch\/de\/produkt\/bolia-link-tisch-130-x-130-cm\/#primaryimage\"},\"thumbnailUrl\":\"https:\/\/listings.mybikeplan.ch\/wp-content\/uploads\/2023\/09\/Bolia-Link-Tisch-80x80-weiss-pigmentiert-helle-Beine.jpg\",\"datePublished\":\"2023-10-06T06:20:58+00:00\",\"dateModified\":\"2024-05-30T10:58:37+00:00\",\"description\":\"Bestelle jetzt den Bolia Link Tisch ab CHF 23 pro Monat! Zahle mit 0% Zins Ratenzahlung und geniesse unsere gratis Heimlieferung.\",\"breadcrumb\":{\"@id\":\"https:\/\/listings.mybikeplan.ch\/de\/produkt\/bolia-link-tisch-130-x-130-cm\/#breadcrumb\"},\"inLanguage\":\"de\",\"potentialAction\":[{\"@type\":\"ReadAction\",\"target\":[\"https:\/\/listings.mybikeplan.ch\/de\/produkt\/bolia-link-tisch-130-x-130-cm\/\"]}]},{\"@type\":\"ImageObject\",\"inLanguage\":\"de\",\"@id\":\"https:\/\/listings.mybikeplan.ch\/de\/produkt\/bolia-link-tisch-130-x-130-cm\/#primaryimage\",\"url\":\"https:\/\/listings.mybikeplan.ch\/wp-content\/uploads\/2023\/09\/Bolia-Link-Tisch-80x80-weiss-pigmentiert-helle-Beine.jpg\",\"contentUrl\":\"https:\/\/listings.mybikeplan.ch\/wp-content\/uploads\/2023\/09\/Bolia-Link-Tisch-80x80-weiss-pigmentiert-helle-Beine.jpg\",\"width\":1080,\"height\":1080},{\"@type\":\"BreadcrumbList\",\"@id\":\"https:\/\/listings.mybikeplan.ch\/de\/produkt\/bolia-link-tisch-130-x-130-cm\/#breadcrumb\",\"itemListElement\":[{\"@type\":\"ListItem\",\"position\":1,\"name\":\"Home\",\"item\":\"https:\/\/listings.mybikeplan.ch\/de\/\"},{\"@type\":\"ListItem\",\"position\":2,\"name\":\"Link Tisch 130 x 130 cm hell, weisse Beine\"}]},{\"@type\":\"WebSite\",\"@id\":\"https:\/\/listings.mybikeplan.ch\/de\/#website\",\"url\":\"https:\/\/listings.mybikeplan.ch\/de\/\",\"name\":\"MyBikePlan\",\"description\":\"\",\"potentialAction\":[{\"@type\":\"SearchAction\",\"target\":{\"@type\":\"EntryPoint\",\"urlTemplate\":\"https:\/\/listings.mybikeplan.ch\/de\/?s={search_term_string}\"},\"query-input\":{\"@type\":\"PropertyValueSpecification\",\"valueRequired\":true,\"valueName\":\"search_term_string\"}}],\"inLanguage\":\"de\"}]}<\/script>\n<!-- \/ Yoast SEO plugin. -->","yoast_head_json":{"title":"Bolia Link Tisch | 0 % Ratenzahlung | M\u00f6bel Schweiz","description":"Bestelle jetzt den Bolia Link Tisch ab CHF 23 pro Monat! Zahle mit 0% Zins Ratenzahlung und geniesse unsere gratis Heimlieferung.","robots":{"index":"noindex","follow":"follow","max-snippet":"max-snippet:-1","max-image-preview":"max-image-preview:large","max-video-preview":"max-video-preview:-1"},"og_locale":"de_DE","og_type":"article","og_title":"Bolia Link Tisch | 0 % Ratenzahlung | M\u00f6bel Schweiz","og_description":"Bestelle jetzt den Bolia Link Tisch ab CHF 23 pro Monat! Zahle mit 0% Zins Ratenzahlung und geniesse unsere gratis Heimlieferung.","og_url":"https:\/\/listings.mybikeplan.ch\/de\/produkt\/bolia-link-tisch-130-x-130-cm\/","og_site_name":"MyBikePlan","article_modified_time":"2024-05-30T10:58:37+00:00","og_image":[{"width":1080,"height":1080,"url":"https:\/\/listings.mybikeplan.ch\/wp-content\/uploads\/2023\/09\/Bolia-Link-Tisch-80x80-weiss-pigmentiert-helle-Beine.jpg","type":"image\/jpeg"}],"twitter_card":"summary_large_image","twitter_misc":{"Gesch\u00e4tzte Lesezeit":"1\u00a0Minute"},"schema":{"@context":"https:\/\/schema.org","@graph":[{"@type":"WebPage","@id":"https:\/\/listings.mybikeplan.ch\/de\/produkt\/bolia-link-tisch-130-x-130-cm\/","url":"https:\/\/listings.mybikeplan.ch\/de\/produkt\/bolia-link-tisch-130-x-130-cm\/","name":"Bolia Link Tisch | 0 % Ratenzahlung | M\u00f6bel Schweiz","isPartOf":{"@id":"https:\/\/listings.mybikeplan.ch\/de\/#website"},"primaryImageOfPage":{"@id":"https:\/\/listings.mybikeplan.ch\/de\/produkt\/bolia-link-tisch-130-x-130-cm\/#primaryimage"},"image":{"@id":"https:\/\/listings.mybikeplan.ch\/de\/produkt\/bolia-link-tisch-130-x-130-cm\/#primaryimage"},"thumbnailUrl":"https:\/\/listings.mybikeplan.ch\/wp-content\/uploads\/2023\/09\/Bolia-Link-Tisch-80x80-weiss-pigmentiert-helle-Beine.jpg","datePublished":"2023-10-06T06:20:58+00:00","dateModified":"2024-05-30T10:58:37+00:00","description":"Bestelle jetzt den Bolia Link Tisch ab CHF 23 pro Monat! Zahle mit 0% Zins Ratenzahlung und geniesse unsere gratis Heimlieferung.","breadcrumb":{"@id":"https:\/\/listings.mybikeplan.ch\/de\/produkt\/bolia-link-tisch-130-x-130-cm\/#breadcrumb"},"inLanguage":"de","potentialAction":[{"@type":"ReadAction","target":["https:\/\/listings.mybikeplan.ch\/de\/produkt\/bolia-link-tisch-130-x-130-cm\/"]}]},{"@type":"ImageObject","inLanguage":"de","@id":"https:\/\/listings.mybikeplan.ch\/de\/produkt\/bolia-link-tisch-130-x-130-cm\/#primaryimage","url":"https:\/\/listings.mybikeplan.ch\/wp-content\/uploads\/2023\/09\/Bolia-Link-Tisch-80x80-weiss-pigmentiert-helle-Beine.jpg","contentUrl":"https:\/\/listings.mybikeplan.ch\/wp-content\/uploads\/2023\/09\/Bolia-Link-Tisch-80x80-weiss-pigmentiert-helle-Beine.jpg","width":1080,"height":1080},{"@type":"BreadcrumbList","@id":"https:\/\/listings.mybikeplan.ch\/de\/produkt\/bolia-link-tisch-130-x-130-cm\/#breadcrumb","itemListElement":[{"@type":"ListItem","position":1,"name":"Home","item":"https:\/\/listings.mybikeplan.ch\/de\/"},{"@type":"ListItem","position":2,"name":"Link Tisch 130 x 130 cm hell, weisse Beine"}]},{"@type":"WebSite","@id":"https:\/\/listings.mybikeplan.ch\/de\/#website","url":"https:\/\/listings.mybikeplan.ch\/de\/","name":"MyBikePlan","description":"","potentialAction":[{"@type":"SearchAction","target":{"@type":"EntryPoint","urlTemplate":"https:\/\/listings.mybikeplan.ch\/de\/?s={search_term_string}"},"query-input":{"@type":"PropertyValueSpecification","valueRequired":true,"valueName":"search_term_string"}}],"inLanguage":"de"}]}},"_links":{"self":[{"href":"https:\/\/listings.mybikeplan.ch\/de\/wp-json\/wp\/v2\/product\/46713","targetHints":{"allow":["GET"]}}],"collection":[{"href":"https:\/\/listings.mybikeplan.ch\/de\/wp-json\/wp\/v2\/product"}],"about":[{"href":"https:\/\/listings.mybikeplan.ch\/de\/wp-json\/wp\/v2\/types\/product"}],"replies":[{"embeddable":true,"href":"https:\/\/listings.mybikeplan.ch\/de\/wp-json\/wp\/v2\/comments?post=46713"}],"wp:featuredmedia":[{"embeddable":true,"href":"https:\/\/listings.mybikeplan.ch\/de\/wp-json\/wp\/v2\/media\/44187"}],"wp:attachment":[{"href":"https:\/\/listings.mybikeplan.ch\/de\/wp-json\/wp\/v2\/media?parent=46713"}],"wp:term":[{"taxonomy":"product_brand","embeddable":true,"href":"https:\/\/listings.mybikeplan.ch\/de\/wp-json\/wp\/v2\/product_brand?post=46713"},{"taxonomy":"product_cat","embeddable":true,"href":"https:\/\/listings.mybikeplan.ch\/de\/wp-json\/wp\/v2\/product_cat?post=46713"},{"taxonomy":"product_tag","embeddable":true,"href":"https:\/\/listings.mybikeplan.ch\/de\/wp-json\/wp\/v2\/product_tag?post=46713"}],"curies":[{"name":"wp","href":"https:\/\/api.w.org\/{rel}","templated":true}]}}