{"id":46446,"date":"2023-10-05T13:54:46","date_gmt":"2023-10-05T13:54:46","guid":{"rendered":"https:\/\/listings.mybikeplan.ch\/?post_type=product&#038;p=46446"},"modified":"2024-01-12T12:38:02","modified_gmt":"2024-01-12T12:38:02","slug":"bolia-vala-schreibtisch-90-x-40-cm","status":"publish","type":"product","link":"https:\/\/listings.mybikeplan.ch\/de\/produkt\/bolia-vala-schreibtisch-90-x-40-cm\/","title":{"rendered":"Vala Schreibtisch 90 x 40 cm, hell"},"content":{"rendered":"<h2><b>Das Wichtigste zum Vala Schreibtisch<\/b><b>:<\/b><\/h2>\n<ul class=\"bullet-points\">\n<li class=\"flex mt-x2\">\n<div>Luxuri\u00f6ser und kompakter Schreibtisch, handgefertigt aus Eichenfurnier<\/div>\n<\/li>\n<li class=\"flex mt-x2\">\n<div>Wandmontiert mit verdeckter Aufh\u00e4ngung<\/div>\n<\/li>\n<li class=\"flex mt-x2\">\n<div>Clevere, verborgene Funktionen wie Aufbewahrung, Kabelausg\u00e4nge und Schubf\u00e4cher<\/div>\n<\/li>\n<\/ul>\n","protected":false},"excerpt":{"rendered":"<div class=\"details-row\">\n<div id=\"collapseMoreInformation\" class=\"show collapse\" aria-labelledby=\"headingOne\" data-parent=\"#product-information\">\n<div class=\"details-row\">\n<div id=\"collapseMoreInformation\" class=\"show collapse\" aria-labelledby=\"headingOne\" data-parent=\"#product-information\">\n<div class=\"details-row\">\n<div id=\"collapseMoreInformation\" class=\"show collapse\" aria-labelledby=\"headingOne\" data-parent=\"#product-information\">\n<div class=\"details-row\">\n<div id=\"collapseMoreInformation\" class=\"show collapse\" aria-labelledby=\"headingOne\" data-parent=\"#product-information\">\n<div class=\"details-row\">\n<div id=\"collapseMoreInformation\" class=\"show collapse\" aria-labelledby=\"headingOne\" data-parent=\"#product-information\">\n<div class=\"details-row\">\n<div id=\"collapseMoreInformation\" class=\"show collapse\" aria-labelledby=\"headingOne\" data-parent=\"#product-information\">\n<div class=\"details-row\">\n<div id=\"collapseMoreInformation\" class=\"show collapse\" aria-labelledby=\"headingOne\" data-parent=\"#product-information\">\n<div class=\"details-row\">\n<div id=\"collapseMoreInformation\" class=\"show collapse\" aria-labelledby=\"headingOne\" data-parent=\"#product-information\">\n<div class=\"o-tile-wrapper px-x3 sm:px-x5 lg:px-x8 py-x6 md:py-80 o-tile-wrapper\">\n<div class=\"grid grid-cols-2\">\n<div class=\"col-span-full md:col-span-1 md:ml-30 xl:ml-70 flex flex-col justify-center\">\n<p class=\"leading-24px\">Vala ist ein luxuri\u00f6ses M\u00f6belst\u00fcck, das mit einer perfekt bearbeiteten Form und clever verborgenen Funktionen bei Aufbewahrung und Kabelmanagement gestaltet wurde. Drei Kabelausg\u00e4nge unten und ein ger\u00e4umiges Schubfach f\u00fcr Laptop, Schl\u00fcssel, Notizb\u00fccher oder Schmuck \u2013 je nach Verwendung \u2013 erleichtern die Organisation und \u00dcbersichtlichkeit Deines Arbeitsplatzes. Der Schreibtisch wird mit einer verdeckten Aufh\u00e4ngung b\u00fcndig an der Wand montiert und sorgt f\u00fcr einen schlichten und minimalistischen Ausdruck mit wundersch\u00f6n handgefertigten Details aus Eichenfurnier.<\/p>\n<\/div>\n<\/div>\n<\/div>\n<\/div>\n<\/div>\n<\/div>\n<\/div>\n<\/div>\n<\/div>\n<\/div>\n<\/div>\n<\/div>\n<\/div>\n<\/div>\n<\/div>\n<\/div>\n<\/div>\n<\/div>\n<\/div>\n","protected":false},"featured_media":45494,"comment_status":"open","ping_status":"closed","template":"","meta":{"_acf_changed":false},"product_brand":[],"product_cat":[4448,4447,4445,7140,4455],"product_tag":[],"class_list":{"0":"post-46446","1":"product","2":"type-product","3":"status-publish","4":"has-post-thumbnail","6":"product_cat-marke-bolia","7":"product_cat-marken-mysofaplan","8":"product_cat-mysofaplan","9":"product_cat-schreibtische","10":"product_cat-tische","11":"pa_brand-bolia","12":"pa_country-of-origin-slowenien","13":"pa_depth-40-cm","14":"pa_filters-color-braun","15":"pa_hex-color-bc966a-produkt-bolia-vala-schreibtisch-90-x-40-cm-hell","16":"pa_hex-color-d3bc9d","17":"pa_main-material-eiche-weiss-pigmentiert-geoelt-furnier","18":"pa_max-load-capacity-15-kg","19":"pa_mounting-wird-montiert-geliefert","20":"pa_seat-tube-length-90-x-40-cm","21":"pa_table-length-50-100-cm","22":"pa_weight-22-kg","23":"pa_width-90-cm","25":"first","26":"instock","27":"shipping-taxable","28":"purchasable","29":"product-type-variable"},"acf":{"short_description":"Luxuri\u00f6ser und kompakter Schreibtisch, handgefertigt aus Eichenfurnier. Zum Befestigen an der Wand.","bike_name":"Bolia Vala Schreibtisch","highlight_text":""},"yoast_head":"<!-- This site is optimized with the Yoast SEO plugin v24.5 - https:\/\/yoast.com\/wordpress\/plugins\/seo\/ -->\n<title>Bolia Vala Schreibtisch | 0 % Ratenzahlung | M\u00f6bel Schweiz<\/title>\n<meta name=\"description\" content=\"Bestelle jetzt den Bolia Vala Schreibtisch ab CHF 31 pro Monat! Zahle mit 0 % Zins Ratenzahlung und geniesse unsere gratis Heimlieferung.\" \/>\n<meta name=\"robots\" content=\"noindex, follow, max-snippet:-1, max-image-preview:large, max-video-preview:-1\" \/>\n<meta property=\"og:locale\" content=\"de_DE\" \/>\n<meta property=\"og:type\" content=\"article\" \/>\n<meta property=\"og:title\" content=\"Bolia Vala Schreibtisch | 0 % Ratenzahlung | M\u00f6bel Schweiz\" \/>\n<meta property=\"og:description\" content=\"Bestelle jetzt den Bolia Vala Schreibtisch ab CHF 31 pro Monat! Zahle mit 0 % Zins Ratenzahlung und geniesse unsere gratis Heimlieferung.\" \/>\n<meta property=\"og:url\" content=\"https:\/\/listings.mybikeplan.ch\/de\/produkt\/bolia-vala-schreibtisch-90-x-40-cm\/\" \/>\n<meta property=\"og:site_name\" content=\"MyBikePlan\" \/>\n<meta property=\"article:modified_time\" content=\"2024-01-12T12:38:02+00:00\" \/>\n<meta property=\"og:image\" content=\"https:\/\/listings.mybikeplan.ch\/wp-content\/uploads\/2023\/09\/Bolia-Vala-Schreibtisch-3-1.jpg\" \/>\n\t<meta property=\"og:image:width\" content=\"1080\" \/>\n\t<meta property=\"og:image:height\" content=\"1080\" \/>\n\t<meta property=\"og:image:type\" content=\"image\/jpeg\" \/>\n<meta name=\"twitter:card\" content=\"summary_large_image\" \/>\n<meta name=\"twitter:label1\" content=\"Gesch\u00e4tzte Lesezeit\" \/>\n\t<meta name=\"twitter:data1\" content=\"1\u00a0Minute\" \/>\n<script type=\"application\/ld+json\" class=\"yoast-schema-graph\">{\"@context\":\"https:\/\/schema.org\",\"@graph\":[{\"@type\":\"WebPage\",\"@id\":\"https:\/\/listings.mybikeplan.ch\/de\/produkt\/bolia-vala-schreibtisch-90-x-40-cm\/\",\"url\":\"https:\/\/listings.mybikeplan.ch\/de\/produkt\/bolia-vala-schreibtisch-90-x-40-cm\/\",\"name\":\"Bolia Vala Schreibtisch | 0 % Ratenzahlung | M\u00f6bel Schweiz\",\"isPartOf\":{\"@id\":\"https:\/\/listings.mybikeplan.ch\/de\/#website\"},\"primaryImageOfPage\":{\"@id\":\"https:\/\/listings.mybikeplan.ch\/de\/produkt\/bolia-vala-schreibtisch-90-x-40-cm\/#primaryimage\"},\"image\":{\"@id\":\"https:\/\/listings.mybikeplan.ch\/de\/produkt\/bolia-vala-schreibtisch-90-x-40-cm\/#primaryimage\"},\"thumbnailUrl\":\"https:\/\/listings.mybikeplan.ch\/wp-content\/uploads\/2023\/09\/Bolia-Vala-Schreibtisch-3-1.jpg\",\"datePublished\":\"2023-10-05T13:54:46+00:00\",\"dateModified\":\"2024-01-12T12:38:02+00:00\",\"description\":\"Bestelle jetzt den Bolia Vala Schreibtisch ab CHF 31 pro Monat! Zahle mit 0 % Zins Ratenzahlung und geniesse unsere gratis Heimlieferung.\",\"breadcrumb\":{\"@id\":\"https:\/\/listings.mybikeplan.ch\/de\/produkt\/bolia-vala-schreibtisch-90-x-40-cm\/#breadcrumb\"},\"inLanguage\":\"de\",\"potentialAction\":[{\"@type\":\"ReadAction\",\"target\":[\"https:\/\/listings.mybikeplan.ch\/de\/produkt\/bolia-vala-schreibtisch-90-x-40-cm\/\"]}]},{\"@type\":\"ImageObject\",\"inLanguage\":\"de\",\"@id\":\"https:\/\/listings.mybikeplan.ch\/de\/produkt\/bolia-vala-schreibtisch-90-x-40-cm\/#primaryimage\",\"url\":\"https:\/\/listings.mybikeplan.ch\/wp-content\/uploads\/2023\/09\/Bolia-Vala-Schreibtisch-3-1.jpg\",\"contentUrl\":\"https:\/\/listings.mybikeplan.ch\/wp-content\/uploads\/2023\/09\/Bolia-Vala-Schreibtisch-3-1.jpg\",\"width\":1080,\"height\":1080},{\"@type\":\"BreadcrumbList\",\"@id\":\"https:\/\/listings.mybikeplan.ch\/de\/produkt\/bolia-vala-schreibtisch-90-x-40-cm\/#breadcrumb\",\"itemListElement\":[{\"@type\":\"ListItem\",\"position\":1,\"name\":\"Home\",\"item\":\"https:\/\/listings.mybikeplan.ch\/de\/\"},{\"@type\":\"ListItem\",\"position\":2,\"name\":\"Vala Schreibtisch 90 x 40 cm, hell\"}]},{\"@type\":\"WebSite\",\"@id\":\"https:\/\/listings.mybikeplan.ch\/de\/#website\",\"url\":\"https:\/\/listings.mybikeplan.ch\/de\/\",\"name\":\"MyBikePlan\",\"description\":\"\",\"potentialAction\":[{\"@type\":\"SearchAction\",\"target\":{\"@type\":\"EntryPoint\",\"urlTemplate\":\"https:\/\/listings.mybikeplan.ch\/de\/?s={search_term_string}\"},\"query-input\":{\"@type\":\"PropertyValueSpecification\",\"valueRequired\":true,\"valueName\":\"search_term_string\"}}],\"inLanguage\":\"de\"}]}<\/script>\n<!-- \/ Yoast SEO plugin. -->","yoast_head_json":{"title":"Bolia Vala Schreibtisch | 0 % Ratenzahlung | M\u00f6bel Schweiz","description":"Bestelle jetzt den Bolia Vala Schreibtisch ab CHF 31 pro Monat! Zahle mit 0 % Zins Ratenzahlung und geniesse unsere gratis Heimlieferung.","robots":{"index":"noindex","follow":"follow","max-snippet":"max-snippet:-1","max-image-preview":"max-image-preview:large","max-video-preview":"max-video-preview:-1"},"og_locale":"de_DE","og_type":"article","og_title":"Bolia Vala Schreibtisch | 0 % Ratenzahlung | M\u00f6bel Schweiz","og_description":"Bestelle jetzt den Bolia Vala Schreibtisch ab CHF 31 pro Monat! Zahle mit 0 % Zins Ratenzahlung und geniesse unsere gratis Heimlieferung.","og_url":"https:\/\/listings.mybikeplan.ch\/de\/produkt\/bolia-vala-schreibtisch-90-x-40-cm\/","og_site_name":"MyBikePlan","article_modified_time":"2024-01-12T12:38:02+00:00","og_image":[{"width":1080,"height":1080,"url":"https:\/\/listings.mybikeplan.ch\/wp-content\/uploads\/2023\/09\/Bolia-Vala-Schreibtisch-3-1.jpg","type":"image\/jpeg"}],"twitter_card":"summary_large_image","twitter_misc":{"Gesch\u00e4tzte Lesezeit":"1\u00a0Minute"},"schema":{"@context":"https:\/\/schema.org","@graph":[{"@type":"WebPage","@id":"https:\/\/listings.mybikeplan.ch\/de\/produkt\/bolia-vala-schreibtisch-90-x-40-cm\/","url":"https:\/\/listings.mybikeplan.ch\/de\/produkt\/bolia-vala-schreibtisch-90-x-40-cm\/","name":"Bolia Vala Schreibtisch | 0 % Ratenzahlung | M\u00f6bel Schweiz","isPartOf":{"@id":"https:\/\/listings.mybikeplan.ch\/de\/#website"},"primaryImageOfPage":{"@id":"https:\/\/listings.mybikeplan.ch\/de\/produkt\/bolia-vala-schreibtisch-90-x-40-cm\/#primaryimage"},"image":{"@id":"https:\/\/listings.mybikeplan.ch\/de\/produkt\/bolia-vala-schreibtisch-90-x-40-cm\/#primaryimage"},"thumbnailUrl":"https:\/\/listings.mybikeplan.ch\/wp-content\/uploads\/2023\/09\/Bolia-Vala-Schreibtisch-3-1.jpg","datePublished":"2023-10-05T13:54:46+00:00","dateModified":"2024-01-12T12:38:02+00:00","description":"Bestelle jetzt den Bolia Vala Schreibtisch ab CHF 31 pro Monat! Zahle mit 0 % Zins Ratenzahlung und geniesse unsere gratis Heimlieferung.","breadcrumb":{"@id":"https:\/\/listings.mybikeplan.ch\/de\/produkt\/bolia-vala-schreibtisch-90-x-40-cm\/#breadcrumb"},"inLanguage":"de","potentialAction":[{"@type":"ReadAction","target":["https:\/\/listings.mybikeplan.ch\/de\/produkt\/bolia-vala-schreibtisch-90-x-40-cm\/"]}]},{"@type":"ImageObject","inLanguage":"de","@id":"https:\/\/listings.mybikeplan.ch\/de\/produkt\/bolia-vala-schreibtisch-90-x-40-cm\/#primaryimage","url":"https:\/\/listings.mybikeplan.ch\/wp-content\/uploads\/2023\/09\/Bolia-Vala-Schreibtisch-3-1.jpg","contentUrl":"https:\/\/listings.mybikeplan.ch\/wp-content\/uploads\/2023\/09\/Bolia-Vala-Schreibtisch-3-1.jpg","width":1080,"height":1080},{"@type":"BreadcrumbList","@id":"https:\/\/listings.mybikeplan.ch\/de\/produkt\/bolia-vala-schreibtisch-90-x-40-cm\/#breadcrumb","itemListElement":[{"@type":"ListItem","position":1,"name":"Home","item":"https:\/\/listings.mybikeplan.ch\/de\/"},{"@type":"ListItem","position":2,"name":"Vala Schreibtisch 90 x 40 cm, hell"}]},{"@type":"WebSite","@id":"https:\/\/listings.mybikeplan.ch\/de\/#website","url":"https:\/\/listings.mybikeplan.ch\/de\/","name":"MyBikePlan","description":"","potentialAction":[{"@type":"SearchAction","target":{"@type":"EntryPoint","urlTemplate":"https:\/\/listings.mybikeplan.ch\/de\/?s={search_term_string}"},"query-input":{"@type":"PropertyValueSpecification","valueRequired":true,"valueName":"search_term_string"}}],"inLanguage":"de"}]}},"_links":{"self":[{"href":"https:\/\/listings.mybikeplan.ch\/de\/wp-json\/wp\/v2\/product\/46446","targetHints":{"allow":["GET"]}}],"collection":[{"href":"https:\/\/listings.mybikeplan.ch\/de\/wp-json\/wp\/v2\/product"}],"about":[{"href":"https:\/\/listings.mybikeplan.ch\/de\/wp-json\/wp\/v2\/types\/product"}],"replies":[{"embeddable":true,"href":"https:\/\/listings.mybikeplan.ch\/de\/wp-json\/wp\/v2\/comments?post=46446"}],"wp:featuredmedia":[{"embeddable":true,"href":"https:\/\/listings.mybikeplan.ch\/de\/wp-json\/wp\/v2\/media\/45494"}],"wp:attachment":[{"href":"https:\/\/listings.mybikeplan.ch\/de\/wp-json\/wp\/v2\/media?parent=46446"}],"wp:term":[{"taxonomy":"product_brand","embeddable":true,"href":"https:\/\/listings.mybikeplan.ch\/de\/wp-json\/wp\/v2\/product_brand?post=46446"},{"taxonomy":"product_cat","embeddable":true,"href":"https:\/\/listings.mybikeplan.ch\/de\/wp-json\/wp\/v2\/product_cat?post=46446"},{"taxonomy":"product_tag","embeddable":true,"href":"https:\/\/listings.mybikeplan.ch\/de\/wp-json\/wp\/v2\/product_tag?post=46446"}],"curies":[{"name":"wp","href":"https:\/\/api.w.org\/{rel}","templated":true}]}}