{"id":45648,"date":"2023-09-29T07:39:17","date_gmt":"2023-09-29T07:39:17","guid":{"rendered":"https:\/\/listings.mybikeplan.ch\/?post_type=product&#038;p=45648"},"modified":"2024-01-05T07:50:17","modified_gmt":"2024-01-05T07:50:17","slug":"bolia-seed-stuhl-gepolstert-braun","status":"publish","type":"product","link":"https:\/\/listings.mybikeplan.ch\/de\/produkt\/bolia-seed-stuhl-gepolstert-braun\/","title":{"rendered":"Seed Stuhl gepolstert braun, helle Beine"},"content":{"rendered":"<h2><b>Das Wichtigste zum Seed Stuhl<\/b><b>:<\/b><\/h2>\n<ul>\n<li class=\"flex mt-x2\">\n<div>Aus 85 % recyceltem Kunststoff<\/div>\n<\/li>\n<li class=\"flex mt-x2\">\n<div>eine vielseitige Stuhlserie, die sich ausgezeichnet in jede Umgebung einf\u00fcgt<\/div>\n<\/li>\n<li class=\"flex mt-x2\">\n<div>Entworfen mit aussergew\u00f6hnlichem Komfort<\/div>\n<\/li>\n<\/ul>\n","protected":false},"excerpt":{"rendered":"<p>Vom Homeoffice \u00fcber das Esszimmer bis zum professionellen Markt kann der Bolia Seed Stuhl an jede Umgebung angepasst werden. Die poetische Form besteht zu 85 Prozent aus recyceltem Kunststoff und bietet einen aussergew\u00f6hnlichen Komfort und Halt. Beim Gussvorgang, bei dem Kunststoffabf\u00e4lle umgeformt werden, entsteht ein diskretes Farbspiel, das aus jedem einzelnen Stuhl ein Unikat macht. W\u00e4hlen den Rahmentyp, der am besten zu Deinen Bed\u00fcrfnissen passt: Die M\u00f6glichkeiten sind unbegrenzt.<\/p>\n","protected":false},"featured_media":45654,"comment_status":"open","ping_status":"closed","template":"","meta":{"_acf_changed":false},"product_brand":[],"product_cat":[7152,4448,4447,4445,7151],"product_tag":[],"class_list":{"0":"post-45648","1":"product","2":"type-product","3":"status-publish","4":"has-post-thumbnail","6":"product_cat-esszimmerstuehle","7":"product_cat-marke-bolia","8":"product_cat-marken-mysofaplan","9":"product_cat-mysofaplan","10":"product_cat-stuehle","11":"pa_brand-bolia","12":"pa_cover-soil-dark-brown","13":"pa_filters-color-braun","14":"pa_hex-color-4b4e3d-produkt-bolia-seed-stuhl-gepolstert-gruen","15":"pa_hex-color-4e4a47","16":"pa_hex-color-908186-produkt-bolia-seed-stuhl-gepolstert-rosa","17":"pa_hex-color-909090-produkt-bolia-seed-stuhl-grau","18":"pa_hex-color-bab0a6-produkt-bolia-seed-stuhl","19":"pa_leg-color-helle-beine","20":"pa_main-material-gewebe","21":"pa_mounting-beine-muessen-angeschraubt-werden","22":"pa_rack-eiche-weiss-pigmentiert-geoelt-massiv","23":"pa_seat-tube-length-85x51x47-cm","25":"first","26":"instock","27":"shipping-taxable","28":"purchasable","29":"product-type-variable"},"acf":{"short_description":"Vom Homeoffice \u00fcber das Esszimmer bis zum professionellen Markt kann der Bolia Seed Stuhl an jede Umgebung angepasst werden.","bike_name":"Bolia Seed Stuhl","highlight_text":""},"yoast_head":"<!-- This site is optimized with the Yoast SEO plugin v24.5 - https:\/\/yoast.com\/wordpress\/plugins\/seo\/ -->\n<title>Bolia Seed Stuhl | M\u00f6bel zu 0 % Zins | Schweiz<\/title>\n<meta name=\"description\" content=\"Bestelle jetzt den Bolia Seed Stuhl f\u00fcr Dein Zuhause! Zahle mit 0 % Zins Ratenzahlung und geniesse unsere gratis Heimlieferung.\" \/>\n<meta name=\"robots\" content=\"noindex, follow, max-snippet:-1, max-image-preview:large, max-video-preview:-1\" \/>\n<meta property=\"og:locale\" content=\"de_DE\" \/>\n<meta property=\"og:type\" content=\"article\" \/>\n<meta property=\"og:title\" content=\"Bolia Seed Stuhl | M\u00f6bel zu 0 % Zins | Schweiz\" \/>\n<meta property=\"og:description\" content=\"Bestelle jetzt den Bolia Seed Stuhl f\u00fcr Dein Zuhause! Zahle mit 0 % Zins Ratenzahlung und geniesse unsere gratis Heimlieferung.\" \/>\n<meta property=\"og:url\" content=\"https:\/\/listings.mybikeplan.ch\/de\/produkt\/bolia-seed-stuhl-gepolstert-braun\/\" \/>\n<meta property=\"og:site_name\" content=\"MyBikePlan\" \/>\n<meta property=\"article:modified_time\" content=\"2024-01-05T07:50:17+00:00\" \/>\n<meta property=\"og:image\" content=\"https:\/\/listings.mybikeplan.ch\/wp-content\/uploads\/2023\/09\/Bolia-Seed-Stuhl-2-1.jpg\" \/>\n\t<meta property=\"og:image:width\" content=\"1080\" \/>\n\t<meta property=\"og:image:height\" content=\"1080\" \/>\n\t<meta property=\"og:image:type\" content=\"image\/jpeg\" \/>\n<meta name=\"twitter:card\" content=\"summary_large_image\" \/>\n<meta name=\"twitter:label1\" content=\"Gesch\u00e4tzte Lesezeit\" \/>\n\t<meta name=\"twitter:data1\" content=\"1\u00a0Minute\" \/>\n<script type=\"application\/ld+json\" class=\"yoast-schema-graph\">{\"@context\":\"https:\/\/schema.org\",\"@graph\":[{\"@type\":\"WebPage\",\"@id\":\"https:\/\/listings.mybikeplan.ch\/de\/produkt\/bolia-seed-stuhl-gepolstert-braun\/\",\"url\":\"https:\/\/listings.mybikeplan.ch\/de\/produkt\/bolia-seed-stuhl-gepolstert-braun\/\",\"name\":\"Bolia Seed Stuhl | M\u00f6bel zu 0 % Zins | Schweiz\",\"isPartOf\":{\"@id\":\"https:\/\/listings.mybikeplan.ch\/de\/#website\"},\"primaryImageOfPage\":{\"@id\":\"https:\/\/listings.mybikeplan.ch\/de\/produkt\/bolia-seed-stuhl-gepolstert-braun\/#primaryimage\"},\"image\":{\"@id\":\"https:\/\/listings.mybikeplan.ch\/de\/produkt\/bolia-seed-stuhl-gepolstert-braun\/#primaryimage\"},\"thumbnailUrl\":\"https:\/\/listings.mybikeplan.ch\/wp-content\/uploads\/2023\/09\/Bolia-Seed-Stuhl-2-1.jpg\",\"datePublished\":\"2023-09-29T07:39:17+00:00\",\"dateModified\":\"2024-01-05T07:50:17+00:00\",\"description\":\"Bestelle jetzt den Bolia Seed Stuhl f\u00fcr Dein Zuhause! Zahle mit 0 % Zins Ratenzahlung und geniesse unsere gratis Heimlieferung.\",\"breadcrumb\":{\"@id\":\"https:\/\/listings.mybikeplan.ch\/de\/produkt\/bolia-seed-stuhl-gepolstert-braun\/#breadcrumb\"},\"inLanguage\":\"de\",\"potentialAction\":[{\"@type\":\"ReadAction\",\"target\":[\"https:\/\/listings.mybikeplan.ch\/de\/produkt\/bolia-seed-stuhl-gepolstert-braun\/\"]}]},{\"@type\":\"ImageObject\",\"inLanguage\":\"de\",\"@id\":\"https:\/\/listings.mybikeplan.ch\/de\/produkt\/bolia-seed-stuhl-gepolstert-braun\/#primaryimage\",\"url\":\"https:\/\/listings.mybikeplan.ch\/wp-content\/uploads\/2023\/09\/Bolia-Seed-Stuhl-2-1.jpg\",\"contentUrl\":\"https:\/\/listings.mybikeplan.ch\/wp-content\/uploads\/2023\/09\/Bolia-Seed-Stuhl-2-1.jpg\",\"width\":1080,\"height\":1080},{\"@type\":\"BreadcrumbList\",\"@id\":\"https:\/\/listings.mybikeplan.ch\/de\/produkt\/bolia-seed-stuhl-gepolstert-braun\/#breadcrumb\",\"itemListElement\":[{\"@type\":\"ListItem\",\"position\":1,\"name\":\"Home\",\"item\":\"https:\/\/listings.mybikeplan.ch\/de\/\"},{\"@type\":\"ListItem\",\"position\":2,\"name\":\"Seed Stuhl gepolstert braun, helle Beine\"}]},{\"@type\":\"WebSite\",\"@id\":\"https:\/\/listings.mybikeplan.ch\/de\/#website\",\"url\":\"https:\/\/listings.mybikeplan.ch\/de\/\",\"name\":\"MyBikePlan\",\"description\":\"\",\"potentialAction\":[{\"@type\":\"SearchAction\",\"target\":{\"@type\":\"EntryPoint\",\"urlTemplate\":\"https:\/\/listings.mybikeplan.ch\/de\/?s={search_term_string}\"},\"query-input\":{\"@type\":\"PropertyValueSpecification\",\"valueRequired\":true,\"valueName\":\"search_term_string\"}}],\"inLanguage\":\"de\"}]}<\/script>\n<!-- \/ Yoast SEO plugin. -->","yoast_head_json":{"title":"Bolia Seed Stuhl | M\u00f6bel zu 0 % Zins | Schweiz","description":"Bestelle jetzt den Bolia Seed Stuhl f\u00fcr Dein Zuhause! Zahle mit 0 % Zins Ratenzahlung und geniesse unsere gratis Heimlieferung.","robots":{"index":"noindex","follow":"follow","max-snippet":"max-snippet:-1","max-image-preview":"max-image-preview:large","max-video-preview":"max-video-preview:-1"},"og_locale":"de_DE","og_type":"article","og_title":"Bolia Seed Stuhl | M\u00f6bel zu 0 % Zins | Schweiz","og_description":"Bestelle jetzt den Bolia Seed Stuhl f\u00fcr Dein Zuhause! Zahle mit 0 % Zins Ratenzahlung und geniesse unsere gratis Heimlieferung.","og_url":"https:\/\/listings.mybikeplan.ch\/de\/produkt\/bolia-seed-stuhl-gepolstert-braun\/","og_site_name":"MyBikePlan","article_modified_time":"2024-01-05T07:50:17+00:00","og_image":[{"width":1080,"height":1080,"url":"https:\/\/listings.mybikeplan.ch\/wp-content\/uploads\/2023\/09\/Bolia-Seed-Stuhl-2-1.jpg","type":"image\/jpeg"}],"twitter_card":"summary_large_image","twitter_misc":{"Gesch\u00e4tzte Lesezeit":"1\u00a0Minute"},"schema":{"@context":"https:\/\/schema.org","@graph":[{"@type":"WebPage","@id":"https:\/\/listings.mybikeplan.ch\/de\/produkt\/bolia-seed-stuhl-gepolstert-braun\/","url":"https:\/\/listings.mybikeplan.ch\/de\/produkt\/bolia-seed-stuhl-gepolstert-braun\/","name":"Bolia Seed Stuhl | M\u00f6bel zu 0 % Zins | Schweiz","isPartOf":{"@id":"https:\/\/listings.mybikeplan.ch\/de\/#website"},"primaryImageOfPage":{"@id":"https:\/\/listings.mybikeplan.ch\/de\/produkt\/bolia-seed-stuhl-gepolstert-braun\/#primaryimage"},"image":{"@id":"https:\/\/listings.mybikeplan.ch\/de\/produkt\/bolia-seed-stuhl-gepolstert-braun\/#primaryimage"},"thumbnailUrl":"https:\/\/listings.mybikeplan.ch\/wp-content\/uploads\/2023\/09\/Bolia-Seed-Stuhl-2-1.jpg","datePublished":"2023-09-29T07:39:17+00:00","dateModified":"2024-01-05T07:50:17+00:00","description":"Bestelle jetzt den Bolia Seed Stuhl f\u00fcr Dein Zuhause! Zahle mit 0 % Zins Ratenzahlung und geniesse unsere gratis Heimlieferung.","breadcrumb":{"@id":"https:\/\/listings.mybikeplan.ch\/de\/produkt\/bolia-seed-stuhl-gepolstert-braun\/#breadcrumb"},"inLanguage":"de","potentialAction":[{"@type":"ReadAction","target":["https:\/\/listings.mybikeplan.ch\/de\/produkt\/bolia-seed-stuhl-gepolstert-braun\/"]}]},{"@type":"ImageObject","inLanguage":"de","@id":"https:\/\/listings.mybikeplan.ch\/de\/produkt\/bolia-seed-stuhl-gepolstert-braun\/#primaryimage","url":"https:\/\/listings.mybikeplan.ch\/wp-content\/uploads\/2023\/09\/Bolia-Seed-Stuhl-2-1.jpg","contentUrl":"https:\/\/listings.mybikeplan.ch\/wp-content\/uploads\/2023\/09\/Bolia-Seed-Stuhl-2-1.jpg","width":1080,"height":1080},{"@type":"BreadcrumbList","@id":"https:\/\/listings.mybikeplan.ch\/de\/produkt\/bolia-seed-stuhl-gepolstert-braun\/#breadcrumb","itemListElement":[{"@type":"ListItem","position":1,"name":"Home","item":"https:\/\/listings.mybikeplan.ch\/de\/"},{"@type":"ListItem","position":2,"name":"Seed Stuhl gepolstert braun, helle Beine"}]},{"@type":"WebSite","@id":"https:\/\/listings.mybikeplan.ch\/de\/#website","url":"https:\/\/listings.mybikeplan.ch\/de\/","name":"MyBikePlan","description":"","potentialAction":[{"@type":"SearchAction","target":{"@type":"EntryPoint","urlTemplate":"https:\/\/listings.mybikeplan.ch\/de\/?s={search_term_string}"},"query-input":{"@type":"PropertyValueSpecification","valueRequired":true,"valueName":"search_term_string"}}],"inLanguage":"de"}]}},"_links":{"self":[{"href":"https:\/\/listings.mybikeplan.ch\/de\/wp-json\/wp\/v2\/product\/45648","targetHints":{"allow":["GET"]}}],"collection":[{"href":"https:\/\/listings.mybikeplan.ch\/de\/wp-json\/wp\/v2\/product"}],"about":[{"href":"https:\/\/listings.mybikeplan.ch\/de\/wp-json\/wp\/v2\/types\/product"}],"replies":[{"embeddable":true,"href":"https:\/\/listings.mybikeplan.ch\/de\/wp-json\/wp\/v2\/comments?post=45648"}],"wp:featuredmedia":[{"embeddable":true,"href":"https:\/\/listings.mybikeplan.ch\/de\/wp-json\/wp\/v2\/media\/45654"}],"wp:attachment":[{"href":"https:\/\/listings.mybikeplan.ch\/de\/wp-json\/wp\/v2\/media?parent=45648"}],"wp:term":[{"taxonomy":"product_brand","embeddable":true,"href":"https:\/\/listings.mybikeplan.ch\/de\/wp-json\/wp\/v2\/product_brand?post=45648"},{"taxonomy":"product_cat","embeddable":true,"href":"https:\/\/listings.mybikeplan.ch\/de\/wp-json\/wp\/v2\/product_cat?post=45648"},{"taxonomy":"product_tag","embeddable":true,"href":"https:\/\/listings.mybikeplan.ch\/de\/wp-json\/wp\/v2\/product_tag?post=45648"}],"curies":[{"name":"wp","href":"https:\/\/api.w.org\/{rel}","templated":true}]}}