{"id":42972,"date":"2023-09-08T13:23:34","date_gmt":"2023-09-08T13:23:34","guid":{"rendered":"https:\/\/listings.mybikeplan.ch\/?post_type=product&#038;p=42972"},"modified":"2024-01-05T14:34:04","modified_gmt":"2024-01-05T14:34:04","slug":"kave-home-vashti-runder-ausziehtisch-mit-feinsteinzeugplatte-und-schwarzen-stahlbeinen","status":"publish","type":"product","link":"https:\/\/listings.mybikeplan.ch\/de\/produkt\/kave-home-vashti-runder-ausziehtisch-mit-feinsteinzeugplatte-und-schwarzen-stahlbeinen\/","title":{"rendered":"Vashti runder Ausziehtisch"},"content":{"rendered":"<h2><b>Das Wichtigste zum Vashti Ausziehtisch<\/b><b>:<\/b><\/h2>\n<ul class=\"bullet-points\">\n<li class=\"bullet-points__item\">Platte aus wasserundurchl\u00e4ssigem Feinsteinzeug, widerstandsf\u00e4hig gegen Kratzer und Abnutzung.<\/li>\n<li class=\"bullet-points__item\">Stahlbeine mit schwarzem Finish.<\/li>\n<li class=\"bullet-points__item\">Schmetterlingsausziehmechanismus, bei dem die Erweiterung einfach im Tischgestell integriert aufbewahrt werden kann.<\/li>\n<li class=\"bullet-points__item\">Die verkreuzte Struktur der Beine bietet mehr Platz zwischen St\u00fchlen, mehr Komfort und gr\u00f6\u00dfere Bewegungsfreiheit.<\/li>\n<li class=\"bullet-points__item\">Verf\u00fcgbar mit unterschiedlichen Finishes und\/oder Farben.<\/li>\n<\/ul>\n","protected":false},"excerpt":{"rendered":"<div class=\"details-row\">\n<div id=\"collapseMoreInformation\" class=\"show collapse\" aria-labelledby=\"headingOne\" data-parent=\"#product-information\">\n<div class=\"details-row\">\n<div id=\"collapseMoreInformation\" class=\"show collapse\" aria-labelledby=\"headingOne\" data-parent=\"#product-information\">\n<div class=\"details-row\">\n<div id=\"collapseMoreInformation\" class=\"show collapse\" aria-labelledby=\"headingOne\" data-parent=\"#product-information\">\n<p class=\"text-left font-small pt-3 pt-md-0\">Mit diesem ausziehbaren Tisch mit Feinsteinzeugplatte ist Platz f\u00fcr alle in deinem Zuhause. Dar\u00fcber hinaus hast du mit der kreuzf\u00f6rmigen Beinstruktur mehr Platz und Komfort, ohne dass deine Beine einen Teil des Tisches ber\u00fchren.<\/p>\n<\/div>\n<\/div>\n<\/div>\n<\/div>\n<\/div>\n<\/div>\n","protected":false},"featured_media":42995,"comment_status":"open","ping_status":"closed","template":"","meta":{"_acf_changed":false},"product_brand":[],"product_cat":[7136,7135,4449,4447,4445,4455],"product_tag":[],"class_list":{"0":"post-42972","1":"product","2":"type-product","3":"status-publish","4":"has-post-thumbnail","6":"product_cat-ausziehtische","7":"product_cat-esstische","8":"product_cat-marke-kave-home","9":"product_cat-marken-mysofaplan","10":"product_cat-mysofaplan","11":"product_cat-tische","12":"pa_brand-kave-home","13":"pa_dimensions-76cm-x-160cm-x-120cm","14":"pa_filters-color-schwarz","15":"pa_hex-color-729","16":"pa_materials-35-keramik-35-gehaertetes-glas-25-stahl-5-mdf-e0-mitteldichte-faserplatte-mit-niedriger-formaldehyd-emissionsklasse-e0","17":"pa_seat-tube-length-oe-120-cm","18":"pa_table-diameter-oe-100-150-cm","19":"pa_weight-75-kg","21":"first","22":"instock","23":"shipping-taxable","24":"purchasable","25":"product-type-variable"},"acf":{"short_description":"Mit diesem ausziehbaren Tisch mit Feinsteinzeugplatte ist Platz f\u00fcr alle in deinem Zuhause. Dar\u00fcber hinaus hast du mit der kreuzf\u00f6rmigen Beinstruktur mehr Platz und Komfort, ohne dass deine Beine einen Teil des Tisches ber\u00fchren.","bike_name":"Kave Home Vashti runder Ausziehtisch","highlight_text":""},"yoast_head":"<!-- This site is optimized with the Yoast SEO plugin v24.5 - https:\/\/yoast.com\/wordpress\/plugins\/seo\/ -->\n<title>Kave Home Vashti runder Ausziehtisch | Ab CHF 30 | Schweiz<\/title>\n<meta name=\"description\" content=\"Bestelle jetzt den Kave Home Vashti Ausziehtisch ab CHF 30 pro Monat! Zahle mit 0% Zins Ratenzahlung und geniesse unsere gratis Heimlieferung.\" \/>\n<meta name=\"robots\" content=\"noindex, follow, max-snippet:-1, max-image-preview:large, max-video-preview:-1\" \/>\n<meta property=\"og:locale\" content=\"de_DE\" \/>\n<meta property=\"og:type\" content=\"article\" \/>\n<meta property=\"og:title\" content=\"Kave Home Vashti runder Ausziehtisch | Ab CHF 30 | Schweiz\" \/>\n<meta property=\"og:description\" content=\"Bestelle jetzt den Kave Home Vashti Ausziehtisch ab CHF 30 pro Monat! Zahle mit 0% Zins Ratenzahlung und geniesse unsere gratis Heimlieferung.\" \/>\n<meta property=\"og:url\" content=\"https:\/\/listings.mybikeplan.ch\/de\/produkt\/kave-home-vashti-runder-ausziehtisch-mit-feinsteinzeugplatte-und-schwarzen-stahlbeinen\/\" \/>\n<meta property=\"og:site_name\" content=\"MyBikePlan\" \/>\n<meta property=\"article:modified_time\" content=\"2024-01-05T14:34:04+00:00\" \/>\n<meta property=\"og:image\" content=\"https:\/\/listings.mybikeplan.ch\/wp-content\/uploads\/2023\/09\/Vashti-runder-Ausziehtisch-mit-Feinsteinzeugplatte-und-schwarzen-Stahlbeinen.jpg\" \/>\n\t<meta property=\"og:image:width\" content=\"1000\" \/>\n\t<meta property=\"og:image:height\" content=\"1000\" \/>\n\t<meta property=\"og:image:type\" content=\"image\/jpeg\" \/>\n<meta name=\"twitter:card\" content=\"summary_large_image\" \/>\n<meta name=\"twitter:label1\" content=\"Gesch\u00e4tzte Lesezeit\" \/>\n\t<meta name=\"twitter:data1\" content=\"1\u00a0Minute\" \/>\n<script type=\"application\/ld+json\" class=\"yoast-schema-graph\">{\"@context\":\"https:\/\/schema.org\",\"@graph\":[{\"@type\":\"WebPage\",\"@id\":\"https:\/\/listings.mybikeplan.ch\/de\/produkt\/kave-home-vashti-runder-ausziehtisch-mit-feinsteinzeugplatte-und-schwarzen-stahlbeinen\/\",\"url\":\"https:\/\/listings.mybikeplan.ch\/de\/produkt\/kave-home-vashti-runder-ausziehtisch-mit-feinsteinzeugplatte-und-schwarzen-stahlbeinen\/\",\"name\":\"Kave Home Vashti runder Ausziehtisch | Ab CHF 30 | Schweiz\",\"isPartOf\":{\"@id\":\"https:\/\/listings.mybikeplan.ch\/de\/#website\"},\"primaryImageOfPage\":{\"@id\":\"https:\/\/listings.mybikeplan.ch\/de\/produkt\/kave-home-vashti-runder-ausziehtisch-mit-feinsteinzeugplatte-und-schwarzen-stahlbeinen\/#primaryimage\"},\"image\":{\"@id\":\"https:\/\/listings.mybikeplan.ch\/de\/produkt\/kave-home-vashti-runder-ausziehtisch-mit-feinsteinzeugplatte-und-schwarzen-stahlbeinen\/#primaryimage\"},\"thumbnailUrl\":\"https:\/\/listings.mybikeplan.ch\/wp-content\/uploads\/2023\/09\/Vashti-runder-Ausziehtisch-mit-Feinsteinzeugplatte-und-schwarzen-Stahlbeinen.jpg\",\"datePublished\":\"2023-09-08T13:23:34+00:00\",\"dateModified\":\"2024-01-05T14:34:04+00:00\",\"description\":\"Bestelle jetzt den Kave Home Vashti Ausziehtisch ab CHF 30 pro Monat! Zahle mit 0% Zins Ratenzahlung und geniesse unsere gratis Heimlieferung.\",\"breadcrumb\":{\"@id\":\"https:\/\/listings.mybikeplan.ch\/de\/produkt\/kave-home-vashti-runder-ausziehtisch-mit-feinsteinzeugplatte-und-schwarzen-stahlbeinen\/#breadcrumb\"},\"inLanguage\":\"de\",\"potentialAction\":[{\"@type\":\"ReadAction\",\"target\":[\"https:\/\/listings.mybikeplan.ch\/de\/produkt\/kave-home-vashti-runder-ausziehtisch-mit-feinsteinzeugplatte-und-schwarzen-stahlbeinen\/\"]}]},{\"@type\":\"ImageObject\",\"inLanguage\":\"de\",\"@id\":\"https:\/\/listings.mybikeplan.ch\/de\/produkt\/kave-home-vashti-runder-ausziehtisch-mit-feinsteinzeugplatte-und-schwarzen-stahlbeinen\/#primaryimage\",\"url\":\"https:\/\/listings.mybikeplan.ch\/wp-content\/uploads\/2023\/09\/Vashti-runder-Ausziehtisch-mit-Feinsteinzeugplatte-und-schwarzen-Stahlbeinen.jpg\",\"contentUrl\":\"https:\/\/listings.mybikeplan.ch\/wp-content\/uploads\/2023\/09\/Vashti-runder-Ausziehtisch-mit-Feinsteinzeugplatte-und-schwarzen-Stahlbeinen.jpg\",\"width\":1000,\"height\":1000},{\"@type\":\"BreadcrumbList\",\"@id\":\"https:\/\/listings.mybikeplan.ch\/de\/produkt\/kave-home-vashti-runder-ausziehtisch-mit-feinsteinzeugplatte-und-schwarzen-stahlbeinen\/#breadcrumb\",\"itemListElement\":[{\"@type\":\"ListItem\",\"position\":1,\"name\":\"Home\",\"item\":\"https:\/\/listings.mybikeplan.ch\/de\/\"},{\"@type\":\"ListItem\",\"position\":2,\"name\":\"Vashti runder Ausziehtisch\"}]},{\"@type\":\"WebSite\",\"@id\":\"https:\/\/listings.mybikeplan.ch\/de\/#website\",\"url\":\"https:\/\/listings.mybikeplan.ch\/de\/\",\"name\":\"MyBikePlan\",\"description\":\"\",\"potentialAction\":[{\"@type\":\"SearchAction\",\"target\":{\"@type\":\"EntryPoint\",\"urlTemplate\":\"https:\/\/listings.mybikeplan.ch\/de\/?s={search_term_string}\"},\"query-input\":{\"@type\":\"PropertyValueSpecification\",\"valueRequired\":true,\"valueName\":\"search_term_string\"}}],\"inLanguage\":\"de\"}]}<\/script>\n<!-- \/ Yoast SEO plugin. -->","yoast_head_json":{"title":"Kave Home Vashti runder Ausziehtisch | Ab CHF 30 | Schweiz","description":"Bestelle jetzt den Kave Home Vashti Ausziehtisch ab CHF 30 pro Monat! Zahle mit 0% Zins Ratenzahlung und geniesse unsere gratis Heimlieferung.","robots":{"index":"noindex","follow":"follow","max-snippet":"max-snippet:-1","max-image-preview":"max-image-preview:large","max-video-preview":"max-video-preview:-1"},"og_locale":"de_DE","og_type":"article","og_title":"Kave Home Vashti runder Ausziehtisch | Ab CHF 30 | Schweiz","og_description":"Bestelle jetzt den Kave Home Vashti Ausziehtisch ab CHF 30 pro Monat! Zahle mit 0% Zins Ratenzahlung und geniesse unsere gratis Heimlieferung.","og_url":"https:\/\/listings.mybikeplan.ch\/de\/produkt\/kave-home-vashti-runder-ausziehtisch-mit-feinsteinzeugplatte-und-schwarzen-stahlbeinen\/","og_site_name":"MyBikePlan","article_modified_time":"2024-01-05T14:34:04+00:00","og_image":[{"width":1000,"height":1000,"url":"https:\/\/listings.mybikeplan.ch\/wp-content\/uploads\/2023\/09\/Vashti-runder-Ausziehtisch-mit-Feinsteinzeugplatte-und-schwarzen-Stahlbeinen.jpg","type":"image\/jpeg"}],"twitter_card":"summary_large_image","twitter_misc":{"Gesch\u00e4tzte Lesezeit":"1\u00a0Minute"},"schema":{"@context":"https:\/\/schema.org","@graph":[{"@type":"WebPage","@id":"https:\/\/listings.mybikeplan.ch\/de\/produkt\/kave-home-vashti-runder-ausziehtisch-mit-feinsteinzeugplatte-und-schwarzen-stahlbeinen\/","url":"https:\/\/listings.mybikeplan.ch\/de\/produkt\/kave-home-vashti-runder-ausziehtisch-mit-feinsteinzeugplatte-und-schwarzen-stahlbeinen\/","name":"Kave Home Vashti runder Ausziehtisch | Ab CHF 30 | Schweiz","isPartOf":{"@id":"https:\/\/listings.mybikeplan.ch\/de\/#website"},"primaryImageOfPage":{"@id":"https:\/\/listings.mybikeplan.ch\/de\/produkt\/kave-home-vashti-runder-ausziehtisch-mit-feinsteinzeugplatte-und-schwarzen-stahlbeinen\/#primaryimage"},"image":{"@id":"https:\/\/listings.mybikeplan.ch\/de\/produkt\/kave-home-vashti-runder-ausziehtisch-mit-feinsteinzeugplatte-und-schwarzen-stahlbeinen\/#primaryimage"},"thumbnailUrl":"https:\/\/listings.mybikeplan.ch\/wp-content\/uploads\/2023\/09\/Vashti-runder-Ausziehtisch-mit-Feinsteinzeugplatte-und-schwarzen-Stahlbeinen.jpg","datePublished":"2023-09-08T13:23:34+00:00","dateModified":"2024-01-05T14:34:04+00:00","description":"Bestelle jetzt den Kave Home Vashti Ausziehtisch ab CHF 30 pro Monat! Zahle mit 0% Zins Ratenzahlung und geniesse unsere gratis Heimlieferung.","breadcrumb":{"@id":"https:\/\/listings.mybikeplan.ch\/de\/produkt\/kave-home-vashti-runder-ausziehtisch-mit-feinsteinzeugplatte-und-schwarzen-stahlbeinen\/#breadcrumb"},"inLanguage":"de","potentialAction":[{"@type":"ReadAction","target":["https:\/\/listings.mybikeplan.ch\/de\/produkt\/kave-home-vashti-runder-ausziehtisch-mit-feinsteinzeugplatte-und-schwarzen-stahlbeinen\/"]}]},{"@type":"ImageObject","inLanguage":"de","@id":"https:\/\/listings.mybikeplan.ch\/de\/produkt\/kave-home-vashti-runder-ausziehtisch-mit-feinsteinzeugplatte-und-schwarzen-stahlbeinen\/#primaryimage","url":"https:\/\/listings.mybikeplan.ch\/wp-content\/uploads\/2023\/09\/Vashti-runder-Ausziehtisch-mit-Feinsteinzeugplatte-und-schwarzen-Stahlbeinen.jpg","contentUrl":"https:\/\/listings.mybikeplan.ch\/wp-content\/uploads\/2023\/09\/Vashti-runder-Ausziehtisch-mit-Feinsteinzeugplatte-und-schwarzen-Stahlbeinen.jpg","width":1000,"height":1000},{"@type":"BreadcrumbList","@id":"https:\/\/listings.mybikeplan.ch\/de\/produkt\/kave-home-vashti-runder-ausziehtisch-mit-feinsteinzeugplatte-und-schwarzen-stahlbeinen\/#breadcrumb","itemListElement":[{"@type":"ListItem","position":1,"name":"Home","item":"https:\/\/listings.mybikeplan.ch\/de\/"},{"@type":"ListItem","position":2,"name":"Vashti runder Ausziehtisch"}]},{"@type":"WebSite","@id":"https:\/\/listings.mybikeplan.ch\/de\/#website","url":"https:\/\/listings.mybikeplan.ch\/de\/","name":"MyBikePlan","description":"","potentialAction":[{"@type":"SearchAction","target":{"@type":"EntryPoint","urlTemplate":"https:\/\/listings.mybikeplan.ch\/de\/?s={search_term_string}"},"query-input":{"@type":"PropertyValueSpecification","valueRequired":true,"valueName":"search_term_string"}}],"inLanguage":"de"}]}},"_links":{"self":[{"href":"https:\/\/listings.mybikeplan.ch\/de\/wp-json\/wp\/v2\/product\/42972","targetHints":{"allow":["GET"]}}],"collection":[{"href":"https:\/\/listings.mybikeplan.ch\/de\/wp-json\/wp\/v2\/product"}],"about":[{"href":"https:\/\/listings.mybikeplan.ch\/de\/wp-json\/wp\/v2\/types\/product"}],"replies":[{"embeddable":true,"href":"https:\/\/listings.mybikeplan.ch\/de\/wp-json\/wp\/v2\/comments?post=42972"}],"wp:featuredmedia":[{"embeddable":true,"href":"https:\/\/listings.mybikeplan.ch\/de\/wp-json\/wp\/v2\/media\/42995"}],"wp:attachment":[{"href":"https:\/\/listings.mybikeplan.ch\/de\/wp-json\/wp\/v2\/media?parent=42972"}],"wp:term":[{"taxonomy":"product_brand","embeddable":true,"href":"https:\/\/listings.mybikeplan.ch\/de\/wp-json\/wp\/v2\/product_brand?post=42972"},{"taxonomy":"product_cat","embeddable":true,"href":"https:\/\/listings.mybikeplan.ch\/de\/wp-json\/wp\/v2\/product_cat?post=42972"},{"taxonomy":"product_tag","embeddable":true,"href":"https:\/\/listings.mybikeplan.ch\/de\/wp-json\/wp\/v2\/product_tag?post=42972"}],"curies":[{"name":"wp","href":"https:\/\/api.w.org\/{rel}","templated":true}]}}