{"id":42160,"date":"2023-08-31T14:55:35","date_gmt":"2023-08-31T14:55:35","guid":{"rendered":"https:\/\/listings.mybikeplan.ch\/?post_type=product&#038;p=42160"},"modified":"2024-06-04T12:59:45","modified_gmt":"2024-06-04T12:59:45","slug":"giant-explore-e-1-wave","status":"publish","type":"product","link":"https:\/\/listings.mybikeplan.ch\/de\/produkt\/giant-explore-e-1-wave\/","title":{"rendered":"Giant Explore E+ 1 Trapez"},"content":{"rendered":"<h2><b>Die wichtigsten Fakten \u00fcber das GIANT Explore E+ 1 auf einen Blick:<\/b><\/h2>\n<ul>\n<li style=\"font-weight: 400;\" aria-level=\"1\"><span style=\"font-weight: 400;\">Trekking E-Bike vom Velo-Giganten GIANT<\/span><\/li>\n<li style=\"font-weight: 400;\" aria-level=\"1\">Enorme Reichweite von \u00fcber 100 km<\/li>\n<li aria-level=\"1\">Leistungsstarke 75 Nm, die Dich jeden Berg hinauf bringen<\/li>\n<\/ul>\n<h2><b>Das GIANT Explore E+ 1 ist perfekt f\u00fcr Dich, wenn Du:<\/b><\/h2>\n<ul>\n<li style=\"font-weight: 400;\" aria-level=\"1\"><span style=\"font-weight: 400;\">Ein Trekking E-Bike suchst, um neue Grenzen auszuloten<\/span><\/li>\n<li style=\"font-weight: 400;\" aria-level=\"1\"><span style=\"font-weight: 400;\">E-Bikes mit einer grossen Reichweite zu sch\u00e4tzen weisst<\/span><\/li>\n<li aria-level=\"1\">Ein leistungsstarkes E-Bike kaufen m\u00f6chtest<\/li>\n<\/ul>\n<h2><b>Gr\u00f6ssenempfehlung:<\/b><\/h2>\n<ul>\n<li>S = 162 cm &#8211; 172 cm<\/li>\n<li><span style=\"font-weight: 400;\">M = 169 cm &#8211; 179 cm<\/span><\/li>\n<li>L = 176 cm &#8211; 186 cm<\/li>\n<\/ul>\n","protected":false},"excerpt":{"rendered":"<h2>GIANT Explore E+ 1 Wave<\/h2>\n<p>Ein geschmeidiges Fahrverhalten und hochwertige Komponenten zeichnen das GIANT Explore E+ 1 DD aus. Der stabile Aluminium-Rahmen und der leistungsstarke Motor bilden ein tolles Kombipaket f\u00fcr sicheres, stabiles Handling und schnelle Beschleunigung auf allen Arten von Strassen, von H\u00fcgeln bis zu Ebenen.<\/p>\n<p>Bleib immer informiert: Das Display liefert Dir w\u00e4hrend der Fahrt wertvolle Informationen und kann ganz einfach mit Deinem Smartphone verbunden werden, z.B. mit der GIANT RideControl App. Der GIANT EnergyPak Akku mit modernster Zelltechnologie und 625 Wh Kapazit\u00e4t sorgt f\u00fcr eine grosse Reichweite auf Deinen Touren.<\/p>\n<h2><b>\u00dcber die Marke GIANT<\/b><\/h2>\n<p><span style=\"font-weight: 400;\">Giant ist eine taiwanesische Marke f\u00fcr Fahrr\u00e4der und Fahrradzubeh\u00f6r, die 1972 gegr\u00fcndet wurde. Giant ist f\u00fcr seine Innovationen und Qualit\u00e4t bekannt und hat sich zu einem der gr\u00f6\u00dften Fahrradhersteller der Welt entwickelt und sponsert zahlreiche Profi-Radteams. Das Unternehmen bietet eine breite Palette von Fahrr\u00e4dern f\u00fcr alle Fahrertypen an, von Rennr\u00e4dern und Mountainbikes bis hin zu Hybrid- und Elektrofahrr\u00e4dern.<\/span><\/p>\n","protected":false},"featured_media":42171,"comment_status":"open","ping_status":"closed","template":"","meta":{"_acf_changed":false},"product_brand":[],"product_cat":[583,15,578,2089,23,3246,3249,579,3245,4481],"product_tag":[],"class_list":{"0":"post-42160","1":"product","2":"type-product","3":"status-publish","4":"has-post-thumbnail","6":"product_cat-25-km","7":"product_cat-alle-e-bikes","8":"product_cat-damen","9":"product_cat-e-bikes","10":"product_cat-e-trekking","11":"product_cat-farbe","12":"product_cat-gruen","13":"product_cat-herren","14":"product_cat-marke-giant","15":"product_cat-mybikeplan","16":"pa_attachments-trailer-connection","17":"pa_battery-giant-energypak-smart-625wh","18":"pa_battery-size-625-wh","19":"pa_brakes-shimano-deore-br-mt200-180mm","20":"pa_brand-giant","21":"pa_display-giant-ridecontrol-dash-2-in1","22":"pa_filters-color-gruen","23":"pa_fork-sr-suntour-xcm34-lo-100mm-federweg-hydraulic-lockout-15x110mm-ah-axle","24":"pa_frame-aluxx-rahmen-integrierter-speed-sensor-energypak-plus-kompatibel-12x148-mm-sram-udh-schaltauge","25":"pa_gear-change-shimano-deore-linkglide-m5130-10-fach","26":"pa_gearshift-shimano-deore-linkglide-m5130","27":"pa_hex-color-7e978c","28":"pa_motor-giant-syncdrive-sport-2-75nm-powered-by-yamaha","29":"pa_rider-height-160-165-cm","30":"pa_rider-height-165-170-cm","31":"pa_rider-height-170-175-cm","32":"pa_rider-height-175-180-cm","33":"pa_rider-height-180-185-cm","34":"pa_rims-giant-ex25-tubeless-ready-25mm-innenweite","35":"pa_saddle-selle-royal-vivo-ergo-moderate-unisex","36":"pa_saddle-post-giant-30-9mm","37":"pa_seat-tube-length-l","38":"pa_seat-tube-length-m","39":"pa_seat-tube-length-s-2","40":"pa_sizes-l","41":"pa_sizes-m","42":"pa_sizes-s","43":"pa_speed-25-km-stunde","44":"pa_suspension-travel-100mm-v-0mm-h-2","45":"pa_tires-giant-crosscut-gravel-2-700x57c-622x57-draht-tubeless-ready-auslieferung-mit-schlauch","46":"pa_trailer-compatibility-fuer-die-montage-des-anhaengers-muss-die-achse-gewechselt-werden","47":"pa_wheel-size-28-2","49":"first","50":"instock","51":"shipping-taxable","52":"purchasable","53":"product-type-variable"},"acf":{"short_description":"Finde neue Abenteuer \u00fcber die Stadtgrenzen hinaus: Das GIANT Explore E+ 1 gibt Dir die Unterst\u00fctzung, die Du brauchst!","bike_name":"GIANT Explore E+ 1","highlight_text":"","frame":[42131],"battery_size":"","motor_strength":""},"yoast_head":"<!-- This site is optimized with the Yoast SEO plugin v24.5 - https:\/\/yoast.com\/wordpress\/plugins\/seo\/ -->\n<title>GIANT Explore E+ 1 | E-Bike Schweiz | 0 % Ratenzahlung<\/title>\n<meta name=\"description\" content=\"Hol Dir das GIANT Explore E+ 1 und zahle ganz bequem in monatlichen Raten mit 0 % Zins! Jetzt profitieren und sofort losfahren.\" \/>\n<meta name=\"robots\" content=\"noindex, follow, max-snippet:-1, max-image-preview:large, max-video-preview:-1\" \/>\n<meta property=\"og:locale\" content=\"de_DE\" \/>\n<meta property=\"og:type\" content=\"article\" \/>\n<meta property=\"og:title\" content=\"GIANT Explore E+ 1 | E-Bike Schweiz | 0 % Ratenzahlung\" \/>\n<meta property=\"og:description\" content=\"Hol Dir das GIANT Explore E+ 1 und zahle ganz bequem in monatlichen Raten mit 0 % Zins! Jetzt profitieren und sofort losfahren.\" \/>\n<meta property=\"og:url\" content=\"https:\/\/listings.mybikeplan.ch\/de\/produkt\/giant-explore-e-1-wave\/\" \/>\n<meta property=\"og:site_name\" content=\"MyBikePlan\" \/>\n<meta property=\"article:modified_time\" content=\"2024-06-04T12:59:45+00:00\" \/>\n<meta property=\"og:image\" content=\"https:\/\/listings.mybikeplan.ch\/wp-content\/uploads\/2023\/08\/GIANT-Explore-E-1.jpg\" \/>\n\t<meta property=\"og:image:width\" content=\"1000\" \/>\n\t<meta property=\"og:image:height\" content=\"1000\" \/>\n\t<meta property=\"og:image:type\" content=\"image\/jpeg\" \/>\n<meta name=\"twitter:card\" content=\"summary_large_image\" \/>\n<meta name=\"twitter:label1\" content=\"Gesch\u00e4tzte Lesezeit\" \/>\n\t<meta name=\"twitter:data1\" content=\"1\u00a0Minute\" \/>\n<script type=\"application\/ld+json\" class=\"yoast-schema-graph\">{\"@context\":\"https:\/\/schema.org\",\"@graph\":[{\"@type\":\"WebPage\",\"@id\":\"https:\/\/listings.mybikeplan.ch\/de\/produkt\/giant-explore-e-1-wave\/\",\"url\":\"https:\/\/listings.mybikeplan.ch\/de\/produkt\/giant-explore-e-1-wave\/\",\"name\":\"GIANT Explore E+ 1 | E-Bike Schweiz | 0 % Ratenzahlung\",\"isPartOf\":{\"@id\":\"https:\/\/listings.mybikeplan.ch\/de\/#website\"},\"primaryImageOfPage\":{\"@id\":\"https:\/\/listings.mybikeplan.ch\/de\/produkt\/giant-explore-e-1-wave\/#primaryimage\"},\"image\":{\"@id\":\"https:\/\/listings.mybikeplan.ch\/de\/produkt\/giant-explore-e-1-wave\/#primaryimage\"},\"thumbnailUrl\":\"https:\/\/listings.mybikeplan.ch\/wp-content\/uploads\/2023\/08\/GIANT-Explore-E-1.jpg\",\"datePublished\":\"2023-08-31T14:55:35+00:00\",\"dateModified\":\"2024-06-04T12:59:45+00:00\",\"description\":\"Hol Dir das GIANT Explore E+ 1 und zahle ganz bequem in monatlichen Raten mit 0 % Zins! Jetzt profitieren und sofort losfahren.\",\"breadcrumb\":{\"@id\":\"https:\/\/listings.mybikeplan.ch\/de\/produkt\/giant-explore-e-1-wave\/#breadcrumb\"},\"inLanguage\":\"de\",\"potentialAction\":[{\"@type\":\"ReadAction\",\"target\":[\"https:\/\/listings.mybikeplan.ch\/de\/produkt\/giant-explore-e-1-wave\/\"]}]},{\"@type\":\"ImageObject\",\"inLanguage\":\"de\",\"@id\":\"https:\/\/listings.mybikeplan.ch\/de\/produkt\/giant-explore-e-1-wave\/#primaryimage\",\"url\":\"https:\/\/listings.mybikeplan.ch\/wp-content\/uploads\/2023\/08\/GIANT-Explore-E-1.jpg\",\"contentUrl\":\"https:\/\/listings.mybikeplan.ch\/wp-content\/uploads\/2023\/08\/GIANT-Explore-E-1.jpg\",\"width\":1000,\"height\":1000},{\"@type\":\"BreadcrumbList\",\"@id\":\"https:\/\/listings.mybikeplan.ch\/de\/produkt\/giant-explore-e-1-wave\/#breadcrumb\",\"itemListElement\":[{\"@type\":\"ListItem\",\"position\":1,\"name\":\"Home\",\"item\":\"https:\/\/listings.mybikeplan.ch\/de\/\"},{\"@type\":\"ListItem\",\"position\":2,\"name\":\"Giant Explore E+ 1 Trapez\"}]},{\"@type\":\"WebSite\",\"@id\":\"https:\/\/listings.mybikeplan.ch\/de\/#website\",\"url\":\"https:\/\/listings.mybikeplan.ch\/de\/\",\"name\":\"MyBikePlan\",\"description\":\"\",\"potentialAction\":[{\"@type\":\"SearchAction\",\"target\":{\"@type\":\"EntryPoint\",\"urlTemplate\":\"https:\/\/listings.mybikeplan.ch\/de\/?s={search_term_string}\"},\"query-input\":{\"@type\":\"PropertyValueSpecification\",\"valueRequired\":true,\"valueName\":\"search_term_string\"}}],\"inLanguage\":\"de\"}]}<\/script>\n<!-- \/ Yoast SEO plugin. -->","yoast_head_json":{"title":"GIANT Explore E+ 1 | E-Bike Schweiz | 0 % Ratenzahlung","description":"Hol Dir das GIANT Explore E+ 1 und zahle ganz bequem in monatlichen Raten mit 0 % Zins! Jetzt profitieren und sofort losfahren.","robots":{"index":"noindex","follow":"follow","max-snippet":"max-snippet:-1","max-image-preview":"max-image-preview:large","max-video-preview":"max-video-preview:-1"},"og_locale":"de_DE","og_type":"article","og_title":"GIANT Explore E+ 1 | E-Bike Schweiz | 0 % Ratenzahlung","og_description":"Hol Dir das GIANT Explore E+ 1 und zahle ganz bequem in monatlichen Raten mit 0 % Zins! Jetzt profitieren und sofort losfahren.","og_url":"https:\/\/listings.mybikeplan.ch\/de\/produkt\/giant-explore-e-1-wave\/","og_site_name":"MyBikePlan","article_modified_time":"2024-06-04T12:59:45+00:00","og_image":[{"width":1000,"height":1000,"url":"https:\/\/listings.mybikeplan.ch\/wp-content\/uploads\/2023\/08\/GIANT-Explore-E-1.jpg","type":"image\/jpeg"}],"twitter_card":"summary_large_image","twitter_misc":{"Gesch\u00e4tzte Lesezeit":"1\u00a0Minute"},"schema":{"@context":"https:\/\/schema.org","@graph":[{"@type":"WebPage","@id":"https:\/\/listings.mybikeplan.ch\/de\/produkt\/giant-explore-e-1-wave\/","url":"https:\/\/listings.mybikeplan.ch\/de\/produkt\/giant-explore-e-1-wave\/","name":"GIANT Explore E+ 1 | E-Bike Schweiz | 0 % Ratenzahlung","isPartOf":{"@id":"https:\/\/listings.mybikeplan.ch\/de\/#website"},"primaryImageOfPage":{"@id":"https:\/\/listings.mybikeplan.ch\/de\/produkt\/giant-explore-e-1-wave\/#primaryimage"},"image":{"@id":"https:\/\/listings.mybikeplan.ch\/de\/produkt\/giant-explore-e-1-wave\/#primaryimage"},"thumbnailUrl":"https:\/\/listings.mybikeplan.ch\/wp-content\/uploads\/2023\/08\/GIANT-Explore-E-1.jpg","datePublished":"2023-08-31T14:55:35+00:00","dateModified":"2024-06-04T12:59:45+00:00","description":"Hol Dir das GIANT Explore E+ 1 und zahle ganz bequem in monatlichen Raten mit 0 % Zins! Jetzt profitieren und sofort losfahren.","breadcrumb":{"@id":"https:\/\/listings.mybikeplan.ch\/de\/produkt\/giant-explore-e-1-wave\/#breadcrumb"},"inLanguage":"de","potentialAction":[{"@type":"ReadAction","target":["https:\/\/listings.mybikeplan.ch\/de\/produkt\/giant-explore-e-1-wave\/"]}]},{"@type":"ImageObject","inLanguage":"de","@id":"https:\/\/listings.mybikeplan.ch\/de\/produkt\/giant-explore-e-1-wave\/#primaryimage","url":"https:\/\/listings.mybikeplan.ch\/wp-content\/uploads\/2023\/08\/GIANT-Explore-E-1.jpg","contentUrl":"https:\/\/listings.mybikeplan.ch\/wp-content\/uploads\/2023\/08\/GIANT-Explore-E-1.jpg","width":1000,"height":1000},{"@type":"BreadcrumbList","@id":"https:\/\/listings.mybikeplan.ch\/de\/produkt\/giant-explore-e-1-wave\/#breadcrumb","itemListElement":[{"@type":"ListItem","position":1,"name":"Home","item":"https:\/\/listings.mybikeplan.ch\/de\/"},{"@type":"ListItem","position":2,"name":"Giant Explore E+ 1 Trapez"}]},{"@type":"WebSite","@id":"https:\/\/listings.mybikeplan.ch\/de\/#website","url":"https:\/\/listings.mybikeplan.ch\/de\/","name":"MyBikePlan","description":"","potentialAction":[{"@type":"SearchAction","target":{"@type":"EntryPoint","urlTemplate":"https:\/\/listings.mybikeplan.ch\/de\/?s={search_term_string}"},"query-input":{"@type":"PropertyValueSpecification","valueRequired":true,"valueName":"search_term_string"}}],"inLanguage":"de"}]}},"_links":{"self":[{"href":"https:\/\/listings.mybikeplan.ch\/de\/wp-json\/wp\/v2\/product\/42160","targetHints":{"allow":["GET"]}}],"collection":[{"href":"https:\/\/listings.mybikeplan.ch\/de\/wp-json\/wp\/v2\/product"}],"about":[{"href":"https:\/\/listings.mybikeplan.ch\/de\/wp-json\/wp\/v2\/types\/product"}],"replies":[{"embeddable":true,"href":"https:\/\/listings.mybikeplan.ch\/de\/wp-json\/wp\/v2\/comments?post=42160"}],"acf:post":[{"embeddable":true,"href":"https:\/\/listings.mybikeplan.ch\/de\/wp-json\/wp\/v2\/product\/42131"}],"wp:featuredmedia":[{"embeddable":true,"href":"https:\/\/listings.mybikeplan.ch\/de\/wp-json\/wp\/v2\/media\/42171"}],"wp:attachment":[{"href":"https:\/\/listings.mybikeplan.ch\/de\/wp-json\/wp\/v2\/media?parent=42160"}],"wp:term":[{"taxonomy":"product_brand","embeddable":true,"href":"https:\/\/listings.mybikeplan.ch\/de\/wp-json\/wp\/v2\/product_brand?post=42160"},{"taxonomy":"product_cat","embeddable":true,"href":"https:\/\/listings.mybikeplan.ch\/de\/wp-json\/wp\/v2\/product_cat?post=42160"},{"taxonomy":"product_tag","embeddable":true,"href":"https:\/\/listings.mybikeplan.ch\/de\/wp-json\/wp\/v2\/product_tag?post=42160"}],"curies":[{"name":"wp","href":"https:\/\/api.w.org\/{rel}","templated":true}]}}