{"id":41661,"date":"2023-08-24T07:13:44","date_gmt":"2023-08-24T07:13:44","guid":{"rendered":"https:\/\/listings.mybikeplan.ch\/?post_type=product&#038;p=41661"},"modified":"2024-05-30T09:58:05","modified_gmt":"2024-05-30T09:58:05","slug":"bolia-kari-regal","status":"publish","type":"product","link":"https:\/\/listings.mybikeplan.ch\/de\/produkt\/bolia-kari-regal\/","title":{"rendered":"Kari Regal"},"content":{"rendered":"<h2><b>Das Wichtigste zum Kari Regal<\/b><b>:<\/b><\/h2>\n<ul>\n<li>Modell: Kari Regal hoch\u00a0\u2013 doppelt<\/li>\n<li>Material: Eiche weiss pigmentiert ge\u00f6lt<\/li>\n<li>H\u00f6he: 185 cm<\/li>\n<\/ul>\n","protected":false},"excerpt":{"rendered":"<p>Regalbrett, designt Michael H. Nielsen, D\u00e4nemark.<\/p>\n<p>Sein Stil ist von einer Fokussierung auf das Detail gekennzeichnet und hat das gewisse Etwas, das seine Designs von anderen unterscheidet. Einer der gr\u00f6\u00dften Einfl\u00fcsse f\u00fcr ihn ist die Erkenntnis der Vielfalt der Menschen und der Versuch, die sich daraus ergebenden verschiedenen Bed\u00fcrfnisse zu befriedigen. Ihn haben schon immer die Handwerkskunst und die Interaktion zwischen Handwerker und Designer fasziniert. Gutes Design macht Sinn und stellt f\u00fcr diejenigen, die es benutzen, einen Wert dar.<\/p>\n","protected":false},"featured_media":40869,"comment_status":"open","ping_status":"closed","template":"","meta":{"_acf_changed":false},"product_brand":[],"product_cat":[5158,4448,4447,4445,7149],"product_tag":[],"class_list":{"0":"post-41661","1":"product","2":"type-product","3":"status-publish","4":"has-post-thumbnail","6":"product_cat-aufbewahrung","7":"product_cat-marke-bolia","8":"product_cat-marken-mysofaplan","9":"product_cat-mysofaplan","10":"product_cat-regale","11":"pa_brand-bolia","12":"pa_country-of-origin-polen","13":"pa_depth-34-cm","14":"pa_height-185-cm","15":"pa_hex-color-d2b89b","16":"pa_main-material-eiche-weiss-pigmentiert-geoelt-2","17":"pa_mounting-wird-unmontiert-geliefert","18":"pa_seat-tube-length-185-cm","19":"pa_width-180-cm","21":"first","22":"instock","23":"shipping-taxable","24":"purchasable","25":"product-type-variable"},"acf":{"short_description":"Regalbrett, designt Michael H. Nielsen, D\u00e4nemark.","bike_name":"Bolia Kari Regal","highlight_text":""},"yoast_head":"<!-- This site is optimized with the Yoast SEO plugin v24.5 - https:\/\/yoast.com\/wordpress\/plugins\/seo\/ -->\n<title>Bolia Kari Regal | Ab CHF 61 | M\u00f6bel kaufen Schweiz<\/title>\n<meta name=\"description\" content=\"Bestelle jetzt das Bolia Kari Regal ab CHF 61 pro Monat! Zahle mit 0 % Zins Ratenzahlung und geniesse unsere gratis Heimlieferung.\" \/>\n<meta name=\"robots\" content=\"noindex, follow, max-snippet:-1, max-image-preview:large, max-video-preview:-1\" \/>\n<meta property=\"og:locale\" content=\"de_DE\" \/>\n<meta property=\"og:type\" content=\"article\" \/>\n<meta property=\"og:title\" content=\"Bolia Kari Regal | Ab CHF 61 | M\u00f6bel kaufen Schweiz\" \/>\n<meta property=\"og:description\" content=\"Bestelle jetzt das Bolia Kari Regal ab CHF 61 pro Monat! Zahle mit 0 % Zins Ratenzahlung und geniesse unsere gratis Heimlieferung.\" \/>\n<meta property=\"og:url\" content=\"https:\/\/listings.mybikeplan.ch\/de\/produkt\/bolia-kari-regal\/\" \/>\n<meta property=\"og:site_name\" content=\"MyBikePlan\" \/>\n<meta property=\"article:modified_time\" content=\"2024-05-30T09:58:05+00:00\" \/>\n<meta property=\"og:image\" content=\"https:\/\/listings.mybikeplan.ch\/wp-content\/uploads\/2023\/08\/Bolia-Kari-Regal-hoch-\u2013-doppelt2.jpg\" \/>\n\t<meta property=\"og:image:width\" content=\"922\" \/>\n\t<meta property=\"og:image:height\" content=\"1086\" \/>\n\t<meta property=\"og:image:type\" content=\"image\/jpeg\" \/>\n<meta name=\"twitter:card\" content=\"summary_large_image\" \/>\n<meta name=\"twitter:label1\" content=\"Gesch\u00e4tzte Lesezeit\" \/>\n\t<meta name=\"twitter:data1\" content=\"1\u00a0Minute\" \/>\n<script type=\"application\/ld+json\" class=\"yoast-schema-graph\">{\"@context\":\"https:\/\/schema.org\",\"@graph\":[{\"@type\":\"WebPage\",\"@id\":\"https:\/\/listings.mybikeplan.ch\/de\/produkt\/bolia-kari-regal\/\",\"url\":\"https:\/\/listings.mybikeplan.ch\/de\/produkt\/bolia-kari-regal\/\",\"name\":\"Bolia Kari Regal | Ab CHF 61 | M\u00f6bel kaufen Schweiz\",\"isPartOf\":{\"@id\":\"https:\/\/listings.mybikeplan.ch\/de\/#website\"},\"primaryImageOfPage\":{\"@id\":\"https:\/\/listings.mybikeplan.ch\/de\/produkt\/bolia-kari-regal\/#primaryimage\"},\"image\":{\"@id\":\"https:\/\/listings.mybikeplan.ch\/de\/produkt\/bolia-kari-regal\/#primaryimage\"},\"thumbnailUrl\":\"https:\/\/listings.mybikeplan.ch\/wp-content\/uploads\/2023\/08\/Bolia-Kari-Regal-hoch-\u2013-doppelt2.jpg\",\"datePublished\":\"2023-08-24T07:13:44+00:00\",\"dateModified\":\"2024-05-30T09:58:05+00:00\",\"description\":\"Bestelle jetzt das Bolia Kari Regal ab CHF 61 pro Monat! Zahle mit 0 % Zins Ratenzahlung und geniesse unsere gratis Heimlieferung.\",\"breadcrumb\":{\"@id\":\"https:\/\/listings.mybikeplan.ch\/de\/produkt\/bolia-kari-regal\/#breadcrumb\"},\"inLanguage\":\"de\",\"potentialAction\":[{\"@type\":\"ReadAction\",\"target\":[\"https:\/\/listings.mybikeplan.ch\/de\/produkt\/bolia-kari-regal\/\"]}]},{\"@type\":\"ImageObject\",\"inLanguage\":\"de\",\"@id\":\"https:\/\/listings.mybikeplan.ch\/de\/produkt\/bolia-kari-regal\/#primaryimage\",\"url\":\"https:\/\/listings.mybikeplan.ch\/wp-content\/uploads\/2023\/08\/Bolia-Kari-Regal-hoch-\u2013-doppelt2.jpg\",\"contentUrl\":\"https:\/\/listings.mybikeplan.ch\/wp-content\/uploads\/2023\/08\/Bolia-Kari-Regal-hoch-\u2013-doppelt2.jpg\",\"width\":922,\"height\":1086},{\"@type\":\"BreadcrumbList\",\"@id\":\"https:\/\/listings.mybikeplan.ch\/de\/produkt\/bolia-kari-regal\/#breadcrumb\",\"itemListElement\":[{\"@type\":\"ListItem\",\"position\":1,\"name\":\"Home\",\"item\":\"https:\/\/listings.mybikeplan.ch\/de\/\"},{\"@type\":\"ListItem\",\"position\":2,\"name\":\"Kari Regal\"}]},{\"@type\":\"WebSite\",\"@id\":\"https:\/\/listings.mybikeplan.ch\/de\/#website\",\"url\":\"https:\/\/listings.mybikeplan.ch\/de\/\",\"name\":\"MyBikePlan\",\"description\":\"\",\"potentialAction\":[{\"@type\":\"SearchAction\",\"target\":{\"@type\":\"EntryPoint\",\"urlTemplate\":\"https:\/\/listings.mybikeplan.ch\/de\/?s={search_term_string}\"},\"query-input\":{\"@type\":\"PropertyValueSpecification\",\"valueRequired\":true,\"valueName\":\"search_term_string\"}}],\"inLanguage\":\"de\"}]}<\/script>\n<!-- \/ Yoast SEO plugin. -->","yoast_head_json":{"title":"Bolia Kari Regal | Ab CHF 61 | M\u00f6bel kaufen Schweiz","description":"Bestelle jetzt das Bolia Kari Regal ab CHF 61 pro Monat! Zahle mit 0 % Zins Ratenzahlung und geniesse unsere gratis Heimlieferung.","robots":{"index":"noindex","follow":"follow","max-snippet":"max-snippet:-1","max-image-preview":"max-image-preview:large","max-video-preview":"max-video-preview:-1"},"og_locale":"de_DE","og_type":"article","og_title":"Bolia Kari Regal | Ab CHF 61 | M\u00f6bel kaufen Schweiz","og_description":"Bestelle jetzt das Bolia Kari Regal ab CHF 61 pro Monat! Zahle mit 0 % Zins Ratenzahlung und geniesse unsere gratis Heimlieferung.","og_url":"https:\/\/listings.mybikeplan.ch\/de\/produkt\/bolia-kari-regal\/","og_site_name":"MyBikePlan","article_modified_time":"2024-05-30T09:58:05+00:00","og_image":[{"width":922,"height":1086,"url":"https:\/\/listings.mybikeplan.ch\/wp-content\/uploads\/2023\/08\/Bolia-Kari-Regal-hoch-\u2013-doppelt2.jpg","type":"image\/jpeg"}],"twitter_card":"summary_large_image","twitter_misc":{"Gesch\u00e4tzte Lesezeit":"1\u00a0Minute"},"schema":{"@context":"https:\/\/schema.org","@graph":[{"@type":"WebPage","@id":"https:\/\/listings.mybikeplan.ch\/de\/produkt\/bolia-kari-regal\/","url":"https:\/\/listings.mybikeplan.ch\/de\/produkt\/bolia-kari-regal\/","name":"Bolia Kari Regal | Ab CHF 61 | M\u00f6bel kaufen Schweiz","isPartOf":{"@id":"https:\/\/listings.mybikeplan.ch\/de\/#website"},"primaryImageOfPage":{"@id":"https:\/\/listings.mybikeplan.ch\/de\/produkt\/bolia-kari-regal\/#primaryimage"},"image":{"@id":"https:\/\/listings.mybikeplan.ch\/de\/produkt\/bolia-kari-regal\/#primaryimage"},"thumbnailUrl":"https:\/\/listings.mybikeplan.ch\/wp-content\/uploads\/2023\/08\/Bolia-Kari-Regal-hoch-\u2013-doppelt2.jpg","datePublished":"2023-08-24T07:13:44+00:00","dateModified":"2024-05-30T09:58:05+00:00","description":"Bestelle jetzt das Bolia Kari Regal ab CHF 61 pro Monat! Zahle mit 0 % Zins Ratenzahlung und geniesse unsere gratis Heimlieferung.","breadcrumb":{"@id":"https:\/\/listings.mybikeplan.ch\/de\/produkt\/bolia-kari-regal\/#breadcrumb"},"inLanguage":"de","potentialAction":[{"@type":"ReadAction","target":["https:\/\/listings.mybikeplan.ch\/de\/produkt\/bolia-kari-regal\/"]}]},{"@type":"ImageObject","inLanguage":"de","@id":"https:\/\/listings.mybikeplan.ch\/de\/produkt\/bolia-kari-regal\/#primaryimage","url":"https:\/\/listings.mybikeplan.ch\/wp-content\/uploads\/2023\/08\/Bolia-Kari-Regal-hoch-\u2013-doppelt2.jpg","contentUrl":"https:\/\/listings.mybikeplan.ch\/wp-content\/uploads\/2023\/08\/Bolia-Kari-Regal-hoch-\u2013-doppelt2.jpg","width":922,"height":1086},{"@type":"BreadcrumbList","@id":"https:\/\/listings.mybikeplan.ch\/de\/produkt\/bolia-kari-regal\/#breadcrumb","itemListElement":[{"@type":"ListItem","position":1,"name":"Home","item":"https:\/\/listings.mybikeplan.ch\/de\/"},{"@type":"ListItem","position":2,"name":"Kari Regal"}]},{"@type":"WebSite","@id":"https:\/\/listings.mybikeplan.ch\/de\/#website","url":"https:\/\/listings.mybikeplan.ch\/de\/","name":"MyBikePlan","description":"","potentialAction":[{"@type":"SearchAction","target":{"@type":"EntryPoint","urlTemplate":"https:\/\/listings.mybikeplan.ch\/de\/?s={search_term_string}"},"query-input":{"@type":"PropertyValueSpecification","valueRequired":true,"valueName":"search_term_string"}}],"inLanguage":"de"}]}},"_links":{"self":[{"href":"https:\/\/listings.mybikeplan.ch\/de\/wp-json\/wp\/v2\/product\/41661","targetHints":{"allow":["GET"]}}],"collection":[{"href":"https:\/\/listings.mybikeplan.ch\/de\/wp-json\/wp\/v2\/product"}],"about":[{"href":"https:\/\/listings.mybikeplan.ch\/de\/wp-json\/wp\/v2\/types\/product"}],"replies":[{"embeddable":true,"href":"https:\/\/listings.mybikeplan.ch\/de\/wp-json\/wp\/v2\/comments?post=41661"}],"wp:featuredmedia":[{"embeddable":true,"href":"https:\/\/listings.mybikeplan.ch\/de\/wp-json\/wp\/v2\/media\/40869"}],"wp:attachment":[{"href":"https:\/\/listings.mybikeplan.ch\/de\/wp-json\/wp\/v2\/media?parent=41661"}],"wp:term":[{"taxonomy":"product_brand","embeddable":true,"href":"https:\/\/listings.mybikeplan.ch\/de\/wp-json\/wp\/v2\/product_brand?post=41661"},{"taxonomy":"product_cat","embeddable":true,"href":"https:\/\/listings.mybikeplan.ch\/de\/wp-json\/wp\/v2\/product_cat?post=41661"},{"taxonomy":"product_tag","embeddable":true,"href":"https:\/\/listings.mybikeplan.ch\/de\/wp-json\/wp\/v2\/product_tag?post=41661"}],"curies":[{"name":"wp","href":"https:\/\/api.w.org\/{rel}","templated":true}]}}