{"id":41572,"date":"2023-08-24T06:18:01","date_gmt":"2023-08-24T06:18:01","guid":{"rendered":"https:\/\/listings.mybikeplan.ch\/?post_type=product&#038;p=41572"},"modified":"2023-11-21T15:52:40","modified_gmt":"2023-11-21T15:52:40","slug":"bolia-c3-esstischstuhl","status":"publish","type":"product","link":"https:\/\/listings.mybikeplan.ch\/de\/produkt\/bolia-c3-esstischstuhl\/","title":{"rendered":"C3 Esstischstuhl"},"content":{"rendered":"<h2><b>Das Wichtigste zum C3 Esstischstuhl<\/b><b>:<\/b><\/h2>\n<ul>\n<li>Sitz: Monza &#8211; Boucl\u00e9, Beige<\/li>\n<li>Beine: Eiche ge\u00f6lt<\/li>\n<\/ul>\n","protected":false},"excerpt":{"rendered":"<p>Hochwertiger Esstischstuhl im Design von Glismand &amp; R\u00fcdiger.<\/p>\n<p>Bei der Formgebung von M\u00f6beln l\u00e4sst sich das Designerduo von der lebendigen skandinavischen Natur und ihren Materialien inspirieren und greift gleichzeitig auf die stolze Designtradition zur\u00fcck, die auf Einfachheit, Eleganz, Handwerkskunst und nachhaltigen Materialien beruht. \u201eWir teilen die Leidenschaft f\u00fcr skandinavisches Design und nat\u00fcrliche Materialien. Nachhaltigkeit ist der Ausgangspunkt f\u00fcr jedes neue Design, das wir entwickeln. Von den ersten Skizzen bis zum endg\u00fcltigen Produkt, denn wir m\u00f6chten vor allem sch\u00f6ne Produkte designen, die auf Langlebigkeit ausgelegt sind und Trends \u00fcberleben.\u201c Denn das skandinavische Design ist kein Etikett f\u00fcr ihre Designarbeiten, sondern eine Verpflichtung. Es ist etwas, das auf moderne und neue Art und Weise interpretiert und mit Stolz gew\u00fcrdigt werden kann.<\/p>\n","protected":false},"featured_media":41580,"comment_status":"open","ping_status":"closed","template":"","meta":{"_acf_changed":false},"product_brand":[],"product_cat":[7152,4448,4447,4445,7151],"product_tag":[],"class_list":{"0":"post-41572","1":"product","2":"type-product","3":"status-publish","4":"has-post-thumbnail","6":"product_cat-esszimmerstuehle","7":"product_cat-marke-bolia","8":"product_cat-marken-mysofaplan","9":"product_cat-mysofaplan","10":"product_cat-stuehle","11":"pa_brand-bolia","12":"pa_country-of-origin-polen","13":"pa_cover-monza-beige","14":"pa_depth-55-cm","15":"pa_filters-color-beige","16":"pa_height-79-cm","17":"pa_hex-color-dad1c3","18":"pa_max-load-capacity-110-kg","19":"pa_mounting-beine-muessen-angeschraubt-werden","20":"pa_seat-depth-44-cm","21":"pa_seat-height-45-cm","22":"pa_seat-tube-length-79-cm","23":"pa_width-62-cm","25":"first","26":"instock","27":"shipping-taxable","28":"purchasable","29":"product-type-variable"},"acf":{"short_description":"Hochwertiger Esstischstuhl im Design von Glismand & R\u00fcdiger.","bike_name":"Bolia C3 Esstischstuhl","highlight_text":""},"yoast_head":"<!-- This site is optimized with the Yoast SEO plugin v24.5 - https:\/\/yoast.com\/wordpress\/plugins\/seo\/ -->\n<title>Bolia C3 Esstischstuhl | Ab CHF 43 | M\u00f6bel Schweiz<\/title>\n<meta name=\"description\" content=\"Bestelle jetzt den Bolia C3 Esstischstuhl ab CHF 43 pro Monat! Zahle mit 0 % Zins Ratenzahlung und geniesse unsere gratis Heimlieferung.\" \/>\n<meta name=\"robots\" content=\"noindex, follow, max-snippet:-1, max-image-preview:large, max-video-preview:-1\" \/>\n<meta property=\"og:locale\" content=\"de_DE\" \/>\n<meta property=\"og:type\" content=\"article\" \/>\n<meta property=\"og:title\" content=\"Bolia C3 Esstischstuhl | Ab CHF 43 | M\u00f6bel Schweiz\" \/>\n<meta property=\"og:description\" content=\"Bestelle jetzt den Bolia C3 Esstischstuhl ab CHF 43 pro Monat! Zahle mit 0 % Zins Ratenzahlung und geniesse unsere gratis Heimlieferung.\" \/>\n<meta property=\"og:url\" content=\"https:\/\/listings.mybikeplan.ch\/de\/produkt\/bolia-c3-esstischstuhl\/\" \/>\n<meta property=\"og:site_name\" content=\"MyBikePlan\" \/>\n<meta property=\"article:modified_time\" content=\"2023-11-21T15:52:40+00:00\" \/>\n<meta property=\"og:image\" content=\"https:\/\/listings.mybikeplan.ch\/wp-content\/uploads\/2023\/08\/C3-Esstischstuhl.jpg\" \/>\n\t<meta property=\"og:image:width\" content=\"1000\" \/>\n\t<meta property=\"og:image:height\" content=\"1000\" \/>\n\t<meta property=\"og:image:type\" content=\"image\/jpeg\" \/>\n<meta name=\"twitter:card\" content=\"summary_large_image\" \/>\n<meta name=\"twitter:label1\" content=\"Gesch\u00e4tzte Lesezeit\" \/>\n\t<meta name=\"twitter:data1\" content=\"1\u00a0Minute\" \/>\n<script type=\"application\/ld+json\" class=\"yoast-schema-graph\">{\"@context\":\"https:\/\/schema.org\",\"@graph\":[{\"@type\":\"WebPage\",\"@id\":\"https:\/\/listings.mybikeplan.ch\/de\/produkt\/bolia-c3-esstischstuhl\/\",\"url\":\"https:\/\/listings.mybikeplan.ch\/de\/produkt\/bolia-c3-esstischstuhl\/\",\"name\":\"Bolia C3 Esstischstuhl | Ab CHF 43 | M\u00f6bel Schweiz\",\"isPartOf\":{\"@id\":\"https:\/\/listings.mybikeplan.ch\/de\/#website\"},\"primaryImageOfPage\":{\"@id\":\"https:\/\/listings.mybikeplan.ch\/de\/produkt\/bolia-c3-esstischstuhl\/#primaryimage\"},\"image\":{\"@id\":\"https:\/\/listings.mybikeplan.ch\/de\/produkt\/bolia-c3-esstischstuhl\/#primaryimage\"},\"thumbnailUrl\":\"https:\/\/listings.mybikeplan.ch\/wp-content\/uploads\/2023\/08\/C3-Esstischstuhl.jpg\",\"datePublished\":\"2023-08-24T06:18:01+00:00\",\"dateModified\":\"2023-11-21T15:52:40+00:00\",\"description\":\"Bestelle jetzt den Bolia C3 Esstischstuhl ab CHF 43 pro Monat! Zahle mit 0 % Zins Ratenzahlung und geniesse unsere gratis Heimlieferung.\",\"breadcrumb\":{\"@id\":\"https:\/\/listings.mybikeplan.ch\/de\/produkt\/bolia-c3-esstischstuhl\/#breadcrumb\"},\"inLanguage\":\"de\",\"potentialAction\":[{\"@type\":\"ReadAction\",\"target\":[\"https:\/\/listings.mybikeplan.ch\/de\/produkt\/bolia-c3-esstischstuhl\/\"]}]},{\"@type\":\"ImageObject\",\"inLanguage\":\"de\",\"@id\":\"https:\/\/listings.mybikeplan.ch\/de\/produkt\/bolia-c3-esstischstuhl\/#primaryimage\",\"url\":\"https:\/\/listings.mybikeplan.ch\/wp-content\/uploads\/2023\/08\/C3-Esstischstuhl.jpg\",\"contentUrl\":\"https:\/\/listings.mybikeplan.ch\/wp-content\/uploads\/2023\/08\/C3-Esstischstuhl.jpg\",\"width\":1000,\"height\":1000},{\"@type\":\"BreadcrumbList\",\"@id\":\"https:\/\/listings.mybikeplan.ch\/de\/produkt\/bolia-c3-esstischstuhl\/#breadcrumb\",\"itemListElement\":[{\"@type\":\"ListItem\",\"position\":1,\"name\":\"Home\",\"item\":\"https:\/\/listings.mybikeplan.ch\/de\/\"},{\"@type\":\"ListItem\",\"position\":2,\"name\":\"C3 Esstischstuhl\"}]},{\"@type\":\"WebSite\",\"@id\":\"https:\/\/listings.mybikeplan.ch\/de\/#website\",\"url\":\"https:\/\/listings.mybikeplan.ch\/de\/\",\"name\":\"MyBikePlan\",\"description\":\"\",\"potentialAction\":[{\"@type\":\"SearchAction\",\"target\":{\"@type\":\"EntryPoint\",\"urlTemplate\":\"https:\/\/listings.mybikeplan.ch\/de\/?s={search_term_string}\"},\"query-input\":{\"@type\":\"PropertyValueSpecification\",\"valueRequired\":true,\"valueName\":\"search_term_string\"}}],\"inLanguage\":\"de\"}]}<\/script>\n<!-- \/ Yoast SEO plugin. -->","yoast_head_json":{"title":"Bolia C3 Esstischstuhl | Ab CHF 43 | M\u00f6bel Schweiz","description":"Bestelle jetzt den Bolia C3 Esstischstuhl ab CHF 43 pro Monat! Zahle mit 0 % Zins Ratenzahlung und geniesse unsere gratis Heimlieferung.","robots":{"index":"noindex","follow":"follow","max-snippet":"max-snippet:-1","max-image-preview":"max-image-preview:large","max-video-preview":"max-video-preview:-1"},"og_locale":"de_DE","og_type":"article","og_title":"Bolia C3 Esstischstuhl | Ab CHF 43 | M\u00f6bel Schweiz","og_description":"Bestelle jetzt den Bolia C3 Esstischstuhl ab CHF 43 pro Monat! Zahle mit 0 % Zins Ratenzahlung und geniesse unsere gratis Heimlieferung.","og_url":"https:\/\/listings.mybikeplan.ch\/de\/produkt\/bolia-c3-esstischstuhl\/","og_site_name":"MyBikePlan","article_modified_time":"2023-11-21T15:52:40+00:00","og_image":[{"width":1000,"height":1000,"url":"https:\/\/listings.mybikeplan.ch\/wp-content\/uploads\/2023\/08\/C3-Esstischstuhl.jpg","type":"image\/jpeg"}],"twitter_card":"summary_large_image","twitter_misc":{"Gesch\u00e4tzte Lesezeit":"1\u00a0Minute"},"schema":{"@context":"https:\/\/schema.org","@graph":[{"@type":"WebPage","@id":"https:\/\/listings.mybikeplan.ch\/de\/produkt\/bolia-c3-esstischstuhl\/","url":"https:\/\/listings.mybikeplan.ch\/de\/produkt\/bolia-c3-esstischstuhl\/","name":"Bolia C3 Esstischstuhl | Ab CHF 43 | M\u00f6bel Schweiz","isPartOf":{"@id":"https:\/\/listings.mybikeplan.ch\/de\/#website"},"primaryImageOfPage":{"@id":"https:\/\/listings.mybikeplan.ch\/de\/produkt\/bolia-c3-esstischstuhl\/#primaryimage"},"image":{"@id":"https:\/\/listings.mybikeplan.ch\/de\/produkt\/bolia-c3-esstischstuhl\/#primaryimage"},"thumbnailUrl":"https:\/\/listings.mybikeplan.ch\/wp-content\/uploads\/2023\/08\/C3-Esstischstuhl.jpg","datePublished":"2023-08-24T06:18:01+00:00","dateModified":"2023-11-21T15:52:40+00:00","description":"Bestelle jetzt den Bolia C3 Esstischstuhl ab CHF 43 pro Monat! Zahle mit 0 % Zins Ratenzahlung und geniesse unsere gratis Heimlieferung.","breadcrumb":{"@id":"https:\/\/listings.mybikeplan.ch\/de\/produkt\/bolia-c3-esstischstuhl\/#breadcrumb"},"inLanguage":"de","potentialAction":[{"@type":"ReadAction","target":["https:\/\/listings.mybikeplan.ch\/de\/produkt\/bolia-c3-esstischstuhl\/"]}]},{"@type":"ImageObject","inLanguage":"de","@id":"https:\/\/listings.mybikeplan.ch\/de\/produkt\/bolia-c3-esstischstuhl\/#primaryimage","url":"https:\/\/listings.mybikeplan.ch\/wp-content\/uploads\/2023\/08\/C3-Esstischstuhl.jpg","contentUrl":"https:\/\/listings.mybikeplan.ch\/wp-content\/uploads\/2023\/08\/C3-Esstischstuhl.jpg","width":1000,"height":1000},{"@type":"BreadcrumbList","@id":"https:\/\/listings.mybikeplan.ch\/de\/produkt\/bolia-c3-esstischstuhl\/#breadcrumb","itemListElement":[{"@type":"ListItem","position":1,"name":"Home","item":"https:\/\/listings.mybikeplan.ch\/de\/"},{"@type":"ListItem","position":2,"name":"C3 Esstischstuhl"}]},{"@type":"WebSite","@id":"https:\/\/listings.mybikeplan.ch\/de\/#website","url":"https:\/\/listings.mybikeplan.ch\/de\/","name":"MyBikePlan","description":"","potentialAction":[{"@type":"SearchAction","target":{"@type":"EntryPoint","urlTemplate":"https:\/\/listings.mybikeplan.ch\/de\/?s={search_term_string}"},"query-input":{"@type":"PropertyValueSpecification","valueRequired":true,"valueName":"search_term_string"}}],"inLanguage":"de"}]}},"_links":{"self":[{"href":"https:\/\/listings.mybikeplan.ch\/de\/wp-json\/wp\/v2\/product\/41572","targetHints":{"allow":["GET"]}}],"collection":[{"href":"https:\/\/listings.mybikeplan.ch\/de\/wp-json\/wp\/v2\/product"}],"about":[{"href":"https:\/\/listings.mybikeplan.ch\/de\/wp-json\/wp\/v2\/types\/product"}],"replies":[{"embeddable":true,"href":"https:\/\/listings.mybikeplan.ch\/de\/wp-json\/wp\/v2\/comments?post=41572"}],"wp:featuredmedia":[{"embeddable":true,"href":"https:\/\/listings.mybikeplan.ch\/de\/wp-json\/wp\/v2\/media\/41580"}],"wp:attachment":[{"href":"https:\/\/listings.mybikeplan.ch\/de\/wp-json\/wp\/v2\/media?parent=41572"}],"wp:term":[{"taxonomy":"product_brand","embeddable":true,"href":"https:\/\/listings.mybikeplan.ch\/de\/wp-json\/wp\/v2\/product_brand?post=41572"},{"taxonomy":"product_cat","embeddable":true,"href":"https:\/\/listings.mybikeplan.ch\/de\/wp-json\/wp\/v2\/product_cat?post=41572"},{"taxonomy":"product_tag","embeddable":true,"href":"https:\/\/listings.mybikeplan.ch\/de\/wp-json\/wp\/v2\/product_tag?post=41572"}],"curies":[{"name":"wp","href":"https:\/\/api.w.org\/{rel}","templated":true}]}}