{"id":41537,"date":"2023-08-23T13:57:22","date_gmt":"2023-08-23T13:57:22","guid":{"rendered":"https:\/\/listings.mybikeplan.ch\/?post_type=product&#038;p=41537"},"modified":"2023-11-21T15:52:48","modified_gmt":"2023-11-21T15:52:48","slug":"bolia-merge-esszimmerstuhl","status":"publish","type":"product","link":"https:\/\/listings.mybikeplan.ch\/de\/produkt\/bolia-merge-esszimmerstuhl\/","title":{"rendered":"Merge Esszimmerstuhl"},"content":{"rendered":"<h2><b>Das Wichtigste zum Merge Esszimmerstuhl<\/b><b>:<\/b><\/h2>\n<ul>\n<li>Modell: Merge Esszimmerstuhl<\/li>\n<li>Material: Eiche weiss pigmentiert ge\u00f6lt<\/li>\n<li>H\u00f6he: 75,50 cm<\/li>\n<\/ul>\n","protected":false},"excerpt":{"rendered":"<p>Ein einfacher, aber raffinierter Esszimmerstuhl aus massivem, FSC\u00ae-zertifiziertem Eichenholz. Das Design stammt von Studio Nooi und ist haltbar in puncto Stil und Qualit\u00e4t \u2013 mit einem zeitlosen, sanften Minimalismus, der dem Wandel der Zeiten standh\u00e4lt. Das glatte und runde Volumen unterstreicht die nat\u00fcrlichen Qualit\u00e4ten von Eichenholz und gibt dem Stuhl ein warmes, einladendes Erscheinungsbild in jedem Esszimmer. Der gepolsterte Sitz kann mit Stoff oder Leder Ihrer Wahl bezogen werden, und das Sitzkissen kann bei Bedarf ausgetauscht werden, um die Lebensdauer zu verl\u00e4ngern.<\/p>\n<ul>\n<li>Ein zeitloses Design, das einen sanften Minimalismus ausstrahlt und langlebig ist<\/li>\n<li>Handgefertigt aus massivem FSC\u00ae-zertifiziertem Eichenholz<\/li>\n<li>Das glatte, einladende Volumen unterstreicht die nat\u00fcrlichen Qualit\u00e4ten von Eichenholz<\/li>\n<\/ul>\n","protected":false},"featured_media":41546,"comment_status":"open","ping_status":"closed","template":"","meta":{"_acf_changed":false},"product_brand":[],"product_cat":[7152,4448,4447,4445,7151],"product_tag":[],"class_list":{"0":"post-41537","1":"product","2":"type-product","3":"status-publish","4":"has-post-thumbnail","6":"product_cat-esszimmerstuehle","7":"product_cat-marke-bolia","8":"product_cat-marken-mysofaplan","9":"product_cat-mysofaplan","10":"product_cat-stuehle","11":"pa_brand-bolia","12":"pa_country-of-origin-lettland","13":"pa_depth-4780-cm","14":"pa_height-755-cm","15":"pa_hex-color-e0cbb0","16":"pa_max-load-capacity-110-kg","17":"pa_mounting-wird-montiert-geliefert","18":"pa_seat-depth-44-cm","19":"pa_seat-height-46-cm","20":"pa_seat-tube-length-7550-cm","21":"pa_width-48-cm","23":"first","24":"instock","25":"shipping-taxable","26":"purchasable","27":"product-type-variable"},"acf":{"short_description":"Ein einfacher, aber raffinierter Esszimmerstuhl aus massivem, FSC\u00ae-zertifiziertem Eichenholz.","bike_name":"Bolia Merge Esszimmerstuhl","highlight_text":""},"yoast_head":"<!-- This site is optimized with the Yoast SEO plugin v24.5 - https:\/\/yoast.com\/wordpress\/plugins\/seo\/ -->\n<title>Bolia Merge Esszimmerstuhl | Ab CHF 24 | M\u00f6bel Schweiz<\/title>\n<meta name=\"description\" content=\"Bestelle jetzt den Bolia Merge Esszimmerstuhl ab CHF 24 pro Monat! Zahle mit 0 % Zins Ratenzahlung und geniesse unsere gratis Heimlieferung.\" \/>\n<meta name=\"robots\" content=\"noindex, follow, max-snippet:-1, max-image-preview:large, max-video-preview:-1\" \/>\n<meta property=\"og:locale\" content=\"de_DE\" \/>\n<meta property=\"og:type\" content=\"article\" \/>\n<meta property=\"og:title\" content=\"Bolia Merge Esszimmerstuhl | Ab CHF 24 | M\u00f6bel Schweiz\" \/>\n<meta property=\"og:description\" content=\"Bestelle jetzt den Bolia Merge Esszimmerstuhl ab CHF 24 pro Monat! Zahle mit 0 % Zins Ratenzahlung und geniesse unsere gratis Heimlieferung.\" \/>\n<meta property=\"og:url\" content=\"https:\/\/listings.mybikeplan.ch\/de\/produkt\/bolia-merge-esszimmerstuhl\/\" \/>\n<meta property=\"og:site_name\" content=\"MyBikePlan\" \/>\n<meta property=\"article:modified_time\" content=\"2023-11-21T15:52:48+00:00\" \/>\n<meta property=\"og:image\" content=\"https:\/\/listings.mybikeplan.ch\/wp-content\/uploads\/2023\/08\/Merge-Esszimmerstuhl.jpg\" \/>\n\t<meta property=\"og:image:width\" content=\"1000\" \/>\n\t<meta property=\"og:image:height\" content=\"1000\" \/>\n\t<meta property=\"og:image:type\" content=\"image\/jpeg\" \/>\n<meta name=\"twitter:card\" content=\"summary_large_image\" \/>\n<meta name=\"twitter:label1\" content=\"Gesch\u00e4tzte Lesezeit\" \/>\n\t<meta name=\"twitter:data1\" content=\"1\u00a0Minute\" \/>\n<script type=\"application\/ld+json\" class=\"yoast-schema-graph\">{\"@context\":\"https:\/\/schema.org\",\"@graph\":[{\"@type\":\"WebPage\",\"@id\":\"https:\/\/listings.mybikeplan.ch\/de\/produkt\/bolia-merge-esszimmerstuhl\/\",\"url\":\"https:\/\/listings.mybikeplan.ch\/de\/produkt\/bolia-merge-esszimmerstuhl\/\",\"name\":\"Bolia Merge Esszimmerstuhl | Ab CHF 24 | M\u00f6bel Schweiz\",\"isPartOf\":{\"@id\":\"https:\/\/listings.mybikeplan.ch\/de\/#website\"},\"primaryImageOfPage\":{\"@id\":\"https:\/\/listings.mybikeplan.ch\/de\/produkt\/bolia-merge-esszimmerstuhl\/#primaryimage\"},\"image\":{\"@id\":\"https:\/\/listings.mybikeplan.ch\/de\/produkt\/bolia-merge-esszimmerstuhl\/#primaryimage\"},\"thumbnailUrl\":\"https:\/\/listings.mybikeplan.ch\/wp-content\/uploads\/2023\/08\/Merge-Esszimmerstuhl.jpg\",\"datePublished\":\"2023-08-23T13:57:22+00:00\",\"dateModified\":\"2023-11-21T15:52:48+00:00\",\"description\":\"Bestelle jetzt den Bolia Merge Esszimmerstuhl ab CHF 24 pro Monat! Zahle mit 0 % Zins Ratenzahlung und geniesse unsere gratis Heimlieferung.\",\"breadcrumb\":{\"@id\":\"https:\/\/listings.mybikeplan.ch\/de\/produkt\/bolia-merge-esszimmerstuhl\/#breadcrumb\"},\"inLanguage\":\"de\",\"potentialAction\":[{\"@type\":\"ReadAction\",\"target\":[\"https:\/\/listings.mybikeplan.ch\/de\/produkt\/bolia-merge-esszimmerstuhl\/\"]}]},{\"@type\":\"ImageObject\",\"inLanguage\":\"de\",\"@id\":\"https:\/\/listings.mybikeplan.ch\/de\/produkt\/bolia-merge-esszimmerstuhl\/#primaryimage\",\"url\":\"https:\/\/listings.mybikeplan.ch\/wp-content\/uploads\/2023\/08\/Merge-Esszimmerstuhl.jpg\",\"contentUrl\":\"https:\/\/listings.mybikeplan.ch\/wp-content\/uploads\/2023\/08\/Merge-Esszimmerstuhl.jpg\",\"width\":1000,\"height\":1000},{\"@type\":\"BreadcrumbList\",\"@id\":\"https:\/\/listings.mybikeplan.ch\/de\/produkt\/bolia-merge-esszimmerstuhl\/#breadcrumb\",\"itemListElement\":[{\"@type\":\"ListItem\",\"position\":1,\"name\":\"Home\",\"item\":\"https:\/\/listings.mybikeplan.ch\/de\/\"},{\"@type\":\"ListItem\",\"position\":2,\"name\":\"Merge Esszimmerstuhl\"}]},{\"@type\":\"WebSite\",\"@id\":\"https:\/\/listings.mybikeplan.ch\/de\/#website\",\"url\":\"https:\/\/listings.mybikeplan.ch\/de\/\",\"name\":\"MyBikePlan\",\"description\":\"\",\"potentialAction\":[{\"@type\":\"SearchAction\",\"target\":{\"@type\":\"EntryPoint\",\"urlTemplate\":\"https:\/\/listings.mybikeplan.ch\/de\/?s={search_term_string}\"},\"query-input\":{\"@type\":\"PropertyValueSpecification\",\"valueRequired\":true,\"valueName\":\"search_term_string\"}}],\"inLanguage\":\"de\"}]}<\/script>\n<!-- \/ Yoast SEO plugin. -->","yoast_head_json":{"title":"Bolia Merge Esszimmerstuhl | Ab CHF 24 | M\u00f6bel Schweiz","description":"Bestelle jetzt den Bolia Merge Esszimmerstuhl ab CHF 24 pro Monat! Zahle mit 0 % Zins Ratenzahlung und geniesse unsere gratis Heimlieferung.","robots":{"index":"noindex","follow":"follow","max-snippet":"max-snippet:-1","max-image-preview":"max-image-preview:large","max-video-preview":"max-video-preview:-1"},"og_locale":"de_DE","og_type":"article","og_title":"Bolia Merge Esszimmerstuhl | Ab CHF 24 | M\u00f6bel Schweiz","og_description":"Bestelle jetzt den Bolia Merge Esszimmerstuhl ab CHF 24 pro Monat! Zahle mit 0 % Zins Ratenzahlung und geniesse unsere gratis Heimlieferung.","og_url":"https:\/\/listings.mybikeplan.ch\/de\/produkt\/bolia-merge-esszimmerstuhl\/","og_site_name":"MyBikePlan","article_modified_time":"2023-11-21T15:52:48+00:00","og_image":[{"width":1000,"height":1000,"url":"https:\/\/listings.mybikeplan.ch\/wp-content\/uploads\/2023\/08\/Merge-Esszimmerstuhl.jpg","type":"image\/jpeg"}],"twitter_card":"summary_large_image","twitter_misc":{"Gesch\u00e4tzte Lesezeit":"1\u00a0Minute"},"schema":{"@context":"https:\/\/schema.org","@graph":[{"@type":"WebPage","@id":"https:\/\/listings.mybikeplan.ch\/de\/produkt\/bolia-merge-esszimmerstuhl\/","url":"https:\/\/listings.mybikeplan.ch\/de\/produkt\/bolia-merge-esszimmerstuhl\/","name":"Bolia Merge Esszimmerstuhl | Ab CHF 24 | M\u00f6bel Schweiz","isPartOf":{"@id":"https:\/\/listings.mybikeplan.ch\/de\/#website"},"primaryImageOfPage":{"@id":"https:\/\/listings.mybikeplan.ch\/de\/produkt\/bolia-merge-esszimmerstuhl\/#primaryimage"},"image":{"@id":"https:\/\/listings.mybikeplan.ch\/de\/produkt\/bolia-merge-esszimmerstuhl\/#primaryimage"},"thumbnailUrl":"https:\/\/listings.mybikeplan.ch\/wp-content\/uploads\/2023\/08\/Merge-Esszimmerstuhl.jpg","datePublished":"2023-08-23T13:57:22+00:00","dateModified":"2023-11-21T15:52:48+00:00","description":"Bestelle jetzt den Bolia Merge Esszimmerstuhl ab CHF 24 pro Monat! Zahle mit 0 % Zins Ratenzahlung und geniesse unsere gratis Heimlieferung.","breadcrumb":{"@id":"https:\/\/listings.mybikeplan.ch\/de\/produkt\/bolia-merge-esszimmerstuhl\/#breadcrumb"},"inLanguage":"de","potentialAction":[{"@type":"ReadAction","target":["https:\/\/listings.mybikeplan.ch\/de\/produkt\/bolia-merge-esszimmerstuhl\/"]}]},{"@type":"ImageObject","inLanguage":"de","@id":"https:\/\/listings.mybikeplan.ch\/de\/produkt\/bolia-merge-esszimmerstuhl\/#primaryimage","url":"https:\/\/listings.mybikeplan.ch\/wp-content\/uploads\/2023\/08\/Merge-Esszimmerstuhl.jpg","contentUrl":"https:\/\/listings.mybikeplan.ch\/wp-content\/uploads\/2023\/08\/Merge-Esszimmerstuhl.jpg","width":1000,"height":1000},{"@type":"BreadcrumbList","@id":"https:\/\/listings.mybikeplan.ch\/de\/produkt\/bolia-merge-esszimmerstuhl\/#breadcrumb","itemListElement":[{"@type":"ListItem","position":1,"name":"Home","item":"https:\/\/listings.mybikeplan.ch\/de\/"},{"@type":"ListItem","position":2,"name":"Merge Esszimmerstuhl"}]},{"@type":"WebSite","@id":"https:\/\/listings.mybikeplan.ch\/de\/#website","url":"https:\/\/listings.mybikeplan.ch\/de\/","name":"MyBikePlan","description":"","potentialAction":[{"@type":"SearchAction","target":{"@type":"EntryPoint","urlTemplate":"https:\/\/listings.mybikeplan.ch\/de\/?s={search_term_string}"},"query-input":{"@type":"PropertyValueSpecification","valueRequired":true,"valueName":"search_term_string"}}],"inLanguage":"de"}]}},"_links":{"self":[{"href":"https:\/\/listings.mybikeplan.ch\/de\/wp-json\/wp\/v2\/product\/41537","targetHints":{"allow":["GET"]}}],"collection":[{"href":"https:\/\/listings.mybikeplan.ch\/de\/wp-json\/wp\/v2\/product"}],"about":[{"href":"https:\/\/listings.mybikeplan.ch\/de\/wp-json\/wp\/v2\/types\/product"}],"replies":[{"embeddable":true,"href":"https:\/\/listings.mybikeplan.ch\/de\/wp-json\/wp\/v2\/comments?post=41537"}],"wp:featuredmedia":[{"embeddable":true,"href":"https:\/\/listings.mybikeplan.ch\/de\/wp-json\/wp\/v2\/media\/41546"}],"wp:attachment":[{"href":"https:\/\/listings.mybikeplan.ch\/de\/wp-json\/wp\/v2\/media?parent=41537"}],"wp:term":[{"taxonomy":"product_brand","embeddable":true,"href":"https:\/\/listings.mybikeplan.ch\/de\/wp-json\/wp\/v2\/product_brand?post=41537"},{"taxonomy":"product_cat","embeddable":true,"href":"https:\/\/listings.mybikeplan.ch\/de\/wp-json\/wp\/v2\/product_cat?post=41537"},{"taxonomy":"product_tag","embeddable":true,"href":"https:\/\/listings.mybikeplan.ch\/de\/wp-json\/wp\/v2\/product_tag?post=41537"}],"curies":[{"name":"wp","href":"https:\/\/api.w.org\/{rel}","templated":true}]}}