{"id":41458,"date":"2023-08-23T12:35:28","date_gmt":"2023-08-23T12:35:28","guid":{"rendered":"https:\/\/listings.mybikeplan.ch\/?post_type=product&#038;p=41458"},"modified":"2024-05-30T11:03:27","modified_gmt":"2024-05-30T11:03:27","slug":"bolia-yacht-esstisch","status":"publish","type":"product","link":"https:\/\/listings.mybikeplan.ch\/de\/produkt\/bolia-yacht-esstisch\/","title":{"rendered":"Yacht Esstisch"},"content":{"rendered":"<h2><b>Das Wichtigste zum Yacht Esstisch<\/b><b>:<\/b><\/h2>\n<ul>\n<li>Modell: Yacht Esstisch 210 cm<\/li>\n<li>Material: Eiche weiss pigmentiert ge\u00f6lt<\/li>\n<li>Beine: Eiche weiss pigmentiert ge\u00f6lt<\/li>\n<li>H\u00f6he: 73,50 cm\n<div class=\"dl\" data-v-35844c7e=\"\"><\/div>\n<\/li>\n<\/ul>\n","protected":false},"excerpt":{"rendered":"<p>Edler Esstisch, designt von Glismand &amp; R\u00fcdiger aus D\u00e4nemark.<\/p>\n<p>Bei der Formgebung von M\u00f6beln l\u00e4sst sich das Designerduo von der lebendigen skandinavischen Natur und ihren Materialien inspirieren und greift gleichzeitig auf die stolze Designtradition zur\u00fcck, die auf Einfachheit, Eleganz, Handwerkskunst und nachhaltigen Materialien beruht. \u201eWir teilen die Leidenschaft f\u00fcr skandinavisches Design und nat\u00fcrliche Materialien. Nachhaltigkeit ist der Ausgangspunkt f\u00fcr jedes neue Design, das wir entwickeln. Von den ersten Skizzen bis zum endg\u00fcltigen Produkt, denn wir m\u00f6chten vor allem sch\u00f6ne Produkte designen, die auf Langlebigkeit ausgelegt sind und Trends \u00fcberleben.\u201c Denn das skandinavische Design ist kein Etikett f\u00fcr ihre Designarbeiten, sondern eine Verpflichtung. Es ist etwas, das auf moderne und neue Art und Weise interpretiert und mit Stolz gew\u00fcrdigt werden kann.<\/p>\n","protected":false},"featured_media":41466,"comment_status":"open","ping_status":"closed","template":"","meta":{"_acf_changed":false},"product_brand":[],"product_cat":[7135,4448,4447,4445,4455],"product_tag":[],"class_list":{"0":"post-41458","1":"product","2":"type-product","3":"status-publish","4":"has-post-thumbnail","6":"product_cat-esstische","7":"product_cat-marke-bolia","8":"product_cat-marken-mysofaplan","9":"product_cat-mysofaplan","10":"product_cat-tische","11":"pa_brand-bolia","12":"pa_country-of-origin-polen","13":"pa_height-7350-cm","14":"pa_hex-color-c0ad98","15":"pa_length-210-cm","16":"pa_main-material-eiche-weiss-pigmentiert-geoelt-2","17":"pa_mounting-beine-muessen-angeschraubt-werden","18":"pa_rack-eiche-weiss-pigmentiert-geoelt-massiv","19":"pa_seat-tube-length-210-cm","20":"pa_table-length-200-250-cm","21":"pa_weight-75-kg","22":"pa_width-100-cm","24":"first","25":"instock","26":"shipping-taxable","27":"purchasable","28":"product-type-variable"},"acf":{"short_description":"Edler Esstisch, designt von Glismand & R\u00fcdiger aus D\u00e4nemark.","bike_name":"Bolia Yacht Esstisch","highlight_text":""},"yoast_head":"<!-- This site is optimized with the Yoast SEO plugin v24.5 - https:\/\/yoast.com\/wordpress\/plugins\/seo\/ -->\n<title>Bolia Yacht Esstisch | Ab CHF 125 | M\u00f6bel Schweiz<\/title>\n<meta name=\"description\" content=\"Bestelle jetzt den Bolia Yacht Esstisch ab CHF 125 pro Monat! Zahle mit 0 % Zins Ratenzahlung und geniesse unsere gratis Heimlieferung.\" \/>\n<meta name=\"robots\" content=\"noindex, follow, max-snippet:-1, max-image-preview:large, max-video-preview:-1\" \/>\n<meta property=\"og:locale\" content=\"de_DE\" \/>\n<meta property=\"og:type\" content=\"article\" \/>\n<meta property=\"og:title\" content=\"Bolia Yacht Esstisch | Ab CHF 125 | M\u00f6bel Schweiz\" \/>\n<meta property=\"og:description\" content=\"Bestelle jetzt den Bolia Yacht Esstisch ab CHF 125 pro Monat! Zahle mit 0 % Zins Ratenzahlung und geniesse unsere gratis Heimlieferung.\" \/>\n<meta property=\"og:url\" content=\"https:\/\/listings.mybikeplan.ch\/de\/produkt\/bolia-yacht-esstisch\/\" \/>\n<meta property=\"og:site_name\" content=\"MyBikePlan\" \/>\n<meta property=\"article:modified_time\" content=\"2024-05-30T11:03:27+00:00\" \/>\n<meta property=\"og:image\" content=\"https:\/\/listings.mybikeplan.ch\/wp-content\/uploads\/2023\/08\/Yacht-Esstisch-210-cm.jpg\" \/>\n\t<meta property=\"og:image:width\" content=\"1000\" \/>\n\t<meta property=\"og:image:height\" content=\"1000\" \/>\n\t<meta property=\"og:image:type\" content=\"image\/jpeg\" \/>\n<meta name=\"twitter:card\" content=\"summary_large_image\" \/>\n<meta name=\"twitter:label1\" content=\"Gesch\u00e4tzte Lesezeit\" \/>\n\t<meta name=\"twitter:data1\" content=\"1\u00a0Minute\" \/>\n<script type=\"application\/ld+json\" class=\"yoast-schema-graph\">{\"@context\":\"https:\/\/schema.org\",\"@graph\":[{\"@type\":\"WebPage\",\"@id\":\"https:\/\/listings.mybikeplan.ch\/de\/produkt\/bolia-yacht-esstisch\/\",\"url\":\"https:\/\/listings.mybikeplan.ch\/de\/produkt\/bolia-yacht-esstisch\/\",\"name\":\"Bolia Yacht Esstisch | Ab CHF 125 | M\u00f6bel Schweiz\",\"isPartOf\":{\"@id\":\"https:\/\/listings.mybikeplan.ch\/de\/#website\"},\"primaryImageOfPage\":{\"@id\":\"https:\/\/listings.mybikeplan.ch\/de\/produkt\/bolia-yacht-esstisch\/#primaryimage\"},\"image\":{\"@id\":\"https:\/\/listings.mybikeplan.ch\/de\/produkt\/bolia-yacht-esstisch\/#primaryimage\"},\"thumbnailUrl\":\"https:\/\/listings.mybikeplan.ch\/wp-content\/uploads\/2023\/08\/Yacht-Esstisch-210-cm.jpg\",\"datePublished\":\"2023-08-23T12:35:28+00:00\",\"dateModified\":\"2024-05-30T11:03:27+00:00\",\"description\":\"Bestelle jetzt den Bolia Yacht Esstisch ab CHF 125 pro Monat! Zahle mit 0 % Zins Ratenzahlung und geniesse unsere gratis Heimlieferung.\",\"breadcrumb\":{\"@id\":\"https:\/\/listings.mybikeplan.ch\/de\/produkt\/bolia-yacht-esstisch\/#breadcrumb\"},\"inLanguage\":\"de\",\"potentialAction\":[{\"@type\":\"ReadAction\",\"target\":[\"https:\/\/listings.mybikeplan.ch\/de\/produkt\/bolia-yacht-esstisch\/\"]}]},{\"@type\":\"ImageObject\",\"inLanguage\":\"de\",\"@id\":\"https:\/\/listings.mybikeplan.ch\/de\/produkt\/bolia-yacht-esstisch\/#primaryimage\",\"url\":\"https:\/\/listings.mybikeplan.ch\/wp-content\/uploads\/2023\/08\/Yacht-Esstisch-210-cm.jpg\",\"contentUrl\":\"https:\/\/listings.mybikeplan.ch\/wp-content\/uploads\/2023\/08\/Yacht-Esstisch-210-cm.jpg\",\"width\":1000,\"height\":1000},{\"@type\":\"BreadcrumbList\",\"@id\":\"https:\/\/listings.mybikeplan.ch\/de\/produkt\/bolia-yacht-esstisch\/#breadcrumb\",\"itemListElement\":[{\"@type\":\"ListItem\",\"position\":1,\"name\":\"Home\",\"item\":\"https:\/\/listings.mybikeplan.ch\/de\/\"},{\"@type\":\"ListItem\",\"position\":2,\"name\":\"Yacht Esstisch\"}]},{\"@type\":\"WebSite\",\"@id\":\"https:\/\/listings.mybikeplan.ch\/de\/#website\",\"url\":\"https:\/\/listings.mybikeplan.ch\/de\/\",\"name\":\"MyBikePlan\",\"description\":\"\",\"potentialAction\":[{\"@type\":\"SearchAction\",\"target\":{\"@type\":\"EntryPoint\",\"urlTemplate\":\"https:\/\/listings.mybikeplan.ch\/de\/?s={search_term_string}\"},\"query-input\":{\"@type\":\"PropertyValueSpecification\",\"valueRequired\":true,\"valueName\":\"search_term_string\"}}],\"inLanguage\":\"de\"}]}<\/script>\n<!-- \/ Yoast SEO plugin. -->","yoast_head_json":{"title":"Bolia Yacht Esstisch | Ab CHF 125 | M\u00f6bel Schweiz","description":"Bestelle jetzt den Bolia Yacht Esstisch ab CHF 125 pro Monat! Zahle mit 0 % Zins Ratenzahlung und geniesse unsere gratis Heimlieferung.","robots":{"index":"noindex","follow":"follow","max-snippet":"max-snippet:-1","max-image-preview":"max-image-preview:large","max-video-preview":"max-video-preview:-1"},"og_locale":"de_DE","og_type":"article","og_title":"Bolia Yacht Esstisch | Ab CHF 125 | M\u00f6bel Schweiz","og_description":"Bestelle jetzt den Bolia Yacht Esstisch ab CHF 125 pro Monat! Zahle mit 0 % Zins Ratenzahlung und geniesse unsere gratis Heimlieferung.","og_url":"https:\/\/listings.mybikeplan.ch\/de\/produkt\/bolia-yacht-esstisch\/","og_site_name":"MyBikePlan","article_modified_time":"2024-05-30T11:03:27+00:00","og_image":[{"width":1000,"height":1000,"url":"https:\/\/listings.mybikeplan.ch\/wp-content\/uploads\/2023\/08\/Yacht-Esstisch-210-cm.jpg","type":"image\/jpeg"}],"twitter_card":"summary_large_image","twitter_misc":{"Gesch\u00e4tzte Lesezeit":"1\u00a0Minute"},"schema":{"@context":"https:\/\/schema.org","@graph":[{"@type":"WebPage","@id":"https:\/\/listings.mybikeplan.ch\/de\/produkt\/bolia-yacht-esstisch\/","url":"https:\/\/listings.mybikeplan.ch\/de\/produkt\/bolia-yacht-esstisch\/","name":"Bolia Yacht Esstisch | Ab CHF 125 | M\u00f6bel Schweiz","isPartOf":{"@id":"https:\/\/listings.mybikeplan.ch\/de\/#website"},"primaryImageOfPage":{"@id":"https:\/\/listings.mybikeplan.ch\/de\/produkt\/bolia-yacht-esstisch\/#primaryimage"},"image":{"@id":"https:\/\/listings.mybikeplan.ch\/de\/produkt\/bolia-yacht-esstisch\/#primaryimage"},"thumbnailUrl":"https:\/\/listings.mybikeplan.ch\/wp-content\/uploads\/2023\/08\/Yacht-Esstisch-210-cm.jpg","datePublished":"2023-08-23T12:35:28+00:00","dateModified":"2024-05-30T11:03:27+00:00","description":"Bestelle jetzt den Bolia Yacht Esstisch ab CHF 125 pro Monat! Zahle mit 0 % Zins Ratenzahlung und geniesse unsere gratis Heimlieferung.","breadcrumb":{"@id":"https:\/\/listings.mybikeplan.ch\/de\/produkt\/bolia-yacht-esstisch\/#breadcrumb"},"inLanguage":"de","potentialAction":[{"@type":"ReadAction","target":["https:\/\/listings.mybikeplan.ch\/de\/produkt\/bolia-yacht-esstisch\/"]}]},{"@type":"ImageObject","inLanguage":"de","@id":"https:\/\/listings.mybikeplan.ch\/de\/produkt\/bolia-yacht-esstisch\/#primaryimage","url":"https:\/\/listings.mybikeplan.ch\/wp-content\/uploads\/2023\/08\/Yacht-Esstisch-210-cm.jpg","contentUrl":"https:\/\/listings.mybikeplan.ch\/wp-content\/uploads\/2023\/08\/Yacht-Esstisch-210-cm.jpg","width":1000,"height":1000},{"@type":"BreadcrumbList","@id":"https:\/\/listings.mybikeplan.ch\/de\/produkt\/bolia-yacht-esstisch\/#breadcrumb","itemListElement":[{"@type":"ListItem","position":1,"name":"Home","item":"https:\/\/listings.mybikeplan.ch\/de\/"},{"@type":"ListItem","position":2,"name":"Yacht Esstisch"}]},{"@type":"WebSite","@id":"https:\/\/listings.mybikeplan.ch\/de\/#website","url":"https:\/\/listings.mybikeplan.ch\/de\/","name":"MyBikePlan","description":"","potentialAction":[{"@type":"SearchAction","target":{"@type":"EntryPoint","urlTemplate":"https:\/\/listings.mybikeplan.ch\/de\/?s={search_term_string}"},"query-input":{"@type":"PropertyValueSpecification","valueRequired":true,"valueName":"search_term_string"}}],"inLanguage":"de"}]}},"_links":{"self":[{"href":"https:\/\/listings.mybikeplan.ch\/de\/wp-json\/wp\/v2\/product\/41458","targetHints":{"allow":["GET"]}}],"collection":[{"href":"https:\/\/listings.mybikeplan.ch\/de\/wp-json\/wp\/v2\/product"}],"about":[{"href":"https:\/\/listings.mybikeplan.ch\/de\/wp-json\/wp\/v2\/types\/product"}],"replies":[{"embeddable":true,"href":"https:\/\/listings.mybikeplan.ch\/de\/wp-json\/wp\/v2\/comments?post=41458"}],"wp:featuredmedia":[{"embeddable":true,"href":"https:\/\/listings.mybikeplan.ch\/de\/wp-json\/wp\/v2\/media\/41466"}],"wp:attachment":[{"href":"https:\/\/listings.mybikeplan.ch\/de\/wp-json\/wp\/v2\/media?parent=41458"}],"wp:term":[{"taxonomy":"product_brand","embeddable":true,"href":"https:\/\/listings.mybikeplan.ch\/de\/wp-json\/wp\/v2\/product_brand?post=41458"},{"taxonomy":"product_cat","embeddable":true,"href":"https:\/\/listings.mybikeplan.ch\/de\/wp-json\/wp\/v2\/product_cat?post=41458"},{"taxonomy":"product_tag","embeddable":true,"href":"https:\/\/listings.mybikeplan.ch\/de\/wp-json\/wp\/v2\/product_tag?post=41458"}],"curies":[{"name":"wp","href":"https:\/\/api.w.org\/{rel}","templated":true}]}}