{"id":41424,"date":"2023-08-23T11:38:52","date_gmt":"2023-08-23T11:38:52","guid":{"rendered":"https:\/\/listings.mybikeplan.ch\/?post_type=product&#038;p=41424"},"modified":"2024-05-30T11:03:51","modified_gmt":"2024-05-30T11:03:51","slug":"bolia-new-mood-esstisch","status":"publish","type":"product","link":"https:\/\/listings.mybikeplan.ch\/de\/produkt\/bolia-new-mood-esstisch\/","title":{"rendered":"New Mood Esstisch"},"content":{"rendered":"<h2><b>Das Wichtigste zum New Mood Esstisch Rund<\/b><b>:<\/b><\/h2>\n<ul>\n<li>Modell: New Mood Esstisch Rund \u00d8123,5 cm<\/li>\n<li>Material: Eiche weiss pigmentiert ge\u00f6lt<\/li>\n<li>Beine: Eiche wei\u00df pigmentiert ge\u00f6lt<\/li>\n<li>H\u00f6he: 72 cm\n<div class=\"dl\" data-v-35844c7e=\"\"><\/div>\n<\/li>\n<\/ul>\n","protected":false},"excerpt":{"rendered":"<p>Designt wurde dieser Esstisch von Michael H. Nielsen aus D\u00e4nemark.<\/p>\n<p>Sein Stil ist von einer Fokussierung auf das Detail gekennzeichnet und hat das gewisse Etwas, das seine Designs von anderen unterscheidet. Einer der gr\u00f6\u00dften Einfl\u00fcsse f\u00fcr ihn ist die Erkenntnis der Vielfalt der Menschen und der Versuch, die sich daraus ergebenden verschiedenen Bed\u00fcrfnisse zu befriedigen. Ihn haben schon immer die Handwerkskunst und die Interaktion zwischen Handwerker und Designer fasziniert. Gutes Design macht Sinn und stellt f\u00fcr diejenigen, die es benutzen, einen Wert dar.<\/p>\n","protected":false},"featured_media":41432,"comment_status":"open","ping_status":"closed","template":"","meta":{"_acf_changed":false},"product_brand":[],"product_cat":[7135,4448,4447,4445,4455],"product_tag":[],"class_list":{"0":"post-41424","1":"product","2":"type-product","3":"status-publish","4":"has-post-thumbnail","6":"product_cat-esstische","7":"product_cat-marke-bolia","8":"product_cat-marken-mysofaplan","9":"product_cat-mysofaplan","10":"product_cat-tische","11":"pa_brand-bolia","12":"pa_country-of-origin-polen","13":"pa_height-72-cm","14":"pa_hex-color-bfab97","15":"pa_main-material-eiche-weiss-pigmentiert-geoelt-2","16":"pa_mounting-beine-muessen-angeschraubt-werden","17":"pa_rack-eiche-weiss-pigmentiert-geoelt-massiv","18":"pa_seat-tube-length-oe1235-cm","19":"pa_table-diameter-oe-100-150-cm","20":"pa_weight-55-kg","22":"first","23":"instock","24":"shipping-taxable","25":"purchasable","26":"product-type-variable"},"acf":{"short_description":"Ein edler Esstisch, der jeden Speisesaal aufwertet.","bike_name":"Bolia New Mood Esstisch","highlight_text":""},"yoast_head":"<!-- This site is optimized with the Yoast SEO plugin v24.5 - https:\/\/yoast.com\/wordpress\/plugins\/seo\/ -->\n<title>Bolia New Mood Esstisch | Ab CHF 86 | M\u00f6bel Schweiz<\/title>\n<meta name=\"description\" content=\"Bestelle jetzt den Bolia New Mood Esstisch ab CHF 86 pro Monat! Zahle mit 0 % Zins Ratenzahlung und geniesse unsere gratis Heimlieferung.\" \/>\n<meta name=\"robots\" content=\"noindex, follow, max-snippet:-1, max-image-preview:large, max-video-preview:-1\" \/>\n<meta property=\"og:locale\" content=\"de_DE\" \/>\n<meta property=\"og:type\" content=\"article\" \/>\n<meta property=\"og:title\" content=\"Bolia New Mood Esstisch | Ab CHF 86 | M\u00f6bel Schweiz\" \/>\n<meta property=\"og:description\" content=\"Bestelle jetzt den Bolia New Mood Esstisch ab CHF 86 pro Monat! Zahle mit 0 % Zins Ratenzahlung und geniesse unsere gratis Heimlieferung.\" \/>\n<meta property=\"og:url\" content=\"https:\/\/listings.mybikeplan.ch\/de\/produkt\/bolia-new-mood-esstisch\/\" \/>\n<meta property=\"og:site_name\" content=\"MyBikePlan\" \/>\n<meta property=\"article:modified_time\" content=\"2024-05-30T11:03:51+00:00\" \/>\n<meta property=\"og:image\" content=\"https:\/\/listings.mybikeplan.ch\/wp-content\/uploads\/2023\/08\/New-Mood-Esstisch-Rund-O1235-cm.jpg\" \/>\n\t<meta property=\"og:image:width\" content=\"1000\" \/>\n\t<meta property=\"og:image:height\" content=\"1000\" \/>\n\t<meta property=\"og:image:type\" content=\"image\/jpeg\" \/>\n<meta name=\"twitter:card\" content=\"summary_large_image\" \/>\n<meta name=\"twitter:label1\" content=\"Gesch\u00e4tzte Lesezeit\" \/>\n\t<meta name=\"twitter:data1\" content=\"1\u00a0Minute\" \/>\n<script type=\"application\/ld+json\" class=\"yoast-schema-graph\">{\"@context\":\"https:\/\/schema.org\",\"@graph\":[{\"@type\":\"WebPage\",\"@id\":\"https:\/\/listings.mybikeplan.ch\/de\/produkt\/bolia-new-mood-esstisch\/\",\"url\":\"https:\/\/listings.mybikeplan.ch\/de\/produkt\/bolia-new-mood-esstisch\/\",\"name\":\"Bolia New Mood Esstisch | Ab CHF 86 | M\u00f6bel Schweiz\",\"isPartOf\":{\"@id\":\"https:\/\/listings.mybikeplan.ch\/de\/#website\"},\"primaryImageOfPage\":{\"@id\":\"https:\/\/listings.mybikeplan.ch\/de\/produkt\/bolia-new-mood-esstisch\/#primaryimage\"},\"image\":{\"@id\":\"https:\/\/listings.mybikeplan.ch\/de\/produkt\/bolia-new-mood-esstisch\/#primaryimage\"},\"thumbnailUrl\":\"https:\/\/listings.mybikeplan.ch\/wp-content\/uploads\/2023\/08\/New-Mood-Esstisch-Rund-O1235-cm.jpg\",\"datePublished\":\"2023-08-23T11:38:52+00:00\",\"dateModified\":\"2024-05-30T11:03:51+00:00\",\"description\":\"Bestelle jetzt den Bolia New Mood Esstisch ab CHF 86 pro Monat! Zahle mit 0 % Zins Ratenzahlung und geniesse unsere gratis Heimlieferung.\",\"breadcrumb\":{\"@id\":\"https:\/\/listings.mybikeplan.ch\/de\/produkt\/bolia-new-mood-esstisch\/#breadcrumb\"},\"inLanguage\":\"de\",\"potentialAction\":[{\"@type\":\"ReadAction\",\"target\":[\"https:\/\/listings.mybikeplan.ch\/de\/produkt\/bolia-new-mood-esstisch\/\"]}]},{\"@type\":\"ImageObject\",\"inLanguage\":\"de\",\"@id\":\"https:\/\/listings.mybikeplan.ch\/de\/produkt\/bolia-new-mood-esstisch\/#primaryimage\",\"url\":\"https:\/\/listings.mybikeplan.ch\/wp-content\/uploads\/2023\/08\/New-Mood-Esstisch-Rund-O1235-cm.jpg\",\"contentUrl\":\"https:\/\/listings.mybikeplan.ch\/wp-content\/uploads\/2023\/08\/New-Mood-Esstisch-Rund-O1235-cm.jpg\",\"width\":1000,\"height\":1000},{\"@type\":\"BreadcrumbList\",\"@id\":\"https:\/\/listings.mybikeplan.ch\/de\/produkt\/bolia-new-mood-esstisch\/#breadcrumb\",\"itemListElement\":[{\"@type\":\"ListItem\",\"position\":1,\"name\":\"Home\",\"item\":\"https:\/\/listings.mybikeplan.ch\/de\/\"},{\"@type\":\"ListItem\",\"position\":2,\"name\":\"New Mood Esstisch\"}]},{\"@type\":\"WebSite\",\"@id\":\"https:\/\/listings.mybikeplan.ch\/de\/#website\",\"url\":\"https:\/\/listings.mybikeplan.ch\/de\/\",\"name\":\"MyBikePlan\",\"description\":\"\",\"potentialAction\":[{\"@type\":\"SearchAction\",\"target\":{\"@type\":\"EntryPoint\",\"urlTemplate\":\"https:\/\/listings.mybikeplan.ch\/de\/?s={search_term_string}\"},\"query-input\":{\"@type\":\"PropertyValueSpecification\",\"valueRequired\":true,\"valueName\":\"search_term_string\"}}],\"inLanguage\":\"de\"}]}<\/script>\n<!-- \/ Yoast SEO plugin. -->","yoast_head_json":{"title":"Bolia New Mood Esstisch | Ab CHF 86 | M\u00f6bel Schweiz","description":"Bestelle jetzt den Bolia New Mood Esstisch ab CHF 86 pro Monat! Zahle mit 0 % Zins Ratenzahlung und geniesse unsere gratis Heimlieferung.","robots":{"index":"noindex","follow":"follow","max-snippet":"max-snippet:-1","max-image-preview":"max-image-preview:large","max-video-preview":"max-video-preview:-1"},"og_locale":"de_DE","og_type":"article","og_title":"Bolia New Mood Esstisch | Ab CHF 86 | M\u00f6bel Schweiz","og_description":"Bestelle jetzt den Bolia New Mood Esstisch ab CHF 86 pro Monat! Zahle mit 0 % Zins Ratenzahlung und geniesse unsere gratis Heimlieferung.","og_url":"https:\/\/listings.mybikeplan.ch\/de\/produkt\/bolia-new-mood-esstisch\/","og_site_name":"MyBikePlan","article_modified_time":"2024-05-30T11:03:51+00:00","og_image":[{"width":1000,"height":1000,"url":"https:\/\/listings.mybikeplan.ch\/wp-content\/uploads\/2023\/08\/New-Mood-Esstisch-Rund-O1235-cm.jpg","type":"image\/jpeg"}],"twitter_card":"summary_large_image","twitter_misc":{"Gesch\u00e4tzte Lesezeit":"1\u00a0Minute"},"schema":{"@context":"https:\/\/schema.org","@graph":[{"@type":"WebPage","@id":"https:\/\/listings.mybikeplan.ch\/de\/produkt\/bolia-new-mood-esstisch\/","url":"https:\/\/listings.mybikeplan.ch\/de\/produkt\/bolia-new-mood-esstisch\/","name":"Bolia New Mood Esstisch | Ab CHF 86 | M\u00f6bel Schweiz","isPartOf":{"@id":"https:\/\/listings.mybikeplan.ch\/de\/#website"},"primaryImageOfPage":{"@id":"https:\/\/listings.mybikeplan.ch\/de\/produkt\/bolia-new-mood-esstisch\/#primaryimage"},"image":{"@id":"https:\/\/listings.mybikeplan.ch\/de\/produkt\/bolia-new-mood-esstisch\/#primaryimage"},"thumbnailUrl":"https:\/\/listings.mybikeplan.ch\/wp-content\/uploads\/2023\/08\/New-Mood-Esstisch-Rund-O1235-cm.jpg","datePublished":"2023-08-23T11:38:52+00:00","dateModified":"2024-05-30T11:03:51+00:00","description":"Bestelle jetzt den Bolia New Mood Esstisch ab CHF 86 pro Monat! Zahle mit 0 % Zins Ratenzahlung und geniesse unsere gratis Heimlieferung.","breadcrumb":{"@id":"https:\/\/listings.mybikeplan.ch\/de\/produkt\/bolia-new-mood-esstisch\/#breadcrumb"},"inLanguage":"de","potentialAction":[{"@type":"ReadAction","target":["https:\/\/listings.mybikeplan.ch\/de\/produkt\/bolia-new-mood-esstisch\/"]}]},{"@type":"ImageObject","inLanguage":"de","@id":"https:\/\/listings.mybikeplan.ch\/de\/produkt\/bolia-new-mood-esstisch\/#primaryimage","url":"https:\/\/listings.mybikeplan.ch\/wp-content\/uploads\/2023\/08\/New-Mood-Esstisch-Rund-O1235-cm.jpg","contentUrl":"https:\/\/listings.mybikeplan.ch\/wp-content\/uploads\/2023\/08\/New-Mood-Esstisch-Rund-O1235-cm.jpg","width":1000,"height":1000},{"@type":"BreadcrumbList","@id":"https:\/\/listings.mybikeplan.ch\/de\/produkt\/bolia-new-mood-esstisch\/#breadcrumb","itemListElement":[{"@type":"ListItem","position":1,"name":"Home","item":"https:\/\/listings.mybikeplan.ch\/de\/"},{"@type":"ListItem","position":2,"name":"New Mood Esstisch"}]},{"@type":"WebSite","@id":"https:\/\/listings.mybikeplan.ch\/de\/#website","url":"https:\/\/listings.mybikeplan.ch\/de\/","name":"MyBikePlan","description":"","potentialAction":[{"@type":"SearchAction","target":{"@type":"EntryPoint","urlTemplate":"https:\/\/listings.mybikeplan.ch\/de\/?s={search_term_string}"},"query-input":{"@type":"PropertyValueSpecification","valueRequired":true,"valueName":"search_term_string"}}],"inLanguage":"de"}]}},"_links":{"self":[{"href":"https:\/\/listings.mybikeplan.ch\/de\/wp-json\/wp\/v2\/product\/41424","targetHints":{"allow":["GET"]}}],"collection":[{"href":"https:\/\/listings.mybikeplan.ch\/de\/wp-json\/wp\/v2\/product"}],"about":[{"href":"https:\/\/listings.mybikeplan.ch\/de\/wp-json\/wp\/v2\/types\/product"}],"replies":[{"embeddable":true,"href":"https:\/\/listings.mybikeplan.ch\/de\/wp-json\/wp\/v2\/comments?post=41424"}],"wp:featuredmedia":[{"embeddable":true,"href":"https:\/\/listings.mybikeplan.ch\/de\/wp-json\/wp\/v2\/media\/41432"}],"wp:attachment":[{"href":"https:\/\/listings.mybikeplan.ch\/de\/wp-json\/wp\/v2\/media?parent=41424"}],"wp:term":[{"taxonomy":"product_brand","embeddable":true,"href":"https:\/\/listings.mybikeplan.ch\/de\/wp-json\/wp\/v2\/product_brand?post=41424"},{"taxonomy":"product_cat","embeddable":true,"href":"https:\/\/listings.mybikeplan.ch\/de\/wp-json\/wp\/v2\/product_cat?post=41424"},{"taxonomy":"product_tag","embeddable":true,"href":"https:\/\/listings.mybikeplan.ch\/de\/wp-json\/wp\/v2\/product_tag?post=41424"}],"curies":[{"name":"wp","href":"https:\/\/api.w.org\/{rel}","templated":true}]}}