{"id":41384,"date":"2023-08-23T11:04:12","date_gmt":"2023-08-23T11:04:12","guid":{"rendered":"https:\/\/listings.mybikeplan.ch\/?post_type=product&#038;p=41384"},"modified":"2023-11-21T15:45:13","modified_gmt":"2023-11-21T15:45:13","slug":"bolia-cana-hifi-moebel","status":"publish","type":"product","link":"https:\/\/listings.mybikeplan.ch\/de\/produkt\/bolia-cana-hifi-moebel\/","title":{"rendered":"Cana HiFi-M\u00f6bel"},"content":{"rendered":"<h2><b>Das Wichtigste zum Cana HiFi-M\u00f6bel<\/b><b>:<\/b><\/h2>\n<ul>\n<li>Modell: Cana HiFi-M\u00f6bel<\/li>\n<li>Material: Eiche weiss pigmentiert ge\u00f6lt<\/li>\n<li>Beine: Eiche ge\u00f6lt<\/li>\n<li>H\u00f6he: 46 cm<\/li>\n<li>Breite: 128 cm\n<div class=\"dl\" data-v-35844c7e=\"\"><\/div>\n<\/li>\n<\/ul>\n","protected":false},"excerpt":{"rendered":"<p>Designt wurde dieses Hi-Fi M\u00f6bel von Steffensen &amp; W\u00fcrtz aus D\u00e4nemark. Es zeichnet sich durch Ehrlichkeit und Mehrwert aus, ohne dass die Kreativit\u00e4t des Designs verloren geht. Steffensen &amp; W\u00fcrtz m\u00f6chten\u00a0Produkte und M\u00f6bel zu kreieren, die einen Sinn vermitteln und Charakter haben. Ein Produktdesign sollte unsere Neugier wecken und uns auch zum L\u00e4cheln bringen.<\/p>\n","protected":false},"featured_media":41390,"comment_status":"open","ping_status":"closed","template":"","meta":{"_acf_changed":false},"product_brand":[],"product_cat":[5158,5162,4448,4447,4445,7150],"product_tag":[],"class_list":{"0":"post-41384","1":"product","2":"type-product","3":"status-publish","4":"has-post-thumbnail","6":"product_cat-aufbewahrung","7":"product_cat-kommodes","8":"product_cat-marke-bolia","9":"product_cat-marken-mysofaplan","10":"product_cat-mysofaplan","11":"product_cat-tv-moebel","12":"pa_brand-bolia","13":"pa_country-of-origin-polen","14":"pa_depth-40-cm","15":"pa_height-46-cm","16":"pa_hex-color-d3bb9d","17":"pa_main-material-eiche-weiss-pigmentiert-geoelt-2","18":"pa_max-load-capacity-15-kg","19":"pa_mounting-beine-muessen-angeschraubt-werden","20":"pa_seat-tube-length-128x46x40-cm","21":"pa_width-128-cm","23":"first","24":"instock","25":"shipping-taxable","26":"purchasable","27":"product-type-variable"},"acf":{"short_description":"Ein HiFi-M\u00f6bel, das f\u00fcr Wohlbefinden in jedem Raum sorgt.","bike_name":"Bolia Cana HiFi-M\u00f6bel","highlight_text":""},"yoast_head":"<!-- This site is optimized with the Yoast SEO plugin v24.5 - https:\/\/yoast.com\/wordpress\/plugins\/seo\/ -->\n<title>Bolia Cana HiFi-M\u00f6bel | Ab CHF 57 | M\u00f6bel kaufen Schweiz<\/title>\n<meta name=\"description\" content=\"Bestelle jetzt das Bolia Cana HiFi-M\u00f6bel ab CHF 57 pro Monat! Zahle mit 0 % Zins Ratenzahlung und geniesse unsere gratis Heimlieferung.\" \/>\n<meta name=\"robots\" content=\"noindex, follow, max-snippet:-1, max-image-preview:large, max-video-preview:-1\" \/>\n<meta property=\"og:locale\" content=\"de_DE\" \/>\n<meta property=\"og:type\" content=\"article\" \/>\n<meta property=\"og:title\" content=\"Bolia Cana HiFi-M\u00f6bel | Ab CHF 57 | M\u00f6bel kaufen Schweiz\" \/>\n<meta property=\"og:description\" content=\"Bestelle jetzt das Bolia Cana HiFi-M\u00f6bel ab CHF 57 pro Monat! Zahle mit 0 % Zins Ratenzahlung und geniesse unsere gratis Heimlieferung.\" \/>\n<meta property=\"og:url\" content=\"https:\/\/listings.mybikeplan.ch\/de\/produkt\/bolia-cana-hifi-moebel\/\" \/>\n<meta property=\"og:site_name\" content=\"MyBikePlan\" \/>\n<meta property=\"article:modified_time\" content=\"2023-11-21T15:45:13+00:00\" \/>\n<meta property=\"og:image\" content=\"https:\/\/listings.mybikeplan.ch\/wp-content\/uploads\/2023\/08\/Cana-HiFi-Mobel.jpg\" \/>\n\t<meta property=\"og:image:width\" content=\"1000\" \/>\n\t<meta property=\"og:image:height\" content=\"1000\" \/>\n\t<meta property=\"og:image:type\" content=\"image\/jpeg\" \/>\n<meta name=\"twitter:card\" content=\"summary_large_image\" \/>\n<meta name=\"twitter:label1\" content=\"Gesch\u00e4tzte Lesezeit\" \/>\n\t<meta name=\"twitter:data1\" content=\"1\u00a0Minute\" \/>\n<script type=\"application\/ld+json\" class=\"yoast-schema-graph\">{\"@context\":\"https:\/\/schema.org\",\"@graph\":[{\"@type\":\"WebPage\",\"@id\":\"https:\/\/listings.mybikeplan.ch\/de\/produkt\/bolia-cana-hifi-moebel\/\",\"url\":\"https:\/\/listings.mybikeplan.ch\/de\/produkt\/bolia-cana-hifi-moebel\/\",\"name\":\"Bolia Cana HiFi-M\u00f6bel | Ab CHF 57 | M\u00f6bel kaufen Schweiz\",\"isPartOf\":{\"@id\":\"https:\/\/listings.mybikeplan.ch\/de\/#website\"},\"primaryImageOfPage\":{\"@id\":\"https:\/\/listings.mybikeplan.ch\/de\/produkt\/bolia-cana-hifi-moebel\/#primaryimage\"},\"image\":{\"@id\":\"https:\/\/listings.mybikeplan.ch\/de\/produkt\/bolia-cana-hifi-moebel\/#primaryimage\"},\"thumbnailUrl\":\"https:\/\/listings.mybikeplan.ch\/wp-content\/uploads\/2023\/08\/Cana-HiFi-Mobel.jpg\",\"datePublished\":\"2023-08-23T11:04:12+00:00\",\"dateModified\":\"2023-11-21T15:45:13+00:00\",\"description\":\"Bestelle jetzt das Bolia Cana HiFi-M\u00f6bel ab CHF 57 pro Monat! Zahle mit 0 % Zins Ratenzahlung und geniesse unsere gratis Heimlieferung.\",\"breadcrumb\":{\"@id\":\"https:\/\/listings.mybikeplan.ch\/de\/produkt\/bolia-cana-hifi-moebel\/#breadcrumb\"},\"inLanguage\":\"de\",\"potentialAction\":[{\"@type\":\"ReadAction\",\"target\":[\"https:\/\/listings.mybikeplan.ch\/de\/produkt\/bolia-cana-hifi-moebel\/\"]}]},{\"@type\":\"ImageObject\",\"inLanguage\":\"de\",\"@id\":\"https:\/\/listings.mybikeplan.ch\/de\/produkt\/bolia-cana-hifi-moebel\/#primaryimage\",\"url\":\"https:\/\/listings.mybikeplan.ch\/wp-content\/uploads\/2023\/08\/Cana-HiFi-Mobel.jpg\",\"contentUrl\":\"https:\/\/listings.mybikeplan.ch\/wp-content\/uploads\/2023\/08\/Cana-HiFi-Mobel.jpg\",\"width\":1000,\"height\":1000},{\"@type\":\"BreadcrumbList\",\"@id\":\"https:\/\/listings.mybikeplan.ch\/de\/produkt\/bolia-cana-hifi-moebel\/#breadcrumb\",\"itemListElement\":[{\"@type\":\"ListItem\",\"position\":1,\"name\":\"Home\",\"item\":\"https:\/\/listings.mybikeplan.ch\/de\/\"},{\"@type\":\"ListItem\",\"position\":2,\"name\":\"Cana HiFi-M\u00f6bel\"}]},{\"@type\":\"WebSite\",\"@id\":\"https:\/\/listings.mybikeplan.ch\/de\/#website\",\"url\":\"https:\/\/listings.mybikeplan.ch\/de\/\",\"name\":\"MyBikePlan\",\"description\":\"\",\"potentialAction\":[{\"@type\":\"SearchAction\",\"target\":{\"@type\":\"EntryPoint\",\"urlTemplate\":\"https:\/\/listings.mybikeplan.ch\/de\/?s={search_term_string}\"},\"query-input\":{\"@type\":\"PropertyValueSpecification\",\"valueRequired\":true,\"valueName\":\"search_term_string\"}}],\"inLanguage\":\"de\"}]}<\/script>\n<!-- \/ Yoast SEO plugin. -->","yoast_head_json":{"title":"Bolia Cana HiFi-M\u00f6bel | Ab CHF 57 | M\u00f6bel kaufen Schweiz","description":"Bestelle jetzt das Bolia Cana HiFi-M\u00f6bel ab CHF 57 pro Monat! Zahle mit 0 % Zins Ratenzahlung und geniesse unsere gratis Heimlieferung.","robots":{"index":"noindex","follow":"follow","max-snippet":"max-snippet:-1","max-image-preview":"max-image-preview:large","max-video-preview":"max-video-preview:-1"},"og_locale":"de_DE","og_type":"article","og_title":"Bolia Cana HiFi-M\u00f6bel | Ab CHF 57 | M\u00f6bel kaufen Schweiz","og_description":"Bestelle jetzt das Bolia Cana HiFi-M\u00f6bel ab CHF 57 pro Monat! Zahle mit 0 % Zins Ratenzahlung und geniesse unsere gratis Heimlieferung.","og_url":"https:\/\/listings.mybikeplan.ch\/de\/produkt\/bolia-cana-hifi-moebel\/","og_site_name":"MyBikePlan","article_modified_time":"2023-11-21T15:45:13+00:00","og_image":[{"width":1000,"height":1000,"url":"https:\/\/listings.mybikeplan.ch\/wp-content\/uploads\/2023\/08\/Cana-HiFi-Mobel.jpg","type":"image\/jpeg"}],"twitter_card":"summary_large_image","twitter_misc":{"Gesch\u00e4tzte Lesezeit":"1\u00a0Minute"},"schema":{"@context":"https:\/\/schema.org","@graph":[{"@type":"WebPage","@id":"https:\/\/listings.mybikeplan.ch\/de\/produkt\/bolia-cana-hifi-moebel\/","url":"https:\/\/listings.mybikeplan.ch\/de\/produkt\/bolia-cana-hifi-moebel\/","name":"Bolia Cana HiFi-M\u00f6bel | Ab CHF 57 | M\u00f6bel kaufen Schweiz","isPartOf":{"@id":"https:\/\/listings.mybikeplan.ch\/de\/#website"},"primaryImageOfPage":{"@id":"https:\/\/listings.mybikeplan.ch\/de\/produkt\/bolia-cana-hifi-moebel\/#primaryimage"},"image":{"@id":"https:\/\/listings.mybikeplan.ch\/de\/produkt\/bolia-cana-hifi-moebel\/#primaryimage"},"thumbnailUrl":"https:\/\/listings.mybikeplan.ch\/wp-content\/uploads\/2023\/08\/Cana-HiFi-Mobel.jpg","datePublished":"2023-08-23T11:04:12+00:00","dateModified":"2023-11-21T15:45:13+00:00","description":"Bestelle jetzt das Bolia Cana HiFi-M\u00f6bel ab CHF 57 pro Monat! Zahle mit 0 % Zins Ratenzahlung und geniesse unsere gratis Heimlieferung.","breadcrumb":{"@id":"https:\/\/listings.mybikeplan.ch\/de\/produkt\/bolia-cana-hifi-moebel\/#breadcrumb"},"inLanguage":"de","potentialAction":[{"@type":"ReadAction","target":["https:\/\/listings.mybikeplan.ch\/de\/produkt\/bolia-cana-hifi-moebel\/"]}]},{"@type":"ImageObject","inLanguage":"de","@id":"https:\/\/listings.mybikeplan.ch\/de\/produkt\/bolia-cana-hifi-moebel\/#primaryimage","url":"https:\/\/listings.mybikeplan.ch\/wp-content\/uploads\/2023\/08\/Cana-HiFi-Mobel.jpg","contentUrl":"https:\/\/listings.mybikeplan.ch\/wp-content\/uploads\/2023\/08\/Cana-HiFi-Mobel.jpg","width":1000,"height":1000},{"@type":"BreadcrumbList","@id":"https:\/\/listings.mybikeplan.ch\/de\/produkt\/bolia-cana-hifi-moebel\/#breadcrumb","itemListElement":[{"@type":"ListItem","position":1,"name":"Home","item":"https:\/\/listings.mybikeplan.ch\/de\/"},{"@type":"ListItem","position":2,"name":"Cana HiFi-M\u00f6bel"}]},{"@type":"WebSite","@id":"https:\/\/listings.mybikeplan.ch\/de\/#website","url":"https:\/\/listings.mybikeplan.ch\/de\/","name":"MyBikePlan","description":"","potentialAction":[{"@type":"SearchAction","target":{"@type":"EntryPoint","urlTemplate":"https:\/\/listings.mybikeplan.ch\/de\/?s={search_term_string}"},"query-input":{"@type":"PropertyValueSpecification","valueRequired":true,"valueName":"search_term_string"}}],"inLanguage":"de"}]}},"_links":{"self":[{"href":"https:\/\/listings.mybikeplan.ch\/de\/wp-json\/wp\/v2\/product\/41384","targetHints":{"allow":["GET"]}}],"collection":[{"href":"https:\/\/listings.mybikeplan.ch\/de\/wp-json\/wp\/v2\/product"}],"about":[{"href":"https:\/\/listings.mybikeplan.ch\/de\/wp-json\/wp\/v2\/types\/product"}],"replies":[{"embeddable":true,"href":"https:\/\/listings.mybikeplan.ch\/de\/wp-json\/wp\/v2\/comments?post=41384"}],"wp:featuredmedia":[{"embeddable":true,"href":"https:\/\/listings.mybikeplan.ch\/de\/wp-json\/wp\/v2\/media\/41390"}],"wp:attachment":[{"href":"https:\/\/listings.mybikeplan.ch\/de\/wp-json\/wp\/v2\/media?parent=41384"}],"wp:term":[{"taxonomy":"product_brand","embeddable":true,"href":"https:\/\/listings.mybikeplan.ch\/de\/wp-json\/wp\/v2\/product_brand?post=41384"},{"taxonomy":"product_cat","embeddable":true,"href":"https:\/\/listings.mybikeplan.ch\/de\/wp-json\/wp\/v2\/product_cat?post=41384"},{"taxonomy":"product_tag","embeddable":true,"href":"https:\/\/listings.mybikeplan.ch\/de\/wp-json\/wp\/v2\/product_tag?post=41384"}],"curies":[{"name":"wp","href":"https:\/\/api.w.org\/{rel}","templated":true}]}}