{"id":41168,"date":"2023-08-22T12:53:26","date_gmt":"2023-08-22T12:53:26","guid":{"rendered":"https:\/\/listings.mybikeplan.ch\/?post_type=product&#038;p=41168"},"modified":"2024-01-26T13:24:17","modified_gmt":"2024-01-26T13:24:17","slug":"bolia-cosima-sofa-beige","status":"publish","type":"product","link":"https:\/\/listings.mybikeplan.ch\/de\/produkt\/bolia-cosima-sofa-beige\/","title":{"rendered":"Cosima Sofa L-Form rechts beige"},"content":{"rendered":"<h2><b>Das Wichtigste zum Cosima Sofa<\/b><b>:<\/b><\/h2>\n<ul>\n<li>Bezug: Nantes, Light Beige<\/li>\n<li>H\u00f6chstgewicht pro Sitzplatz: 110 kg<\/li>\n<li>Herkunftsland: Estland<\/li>\n<\/ul>\n","protected":false},"excerpt":{"rendered":"<div class=\"details-row\">\n<div id=\"collapseMoreInformation\" class=\"show collapse\" aria-labelledby=\"headingOne\" data-parent=\"#product-information\">\n<div class=\"mb-x1 heading-spacing\">\n<div class=\"mb-x1 heading-spacing\">\n<p>D\u00fcrfen wir vorstellen? Das Cosima Sofa! Es ist super bequem und perfekt zum Relaxen mit seinen niedrigen Arm- und R\u00fcckenlehnen und der weichen Polsterung aus Daunen und Federn. Aber hier h\u00f6rt es noch nicht auf: Das Sofa ist auch noch nachhaltig, denn das Holz ist FSC\u00ae-zertifiziert. Und Du kannst das Sofa genau so zusammenbauen, wie Du es brauchst \u2013 mit zwei verschiedenen Sitztiefen und modularen Teilen, die ihr nach Lust und Laune hinzuf\u00fcgen oder weglassen k\u00f6nnt. Egal, ob Du es gem\u00fctlich oder ger\u00e4umig willst, das Cosima passt sich an.<\/p>\n<p>Erh\u00e4ltlich in:<\/p>\n<ul>\n<li>4 verschiedenen Farben<\/li>\n<li>mit oder ohne Chaiselongue<\/li>\n<\/ul>\n<p>Du hast Fragen zum Cosima Sofa? Wir sind hier, um Dir weiterzuhelfen! Schreib uns einfach eine Nachricht an hallo@myhomeplan.ch und wir k\u00fcmmern uns um Deine Anfrage.<\/p>\n<\/div>\n<\/div>\n<\/div>\n<\/div>\n","protected":false},"featured_media":52146,"comment_status":"open","ping_status":"closed","template":"","meta":{"_acf_changed":false},"product_brand":[],"product_cat":[4452,7127,4448,4447,7132,4445,4446,7126],"product_tag":[],"class_list":{"0":"post-41168","1":"product","2":"type-product","3":"status-publish","4":"has-post-thumbnail","6":"product_cat-2-personen","7":"product_cat-l-form-rechts","8":"product_cat-marke-bolia","9":"product_cat-marken-mysofaplan","10":"product_cat-modular-sofas","11":"product_cat-mysofaplan","12":"product_cat-sofa","13":"product_cat-sofa-form","14":"pa_brand-bolia","15":"pa_dimensions-290cm-x-80cm-x-127cm","16":"pa_filters-color-beige","17":"pa_hex-color-424f4f-produkt-bolia-cosima-sofa-gruen","18":"pa_hex-color-4b4b4b-produkt-bolia-cosima-sofa-schwarz","19":"pa_hex-color-777777-produkt-bolia-cosima-sofa-grau","20":"pa_hex-color-c7c3b7","21":"pa_main-material-nantes-flach-gewebt","22":"pa_seat-tube-length-2-sitze","23":"pa_sofa-size-250-300-cm","24":"pa_weight-110-kg","26":"first","27":"instock","28":"shipping-taxable","29":"purchasable","30":"product-type-variable"},"acf":{"short_description":"Cosima ist ein superweiches, bequemes Sofa, das ganz nach Deinen W\u00fcnschen angepasst werden kann. Freu Dich auf ein v\u00f6llig neues Komforterlebnis!","bike_name":"Bolia Cosima Sofa","highlight_text":""},"yoast_head":"<!-- This site is optimized with the Yoast SEO plugin v24.5 - https:\/\/yoast.com\/wordpress\/plugins\/seo\/ -->\n<title>Bolia Cosima Sofa | M\u00f6bel kaufen | Schweiz<\/title>\n<meta name=\"description\" content=\"Bestelle jetzt das Bolia Cosima Sofa f\u00fcr Dein Zuhause! Zahle mit 0 % Zins Ratenzahlung und geniesse unsere gratis Heimlieferung.\" \/>\n<meta name=\"robots\" content=\"noindex, follow, max-snippet:-1, max-image-preview:large, max-video-preview:-1\" \/>\n<meta property=\"og:locale\" content=\"de_DE\" \/>\n<meta property=\"og:type\" content=\"article\" \/>\n<meta property=\"og:title\" content=\"Bolia Cosima Sofa | M\u00f6bel kaufen | Schweiz\" \/>\n<meta property=\"og:description\" content=\"Bestelle jetzt das Bolia Cosima Sofa f\u00fcr Dein Zuhause! Zahle mit 0 % Zins Ratenzahlung und geniesse unsere gratis Heimlieferung.\" \/>\n<meta property=\"og:url\" content=\"https:\/\/listings.mybikeplan.ch\/de\/produkt\/bolia-cosima-sofa-beige\/\" \/>\n<meta property=\"og:site_name\" content=\"MyBikePlan\" \/>\n<meta property=\"article:modified_time\" content=\"2024-01-26T13:24:17+00:00\" \/>\n<meta property=\"og:image\" content=\"https:\/\/listings.mybikeplan.ch\/wp-content\/uploads\/2023\/08\/Bolia-Cosima-Sofa-8.jpg\" \/>\n\t<meta property=\"og:image:width\" content=\"1000\" \/>\n\t<meta property=\"og:image:height\" content=\"1000\" \/>\n\t<meta property=\"og:image:type\" content=\"image\/jpeg\" \/>\n<meta name=\"twitter:card\" content=\"summary_large_image\" \/>\n<meta name=\"twitter:label1\" content=\"Gesch\u00e4tzte Lesezeit\" \/>\n\t<meta name=\"twitter:data1\" content=\"1\u00a0Minute\" \/>\n<script type=\"application\/ld+json\" class=\"yoast-schema-graph\">{\"@context\":\"https:\/\/schema.org\",\"@graph\":[{\"@type\":\"WebPage\",\"@id\":\"https:\/\/listings.mybikeplan.ch\/de\/produkt\/bolia-cosima-sofa-beige\/\",\"url\":\"https:\/\/listings.mybikeplan.ch\/de\/produkt\/bolia-cosima-sofa-beige\/\",\"name\":\"Bolia Cosima Sofa | M\u00f6bel kaufen | Schweiz\",\"isPartOf\":{\"@id\":\"https:\/\/listings.mybikeplan.ch\/de\/#website\"},\"primaryImageOfPage\":{\"@id\":\"https:\/\/listings.mybikeplan.ch\/de\/produkt\/bolia-cosima-sofa-beige\/#primaryimage\"},\"image\":{\"@id\":\"https:\/\/listings.mybikeplan.ch\/de\/produkt\/bolia-cosima-sofa-beige\/#primaryimage\"},\"thumbnailUrl\":\"https:\/\/listings.mybikeplan.ch\/wp-content\/uploads\/2023\/08\/Bolia-Cosima-Sofa-8.jpg\",\"datePublished\":\"2023-08-22T12:53:26+00:00\",\"dateModified\":\"2024-01-26T13:24:17+00:00\",\"description\":\"Bestelle jetzt das Bolia Cosima Sofa f\u00fcr Dein Zuhause! Zahle mit 0 % Zins Ratenzahlung und geniesse unsere gratis Heimlieferung.\",\"breadcrumb\":{\"@id\":\"https:\/\/listings.mybikeplan.ch\/de\/produkt\/bolia-cosima-sofa-beige\/#breadcrumb\"},\"inLanguage\":\"de\",\"potentialAction\":[{\"@type\":\"ReadAction\",\"target\":[\"https:\/\/listings.mybikeplan.ch\/de\/produkt\/bolia-cosima-sofa-beige\/\"]}]},{\"@type\":\"ImageObject\",\"inLanguage\":\"de\",\"@id\":\"https:\/\/listings.mybikeplan.ch\/de\/produkt\/bolia-cosima-sofa-beige\/#primaryimage\",\"url\":\"https:\/\/listings.mybikeplan.ch\/wp-content\/uploads\/2023\/08\/Bolia-Cosima-Sofa-8.jpg\",\"contentUrl\":\"https:\/\/listings.mybikeplan.ch\/wp-content\/uploads\/2023\/08\/Bolia-Cosima-Sofa-8.jpg\",\"width\":1000,\"height\":1000,\"caption\":\"beiges Sofa\"},{\"@type\":\"BreadcrumbList\",\"@id\":\"https:\/\/listings.mybikeplan.ch\/de\/produkt\/bolia-cosima-sofa-beige\/#breadcrumb\",\"itemListElement\":[{\"@type\":\"ListItem\",\"position\":1,\"name\":\"Home\",\"item\":\"https:\/\/listings.mybikeplan.ch\/de\/\"},{\"@type\":\"ListItem\",\"position\":2,\"name\":\"Cosima Sofa L-Form rechts beige\"}]},{\"@type\":\"WebSite\",\"@id\":\"https:\/\/listings.mybikeplan.ch\/de\/#website\",\"url\":\"https:\/\/listings.mybikeplan.ch\/de\/\",\"name\":\"MyBikePlan\",\"description\":\"\",\"potentialAction\":[{\"@type\":\"SearchAction\",\"target\":{\"@type\":\"EntryPoint\",\"urlTemplate\":\"https:\/\/listings.mybikeplan.ch\/de\/?s={search_term_string}\"},\"query-input\":{\"@type\":\"PropertyValueSpecification\",\"valueRequired\":true,\"valueName\":\"search_term_string\"}}],\"inLanguage\":\"de\"}]}<\/script>\n<!-- \/ Yoast SEO plugin. -->","yoast_head_json":{"title":"Bolia Cosima Sofa | M\u00f6bel kaufen | Schweiz","description":"Bestelle jetzt das Bolia Cosima Sofa f\u00fcr Dein Zuhause! Zahle mit 0 % Zins Ratenzahlung und geniesse unsere gratis Heimlieferung.","robots":{"index":"noindex","follow":"follow","max-snippet":"max-snippet:-1","max-image-preview":"max-image-preview:large","max-video-preview":"max-video-preview:-1"},"og_locale":"de_DE","og_type":"article","og_title":"Bolia Cosima Sofa | M\u00f6bel kaufen | Schweiz","og_description":"Bestelle jetzt das Bolia Cosima Sofa f\u00fcr Dein Zuhause! Zahle mit 0 % Zins Ratenzahlung und geniesse unsere gratis Heimlieferung.","og_url":"https:\/\/listings.mybikeplan.ch\/de\/produkt\/bolia-cosima-sofa-beige\/","og_site_name":"MyBikePlan","article_modified_time":"2024-01-26T13:24:17+00:00","og_image":[{"width":1000,"height":1000,"url":"https:\/\/listings.mybikeplan.ch\/wp-content\/uploads\/2023\/08\/Bolia-Cosima-Sofa-8.jpg","type":"image\/jpeg"}],"twitter_card":"summary_large_image","twitter_misc":{"Gesch\u00e4tzte Lesezeit":"1\u00a0Minute"},"schema":{"@context":"https:\/\/schema.org","@graph":[{"@type":"WebPage","@id":"https:\/\/listings.mybikeplan.ch\/de\/produkt\/bolia-cosima-sofa-beige\/","url":"https:\/\/listings.mybikeplan.ch\/de\/produkt\/bolia-cosima-sofa-beige\/","name":"Bolia Cosima Sofa | M\u00f6bel kaufen | Schweiz","isPartOf":{"@id":"https:\/\/listings.mybikeplan.ch\/de\/#website"},"primaryImageOfPage":{"@id":"https:\/\/listings.mybikeplan.ch\/de\/produkt\/bolia-cosima-sofa-beige\/#primaryimage"},"image":{"@id":"https:\/\/listings.mybikeplan.ch\/de\/produkt\/bolia-cosima-sofa-beige\/#primaryimage"},"thumbnailUrl":"https:\/\/listings.mybikeplan.ch\/wp-content\/uploads\/2023\/08\/Bolia-Cosima-Sofa-8.jpg","datePublished":"2023-08-22T12:53:26+00:00","dateModified":"2024-01-26T13:24:17+00:00","description":"Bestelle jetzt das Bolia Cosima Sofa f\u00fcr Dein Zuhause! Zahle mit 0 % Zins Ratenzahlung und geniesse unsere gratis Heimlieferung.","breadcrumb":{"@id":"https:\/\/listings.mybikeplan.ch\/de\/produkt\/bolia-cosima-sofa-beige\/#breadcrumb"},"inLanguage":"de","potentialAction":[{"@type":"ReadAction","target":["https:\/\/listings.mybikeplan.ch\/de\/produkt\/bolia-cosima-sofa-beige\/"]}]},{"@type":"ImageObject","inLanguage":"de","@id":"https:\/\/listings.mybikeplan.ch\/de\/produkt\/bolia-cosima-sofa-beige\/#primaryimage","url":"https:\/\/listings.mybikeplan.ch\/wp-content\/uploads\/2023\/08\/Bolia-Cosima-Sofa-8.jpg","contentUrl":"https:\/\/listings.mybikeplan.ch\/wp-content\/uploads\/2023\/08\/Bolia-Cosima-Sofa-8.jpg","width":1000,"height":1000,"caption":"beiges Sofa"},{"@type":"BreadcrumbList","@id":"https:\/\/listings.mybikeplan.ch\/de\/produkt\/bolia-cosima-sofa-beige\/#breadcrumb","itemListElement":[{"@type":"ListItem","position":1,"name":"Home","item":"https:\/\/listings.mybikeplan.ch\/de\/"},{"@type":"ListItem","position":2,"name":"Cosima Sofa L-Form rechts beige"}]},{"@type":"WebSite","@id":"https:\/\/listings.mybikeplan.ch\/de\/#website","url":"https:\/\/listings.mybikeplan.ch\/de\/","name":"MyBikePlan","description":"","potentialAction":[{"@type":"SearchAction","target":{"@type":"EntryPoint","urlTemplate":"https:\/\/listings.mybikeplan.ch\/de\/?s={search_term_string}"},"query-input":{"@type":"PropertyValueSpecification","valueRequired":true,"valueName":"search_term_string"}}],"inLanguage":"de"}]}},"_links":{"self":[{"href":"https:\/\/listings.mybikeplan.ch\/de\/wp-json\/wp\/v2\/product\/41168","targetHints":{"allow":["GET"]}}],"collection":[{"href":"https:\/\/listings.mybikeplan.ch\/de\/wp-json\/wp\/v2\/product"}],"about":[{"href":"https:\/\/listings.mybikeplan.ch\/de\/wp-json\/wp\/v2\/types\/product"}],"replies":[{"embeddable":true,"href":"https:\/\/listings.mybikeplan.ch\/de\/wp-json\/wp\/v2\/comments?post=41168"}],"wp:featuredmedia":[{"embeddable":true,"href":"https:\/\/listings.mybikeplan.ch\/de\/wp-json\/wp\/v2\/media\/52146"}],"wp:attachment":[{"href":"https:\/\/listings.mybikeplan.ch\/de\/wp-json\/wp\/v2\/media?parent=41168"}],"wp:term":[{"taxonomy":"product_brand","embeddable":true,"href":"https:\/\/listings.mybikeplan.ch\/de\/wp-json\/wp\/v2\/product_brand?post=41168"},{"taxonomy":"product_cat","embeddable":true,"href":"https:\/\/listings.mybikeplan.ch\/de\/wp-json\/wp\/v2\/product_cat?post=41168"},{"taxonomy":"product_tag","embeddable":true,"href":"https:\/\/listings.mybikeplan.ch\/de\/wp-json\/wp\/v2\/product_tag?post=41168"}],"curies":[{"name":"wp","href":"https:\/\/api.w.org\/{rel}","templated":true}]}}