{"id":39460,"date":"2023-08-11T08:24:28","date_gmt":"2023-08-11T08:24:28","guid":{"rendered":"https:\/\/listings.mybikeplan.ch\/?post_type=product&#038;p=39460"},"modified":"2023-11-21T15:53:04","modified_gmt":"2023-11-21T15:53:04","slug":"kave-home-nina-stapelbarer-stuhl-braun","status":"publish","type":"product","link":"https:\/\/listings.mybikeplan.ch\/de\/produkt\/kave-home-nina-stapelbarer-stuhl-braun\/","title":{"rendered":"Nina Stuhl"},"content":{"rendered":"<h2><b>Das Wichtigste zum Nina Stuhl<\/b><b>:<\/b><\/h2>\n<ul class=\"bullet-points\">\n<li class=\"bullet-points__item\">Stapelbarer Stuhl mit Armlehnen aus nat\u00fcrlichen Materialien und handwerklichen Verfahren.<\/li>\n<li class=\"bullet-points__item\">Die Struktur besteht aus massivem Akazienholz mit einem nat\u00fcrlichen Finish sowie einzigartigen Farbt\u00f6nen und Maserungen bei jedem Artikel.<\/li>\n<li class=\"bullet-points__item\">Sitz gefertigt aus UV-best\u00e4ndigem handgeflochtenem Seil.<\/li>\n<li class=\"bullet-points__item\">Kave Cares Design: das Holz stammt aus nachhaltig bewirtschafteten W\u00e4ldern mit kontrolliertem Holzschlag.<\/li>\n<li class=\"bullet-points__item\">Geeignet f\u00fcr Innenr\u00e4ume und \u00fcberdachte Au\u00dfenbereiche.<\/li>\n<\/ul>\n","protected":false},"excerpt":{"rendered":"<div class=\"details-row\">\n<div id=\"collapseMoreInformation\" class=\"show collapse\" aria-labelledby=\"headingOne\" data-parent=\"#product-information\">\n<div class=\"details-row\">\n<div id=\"collapseMoreInformation\" class=\"show collapse\" aria-labelledby=\"headingOne\" data-parent=\"#product-information\">\n<div class=\"details-row\">\n<div id=\"collapseMoreInformation\" class=\"show collapse\" aria-labelledby=\"headingOne\" data-parent=\"#product-information\">\n<div class=\"details-row\">\n<div id=\"collapseMoreInformation\" class=\"show collapse\" aria-labelledby=\"headingOne\" data-parent=\"#product-information\">\n<div class=\"details-row\">\n<div id=\"collapseMoreInformation\" class=\"show collapse\" aria-labelledby=\"headingOne\" data-parent=\"#product-information\">\n<p class=\"text-left font-small pt-3 pt-md-0\">Bei dem Stuhl Nina wurden das Gestell aus massivem Akazienholz und das Geflecht der Sitzfl\u00e4che h\u00e4ndisch bearbeitet. Die Materialien wurden behandelt, um ihre Eigenschaften maximal nutzen zu k\u00f6nnen. Genie\u00dfe mit ihm ein einzigartiges St\u00fcck.<\/p>\n<\/div>\n<\/div>\n<div class=\"details-row\"><\/div>\n<\/div>\n<\/div>\n<\/div>\n<\/div>\n<\/div>\n<\/div>\n<\/div>\n<\/div>\n","protected":false},"featured_media":39466,"comment_status":"open","ping_status":"closed","template":"","meta":{"_acf_changed":false},"product_brand":[],"product_cat":[7152,4449,4447,4445,7151],"product_tag":[],"class_list":{"0":"post-39460","1":"product","2":"type-product","3":"status-publish","4":"has-post-thumbnail","6":"product_cat-esszimmerstuehle","7":"product_cat-marke-kave-home","8":"product_cat-marken-mysofaplan","9":"product_cat-mysofaplan","10":"product_cat-stuehle","11":"pa_brand-kave-home","12":"pa_dimensions-78cm-x-56cm-x-50cm","13":"pa_filters-color-braun","14":"pa_hex-color-000000-produkt-kave-home-nina-stuhl-schwarz","15":"pa_hex-color-9e8155-produkt-kave-home-nina-stapelbarer-stuhl-braun","16":"pa_hex-color-a46161-produkt-kave-home-nina-stapelbarer-stuhl-terrakotta","17":"pa_main-material-massivholz","18":"pa_materials-85-akazienholz-acacia-auriculiformis-15-seil","19":"pa_seat-tube-length-1-sitz","20":"pa_weight-65-kg-2","22":"first","23":"instock","24":"shipping-taxable","25":"purchasable","26":"product-type-variable"},"acf":{"short_description":"Bei dem Stuhl Nina wurden das Gestell aus massivem Akazienholz und das Geflecht der Sitzfl\u00e4che h\u00e4ndisch bearbeitet. \r\n","bike_name":"Kave Home Nina Stuhl","highlight_text":""},"yoast_head":"<!-- This site is optimized with the Yoast SEO plugin v24.5 - https:\/\/yoast.com\/wordpress\/plugins\/seo\/ -->\n<title>Kave Home Nina Stuhl | Ab CHF 6 | Schweiz<\/title>\n<meta name=\"description\" content=\"Bestelle jetzt den Kave Home Nina Stuhl ab CHF 6 pro Monat! Zahle mit 0% Zins Ratenzahlung und geniesse unsere gratis Heimlieferung.\" \/>\n<meta name=\"robots\" content=\"noindex, follow, max-snippet:-1, max-image-preview:large, max-video-preview:-1\" \/>\n<meta property=\"og:locale\" content=\"de_DE\" \/>\n<meta property=\"og:type\" content=\"article\" \/>\n<meta property=\"og:title\" content=\"Kave Home Nina Stuhl | Ab CHF 6 | Schweiz\" \/>\n<meta property=\"og:description\" content=\"Bestelle jetzt den Kave Home Nina Stuhl ab CHF 6 pro Monat! Zahle mit 0% Zins Ratenzahlung und geniesse unsere gratis Heimlieferung.\" \/>\n<meta property=\"og:url\" content=\"https:\/\/listings.mybikeplan.ch\/de\/produkt\/kave-home-nina-stapelbarer-stuhl-braun\/\" \/>\n<meta property=\"og:site_name\" content=\"MyBikePlan\" \/>\n<meta property=\"article:modified_time\" content=\"2023-11-21T15:53:04+00:00\" \/>\n<meta property=\"og:image\" content=\"https:\/\/listings.mybikeplan.ch\/wp-content\/uploads\/2023\/08\/Kave-Home-Nina-stapelbarer-Stuhl-aus-massivem-Akazienholz-Braun.jpg\" \/>\n\t<meta property=\"og:image:width\" content=\"1005\" \/>\n\t<meta property=\"og:image:height\" content=\"1015\" \/>\n\t<meta property=\"og:image:type\" content=\"image\/jpeg\" \/>\n<meta name=\"twitter:card\" content=\"summary_large_image\" \/>\n<meta name=\"twitter:label1\" content=\"Gesch\u00e4tzte Lesezeit\" \/>\n\t<meta name=\"twitter:data1\" content=\"1\u00a0Minute\" \/>\n<script type=\"application\/ld+json\" class=\"yoast-schema-graph\">{\"@context\":\"https:\/\/schema.org\",\"@graph\":[{\"@type\":\"WebPage\",\"@id\":\"https:\/\/listings.mybikeplan.ch\/de\/produkt\/kave-home-nina-stapelbarer-stuhl-braun\/\",\"url\":\"https:\/\/listings.mybikeplan.ch\/de\/produkt\/kave-home-nina-stapelbarer-stuhl-braun\/\",\"name\":\"Kave Home Nina Stuhl | Ab CHF 6 | Schweiz\",\"isPartOf\":{\"@id\":\"https:\/\/listings.mybikeplan.ch\/de\/#website\"},\"primaryImageOfPage\":{\"@id\":\"https:\/\/listings.mybikeplan.ch\/de\/produkt\/kave-home-nina-stapelbarer-stuhl-braun\/#primaryimage\"},\"image\":{\"@id\":\"https:\/\/listings.mybikeplan.ch\/de\/produkt\/kave-home-nina-stapelbarer-stuhl-braun\/#primaryimage\"},\"thumbnailUrl\":\"https:\/\/listings.mybikeplan.ch\/wp-content\/uploads\/2023\/08\/Kave-Home-Nina-stapelbarer-Stuhl-aus-massivem-Akazienholz-Braun.jpg\",\"datePublished\":\"2023-08-11T08:24:28+00:00\",\"dateModified\":\"2023-11-21T15:53:04+00:00\",\"description\":\"Bestelle jetzt den Kave Home Nina Stuhl ab CHF 6 pro Monat! Zahle mit 0% Zins Ratenzahlung und geniesse unsere gratis Heimlieferung.\",\"breadcrumb\":{\"@id\":\"https:\/\/listings.mybikeplan.ch\/de\/produkt\/kave-home-nina-stapelbarer-stuhl-braun\/#breadcrumb\"},\"inLanguage\":\"de\",\"potentialAction\":[{\"@type\":\"ReadAction\",\"target\":[\"https:\/\/listings.mybikeplan.ch\/de\/produkt\/kave-home-nina-stapelbarer-stuhl-braun\/\"]}]},{\"@type\":\"ImageObject\",\"inLanguage\":\"de\",\"@id\":\"https:\/\/listings.mybikeplan.ch\/de\/produkt\/kave-home-nina-stapelbarer-stuhl-braun\/#primaryimage\",\"url\":\"https:\/\/listings.mybikeplan.ch\/wp-content\/uploads\/2023\/08\/Kave-Home-Nina-stapelbarer-Stuhl-aus-massivem-Akazienholz-Braun.jpg\",\"contentUrl\":\"https:\/\/listings.mybikeplan.ch\/wp-content\/uploads\/2023\/08\/Kave-Home-Nina-stapelbarer-Stuhl-aus-massivem-Akazienholz-Braun.jpg\",\"width\":1005,\"height\":1015},{\"@type\":\"BreadcrumbList\",\"@id\":\"https:\/\/listings.mybikeplan.ch\/de\/produkt\/kave-home-nina-stapelbarer-stuhl-braun\/#breadcrumb\",\"itemListElement\":[{\"@type\":\"ListItem\",\"position\":1,\"name\":\"Home\",\"item\":\"https:\/\/listings.mybikeplan.ch\/de\/\"},{\"@type\":\"ListItem\",\"position\":2,\"name\":\"Nina Stuhl\"}]},{\"@type\":\"WebSite\",\"@id\":\"https:\/\/listings.mybikeplan.ch\/de\/#website\",\"url\":\"https:\/\/listings.mybikeplan.ch\/de\/\",\"name\":\"MyBikePlan\",\"description\":\"\",\"potentialAction\":[{\"@type\":\"SearchAction\",\"target\":{\"@type\":\"EntryPoint\",\"urlTemplate\":\"https:\/\/listings.mybikeplan.ch\/de\/?s={search_term_string}\"},\"query-input\":{\"@type\":\"PropertyValueSpecification\",\"valueRequired\":true,\"valueName\":\"search_term_string\"}}],\"inLanguage\":\"de\"}]}<\/script>\n<!-- \/ Yoast SEO plugin. -->","yoast_head_json":{"title":"Kave Home Nina Stuhl | Ab CHF 6 | Schweiz","description":"Bestelle jetzt den Kave Home Nina Stuhl ab CHF 6 pro Monat! Zahle mit 0% Zins Ratenzahlung und geniesse unsere gratis Heimlieferung.","robots":{"index":"noindex","follow":"follow","max-snippet":"max-snippet:-1","max-image-preview":"max-image-preview:large","max-video-preview":"max-video-preview:-1"},"og_locale":"de_DE","og_type":"article","og_title":"Kave Home Nina Stuhl | Ab CHF 6 | Schweiz","og_description":"Bestelle jetzt den Kave Home Nina Stuhl ab CHF 6 pro Monat! Zahle mit 0% Zins Ratenzahlung und geniesse unsere gratis Heimlieferung.","og_url":"https:\/\/listings.mybikeplan.ch\/de\/produkt\/kave-home-nina-stapelbarer-stuhl-braun\/","og_site_name":"MyBikePlan","article_modified_time":"2023-11-21T15:53:04+00:00","og_image":[{"width":1005,"height":1015,"url":"https:\/\/listings.mybikeplan.ch\/wp-content\/uploads\/2023\/08\/Kave-Home-Nina-stapelbarer-Stuhl-aus-massivem-Akazienholz-Braun.jpg","type":"image\/jpeg"}],"twitter_card":"summary_large_image","twitter_misc":{"Gesch\u00e4tzte Lesezeit":"1\u00a0Minute"},"schema":{"@context":"https:\/\/schema.org","@graph":[{"@type":"WebPage","@id":"https:\/\/listings.mybikeplan.ch\/de\/produkt\/kave-home-nina-stapelbarer-stuhl-braun\/","url":"https:\/\/listings.mybikeplan.ch\/de\/produkt\/kave-home-nina-stapelbarer-stuhl-braun\/","name":"Kave Home Nina Stuhl | Ab CHF 6 | Schweiz","isPartOf":{"@id":"https:\/\/listings.mybikeplan.ch\/de\/#website"},"primaryImageOfPage":{"@id":"https:\/\/listings.mybikeplan.ch\/de\/produkt\/kave-home-nina-stapelbarer-stuhl-braun\/#primaryimage"},"image":{"@id":"https:\/\/listings.mybikeplan.ch\/de\/produkt\/kave-home-nina-stapelbarer-stuhl-braun\/#primaryimage"},"thumbnailUrl":"https:\/\/listings.mybikeplan.ch\/wp-content\/uploads\/2023\/08\/Kave-Home-Nina-stapelbarer-Stuhl-aus-massivem-Akazienholz-Braun.jpg","datePublished":"2023-08-11T08:24:28+00:00","dateModified":"2023-11-21T15:53:04+00:00","description":"Bestelle jetzt den Kave Home Nina Stuhl ab CHF 6 pro Monat! Zahle mit 0% Zins Ratenzahlung und geniesse unsere gratis Heimlieferung.","breadcrumb":{"@id":"https:\/\/listings.mybikeplan.ch\/de\/produkt\/kave-home-nina-stapelbarer-stuhl-braun\/#breadcrumb"},"inLanguage":"de","potentialAction":[{"@type":"ReadAction","target":["https:\/\/listings.mybikeplan.ch\/de\/produkt\/kave-home-nina-stapelbarer-stuhl-braun\/"]}]},{"@type":"ImageObject","inLanguage":"de","@id":"https:\/\/listings.mybikeplan.ch\/de\/produkt\/kave-home-nina-stapelbarer-stuhl-braun\/#primaryimage","url":"https:\/\/listings.mybikeplan.ch\/wp-content\/uploads\/2023\/08\/Kave-Home-Nina-stapelbarer-Stuhl-aus-massivem-Akazienholz-Braun.jpg","contentUrl":"https:\/\/listings.mybikeplan.ch\/wp-content\/uploads\/2023\/08\/Kave-Home-Nina-stapelbarer-Stuhl-aus-massivem-Akazienholz-Braun.jpg","width":1005,"height":1015},{"@type":"BreadcrumbList","@id":"https:\/\/listings.mybikeplan.ch\/de\/produkt\/kave-home-nina-stapelbarer-stuhl-braun\/#breadcrumb","itemListElement":[{"@type":"ListItem","position":1,"name":"Home","item":"https:\/\/listings.mybikeplan.ch\/de\/"},{"@type":"ListItem","position":2,"name":"Nina Stuhl"}]},{"@type":"WebSite","@id":"https:\/\/listings.mybikeplan.ch\/de\/#website","url":"https:\/\/listings.mybikeplan.ch\/de\/","name":"MyBikePlan","description":"","potentialAction":[{"@type":"SearchAction","target":{"@type":"EntryPoint","urlTemplate":"https:\/\/listings.mybikeplan.ch\/de\/?s={search_term_string}"},"query-input":{"@type":"PropertyValueSpecification","valueRequired":true,"valueName":"search_term_string"}}],"inLanguage":"de"}]}},"_links":{"self":[{"href":"https:\/\/listings.mybikeplan.ch\/de\/wp-json\/wp\/v2\/product\/39460","targetHints":{"allow":["GET"]}}],"collection":[{"href":"https:\/\/listings.mybikeplan.ch\/de\/wp-json\/wp\/v2\/product"}],"about":[{"href":"https:\/\/listings.mybikeplan.ch\/de\/wp-json\/wp\/v2\/types\/product"}],"replies":[{"embeddable":true,"href":"https:\/\/listings.mybikeplan.ch\/de\/wp-json\/wp\/v2\/comments?post=39460"}],"wp:featuredmedia":[{"embeddable":true,"href":"https:\/\/listings.mybikeplan.ch\/de\/wp-json\/wp\/v2\/media\/39466"}],"wp:attachment":[{"href":"https:\/\/listings.mybikeplan.ch\/de\/wp-json\/wp\/v2\/media?parent=39460"}],"wp:term":[{"taxonomy":"product_brand","embeddable":true,"href":"https:\/\/listings.mybikeplan.ch\/de\/wp-json\/wp\/v2\/product_brand?post=39460"},{"taxonomy":"product_cat","embeddable":true,"href":"https:\/\/listings.mybikeplan.ch\/de\/wp-json\/wp\/v2\/product_cat?post=39460"},{"taxonomy":"product_tag","embeddable":true,"href":"https:\/\/listings.mybikeplan.ch\/de\/wp-json\/wp\/v2\/product_tag?post=39460"}],"curies":[{"name":"wp","href":"https:\/\/api.w.org\/{rel}","templated":true}]}}