{"id":39257,"date":"2023-08-10T14:51:37","date_gmt":"2023-08-10T14:51:37","guid":{"rendered":"https:\/\/listings.mybikeplan.ch\/?post_type=product&#038;p=39257"},"modified":"2023-11-21T16:03:51","modified_gmt":"2023-11-21T16:03:51","slug":"kave-home-portlligat-gartensessel","status":"publish","type":"product","link":"https:\/\/listings.mybikeplan.ch\/de\/produkt\/kave-home-portlligat-gartensessel\/","title":{"rendered":"Portlligat Gartensessel"},"content":{"rendered":"<h2><b>Das Wichtigste zum Portlligat Gartensessel<\/b><b>:<\/b><\/h2>\n<ul>\n<li class=\"bullet-points__item\">Sessel aus Kunstrattan.<\/li>\n<li class=\"bullet-points__item\">Kissenauflagen inbegriffen. Wir empfehlen, sie an Regentagen zu verstauen oder den Sessel mit den passenden Schutzh\u00fcllen abzudecken.<\/li>\n<li class=\"bullet-points__item\">Geeignet f\u00fcr \u00fcberdachte Au\u00dfenbereiche.<\/li>\n<li class=\"bullet-points__item\">Kombinierbar mit den anderen Elementen der Kollektion.<\/li>\n<\/ul>\n","protected":false},"excerpt":{"rendered":"<div class=\"details-row\">\n<div id=\"collapseMoreInformation\" class=\"show collapse\" aria-labelledby=\"headingOne\" data-parent=\"#product-information\">\n<p class=\"text-left font-small pt-3 pt-md-0\">Grossz\u00fcgige Formen, Komfort und Design machen die Kollektion Portlligat aus. Ihr klassisches Design passt sich an jeden Stil an. Mach es Dir auf den bequemen Kissen in Innenr\u00e4umen und Aussenbereichen gem\u00fctlich.<\/p>\n<\/div>\n<\/div>\n<div class=\"details-row\"><\/div>\n","protected":false},"featured_media":39263,"comment_status":"open","ping_status":"closed","template":"","meta":{"_acf_changed":false},"product_brand":[],"product_cat":[7161,7163,4449,4447,4445],"product_tag":[],"class_list":{"0":"post-39257","1":"product","2":"type-product","3":"status-publish","4":"has-post-thumbnail","6":"product_cat-aussenmoebel","7":"product_cat-gartensessel","8":"product_cat-marke-kave-home","9":"product_cat-marken-mysofaplan","10":"product_cat-mysofaplan","11":"pa_brand-kave-home","12":"pa_dimensions-68cm-x-116cm-x-95cm","13":"pa_filters-color-beige","14":"pa_hex-color-c49f68-produkt-kave-home-portlligat-gartensessel","15":"pa_main-material-synthetische-s-korbweide-rattan","16":"pa_materials-80-synthetisches-rattan-10-gewebe-10-polyurethanschaum","17":"pa_seat-tube-length-1-sitz","18":"pa_weight-32-kg","20":"first","21":"instock","22":"shipping-taxable","23":"purchasable","24":"product-type-variable"},"acf":{"short_description":"Grossz\u00fcgige Formen, Komfort und Design machen die Kollektion Portlligat aus. Ihr klassisches Design passt sich an jeden Stil an. Mach es Dir auf den bequemen Kissen in Innenr\u00e4umen und Aussenbereichen gem\u00fctlich.\r\n\r\n","bike_name":"Kave Home Portlligat Gartensessel","highlight_text":""},"yoast_head":"<!-- This site is optimized with the Yoast SEO plugin v24.5 - https:\/\/yoast.com\/wordpress\/plugins\/seo\/ -->\n<title>Kave Home Portlligat Gartensessel | Ab CHF 22 | Schweiz<\/title>\n<meta name=\"description\" content=\"Bestelle jetzt das Kave Home Portlligat Gartensessel ab CHF 22 pro Monat! Zahle mit 0% Zins Ratenzahlung und geniesse unsere gratis Heimlieferung.\" \/>\n<meta name=\"robots\" content=\"noindex, follow, max-snippet:-1, max-image-preview:large, max-video-preview:-1\" \/>\n<meta property=\"og:locale\" content=\"de_DE\" \/>\n<meta property=\"og:type\" content=\"article\" \/>\n<meta property=\"og:title\" content=\"Kave Home Portlligat Gartensessel | Ab CHF 22 | Schweiz\" \/>\n<meta property=\"og:description\" content=\"Bestelle jetzt das Kave Home Portlligat Gartensessel ab CHF 22 pro Monat! Zahle mit 0% Zins Ratenzahlung und geniesse unsere gratis Heimlieferung.\" \/>\n<meta property=\"og:url\" content=\"https:\/\/listings.mybikeplan.ch\/de\/produkt\/kave-home-portlligat-gartensessel\/\" \/>\n<meta property=\"og:site_name\" content=\"MyBikePlan\" \/>\n<meta property=\"article:modified_time\" content=\"2023-11-21T16:03:51+00:00\" \/>\n<meta property=\"og:image\" content=\"https:\/\/listings.mybikeplan.ch\/wp-content\/uploads\/2023\/08\/Kave-Home-Portlligat-Gartensessel-aus-Kunstrattan.jpg\" \/>\n\t<meta property=\"og:image:width\" content=\"1011\" \/>\n\t<meta property=\"og:image:height\" content=\"942\" \/>\n\t<meta property=\"og:image:type\" content=\"image\/jpeg\" \/>\n<meta name=\"twitter:card\" content=\"summary_large_image\" \/>\n<meta name=\"twitter:label1\" content=\"Gesch\u00e4tzte Lesezeit\" \/>\n\t<meta name=\"twitter:data1\" content=\"1\u00a0Minute\" \/>\n<script type=\"application\/ld+json\" class=\"yoast-schema-graph\">{\"@context\":\"https:\/\/schema.org\",\"@graph\":[{\"@type\":\"WebPage\",\"@id\":\"https:\/\/listings.mybikeplan.ch\/de\/produkt\/kave-home-portlligat-gartensessel\/\",\"url\":\"https:\/\/listings.mybikeplan.ch\/de\/produkt\/kave-home-portlligat-gartensessel\/\",\"name\":\"Kave Home Portlligat Gartensessel | Ab CHF 22 | Schweiz\",\"isPartOf\":{\"@id\":\"https:\/\/listings.mybikeplan.ch\/de\/#website\"},\"primaryImageOfPage\":{\"@id\":\"https:\/\/listings.mybikeplan.ch\/de\/produkt\/kave-home-portlligat-gartensessel\/#primaryimage\"},\"image\":{\"@id\":\"https:\/\/listings.mybikeplan.ch\/de\/produkt\/kave-home-portlligat-gartensessel\/#primaryimage\"},\"thumbnailUrl\":\"https:\/\/listings.mybikeplan.ch\/wp-content\/uploads\/2023\/08\/Kave-Home-Portlligat-Gartensessel-aus-Kunstrattan.jpg\",\"datePublished\":\"2023-08-10T14:51:37+00:00\",\"dateModified\":\"2023-11-21T16:03:51+00:00\",\"description\":\"Bestelle jetzt das Kave Home Portlligat Gartensessel ab CHF 22 pro Monat! Zahle mit 0% Zins Ratenzahlung und geniesse unsere gratis Heimlieferung.\",\"breadcrumb\":{\"@id\":\"https:\/\/listings.mybikeplan.ch\/de\/produkt\/kave-home-portlligat-gartensessel\/#breadcrumb\"},\"inLanguage\":\"de\",\"potentialAction\":[{\"@type\":\"ReadAction\",\"target\":[\"https:\/\/listings.mybikeplan.ch\/de\/produkt\/kave-home-portlligat-gartensessel\/\"]}]},{\"@type\":\"ImageObject\",\"inLanguage\":\"de\",\"@id\":\"https:\/\/listings.mybikeplan.ch\/de\/produkt\/kave-home-portlligat-gartensessel\/#primaryimage\",\"url\":\"https:\/\/listings.mybikeplan.ch\/wp-content\/uploads\/2023\/08\/Kave-Home-Portlligat-Gartensessel-aus-Kunstrattan.jpg\",\"contentUrl\":\"https:\/\/listings.mybikeplan.ch\/wp-content\/uploads\/2023\/08\/Kave-Home-Portlligat-Gartensessel-aus-Kunstrattan.jpg\",\"width\":1011,\"height\":942},{\"@type\":\"BreadcrumbList\",\"@id\":\"https:\/\/listings.mybikeplan.ch\/de\/produkt\/kave-home-portlligat-gartensessel\/#breadcrumb\",\"itemListElement\":[{\"@type\":\"ListItem\",\"position\":1,\"name\":\"Home\",\"item\":\"https:\/\/listings.mybikeplan.ch\/de\/\"},{\"@type\":\"ListItem\",\"position\":2,\"name\":\"Portlligat Gartensessel\"}]},{\"@type\":\"WebSite\",\"@id\":\"https:\/\/listings.mybikeplan.ch\/de\/#website\",\"url\":\"https:\/\/listings.mybikeplan.ch\/de\/\",\"name\":\"MyBikePlan\",\"description\":\"\",\"potentialAction\":[{\"@type\":\"SearchAction\",\"target\":{\"@type\":\"EntryPoint\",\"urlTemplate\":\"https:\/\/listings.mybikeplan.ch\/de\/?s={search_term_string}\"},\"query-input\":{\"@type\":\"PropertyValueSpecification\",\"valueRequired\":true,\"valueName\":\"search_term_string\"}}],\"inLanguage\":\"de\"}]}<\/script>\n<!-- \/ Yoast SEO plugin. -->","yoast_head_json":{"title":"Kave Home Portlligat Gartensessel | Ab CHF 22 | Schweiz","description":"Bestelle jetzt das Kave Home Portlligat Gartensessel ab CHF 22 pro Monat! Zahle mit 0% Zins Ratenzahlung und geniesse unsere gratis Heimlieferung.","robots":{"index":"noindex","follow":"follow","max-snippet":"max-snippet:-1","max-image-preview":"max-image-preview:large","max-video-preview":"max-video-preview:-1"},"og_locale":"de_DE","og_type":"article","og_title":"Kave Home Portlligat Gartensessel | Ab CHF 22 | Schweiz","og_description":"Bestelle jetzt das Kave Home Portlligat Gartensessel ab CHF 22 pro Monat! Zahle mit 0% Zins Ratenzahlung und geniesse unsere gratis Heimlieferung.","og_url":"https:\/\/listings.mybikeplan.ch\/de\/produkt\/kave-home-portlligat-gartensessel\/","og_site_name":"MyBikePlan","article_modified_time":"2023-11-21T16:03:51+00:00","og_image":[{"width":1011,"height":942,"url":"https:\/\/listings.mybikeplan.ch\/wp-content\/uploads\/2023\/08\/Kave-Home-Portlligat-Gartensessel-aus-Kunstrattan.jpg","type":"image\/jpeg"}],"twitter_card":"summary_large_image","twitter_misc":{"Gesch\u00e4tzte Lesezeit":"1\u00a0Minute"},"schema":{"@context":"https:\/\/schema.org","@graph":[{"@type":"WebPage","@id":"https:\/\/listings.mybikeplan.ch\/de\/produkt\/kave-home-portlligat-gartensessel\/","url":"https:\/\/listings.mybikeplan.ch\/de\/produkt\/kave-home-portlligat-gartensessel\/","name":"Kave Home Portlligat Gartensessel | Ab CHF 22 | Schweiz","isPartOf":{"@id":"https:\/\/listings.mybikeplan.ch\/de\/#website"},"primaryImageOfPage":{"@id":"https:\/\/listings.mybikeplan.ch\/de\/produkt\/kave-home-portlligat-gartensessel\/#primaryimage"},"image":{"@id":"https:\/\/listings.mybikeplan.ch\/de\/produkt\/kave-home-portlligat-gartensessel\/#primaryimage"},"thumbnailUrl":"https:\/\/listings.mybikeplan.ch\/wp-content\/uploads\/2023\/08\/Kave-Home-Portlligat-Gartensessel-aus-Kunstrattan.jpg","datePublished":"2023-08-10T14:51:37+00:00","dateModified":"2023-11-21T16:03:51+00:00","description":"Bestelle jetzt das Kave Home Portlligat Gartensessel ab CHF 22 pro Monat! Zahle mit 0% Zins Ratenzahlung und geniesse unsere gratis Heimlieferung.","breadcrumb":{"@id":"https:\/\/listings.mybikeplan.ch\/de\/produkt\/kave-home-portlligat-gartensessel\/#breadcrumb"},"inLanguage":"de","potentialAction":[{"@type":"ReadAction","target":["https:\/\/listings.mybikeplan.ch\/de\/produkt\/kave-home-portlligat-gartensessel\/"]}]},{"@type":"ImageObject","inLanguage":"de","@id":"https:\/\/listings.mybikeplan.ch\/de\/produkt\/kave-home-portlligat-gartensessel\/#primaryimage","url":"https:\/\/listings.mybikeplan.ch\/wp-content\/uploads\/2023\/08\/Kave-Home-Portlligat-Gartensessel-aus-Kunstrattan.jpg","contentUrl":"https:\/\/listings.mybikeplan.ch\/wp-content\/uploads\/2023\/08\/Kave-Home-Portlligat-Gartensessel-aus-Kunstrattan.jpg","width":1011,"height":942},{"@type":"BreadcrumbList","@id":"https:\/\/listings.mybikeplan.ch\/de\/produkt\/kave-home-portlligat-gartensessel\/#breadcrumb","itemListElement":[{"@type":"ListItem","position":1,"name":"Home","item":"https:\/\/listings.mybikeplan.ch\/de\/"},{"@type":"ListItem","position":2,"name":"Portlligat Gartensessel"}]},{"@type":"WebSite","@id":"https:\/\/listings.mybikeplan.ch\/de\/#website","url":"https:\/\/listings.mybikeplan.ch\/de\/","name":"MyBikePlan","description":"","potentialAction":[{"@type":"SearchAction","target":{"@type":"EntryPoint","urlTemplate":"https:\/\/listings.mybikeplan.ch\/de\/?s={search_term_string}"},"query-input":{"@type":"PropertyValueSpecification","valueRequired":true,"valueName":"search_term_string"}}],"inLanguage":"de"}]}},"_links":{"self":[{"href":"https:\/\/listings.mybikeplan.ch\/de\/wp-json\/wp\/v2\/product\/39257","targetHints":{"allow":["GET"]}}],"collection":[{"href":"https:\/\/listings.mybikeplan.ch\/de\/wp-json\/wp\/v2\/product"}],"about":[{"href":"https:\/\/listings.mybikeplan.ch\/de\/wp-json\/wp\/v2\/types\/product"}],"replies":[{"embeddable":true,"href":"https:\/\/listings.mybikeplan.ch\/de\/wp-json\/wp\/v2\/comments?post=39257"}],"wp:featuredmedia":[{"embeddable":true,"href":"https:\/\/listings.mybikeplan.ch\/de\/wp-json\/wp\/v2\/media\/39263"}],"wp:attachment":[{"href":"https:\/\/listings.mybikeplan.ch\/de\/wp-json\/wp\/v2\/media?parent=39257"}],"wp:term":[{"taxonomy":"product_brand","embeddable":true,"href":"https:\/\/listings.mybikeplan.ch\/de\/wp-json\/wp\/v2\/product_brand?post=39257"},{"taxonomy":"product_cat","embeddable":true,"href":"https:\/\/listings.mybikeplan.ch\/de\/wp-json\/wp\/v2\/product_cat?post=39257"},{"taxonomy":"product_tag","embeddable":true,"href":"https:\/\/listings.mybikeplan.ch\/de\/wp-json\/wp\/v2\/product_tag?post=39257"}],"curies":[{"name":"wp","href":"https:\/\/api.w.org\/{rel}","templated":true}]}}