{"id":38789,"date":"2023-08-10T09:48:50","date_gmt":"2023-08-10T09:48:50","guid":{"rendered":"https:\/\/listings.mybikeplan.ch\/?post_type=product&#038;p=38789"},"modified":"2024-01-12T12:59:46","modified_gmt":"2024-01-12T12:59:46","slug":"kave-home-zaltana-outdoortisch","status":"publish","type":"product","link":"https:\/\/listings.mybikeplan.ch\/de\/produkt\/kave-home-zaltana-outdoortisch\/","title":{"rendered":"Zaltana ausziehbarer Outdoortisch"},"content":{"rendered":"<h2><b>Das Wichtigste zum Zaltana<\/b><b>:<\/b><\/h2>\n<ul>\n<li class=\"bullet-points__item\">Ausziehbarer Tisch aus rostbest\u00e4ndigem Aluminium.<\/li>\n<li class=\"bullet-points__item\">Inklusive 60 cm Verl\u00e4ngerung, die im Inneren des Tisches versteckt ist.<\/li>\n<li class=\"bullet-points__item\">Ausziehmechanismus bei dem die Beine immer an den Au\u00dfenkanten bleiben. Mehr Platz zwischen St\u00fchlen, mehr Komfort und mehr Bewegungsfreiheit.<\/li>\n<li class=\"bullet-points__item\">Geeignet f\u00fcr den Innen- und Au\u00dfenbereich. Genie\u00dfe ihn ohne Grenzen!<\/li>\n<li class=\"bullet-points__item\">Kombinierbar mit dem Rest der Kollektion f\u00fcr einen kompletten Look.<\/li>\n<\/ul>\n","protected":false},"excerpt":{"rendered":"<div class=\"details-row\">\n<div id=\"collapseMoreInformation\" class=\"show collapse\" aria-labelledby=\"headingOne\" data-parent=\"#product-information\">\n<div class=\"details-row\">\n<div id=\"collapseMoreInformation\" class=\"show collapse\" aria-labelledby=\"headingOne\" data-parent=\"#product-information\">\n<div class=\"details-row\">\n<div id=\"collapseMoreInformation\" class=\"show collapse\" aria-labelledby=\"headingOne\" data-parent=\"#product-information\">\n<div class=\"details-row\">\n<div id=\"collapseMoreInformation\" class=\"show collapse\" aria-labelledby=\"headingOne\" data-parent=\"#product-information\">\n<p class=\"text-left font-small pt-3 pt-md-0\">Die Kollektion Zaltana wurde entworfen, um deine Momente im Freien in Szene zu setzen. Und das noch dazu ganz ohne Sorgen, denn sie ist aus rostfreiem Aluminium gefertigt. Outdoor, get ready.<\/p>\n<\/div>\n<\/div>\n<\/div>\n<\/div>\n<\/div>\n<\/div>\n<\/div>\n<\/div>\n","protected":false},"featured_media":38795,"comment_status":"open","ping_status":"closed","template":"","meta":{"_acf_changed":false},"product_brand":[],"product_cat":[7161,7164,3742,4449,4447,4445,4455],"product_tag":[],"class_list":{"0":"post-38789","1":"product","2":"type-product","3":"status-publish","4":"has-post-thumbnail","6":"product_cat-aussenmoebel","7":"product_cat-garten-tische","8":"product_cat-homepage","9":"product_cat-marke-kave-home","10":"product_cat-marken-mysofaplan","11":"product_cat-mysofaplan","12":"product_cat-tische","13":"pa_brand-kave-home","14":"pa_dimensions-75cm-x-240cm-x-100cm","15":"pa_filters-color-braun","16":"pa_hex-color-817b78-produkt-zaltana-ausziehbarer-outdoortisch-schwarz","17":"pa_hex-color-a39790","18":"pa_hex-color-f1f2d9-produkt-kave-home-zaltana-ausziehbarer-outdoortisch-weiss","19":"pa_materials-100-aluminium","20":"pa_seat-tube-length-8-10-sitze","21":"pa_table-length-200-250-cm","22":"pa_weight-37-kg","24":"first","25":"instock","26":"shipping-taxable","27":"purchasable","28":"product-type-variable"},"acf":{"short_description":"Die Kollektion Zaltana wurde entworfen, um deine Momente im Freien in Szene zu setzen. Und das noch dazu ganz ohne Sorgen, denn sie ist aus rostfreiem Aluminium gefertigt. Outdoor, get ready.\r\n\r\n","bike_name":"Kave Home Zaltana Outdoortisch ","highlight_text":""},"yoast_head":"<!-- This site is optimized with the Yoast SEO plugin v24.5 - https:\/\/yoast.com\/wordpress\/plugins\/seo\/ -->\n<title>Kave Home Zaltana Outdoortisch | Ab CHF 28 | Schweiz<\/title>\n<meta name=\"description\" content=\"Bestelle jetzt das Kave Home Zaltana Outdoortisch ab CHF 28 pro Monat! Zahle mit 0% Zins Ratenzahlung und geniesse unsere gratis Heimlieferung.\" \/>\n<meta name=\"robots\" content=\"noindex, follow, max-snippet:-1, max-image-preview:large, max-video-preview:-1\" \/>\n<meta property=\"og:locale\" content=\"de_DE\" \/>\n<meta property=\"og:type\" content=\"article\" \/>\n<meta property=\"og:title\" content=\"Kave Home Zaltana Outdoortisch | Ab CHF 28 | Schweiz\" \/>\n<meta property=\"og:description\" content=\"Bestelle jetzt das Kave Home Zaltana Outdoortisch ab CHF 28 pro Monat! Zahle mit 0% Zins Ratenzahlung und geniesse unsere gratis Heimlieferung.\" \/>\n<meta property=\"og:url\" content=\"https:\/\/listings.mybikeplan.ch\/de\/produkt\/kave-home-zaltana-outdoortisch\/\" \/>\n<meta property=\"og:site_name\" content=\"MyBikePlan\" \/>\n<meta property=\"article:modified_time\" content=\"2024-01-12T12:59:46+00:00\" \/>\n<meta property=\"og:image\" content=\"https:\/\/listings.mybikeplan.ch\/wp-content\/uploads\/2023\/08\/Kave-Home-Zaltana-ausziehbarer-Outdoortisch.jpg\" \/>\n\t<meta property=\"og:image:width\" content=\"1003\" \/>\n\t<meta property=\"og:image:height\" content=\"1006\" \/>\n\t<meta property=\"og:image:type\" content=\"image\/jpeg\" \/>\n<meta name=\"twitter:card\" content=\"summary_large_image\" \/>\n<meta name=\"twitter:label1\" content=\"Gesch\u00e4tzte Lesezeit\" \/>\n\t<meta name=\"twitter:data1\" content=\"1\u00a0Minute\" \/>\n<script type=\"application\/ld+json\" class=\"yoast-schema-graph\">{\"@context\":\"https:\/\/schema.org\",\"@graph\":[{\"@type\":\"WebPage\",\"@id\":\"https:\/\/listings.mybikeplan.ch\/de\/produkt\/kave-home-zaltana-outdoortisch\/\",\"url\":\"https:\/\/listings.mybikeplan.ch\/de\/produkt\/kave-home-zaltana-outdoortisch\/\",\"name\":\"Kave Home Zaltana Outdoortisch | Ab CHF 28 | Schweiz\",\"isPartOf\":{\"@id\":\"https:\/\/listings.mybikeplan.ch\/de\/#website\"},\"primaryImageOfPage\":{\"@id\":\"https:\/\/listings.mybikeplan.ch\/de\/produkt\/kave-home-zaltana-outdoortisch\/#primaryimage\"},\"image\":{\"@id\":\"https:\/\/listings.mybikeplan.ch\/de\/produkt\/kave-home-zaltana-outdoortisch\/#primaryimage\"},\"thumbnailUrl\":\"https:\/\/listings.mybikeplan.ch\/wp-content\/uploads\/2023\/08\/Kave-Home-Zaltana-ausziehbarer-Outdoortisch.jpg\",\"datePublished\":\"2023-08-10T09:48:50+00:00\",\"dateModified\":\"2024-01-12T12:59:46+00:00\",\"description\":\"Bestelle jetzt das Kave Home Zaltana Outdoortisch ab CHF 28 pro Monat! Zahle mit 0% Zins Ratenzahlung und geniesse unsere gratis Heimlieferung.\",\"breadcrumb\":{\"@id\":\"https:\/\/listings.mybikeplan.ch\/de\/produkt\/kave-home-zaltana-outdoortisch\/#breadcrumb\"},\"inLanguage\":\"de\",\"potentialAction\":[{\"@type\":\"ReadAction\",\"target\":[\"https:\/\/listings.mybikeplan.ch\/de\/produkt\/kave-home-zaltana-outdoortisch\/\"]}]},{\"@type\":\"ImageObject\",\"inLanguage\":\"de\",\"@id\":\"https:\/\/listings.mybikeplan.ch\/de\/produkt\/kave-home-zaltana-outdoortisch\/#primaryimage\",\"url\":\"https:\/\/listings.mybikeplan.ch\/wp-content\/uploads\/2023\/08\/Kave-Home-Zaltana-ausziehbarer-Outdoortisch.jpg\",\"contentUrl\":\"https:\/\/listings.mybikeplan.ch\/wp-content\/uploads\/2023\/08\/Kave-Home-Zaltana-ausziehbarer-Outdoortisch.jpg\",\"width\":1003,\"height\":1006},{\"@type\":\"BreadcrumbList\",\"@id\":\"https:\/\/listings.mybikeplan.ch\/de\/produkt\/kave-home-zaltana-outdoortisch\/#breadcrumb\",\"itemListElement\":[{\"@type\":\"ListItem\",\"position\":1,\"name\":\"Home\",\"item\":\"https:\/\/listings.mybikeplan.ch\/de\/\"},{\"@type\":\"ListItem\",\"position\":2,\"name\":\"Zaltana ausziehbarer Outdoortisch\"}]},{\"@type\":\"WebSite\",\"@id\":\"https:\/\/listings.mybikeplan.ch\/de\/#website\",\"url\":\"https:\/\/listings.mybikeplan.ch\/de\/\",\"name\":\"MyBikePlan\",\"description\":\"\",\"potentialAction\":[{\"@type\":\"SearchAction\",\"target\":{\"@type\":\"EntryPoint\",\"urlTemplate\":\"https:\/\/listings.mybikeplan.ch\/de\/?s={search_term_string}\"},\"query-input\":{\"@type\":\"PropertyValueSpecification\",\"valueRequired\":true,\"valueName\":\"search_term_string\"}}],\"inLanguage\":\"de\"}]}<\/script>\n<!-- \/ Yoast SEO plugin. -->","yoast_head_json":{"title":"Kave Home Zaltana Outdoortisch | Ab CHF 28 | Schweiz","description":"Bestelle jetzt das Kave Home Zaltana Outdoortisch ab CHF 28 pro Monat! Zahle mit 0% Zins Ratenzahlung und geniesse unsere gratis Heimlieferung.","robots":{"index":"noindex","follow":"follow","max-snippet":"max-snippet:-1","max-image-preview":"max-image-preview:large","max-video-preview":"max-video-preview:-1"},"og_locale":"de_DE","og_type":"article","og_title":"Kave Home Zaltana Outdoortisch | Ab CHF 28 | Schweiz","og_description":"Bestelle jetzt das Kave Home Zaltana Outdoortisch ab CHF 28 pro Monat! Zahle mit 0% Zins Ratenzahlung und geniesse unsere gratis Heimlieferung.","og_url":"https:\/\/listings.mybikeplan.ch\/de\/produkt\/kave-home-zaltana-outdoortisch\/","og_site_name":"MyBikePlan","article_modified_time":"2024-01-12T12:59:46+00:00","og_image":[{"width":1003,"height":1006,"url":"https:\/\/listings.mybikeplan.ch\/wp-content\/uploads\/2023\/08\/Kave-Home-Zaltana-ausziehbarer-Outdoortisch.jpg","type":"image\/jpeg"}],"twitter_card":"summary_large_image","twitter_misc":{"Gesch\u00e4tzte Lesezeit":"1\u00a0Minute"},"schema":{"@context":"https:\/\/schema.org","@graph":[{"@type":"WebPage","@id":"https:\/\/listings.mybikeplan.ch\/de\/produkt\/kave-home-zaltana-outdoortisch\/","url":"https:\/\/listings.mybikeplan.ch\/de\/produkt\/kave-home-zaltana-outdoortisch\/","name":"Kave Home Zaltana Outdoortisch | Ab CHF 28 | Schweiz","isPartOf":{"@id":"https:\/\/listings.mybikeplan.ch\/de\/#website"},"primaryImageOfPage":{"@id":"https:\/\/listings.mybikeplan.ch\/de\/produkt\/kave-home-zaltana-outdoortisch\/#primaryimage"},"image":{"@id":"https:\/\/listings.mybikeplan.ch\/de\/produkt\/kave-home-zaltana-outdoortisch\/#primaryimage"},"thumbnailUrl":"https:\/\/listings.mybikeplan.ch\/wp-content\/uploads\/2023\/08\/Kave-Home-Zaltana-ausziehbarer-Outdoortisch.jpg","datePublished":"2023-08-10T09:48:50+00:00","dateModified":"2024-01-12T12:59:46+00:00","description":"Bestelle jetzt das Kave Home Zaltana Outdoortisch ab CHF 28 pro Monat! Zahle mit 0% Zins Ratenzahlung und geniesse unsere gratis Heimlieferung.","breadcrumb":{"@id":"https:\/\/listings.mybikeplan.ch\/de\/produkt\/kave-home-zaltana-outdoortisch\/#breadcrumb"},"inLanguage":"de","potentialAction":[{"@type":"ReadAction","target":["https:\/\/listings.mybikeplan.ch\/de\/produkt\/kave-home-zaltana-outdoortisch\/"]}]},{"@type":"ImageObject","inLanguage":"de","@id":"https:\/\/listings.mybikeplan.ch\/de\/produkt\/kave-home-zaltana-outdoortisch\/#primaryimage","url":"https:\/\/listings.mybikeplan.ch\/wp-content\/uploads\/2023\/08\/Kave-Home-Zaltana-ausziehbarer-Outdoortisch.jpg","contentUrl":"https:\/\/listings.mybikeplan.ch\/wp-content\/uploads\/2023\/08\/Kave-Home-Zaltana-ausziehbarer-Outdoortisch.jpg","width":1003,"height":1006},{"@type":"BreadcrumbList","@id":"https:\/\/listings.mybikeplan.ch\/de\/produkt\/kave-home-zaltana-outdoortisch\/#breadcrumb","itemListElement":[{"@type":"ListItem","position":1,"name":"Home","item":"https:\/\/listings.mybikeplan.ch\/de\/"},{"@type":"ListItem","position":2,"name":"Zaltana ausziehbarer Outdoortisch"}]},{"@type":"WebSite","@id":"https:\/\/listings.mybikeplan.ch\/de\/#website","url":"https:\/\/listings.mybikeplan.ch\/de\/","name":"MyBikePlan","description":"","potentialAction":[{"@type":"SearchAction","target":{"@type":"EntryPoint","urlTemplate":"https:\/\/listings.mybikeplan.ch\/de\/?s={search_term_string}"},"query-input":{"@type":"PropertyValueSpecification","valueRequired":true,"valueName":"search_term_string"}}],"inLanguage":"de"}]}},"_links":{"self":[{"href":"https:\/\/listings.mybikeplan.ch\/de\/wp-json\/wp\/v2\/product\/38789","targetHints":{"allow":["GET"]}}],"collection":[{"href":"https:\/\/listings.mybikeplan.ch\/de\/wp-json\/wp\/v2\/product"}],"about":[{"href":"https:\/\/listings.mybikeplan.ch\/de\/wp-json\/wp\/v2\/types\/product"}],"replies":[{"embeddable":true,"href":"https:\/\/listings.mybikeplan.ch\/de\/wp-json\/wp\/v2\/comments?post=38789"}],"wp:featuredmedia":[{"embeddable":true,"href":"https:\/\/listings.mybikeplan.ch\/de\/wp-json\/wp\/v2\/media\/38795"}],"wp:attachment":[{"href":"https:\/\/listings.mybikeplan.ch\/de\/wp-json\/wp\/v2\/media?parent=38789"}],"wp:term":[{"taxonomy":"product_brand","embeddable":true,"href":"https:\/\/listings.mybikeplan.ch\/de\/wp-json\/wp\/v2\/product_brand?post=38789"},{"taxonomy":"product_cat","embeddable":true,"href":"https:\/\/listings.mybikeplan.ch\/de\/wp-json\/wp\/v2\/product_cat?post=38789"},{"taxonomy":"product_tag","embeddable":true,"href":"https:\/\/listings.mybikeplan.ch\/de\/wp-json\/wp\/v2\/product_tag?post=38789"}],"curies":[{"name":"wp","href":"https:\/\/api.w.org\/{rel}","templated":true}]}}