{"id":38432,"date":"2023-08-09T15:11:25","date_gmt":"2023-08-09T15:11:25","guid":{"rendered":"https:\/\/listings.mybikeplan.ch\/?post_type=product&#038;p=38432"},"modified":"2024-05-30T11:28:17","modified_gmt":"2024-05-30T11:28:17","slug":"xult-dh-helm-yellow-black","status":"publish","type":"product","link":"https:\/\/listings.mybikeplan.ch\/de\/produkt\/xult-dh-helm-yellow-black\/","title":{"rendered":"IXS Xult DH Helm Gelb"},"content":{"rendered":"<ul>\n<li style=\"font-weight: 400;\">Der Xult DH Full Face Helm wurde f\u00fcr Rennfahrer und Bike Park Enthusiasten entwickelt welche sich gerne im rauen und schwierigen Terrain aufhalten. Die integrierten VORTEXTM Bel\u00fcftungskan\u00e4le garantieren eine kontinuierliche Bel\u00fcftung. Die verwendete FRPTM (Fiber Reinforced Polymer) Schale erh\u00f6ht die Strapazierf\u00e4higkeit bei gleichzeitiger Gewichtsverringerung. Diese Technologie erm\u00f6glicht eine Minimierung des Gesamtvolumens und reduziert so das Risiko von Gehirnverletzungen durch einwirkende Rotationskr\u00e4fte welche zus\u00e4tzlich durch die integrierte Xmatter\/Xrail Technologie, Aufprallenergie absorbiert und 360\u00c2\u00b0 Bewegung erm\u00f6glicht. Das ergonomische Polstersystem liefert hohen Komfort. Ergonomisch geformte Backenpolster sichern einen sichern einen perfekten Tragekomfort und einen perfekten Sitz.- FRP verst\u00e4rkte Helmschale<br \/>\n&#8211; Bel\u00fcftungssystem mit integrierten Kan\u00e4len<br \/>\n&#8211; Absorptionseinlage<br \/>\n&#8211; Verstellbares Visier<br \/>\n&#8211; Waschbare Polsterung<br \/>\n&#8211; Double-D Sicherheitsverschluss<br \/>\n&#8211; EN1078, CPSC, ASTM<\/li>\n<li style=\"font-weight: 400;\">Gr\u00f6ssen: SM(53-56cm), ML(57-59cm), LXL(60-62cm)<\/li>\n<\/ul>\n","protected":false},"excerpt":{"rendered":"<p>Der Xult DH Full Face Helm wurde f\u00fcr Rennfahrer und Bike Park Enthusiasten entwickelt welche sich gerne im rauen und schwierigen Terrain aufhalten. Die integrierten VORTEXTM Bel\u00fcftungskan\u00e4le garantieren eine kontinuierliche Bel\u00fcftung. Die verwendete FRPTM (Fiber Reinforced Polymer) Schale erh\u00f6ht die Strapazierf\u00e4higkeit bei gleichzeitiger Gewichtsverringerung. Diese Technologie erm\u00f6glicht eine Minimierung des Gesamtvolumens und reduziert so das Risiko von Gehirnverletzungen durch einwirkende Rotationskr\u00e4fte welche zus\u00e4tzlich durch die integrierte Xmatter\/Xrail Technologie, Aufprallenergie absorbiert und 360\u00c2\u00b0 Bewegung erm\u00f6glicht. Das ergonomische Polstersystem liefert hohen Komfort. Ergonomisch geformte Backenpolster sichern einen sichern einen perfekten Tragekomfort und einen perfekten Sitz.<\/p>\n","protected":false},"featured_media":38173,"comment_status":"open","ping_status":"closed","template":"","meta":{"_acf_changed":false},"product_brand":[],"product_cat":[3253,7295,4642,3247,1105],"product_tag":[],"class_list":{"0":"post-38432","1":"product","2":"type-product","3":"status-publish","4":"has-post-thumbnail","6":"product_cat-gelb","7":"product_cat-helme","8":"product_cat-marke-ixs","9":"product_cat-schwarz","10":"product_cat-zubehoer","11":"pa_accessory-type-helmet","12":"pa_brand-ixs","13":"pa_hex-color-2a2a2b-produkt-xult-dh-helm-black","14":"pa_hex-color-39484f-produkt-xult-dh-helm-blue-black","15":"pa_hex-color-656565-produkt-xult-dh-helm-grey-black","16":"pa_hex-color-68c9ce-produkt-xult-dh-helm-blue","17":"pa_hex-color-71692a","18":"pa_hex-color-c52a27-produkt-xult-dh-helm-red","19":"pa_hex-color-cacaca-produkt-xult-dh-helm-blue-white-black","20":"pa_sizes-l-xl","21":"pa_sizes-m-l","22":"pa_sizes-s-m","24":"first","25":"instock","26":"shipping-taxable","27":"purchasable","28":"product-type-variable","29":"has-default-attributes"},"acf":{"short_description":"Der Xult DH Full Face Helm wurde f\u00fcr Rennfahrer und Bike Park Enthusiasten entwickelt welche sich gerne im rauen und schwierigen Terrain aufhalten","bike_name":"Xult DH Helm ","highlight_text":""},"yoast_head":"<!-- This site is optimized with the Yoast SEO plugin v24.5 - https:\/\/yoast.com\/wordpress\/plugins\/seo\/ -->\n<title>Xult DH Helm<\/title>\n<meta name=\"robots\" content=\"noindex, follow, max-snippet:-1, max-image-preview:large, max-video-preview:-1\" \/>\n<meta property=\"og:locale\" content=\"de_DE\" \/>\n<meta property=\"og:type\" content=\"article\" \/>\n<meta property=\"og:title\" content=\"Xult DH Helm\" \/>\n<meta property=\"og:description\" content=\"Der Xult DH Full Face Helm wurde f\u00fcr Rennfahrer und Bike Park Enthusiasten entwickelt welche sich gerne im rauen und schwierigen Terrain aufhalten. Die integrierten VORTEXTM Bel\u00fcftungskan\u00e4le garantieren eine kontinuierliche Bel\u00fcftung. Die verwendete FRPTM (Fiber Reinforced Polymer) Schale erh\u00f6ht die Strapazierf\u00e4higkeit bei gleichzeitiger Gewichtsverringerung. Diese Technologie erm\u00f6glicht eine Minimierung des Gesamtvolumens und reduziert so das Risiko von Gehirnverletzungen durch einwirkende Rotationskr\u00e4fte welche zus\u00e4tzlich durch die integrierte Xmatter\/Xrail Technologie, Aufprallenergie absorbiert und 360\u00c2\u00b0 Bewegung erm\u00f6glicht. Das ergonomische Polstersystem liefert hohen Komfort. Ergonomisch geformte Backenpolster sichern einen sichern einen perfekten Tragekomfort und einen perfekten Sitz.\" \/>\n<meta property=\"og:url\" content=\"https:\/\/listings.mybikeplan.ch\/de\/produkt\/xult-dh-helm-yellow-black\/\" \/>\n<meta property=\"og:site_name\" content=\"MyBikePlan\" \/>\n<meta property=\"article:modified_time\" content=\"2024-05-30T11:28:17+00:00\" \/>\n<meta property=\"og:image\" content=\"https:\/\/listings.mybikeplan.ch\/wp-content\/uploads\/2023\/08\/Xult-DH-Helm-Grey-Yellow.jpg\" \/>\n\t<meta property=\"og:image:width\" content=\"704\" \/>\n\t<meta property=\"og:image:height\" content=\"704\" \/>\n\t<meta property=\"og:image:type\" content=\"image\/jpeg\" \/>\n<meta name=\"twitter:card\" content=\"summary_large_image\" \/>\n<meta name=\"twitter:label1\" content=\"Gesch\u00e4tzte Lesezeit\" \/>\n\t<meta name=\"twitter:data1\" content=\"1\u00a0Minute\" \/>\n<script type=\"application\/ld+json\" class=\"yoast-schema-graph\">{\"@context\":\"https:\/\/schema.org\",\"@graph\":[{\"@type\":\"WebPage\",\"@id\":\"https:\/\/listings.mybikeplan.ch\/de\/produkt\/xult-dh-helm-yellow-black\/\",\"url\":\"https:\/\/listings.mybikeplan.ch\/de\/produkt\/xult-dh-helm-yellow-black\/\",\"name\":\"Xult DH Helm\",\"isPartOf\":{\"@id\":\"https:\/\/listings.mybikeplan.ch\/de\/#website\"},\"primaryImageOfPage\":{\"@id\":\"https:\/\/listings.mybikeplan.ch\/de\/produkt\/xult-dh-helm-yellow-black\/#primaryimage\"},\"image\":{\"@id\":\"https:\/\/listings.mybikeplan.ch\/de\/produkt\/xult-dh-helm-yellow-black\/#primaryimage\"},\"thumbnailUrl\":\"https:\/\/listings.mybikeplan.ch\/wp-content\/uploads\/2023\/08\/Xult-DH-Helm-Grey-Yellow.jpg\",\"datePublished\":\"2023-08-09T15:11:25+00:00\",\"dateModified\":\"2024-05-30T11:28:17+00:00\",\"breadcrumb\":{\"@id\":\"https:\/\/listings.mybikeplan.ch\/de\/produkt\/xult-dh-helm-yellow-black\/#breadcrumb\"},\"inLanguage\":\"de\",\"potentialAction\":[{\"@type\":\"ReadAction\",\"target\":[\"https:\/\/listings.mybikeplan.ch\/de\/produkt\/xult-dh-helm-yellow-black\/\"]}]},{\"@type\":\"ImageObject\",\"inLanguage\":\"de\",\"@id\":\"https:\/\/listings.mybikeplan.ch\/de\/produkt\/xult-dh-helm-yellow-black\/#primaryimage\",\"url\":\"https:\/\/listings.mybikeplan.ch\/wp-content\/uploads\/2023\/08\/Xult-DH-Helm-Grey-Yellow.jpg\",\"contentUrl\":\"https:\/\/listings.mybikeplan.ch\/wp-content\/uploads\/2023\/08\/Xult-DH-Helm-Grey-Yellow.jpg\",\"width\":704,\"height\":704,\"caption\":\"Xult DH Helm Grey Yellow\"},{\"@type\":\"BreadcrumbList\",\"@id\":\"https:\/\/listings.mybikeplan.ch\/de\/produkt\/xult-dh-helm-yellow-black\/#breadcrumb\",\"itemListElement\":[{\"@type\":\"ListItem\",\"position\":1,\"name\":\"Home\",\"item\":\"https:\/\/listings.mybikeplan.ch\/de\/\"},{\"@type\":\"ListItem\",\"position\":2,\"name\":\"IXS Xult DH Helm Gelb\"}]},{\"@type\":\"WebSite\",\"@id\":\"https:\/\/listings.mybikeplan.ch\/de\/#website\",\"url\":\"https:\/\/listings.mybikeplan.ch\/de\/\",\"name\":\"MyBikePlan\",\"description\":\"\",\"potentialAction\":[{\"@type\":\"SearchAction\",\"target\":{\"@type\":\"EntryPoint\",\"urlTemplate\":\"https:\/\/listings.mybikeplan.ch\/de\/?s={search_term_string}\"},\"query-input\":{\"@type\":\"PropertyValueSpecification\",\"valueRequired\":true,\"valueName\":\"search_term_string\"}}],\"inLanguage\":\"de\"}]}<\/script>\n<!-- \/ Yoast SEO plugin. -->","yoast_head_json":{"title":"Xult DH Helm","robots":{"index":"noindex","follow":"follow","max-snippet":"max-snippet:-1","max-image-preview":"max-image-preview:large","max-video-preview":"max-video-preview:-1"},"og_locale":"de_DE","og_type":"article","og_title":"Xult DH Helm","og_description":"Der Xult DH Full Face Helm wurde f\u00fcr Rennfahrer und Bike Park Enthusiasten entwickelt welche sich gerne im rauen und schwierigen Terrain aufhalten. Die integrierten VORTEXTM Bel\u00fcftungskan\u00e4le garantieren eine kontinuierliche Bel\u00fcftung. Die verwendete FRPTM (Fiber Reinforced Polymer) Schale erh\u00f6ht die Strapazierf\u00e4higkeit bei gleichzeitiger Gewichtsverringerung. Diese Technologie erm\u00f6glicht eine Minimierung des Gesamtvolumens und reduziert so das Risiko von Gehirnverletzungen durch einwirkende Rotationskr\u00e4fte welche zus\u00e4tzlich durch die integrierte Xmatter\/Xrail Technologie, Aufprallenergie absorbiert und 360\u00c2\u00b0 Bewegung erm\u00f6glicht. Das ergonomische Polstersystem liefert hohen Komfort. Ergonomisch geformte Backenpolster sichern einen sichern einen perfekten Tragekomfort und einen perfekten Sitz.","og_url":"https:\/\/listings.mybikeplan.ch\/de\/produkt\/xult-dh-helm-yellow-black\/","og_site_name":"MyBikePlan","article_modified_time":"2024-05-30T11:28:17+00:00","og_image":[{"width":704,"height":704,"url":"https:\/\/listings.mybikeplan.ch\/wp-content\/uploads\/2023\/08\/Xult-DH-Helm-Grey-Yellow.jpg","type":"image\/jpeg"}],"twitter_card":"summary_large_image","twitter_misc":{"Gesch\u00e4tzte Lesezeit":"1\u00a0Minute"},"schema":{"@context":"https:\/\/schema.org","@graph":[{"@type":"WebPage","@id":"https:\/\/listings.mybikeplan.ch\/de\/produkt\/xult-dh-helm-yellow-black\/","url":"https:\/\/listings.mybikeplan.ch\/de\/produkt\/xult-dh-helm-yellow-black\/","name":"Xult DH Helm","isPartOf":{"@id":"https:\/\/listings.mybikeplan.ch\/de\/#website"},"primaryImageOfPage":{"@id":"https:\/\/listings.mybikeplan.ch\/de\/produkt\/xult-dh-helm-yellow-black\/#primaryimage"},"image":{"@id":"https:\/\/listings.mybikeplan.ch\/de\/produkt\/xult-dh-helm-yellow-black\/#primaryimage"},"thumbnailUrl":"https:\/\/listings.mybikeplan.ch\/wp-content\/uploads\/2023\/08\/Xult-DH-Helm-Grey-Yellow.jpg","datePublished":"2023-08-09T15:11:25+00:00","dateModified":"2024-05-30T11:28:17+00:00","breadcrumb":{"@id":"https:\/\/listings.mybikeplan.ch\/de\/produkt\/xult-dh-helm-yellow-black\/#breadcrumb"},"inLanguage":"de","potentialAction":[{"@type":"ReadAction","target":["https:\/\/listings.mybikeplan.ch\/de\/produkt\/xult-dh-helm-yellow-black\/"]}]},{"@type":"ImageObject","inLanguage":"de","@id":"https:\/\/listings.mybikeplan.ch\/de\/produkt\/xult-dh-helm-yellow-black\/#primaryimage","url":"https:\/\/listings.mybikeplan.ch\/wp-content\/uploads\/2023\/08\/Xult-DH-Helm-Grey-Yellow.jpg","contentUrl":"https:\/\/listings.mybikeplan.ch\/wp-content\/uploads\/2023\/08\/Xult-DH-Helm-Grey-Yellow.jpg","width":704,"height":704,"caption":"Xult DH Helm Grey Yellow"},{"@type":"BreadcrumbList","@id":"https:\/\/listings.mybikeplan.ch\/de\/produkt\/xult-dh-helm-yellow-black\/#breadcrumb","itemListElement":[{"@type":"ListItem","position":1,"name":"Home","item":"https:\/\/listings.mybikeplan.ch\/de\/"},{"@type":"ListItem","position":2,"name":"IXS Xult DH Helm Gelb"}]},{"@type":"WebSite","@id":"https:\/\/listings.mybikeplan.ch\/de\/#website","url":"https:\/\/listings.mybikeplan.ch\/de\/","name":"MyBikePlan","description":"","potentialAction":[{"@type":"SearchAction","target":{"@type":"EntryPoint","urlTemplate":"https:\/\/listings.mybikeplan.ch\/de\/?s={search_term_string}"},"query-input":{"@type":"PropertyValueSpecification","valueRequired":true,"valueName":"search_term_string"}}],"inLanguage":"de"}]}},"_links":{"self":[{"href":"https:\/\/listings.mybikeplan.ch\/de\/wp-json\/wp\/v2\/product\/38432","targetHints":{"allow":["GET"]}}],"collection":[{"href":"https:\/\/listings.mybikeplan.ch\/de\/wp-json\/wp\/v2\/product"}],"about":[{"href":"https:\/\/listings.mybikeplan.ch\/de\/wp-json\/wp\/v2\/types\/product"}],"replies":[{"embeddable":true,"href":"https:\/\/listings.mybikeplan.ch\/de\/wp-json\/wp\/v2\/comments?post=38432"}],"wp:featuredmedia":[{"embeddable":true,"href":"https:\/\/listings.mybikeplan.ch\/de\/wp-json\/wp\/v2\/media\/38173"}],"wp:attachment":[{"href":"https:\/\/listings.mybikeplan.ch\/de\/wp-json\/wp\/v2\/media?parent=38432"}],"wp:term":[{"taxonomy":"product_brand","embeddable":true,"href":"https:\/\/listings.mybikeplan.ch\/de\/wp-json\/wp\/v2\/product_brand?post=38432"},{"taxonomy":"product_cat","embeddable":true,"href":"https:\/\/listings.mybikeplan.ch\/de\/wp-json\/wp\/v2\/product_cat?post=38432"},{"taxonomy":"product_tag","embeddable":true,"href":"https:\/\/listings.mybikeplan.ch\/de\/wp-json\/wp\/v2\/product_tag?post=38432"}],"curies":[{"name":"wp","href":"https:\/\/api.w.org\/{rel}","templated":true}]}}