{"id":38391,"date":"2023-08-09T15:00:31","date_gmt":"2023-08-09T15:00:31","guid":{"rendered":"https:\/\/listings.mybikeplan.ch\/?post_type=product&#038;p=38391"},"modified":"2024-05-30T11:04:28","modified_gmt":"2024-05-30T11:04:28","slug":"kave-home-theone-ausziehtisch-schwarz","status":"publish","type":"product","link":"https:\/\/listings.mybikeplan.ch\/de\/produkt\/kave-home-theone-ausziehtisch-schwarz\/","title":{"rendered":"Theone Ausziehtisch"},"content":{"rendered":"<h2>Das Wichtigste zum Theone Ausziehtisch:<\/h2>\n<ul>\n<li class=\"section-title font-weight-bold font-large\">Verl\u00e4ssliche Materialien: Die geh\u00e4rtete Glasplatte ist nicht nur besonders widerstandsf\u00e4hig und super pflegeleicht, sondern auch noch anti-fingerprint. Ein absolut verl\u00e4ssliches Produkt.<\/li>\n<li class=\"section-title font-weight-bold font-large\">Einfach flexibel: Der integrierte Schmetterlingsmechanismus des Tisches l\u00e4sst die Verl\u00e4ngerungsplatten im Inneren des Tisches verschwinden oder im Handumdrehen kinderleicht vergr\u00f6\u00dfern.<\/li>\n<li class=\"section-title font-weight-bold font-large\">Ideal f\u00fcr schmale R\u00e4ume: Dieser l\u00e4ngliche Tisch ist perfekt f\u00fcr all die etwas schmaleren R\u00e4ume, aus denen Du alles herausholen m\u00f6chtest. An diesem Modell wirst Du langfristig Freunde haben!<\/li>\n<\/ul>\n","protected":false},"excerpt":{"rendered":"<div class=\"details-row\">\n<div id=\"collapseMoreInformation\" class=\"show collapse\" aria-labelledby=\"headingOne\" data-parent=\"#product-information\">\n<div class=\"details-row\">\n<div id=\"collapseMoreInformation\" class=\"show collapse\" aria-labelledby=\"headingOne\" data-parent=\"#product-information\">\n<div class=\"details-row\">\n<div id=\"collapseMoreInformation\" class=\"show collapse\" aria-labelledby=\"headingOne\" data-parent=\"#product-information\">\n<div class=\"technicalinfo-description\">\n<p class=\"text-left pt-3 pt-md-0\">Mit diesem ausziehbaren Tisch mit satinierter Glasplatte ist Platz f\u00fcr alle in deinem Zuhause. Dar\u00fcber hinaus hast du mit der kreuzf\u00f6rmigen Beinstruktur mehr Platz und Komfort, ohne dass deine Beine einen Teil des Tisches ber\u00fchren.<\/p>\n<\/div>\n<div class=\"more-details\">\n<div id=\"datatables\" class=\"sidebar-box\">\n<div class=\"row\">\n<div class=\"col-12 col-md-6\">\n<div class=\"technical technical-box\">\n<div id=\"product-information\" class=\"product-information \">\n<div class=\"details-row\"><\/div>\n<\/div>\n<\/div>\n<\/div>\n<\/div>\n<\/div>\n<\/div>\n<\/div>\n<\/div>\n<\/div>\n<\/div>\n<\/div>\n<\/div>\n","protected":false},"featured_media":38411,"comment_status":"open","ping_status":"closed","template":"","meta":{"_acf_changed":false},"product_brand":[],"product_cat":[7136,7135,3742,4449,4447,4445,4455],"product_tag":[],"class_list":{"0":"post-38391","1":"product","2":"type-product","3":"status-publish","4":"has-post-thumbnail","6":"product_cat-ausziehtische","7":"product_cat-esstische","8":"product_cat-homepage","9":"product_cat-marke-kave-home","10":"product_cat-marken-mysofaplan","11":"product_cat-mysofaplan","12":"product_cat-tische","13":"pa_brand-kave-home","14":"pa_dimensions-76cm-x-210cm-x-90cm","15":"pa_filters-color-schwarz","16":"pa_hex-color-729","17":"pa_hex-color-ffffff-produkt-kave-home-theone-ausziehtisch-weiss","18":"pa_materials-35-keramik-35-gehaertetes-glas-25-stahl-5-mdf-e0-mitteldichte-faserplatte-mit-niedriger-formaldehyd-emissionsklasse-e0","19":"pa_seat-tube-length-6-8-sitze","20":"pa_table-length-200-250-cm","21":"pa_weight-785-kg","23":"first","24":"instock","25":"shipping-taxable","26":"purchasable","27":"product-type-variable"},"acf":{"short_description":"Mit diesem ausziehbaren Tisch mit satinierter Glasplatte ist Platz f\u00fcr alle in deinem Zuhause. Dar\u00fcber hinaus hast du mit der kreuzf\u00f6rmigen Beinstruktur mehr Platz und Komfort, ohne dass deine Beine einen Teil des Tisches ber\u00fchren.","bike_name":"Kave Home Theone Ausziehtisch","highlight_text":""},"yoast_head":"<!-- This site is optimized with the Yoast SEO plugin v24.5 - https:\/\/yoast.com\/wordpress\/plugins\/seo\/ -->\n<title>Kave Home Theone Ausziehtisch | Ab CHF 29 | Schweiz<\/title>\n<meta name=\"description\" content=\"Bestelle jetzt den Kave Home Theone Ausziehtisch ab CHF 29 pro Monat! Zahle mit 0% Zins Ratenzahlung und geniesse unsere gratis Heimlieferung.\" \/>\n<meta name=\"robots\" content=\"noindex, follow, max-snippet:-1, max-image-preview:large, max-video-preview:-1\" \/>\n<meta property=\"og:locale\" content=\"de_DE\" \/>\n<meta property=\"og:type\" content=\"article\" \/>\n<meta property=\"og:title\" content=\"Kave Home Theone Ausziehtisch | Ab CHF 29 | Schweiz\" \/>\n<meta property=\"og:description\" content=\"Bestelle jetzt den Kave Home Theone Ausziehtisch ab CHF 29 pro Monat! Zahle mit 0% Zins Ratenzahlung und geniesse unsere gratis Heimlieferung.\" \/>\n<meta property=\"og:url\" content=\"https:\/\/listings.mybikeplan.ch\/de\/produkt\/kave-home-theone-ausziehtisch-schwarz\/\" \/>\n<meta property=\"og:site_name\" content=\"MyBikePlan\" \/>\n<meta property=\"article:modified_time\" content=\"2024-05-30T11:04:28+00:00\" \/>\n<meta property=\"og:image\" content=\"https:\/\/listings.mybikeplan.ch\/wp-content\/uploads\/2023\/08\/Kave-Home-Theone-Ausziehtisch.jpg\" \/>\n\t<meta property=\"og:image:width\" content=\"1012\" \/>\n\t<meta property=\"og:image:height\" content=\"892\" \/>\n\t<meta property=\"og:image:type\" content=\"image\/jpeg\" \/>\n<meta name=\"twitter:card\" content=\"summary_large_image\" \/>\n<meta name=\"twitter:label1\" content=\"Gesch\u00e4tzte Lesezeit\" \/>\n\t<meta name=\"twitter:data1\" content=\"1\u00a0Minute\" \/>\n<script type=\"application\/ld+json\" class=\"yoast-schema-graph\">{\"@context\":\"https:\/\/schema.org\",\"@graph\":[{\"@type\":\"WebPage\",\"@id\":\"https:\/\/listings.mybikeplan.ch\/de\/produkt\/kave-home-theone-ausziehtisch-schwarz\/\",\"url\":\"https:\/\/listings.mybikeplan.ch\/de\/produkt\/kave-home-theone-ausziehtisch-schwarz\/\",\"name\":\"Kave Home Theone Ausziehtisch | Ab CHF 29 | Schweiz\",\"isPartOf\":{\"@id\":\"https:\/\/listings.mybikeplan.ch\/de\/#website\"},\"primaryImageOfPage\":{\"@id\":\"https:\/\/listings.mybikeplan.ch\/de\/produkt\/kave-home-theone-ausziehtisch-schwarz\/#primaryimage\"},\"image\":{\"@id\":\"https:\/\/listings.mybikeplan.ch\/de\/produkt\/kave-home-theone-ausziehtisch-schwarz\/#primaryimage\"},\"thumbnailUrl\":\"https:\/\/listings.mybikeplan.ch\/wp-content\/uploads\/2023\/08\/Kave-Home-Theone-Ausziehtisch.jpg\",\"datePublished\":\"2023-08-09T15:00:31+00:00\",\"dateModified\":\"2024-05-30T11:04:28+00:00\",\"description\":\"Bestelle jetzt den Kave Home Theone Ausziehtisch ab CHF 29 pro Monat! Zahle mit 0% Zins Ratenzahlung und geniesse unsere gratis Heimlieferung.\",\"breadcrumb\":{\"@id\":\"https:\/\/listings.mybikeplan.ch\/de\/produkt\/kave-home-theone-ausziehtisch-schwarz\/#breadcrumb\"},\"inLanguage\":\"de\",\"potentialAction\":[{\"@type\":\"ReadAction\",\"target\":[\"https:\/\/listings.mybikeplan.ch\/de\/produkt\/kave-home-theone-ausziehtisch-schwarz\/\"]}]},{\"@type\":\"ImageObject\",\"inLanguage\":\"de\",\"@id\":\"https:\/\/listings.mybikeplan.ch\/de\/produkt\/kave-home-theone-ausziehtisch-schwarz\/#primaryimage\",\"url\":\"https:\/\/listings.mybikeplan.ch\/wp-content\/uploads\/2023\/08\/Kave-Home-Theone-Ausziehtisch.jpg\",\"contentUrl\":\"https:\/\/listings.mybikeplan.ch\/wp-content\/uploads\/2023\/08\/Kave-Home-Theone-Ausziehtisch.jpg\",\"width\":1012,\"height\":892},{\"@type\":\"BreadcrumbList\",\"@id\":\"https:\/\/listings.mybikeplan.ch\/de\/produkt\/kave-home-theone-ausziehtisch-schwarz\/#breadcrumb\",\"itemListElement\":[{\"@type\":\"ListItem\",\"position\":1,\"name\":\"Home\",\"item\":\"https:\/\/listings.mybikeplan.ch\/de\/\"},{\"@type\":\"ListItem\",\"position\":2,\"name\":\"Theone Ausziehtisch\"}]},{\"@type\":\"WebSite\",\"@id\":\"https:\/\/listings.mybikeplan.ch\/de\/#website\",\"url\":\"https:\/\/listings.mybikeplan.ch\/de\/\",\"name\":\"MyBikePlan\",\"description\":\"\",\"potentialAction\":[{\"@type\":\"SearchAction\",\"target\":{\"@type\":\"EntryPoint\",\"urlTemplate\":\"https:\/\/listings.mybikeplan.ch\/de\/?s={search_term_string}\"},\"query-input\":{\"@type\":\"PropertyValueSpecification\",\"valueRequired\":true,\"valueName\":\"search_term_string\"}}],\"inLanguage\":\"de\"}]}<\/script>\n<!-- \/ Yoast SEO plugin. -->","yoast_head_json":{"title":"Kave Home Theone Ausziehtisch | Ab CHF 29 | Schweiz","description":"Bestelle jetzt den Kave Home Theone Ausziehtisch ab CHF 29 pro Monat! Zahle mit 0% Zins Ratenzahlung und geniesse unsere gratis Heimlieferung.","robots":{"index":"noindex","follow":"follow","max-snippet":"max-snippet:-1","max-image-preview":"max-image-preview:large","max-video-preview":"max-video-preview:-1"},"og_locale":"de_DE","og_type":"article","og_title":"Kave Home Theone Ausziehtisch | Ab CHF 29 | Schweiz","og_description":"Bestelle jetzt den Kave Home Theone Ausziehtisch ab CHF 29 pro Monat! Zahle mit 0% Zins Ratenzahlung und geniesse unsere gratis Heimlieferung.","og_url":"https:\/\/listings.mybikeplan.ch\/de\/produkt\/kave-home-theone-ausziehtisch-schwarz\/","og_site_name":"MyBikePlan","article_modified_time":"2024-05-30T11:04:28+00:00","og_image":[{"width":1012,"height":892,"url":"https:\/\/listings.mybikeplan.ch\/wp-content\/uploads\/2023\/08\/Kave-Home-Theone-Ausziehtisch.jpg","type":"image\/jpeg"}],"twitter_card":"summary_large_image","twitter_misc":{"Gesch\u00e4tzte Lesezeit":"1\u00a0Minute"},"schema":{"@context":"https:\/\/schema.org","@graph":[{"@type":"WebPage","@id":"https:\/\/listings.mybikeplan.ch\/de\/produkt\/kave-home-theone-ausziehtisch-schwarz\/","url":"https:\/\/listings.mybikeplan.ch\/de\/produkt\/kave-home-theone-ausziehtisch-schwarz\/","name":"Kave Home Theone Ausziehtisch | Ab CHF 29 | Schweiz","isPartOf":{"@id":"https:\/\/listings.mybikeplan.ch\/de\/#website"},"primaryImageOfPage":{"@id":"https:\/\/listings.mybikeplan.ch\/de\/produkt\/kave-home-theone-ausziehtisch-schwarz\/#primaryimage"},"image":{"@id":"https:\/\/listings.mybikeplan.ch\/de\/produkt\/kave-home-theone-ausziehtisch-schwarz\/#primaryimage"},"thumbnailUrl":"https:\/\/listings.mybikeplan.ch\/wp-content\/uploads\/2023\/08\/Kave-Home-Theone-Ausziehtisch.jpg","datePublished":"2023-08-09T15:00:31+00:00","dateModified":"2024-05-30T11:04:28+00:00","description":"Bestelle jetzt den Kave Home Theone Ausziehtisch ab CHF 29 pro Monat! Zahle mit 0% Zins Ratenzahlung und geniesse unsere gratis Heimlieferung.","breadcrumb":{"@id":"https:\/\/listings.mybikeplan.ch\/de\/produkt\/kave-home-theone-ausziehtisch-schwarz\/#breadcrumb"},"inLanguage":"de","potentialAction":[{"@type":"ReadAction","target":["https:\/\/listings.mybikeplan.ch\/de\/produkt\/kave-home-theone-ausziehtisch-schwarz\/"]}]},{"@type":"ImageObject","inLanguage":"de","@id":"https:\/\/listings.mybikeplan.ch\/de\/produkt\/kave-home-theone-ausziehtisch-schwarz\/#primaryimage","url":"https:\/\/listings.mybikeplan.ch\/wp-content\/uploads\/2023\/08\/Kave-Home-Theone-Ausziehtisch.jpg","contentUrl":"https:\/\/listings.mybikeplan.ch\/wp-content\/uploads\/2023\/08\/Kave-Home-Theone-Ausziehtisch.jpg","width":1012,"height":892},{"@type":"BreadcrumbList","@id":"https:\/\/listings.mybikeplan.ch\/de\/produkt\/kave-home-theone-ausziehtisch-schwarz\/#breadcrumb","itemListElement":[{"@type":"ListItem","position":1,"name":"Home","item":"https:\/\/listings.mybikeplan.ch\/de\/"},{"@type":"ListItem","position":2,"name":"Theone Ausziehtisch"}]},{"@type":"WebSite","@id":"https:\/\/listings.mybikeplan.ch\/de\/#website","url":"https:\/\/listings.mybikeplan.ch\/de\/","name":"MyBikePlan","description":"","potentialAction":[{"@type":"SearchAction","target":{"@type":"EntryPoint","urlTemplate":"https:\/\/listings.mybikeplan.ch\/de\/?s={search_term_string}"},"query-input":{"@type":"PropertyValueSpecification","valueRequired":true,"valueName":"search_term_string"}}],"inLanguage":"de"}]}},"_links":{"self":[{"href":"https:\/\/listings.mybikeplan.ch\/de\/wp-json\/wp\/v2\/product\/38391","targetHints":{"allow":["GET"]}}],"collection":[{"href":"https:\/\/listings.mybikeplan.ch\/de\/wp-json\/wp\/v2\/product"}],"about":[{"href":"https:\/\/listings.mybikeplan.ch\/de\/wp-json\/wp\/v2\/types\/product"}],"replies":[{"embeddable":true,"href":"https:\/\/listings.mybikeplan.ch\/de\/wp-json\/wp\/v2\/comments?post=38391"}],"wp:featuredmedia":[{"embeddable":true,"href":"https:\/\/listings.mybikeplan.ch\/de\/wp-json\/wp\/v2\/media\/38411"}],"wp:attachment":[{"href":"https:\/\/listings.mybikeplan.ch\/de\/wp-json\/wp\/v2\/media?parent=38391"}],"wp:term":[{"taxonomy":"product_brand","embeddable":true,"href":"https:\/\/listings.mybikeplan.ch\/de\/wp-json\/wp\/v2\/product_brand?post=38391"},{"taxonomy":"product_cat","embeddable":true,"href":"https:\/\/listings.mybikeplan.ch\/de\/wp-json\/wp\/v2\/product_cat?post=38391"},{"taxonomy":"product_tag","embeddable":true,"href":"https:\/\/listings.mybikeplan.ch\/de\/wp-json\/wp\/v2\/product_tag?post=38391"}],"curies":[{"name":"wp","href":"https:\/\/api.w.org\/{rel}","templated":true}]}}