{"id":37404,"date":"2023-08-08T11:59:41","date_gmt":"2023-08-08T11:59:41","guid":{"rendered":"https:\/\/listings.mybikeplan.ch\/?post_type=product&#038;p=37404"},"modified":"2025-03-27T16:37:31","modified_gmt":"2025-03-27T16:37:31","slug":"kave-home-sacova-set","status":"publish","type":"product","link":"https:\/\/listings.mybikeplan.ch\/de\/produkt\/kave-home-sacova-set\/","title":{"rendered":"Sacova Outdoor Sofa Set"},"content":{"rendered":"<h2><b>Das Wichtigste zum Sacova Outdoor Sofa Set<\/b><b>:<\/b><\/h2>\n<ul>\n<li class=\"bullet-points__item\">5-Sitzer-Ecksofa und Couchtisch aus massivem Eukalyptusholz.<\/li>\n<li class=\"bullet-points__item\">Kissen mit abgerundeten Formen und abnehmbarem Bezug inbegriffen.<\/li>\n<li class=\"bullet-points__item\">Kave Cares Design: Holz mit FSC\u2122-Zertifikat, aus nachhaltig bewirtschafteten W\u00e4ldern mit kontrolliertem Holzschlag.<\/li>\n<li class=\"bullet-points__item\">Geeignet f\u00fcr Innenr\u00e4ume und \u00fcberdachte Aussenbereiche.<\/li>\n<li class=\"bullet-points__item\">Kombiniere es mit den anderen Elementen der Kollektion f\u00fcr einen vollst\u00e4ndigen Look.<\/li>\n<\/ul>\n","protected":false},"excerpt":{"rendered":"<p>Mit dem Sofa Galene hast du nicht nur dank des Dauneneffekts zus\u00e4tzlichen Komfort, sondern du tust auch f\u00fcr den Planeten Gutes. Die F\u00fcllung besteht aus PET, einem recycelten Kunststoff, der aus dem Meer gewonnen wurde. Ein Design, das gr\u00fcn denkt.<\/p>\n<p>&nbsp;<\/p>\n","protected":false},"featured_media":37410,"comment_status":"open","ping_status":"closed","template":"","meta":{"_acf_changed":false},"product_brand":[],"product_cat":[5488,7161,7165,4449,4447,4445,4446],"product_tag":[],"class_list":{"0":"post-37404","1":"product","2":"type-product","3":"status-publish","4":"has-post-thumbnail","6":"product_cat-5-personen","7":"product_cat-aussenmoebel","8":"product_cat-aussenmoebelset","9":"product_cat-marke-kave-home","10":"product_cat-marken-mysofaplan","11":"product_cat-mysofaplan","12":"product_cat-sofa","13":"pa_brand-kave-home","14":"pa_dimensions-66cm-x-280cm-x-280xm","15":"pa_filters-color-beige","16":"pa_hex-color-decbb6-produkt-kave-home-sacova-set","17":"pa_main-material-massivholz","18":"pa_materials-85-eukalyptusholz-eucalyptus-grandis-5-acrylfasern-5-gewebe-5-polyurethanschaum","19":"pa_seat-tube-length-5-sitzer","20":"pa_weight-1045-kg","22":"first","23":"instock","24":"shipping-taxable","25":"purchasable","26":"product-type-variable"},"acf":{"short_description":"Sacova Set aus 5-Sitzer-Ecksofa und Couchtisch massives Eukalyptusholz 100% FSC\r\n\r\n","bike_name":"Kave Home Sacova Set","highlight_text":""},"yoast_head":"<!-- This site is optimized with the Yoast SEO plugin v24.5 - https:\/\/yoast.com\/wordpress\/plugins\/seo\/ -->\n<title>Kave Home Sacova Set | Ab CHF 78 | Schweiz<\/title>\n<meta name=\"description\" content=\"Bestelle jetzt das Kave Home Sacova Set ab CHF 78 pro Monat! Zahle mit 0% Zins Ratenzahlung und geniesse unsere gratis Heimlieferung.\" \/>\n<meta name=\"robots\" content=\"noindex, follow, max-snippet:-1, max-image-preview:large, max-video-preview:-1\" \/>\n<meta property=\"og:locale\" content=\"de_DE\" \/>\n<meta property=\"og:type\" content=\"article\" \/>\n<meta property=\"og:title\" content=\"Kave Home Sacova Set | Ab CHF 78 | Schweiz\" \/>\n<meta property=\"og:description\" content=\"Bestelle jetzt das Kave Home Sacova Set ab CHF 78 pro Monat! Zahle mit 0% Zins Ratenzahlung und geniesse unsere gratis Heimlieferung.\" \/>\n<meta property=\"og:url\" content=\"https:\/\/listings.mybikeplan.ch\/de\/produkt\/kave-home-sacova-set\/\" \/>\n<meta property=\"og:site_name\" content=\"MyBikePlan\" \/>\n<meta property=\"article:modified_time\" content=\"2025-03-27T16:37:31+00:00\" \/>\n<meta property=\"og:image\" content=\"https:\/\/listings.mybikeplan.ch\/wp-content\/uploads\/2023\/08\/Kave-Home-Sacova-Set.png\" \/>\n\t<meta property=\"og:image:width\" content=\"988\" \/>\n\t<meta property=\"og:image:height\" content=\"766\" \/>\n\t<meta property=\"og:image:type\" content=\"image\/png\" \/>\n<meta name=\"twitter:card\" content=\"summary_large_image\" \/>\n<meta name=\"twitter:label1\" content=\"Gesch\u00e4tzte Lesezeit\" \/>\n\t<meta name=\"twitter:data1\" content=\"1\u00a0Minute\" \/>\n<script type=\"application\/ld+json\" class=\"yoast-schema-graph\">{\"@context\":\"https:\/\/schema.org\",\"@graph\":[{\"@type\":\"WebPage\",\"@id\":\"https:\/\/listings.mybikeplan.ch\/de\/produkt\/kave-home-sacova-set\/\",\"url\":\"https:\/\/listings.mybikeplan.ch\/de\/produkt\/kave-home-sacova-set\/\",\"name\":\"Kave Home Sacova Set | Ab CHF 78 | Schweiz\",\"isPartOf\":{\"@id\":\"https:\/\/listings.mybikeplan.ch\/de\/#website\"},\"primaryImageOfPage\":{\"@id\":\"https:\/\/listings.mybikeplan.ch\/de\/produkt\/kave-home-sacova-set\/#primaryimage\"},\"image\":{\"@id\":\"https:\/\/listings.mybikeplan.ch\/de\/produkt\/kave-home-sacova-set\/#primaryimage\"},\"thumbnailUrl\":\"https:\/\/listings.mybikeplan.ch\/wp-content\/uploads\/2023\/08\/Kave-Home-Sacova-Set.png\",\"datePublished\":\"2023-08-08T11:59:41+00:00\",\"dateModified\":\"2025-03-27T16:37:31+00:00\",\"description\":\"Bestelle jetzt das Kave Home Sacova Set ab CHF 78 pro Monat! Zahle mit 0% Zins Ratenzahlung und geniesse unsere gratis Heimlieferung.\",\"breadcrumb\":{\"@id\":\"https:\/\/listings.mybikeplan.ch\/de\/produkt\/kave-home-sacova-set\/#breadcrumb\"},\"inLanguage\":\"de\",\"potentialAction\":[{\"@type\":\"ReadAction\",\"target\":[\"https:\/\/listings.mybikeplan.ch\/de\/produkt\/kave-home-sacova-set\/\"]}]},{\"@type\":\"ImageObject\",\"inLanguage\":\"de\",\"@id\":\"https:\/\/listings.mybikeplan.ch\/de\/produkt\/kave-home-sacova-set\/#primaryimage\",\"url\":\"https:\/\/listings.mybikeplan.ch\/wp-content\/uploads\/2023\/08\/Kave-Home-Sacova-Set.png\",\"contentUrl\":\"https:\/\/listings.mybikeplan.ch\/wp-content\/uploads\/2023\/08\/Kave-Home-Sacova-Set.png\",\"width\":988,\"height\":766,\"caption\":\"Outdoor Ecksofa aus dunklem Holz mit weissen Kissen und Couchtisch\"},{\"@type\":\"BreadcrumbList\",\"@id\":\"https:\/\/listings.mybikeplan.ch\/de\/produkt\/kave-home-sacova-set\/#breadcrumb\",\"itemListElement\":[{\"@type\":\"ListItem\",\"position\":1,\"name\":\"Home\",\"item\":\"https:\/\/listings.mybikeplan.ch\/de\/\"},{\"@type\":\"ListItem\",\"position\":2,\"name\":\"Sacova Outdoor Sofa Set\"}]},{\"@type\":\"WebSite\",\"@id\":\"https:\/\/listings.mybikeplan.ch\/de\/#website\",\"url\":\"https:\/\/listings.mybikeplan.ch\/de\/\",\"name\":\"MyBikePlan\",\"description\":\"\",\"potentialAction\":[{\"@type\":\"SearchAction\",\"target\":{\"@type\":\"EntryPoint\",\"urlTemplate\":\"https:\/\/listings.mybikeplan.ch\/de\/?s={search_term_string}\"},\"query-input\":{\"@type\":\"PropertyValueSpecification\",\"valueRequired\":true,\"valueName\":\"search_term_string\"}}],\"inLanguage\":\"de\"}]}<\/script>\n<!-- \/ Yoast SEO plugin. -->","yoast_head_json":{"title":"Kave Home Sacova Set | Ab CHF 78 | Schweiz","description":"Bestelle jetzt das Kave Home Sacova Set ab CHF 78 pro Monat! Zahle mit 0% Zins Ratenzahlung und geniesse unsere gratis Heimlieferung.","robots":{"index":"noindex","follow":"follow","max-snippet":"max-snippet:-1","max-image-preview":"max-image-preview:large","max-video-preview":"max-video-preview:-1"},"og_locale":"de_DE","og_type":"article","og_title":"Kave Home Sacova Set | Ab CHF 78 | Schweiz","og_description":"Bestelle jetzt das Kave Home Sacova Set ab CHF 78 pro Monat! Zahle mit 0% Zins Ratenzahlung und geniesse unsere gratis Heimlieferung.","og_url":"https:\/\/listings.mybikeplan.ch\/de\/produkt\/kave-home-sacova-set\/","og_site_name":"MyBikePlan","article_modified_time":"2025-03-27T16:37:31+00:00","og_image":[{"width":988,"height":766,"url":"https:\/\/listings.mybikeplan.ch\/wp-content\/uploads\/2023\/08\/Kave-Home-Sacova-Set.png","type":"image\/png"}],"twitter_card":"summary_large_image","twitter_misc":{"Gesch\u00e4tzte Lesezeit":"1\u00a0Minute"},"schema":{"@context":"https:\/\/schema.org","@graph":[{"@type":"WebPage","@id":"https:\/\/listings.mybikeplan.ch\/de\/produkt\/kave-home-sacova-set\/","url":"https:\/\/listings.mybikeplan.ch\/de\/produkt\/kave-home-sacova-set\/","name":"Kave Home Sacova Set | Ab CHF 78 | Schweiz","isPartOf":{"@id":"https:\/\/listings.mybikeplan.ch\/de\/#website"},"primaryImageOfPage":{"@id":"https:\/\/listings.mybikeplan.ch\/de\/produkt\/kave-home-sacova-set\/#primaryimage"},"image":{"@id":"https:\/\/listings.mybikeplan.ch\/de\/produkt\/kave-home-sacova-set\/#primaryimage"},"thumbnailUrl":"https:\/\/listings.mybikeplan.ch\/wp-content\/uploads\/2023\/08\/Kave-Home-Sacova-Set.png","datePublished":"2023-08-08T11:59:41+00:00","dateModified":"2025-03-27T16:37:31+00:00","description":"Bestelle jetzt das Kave Home Sacova Set ab CHF 78 pro Monat! Zahle mit 0% Zins Ratenzahlung und geniesse unsere gratis Heimlieferung.","breadcrumb":{"@id":"https:\/\/listings.mybikeplan.ch\/de\/produkt\/kave-home-sacova-set\/#breadcrumb"},"inLanguage":"de","potentialAction":[{"@type":"ReadAction","target":["https:\/\/listings.mybikeplan.ch\/de\/produkt\/kave-home-sacova-set\/"]}]},{"@type":"ImageObject","inLanguage":"de","@id":"https:\/\/listings.mybikeplan.ch\/de\/produkt\/kave-home-sacova-set\/#primaryimage","url":"https:\/\/listings.mybikeplan.ch\/wp-content\/uploads\/2023\/08\/Kave-Home-Sacova-Set.png","contentUrl":"https:\/\/listings.mybikeplan.ch\/wp-content\/uploads\/2023\/08\/Kave-Home-Sacova-Set.png","width":988,"height":766,"caption":"Outdoor Ecksofa aus dunklem Holz mit weissen Kissen und Couchtisch"},{"@type":"BreadcrumbList","@id":"https:\/\/listings.mybikeplan.ch\/de\/produkt\/kave-home-sacova-set\/#breadcrumb","itemListElement":[{"@type":"ListItem","position":1,"name":"Home","item":"https:\/\/listings.mybikeplan.ch\/de\/"},{"@type":"ListItem","position":2,"name":"Sacova Outdoor Sofa Set"}]},{"@type":"WebSite","@id":"https:\/\/listings.mybikeplan.ch\/de\/#website","url":"https:\/\/listings.mybikeplan.ch\/de\/","name":"MyBikePlan","description":"","potentialAction":[{"@type":"SearchAction","target":{"@type":"EntryPoint","urlTemplate":"https:\/\/listings.mybikeplan.ch\/de\/?s={search_term_string}"},"query-input":{"@type":"PropertyValueSpecification","valueRequired":true,"valueName":"search_term_string"}}],"inLanguage":"de"}]}},"_links":{"self":[{"href":"https:\/\/listings.mybikeplan.ch\/de\/wp-json\/wp\/v2\/product\/37404","targetHints":{"allow":["GET"]}}],"collection":[{"href":"https:\/\/listings.mybikeplan.ch\/de\/wp-json\/wp\/v2\/product"}],"about":[{"href":"https:\/\/listings.mybikeplan.ch\/de\/wp-json\/wp\/v2\/types\/product"}],"replies":[{"embeddable":true,"href":"https:\/\/listings.mybikeplan.ch\/de\/wp-json\/wp\/v2\/comments?post=37404"}],"wp:featuredmedia":[{"embeddable":true,"href":"https:\/\/listings.mybikeplan.ch\/de\/wp-json\/wp\/v2\/media\/37410"}],"wp:attachment":[{"href":"https:\/\/listings.mybikeplan.ch\/de\/wp-json\/wp\/v2\/media?parent=37404"}],"wp:term":[{"taxonomy":"product_brand","embeddable":true,"href":"https:\/\/listings.mybikeplan.ch\/de\/wp-json\/wp\/v2\/product_brand?post=37404"},{"taxonomy":"product_cat","embeddable":true,"href":"https:\/\/listings.mybikeplan.ch\/de\/wp-json\/wp\/v2\/product_cat?post=37404"},{"taxonomy":"product_tag","embeddable":true,"href":"https:\/\/listings.mybikeplan.ch\/de\/wp-json\/wp\/v2\/product_tag?post=37404"}],"curies":[{"name":"wp","href":"https:\/\/api.w.org\/{rel}","templated":true}]}}