{"id":36255,"date":"2023-07-14T12:33:27","date_gmt":"2023-07-14T12:33:27","guid":{"rendered":"https:\/\/listings.mybikeplan.ch\/?post_type=product&#038;p=36255"},"modified":"2024-06-03T11:17:10","modified_gmt":"2024-06-03T11:17:10","slug":"thule-kindersitz-yepp-nexxt-2-mini-mint-green","status":"publish","type":"product","link":"https:\/\/listings.mybikeplan.ch\/de\/produkt\/thule-kindersitz-yepp-nexxt-2-mini-mint-green\/","title":{"rendered":"Thule Kindersitz Yepp Nexxt 2 Mini Mint Green"},"content":{"rendered":"<ul>\n<li>Frontsitz<\/li>\n<li style=\"font-weight: 400;\"><span style=\"font-weight: 400;\">Leichter und sicherer Kindersitz f\u00fcr den Gep\u00e4cktr\u00e4ger mit einem modernen Design<\/span><\/li>\n<li style=\"font-weight: 400;\"><span style=\"font-weight: 400;\">Verstellbarer Sicherheitsgurt mit maximalen Komfort und Sicherheit<\/span><\/li>\n<li style=\"font-weight: 400;\"><span style=\"font-weight: 400;\">Erm\u00f6glicht Deinem Kind eine bequeme Fahrt im weichen und stossd\u00e4mpfenden Sitz<\/span><\/li>\n<li style=\"font-weight: 400;\"><span style=\"font-weight: 400;\">Schnelles, einfaches und m\u00fcheloses Anschnallen Deines Kindes mit dem kindersicheren, magnetischen Sicherheitsgurtschloss<\/span><\/li>\n<li style=\"font-weight: 400;\"><span style=\"font-weight: 400;\">Sorgt mit verstellbaren Fussst\u00fctzen und Fussschlaufen f\u00fcr perfekten Sitz, auch wenn Dein Kind gr\u00f6sser wird<\/span><\/li>\n<li style=\"font-weight: 400;\"><span style=\"font-weight: 400;\">Von 9 Monaten bis 3 Jahren<\/span><\/li>\n<\/ul>\n","protected":false},"excerpt":{"rendered":"<p>Frontsitz Leichter und sicherer Kindersitz f\u00fcr den Gep\u00e4cktr\u00e4ger mit einem modernen Design Verstellbarer Sicherheitsgurt mit maximalen Komfort und Sicherheit Erm\u00f6glicht Deinem Kind eine bequeme Fahrt im weichen und stossd\u00e4mpfenden Sitz Schnelles, einfaches und m\u00fcheloses Anschnallen Deines Kindes mit dem kindersicheren, magnetischen Sicherheitsgurtschloss Sorgt mit verstellbaren Fussst\u00fctzen und Fussschlaufen f\u00fcr perfekten Sitz, auch wenn Dein Kind [&hellip;]<\/p>\n","protected":false},"featured_media":36261,"comment_status":"open","ping_status":"closed","template":"","meta":{"_acf_changed":false},"product_brand":[],"product_cat":[7298,10032,4481,1105],"product_tag":[],"class_list":{"0":"post-36255","1":"product","2":"type-product","3":"status-publish","4":"has-post-thumbnail","6":"product_cat-kindersitz","7":"product_cat-marke-thule","8":"product_cat-mybikeplan","9":"product_cat-zubehoer","10":"pa_accessory-type-child-seat","11":"pa_brand-thule","12":"pa_max-weight-15-kg","13":"pa_sizes-uni-size-2","14":"pa_weight-1-8kg","16":"first","17":"instock","18":"shipping-taxable","19":"purchasable","20":"product-type-variable"},"acf":{"short_description":"Nie wieder unterwegs ohne Deine Kleinen: Mit dem Thule Kindersitz Yepp Nexxt Mini kannst Du Dein Kind \u00fcberallhin mit Deinem E-Bike mitnehmen!","bike_name":"","highlight_text":"","frame":"","battery_size":"","motor_strength":""},"yoast_head":"<!-- This site is optimized with the Yoast SEO plugin v24.5 - https:\/\/yoast.com\/wordpress\/plugins\/seo\/ -->\n<title>Thule Kindersitz Yepp Nexxt 2 Mini<\/title>\n<meta name=\"robots\" content=\"noindex, follow, max-snippet:-1, max-image-preview:large, max-video-preview:-1\" \/>\n<meta property=\"og:locale\" content=\"de_DE\" \/>\n<meta property=\"og:type\" content=\"article\" \/>\n<meta property=\"og:title\" content=\"Thule Kindersitz Yepp Nexxt 2 Mini\" \/>\n<meta property=\"og:description\" content=\"Frontsitz Leichter und sicherer Kindersitz f\u00fcr den Gep\u00e4cktr\u00e4ger mit einem modernen Design Verstellbarer Sicherheitsgurt mit maximalen Komfort und Sicherheit Erm\u00f6glicht Deinem Kind eine bequeme Fahrt im weichen und stossd\u00e4mpfenden Sitz Schnelles, einfaches und m\u00fcheloses Anschnallen Deines Kindes mit dem kindersicheren, magnetischen Sicherheitsgurtschloss Sorgt mit verstellbaren Fussst\u00fctzen und Fussschlaufen f\u00fcr perfekten Sitz, auch wenn Dein Kind [&hellip;]\" \/>\n<meta property=\"og:url\" content=\"https:\/\/listings.mybikeplan.ch\/de\/produkt\/thule-kindersitz-yepp-nexxt-2-mini-mint-green\/\" \/>\n<meta property=\"og:site_name\" content=\"MyBikePlan\" \/>\n<meta property=\"article:modified_time\" content=\"2024-06-03T11:17:10+00:00\" \/>\n<meta property=\"og:image\" content=\"https:\/\/listings.mybikeplan.ch\/wp-content\/uploads\/2023\/07\/Thule-Yepp-Nexxt-2-Mini-Mint-Green.jpg\" \/>\n\t<meta property=\"og:image:width\" content=\"1000\" \/>\n\t<meta property=\"og:image:height\" content=\"1000\" \/>\n\t<meta property=\"og:image:type\" content=\"image\/jpeg\" \/>\n<meta name=\"twitter:card\" content=\"summary_large_image\" \/>\n<meta name=\"twitter:label1\" content=\"Gesch\u00e4tzte Lesezeit\" \/>\n\t<meta name=\"twitter:data1\" content=\"1\u00a0Minute\" \/>\n<script type=\"application\/ld+json\" class=\"yoast-schema-graph\">{\"@context\":\"https:\/\/schema.org\",\"@graph\":[{\"@type\":\"WebPage\",\"@id\":\"https:\/\/listings.mybikeplan.ch\/de\/produkt\/thule-kindersitz-yepp-nexxt-2-mini-mint-green\/\",\"url\":\"https:\/\/listings.mybikeplan.ch\/de\/produkt\/thule-kindersitz-yepp-nexxt-2-mini-mint-green\/\",\"name\":\"Thule Kindersitz Yepp Nexxt 2 Mini\",\"isPartOf\":{\"@id\":\"https:\/\/listings.mybikeplan.ch\/de\/#website\"},\"primaryImageOfPage\":{\"@id\":\"https:\/\/listings.mybikeplan.ch\/de\/produkt\/thule-kindersitz-yepp-nexxt-2-mini-mint-green\/#primaryimage\"},\"image\":{\"@id\":\"https:\/\/listings.mybikeplan.ch\/de\/produkt\/thule-kindersitz-yepp-nexxt-2-mini-mint-green\/#primaryimage\"},\"thumbnailUrl\":\"https:\/\/listings.mybikeplan.ch\/wp-content\/uploads\/2023\/07\/Thule-Yepp-Nexxt-2-Mini-Mint-Green.jpg\",\"datePublished\":\"2023-07-14T12:33:27+00:00\",\"dateModified\":\"2024-06-03T11:17:10+00:00\",\"breadcrumb\":{\"@id\":\"https:\/\/listings.mybikeplan.ch\/de\/produkt\/thule-kindersitz-yepp-nexxt-2-mini-mint-green\/#breadcrumb\"},\"inLanguage\":\"de\",\"potentialAction\":[{\"@type\":\"ReadAction\",\"target\":[\"https:\/\/listings.mybikeplan.ch\/de\/produkt\/thule-kindersitz-yepp-nexxt-2-mini-mint-green\/\"]}]},{\"@type\":\"ImageObject\",\"inLanguage\":\"de\",\"@id\":\"https:\/\/listings.mybikeplan.ch\/de\/produkt\/thule-kindersitz-yepp-nexxt-2-mini-mint-green\/#primaryimage\",\"url\":\"https:\/\/listings.mybikeplan.ch\/wp-content\/uploads\/2023\/07\/Thule-Yepp-Nexxt-2-Mini-Mint-Green.jpg\",\"contentUrl\":\"https:\/\/listings.mybikeplan.ch\/wp-content\/uploads\/2023\/07\/Thule-Yepp-Nexxt-2-Mini-Mint-Green.jpg\",\"width\":1000,\"height\":1000,\"caption\":\"Thule Yepp Nexxt 2 Mini Mint Green\"},{\"@type\":\"BreadcrumbList\",\"@id\":\"https:\/\/listings.mybikeplan.ch\/de\/produkt\/thule-kindersitz-yepp-nexxt-2-mini-mint-green\/#breadcrumb\",\"itemListElement\":[{\"@type\":\"ListItem\",\"position\":1,\"name\":\"Home\",\"item\":\"https:\/\/listings.mybikeplan.ch\/de\/\"},{\"@type\":\"ListItem\",\"position\":2,\"name\":\"Thule Kindersitz Yepp Nexxt 2 Mini Mint Green\"}]},{\"@type\":\"WebSite\",\"@id\":\"https:\/\/listings.mybikeplan.ch\/de\/#website\",\"url\":\"https:\/\/listings.mybikeplan.ch\/de\/\",\"name\":\"MyBikePlan\",\"description\":\"\",\"potentialAction\":[{\"@type\":\"SearchAction\",\"target\":{\"@type\":\"EntryPoint\",\"urlTemplate\":\"https:\/\/listings.mybikeplan.ch\/de\/?s={search_term_string}\"},\"query-input\":{\"@type\":\"PropertyValueSpecification\",\"valueRequired\":true,\"valueName\":\"search_term_string\"}}],\"inLanguage\":\"de\"}]}<\/script>\n<!-- \/ Yoast SEO plugin. -->","yoast_head_json":{"title":"Thule Kindersitz Yepp Nexxt 2 Mini","robots":{"index":"noindex","follow":"follow","max-snippet":"max-snippet:-1","max-image-preview":"max-image-preview:large","max-video-preview":"max-video-preview:-1"},"og_locale":"de_DE","og_type":"article","og_title":"Thule Kindersitz Yepp Nexxt 2 Mini","og_description":"Frontsitz Leichter und sicherer Kindersitz f\u00fcr den Gep\u00e4cktr\u00e4ger mit einem modernen Design Verstellbarer Sicherheitsgurt mit maximalen Komfort und Sicherheit Erm\u00f6glicht Deinem Kind eine bequeme Fahrt im weichen und stossd\u00e4mpfenden Sitz Schnelles, einfaches und m\u00fcheloses Anschnallen Deines Kindes mit dem kindersicheren, magnetischen Sicherheitsgurtschloss Sorgt mit verstellbaren Fussst\u00fctzen und Fussschlaufen f\u00fcr perfekten Sitz, auch wenn Dein Kind [&hellip;]","og_url":"https:\/\/listings.mybikeplan.ch\/de\/produkt\/thule-kindersitz-yepp-nexxt-2-mini-mint-green\/","og_site_name":"MyBikePlan","article_modified_time":"2024-06-03T11:17:10+00:00","og_image":[{"width":1000,"height":1000,"url":"https:\/\/listings.mybikeplan.ch\/wp-content\/uploads\/2023\/07\/Thule-Yepp-Nexxt-2-Mini-Mint-Green.jpg","type":"image\/jpeg"}],"twitter_card":"summary_large_image","twitter_misc":{"Gesch\u00e4tzte Lesezeit":"1\u00a0Minute"},"schema":{"@context":"https:\/\/schema.org","@graph":[{"@type":"WebPage","@id":"https:\/\/listings.mybikeplan.ch\/de\/produkt\/thule-kindersitz-yepp-nexxt-2-mini-mint-green\/","url":"https:\/\/listings.mybikeplan.ch\/de\/produkt\/thule-kindersitz-yepp-nexxt-2-mini-mint-green\/","name":"Thule Kindersitz Yepp Nexxt 2 Mini","isPartOf":{"@id":"https:\/\/listings.mybikeplan.ch\/de\/#website"},"primaryImageOfPage":{"@id":"https:\/\/listings.mybikeplan.ch\/de\/produkt\/thule-kindersitz-yepp-nexxt-2-mini-mint-green\/#primaryimage"},"image":{"@id":"https:\/\/listings.mybikeplan.ch\/de\/produkt\/thule-kindersitz-yepp-nexxt-2-mini-mint-green\/#primaryimage"},"thumbnailUrl":"https:\/\/listings.mybikeplan.ch\/wp-content\/uploads\/2023\/07\/Thule-Yepp-Nexxt-2-Mini-Mint-Green.jpg","datePublished":"2023-07-14T12:33:27+00:00","dateModified":"2024-06-03T11:17:10+00:00","breadcrumb":{"@id":"https:\/\/listings.mybikeplan.ch\/de\/produkt\/thule-kindersitz-yepp-nexxt-2-mini-mint-green\/#breadcrumb"},"inLanguage":"de","potentialAction":[{"@type":"ReadAction","target":["https:\/\/listings.mybikeplan.ch\/de\/produkt\/thule-kindersitz-yepp-nexxt-2-mini-mint-green\/"]}]},{"@type":"ImageObject","inLanguage":"de","@id":"https:\/\/listings.mybikeplan.ch\/de\/produkt\/thule-kindersitz-yepp-nexxt-2-mini-mint-green\/#primaryimage","url":"https:\/\/listings.mybikeplan.ch\/wp-content\/uploads\/2023\/07\/Thule-Yepp-Nexxt-2-Mini-Mint-Green.jpg","contentUrl":"https:\/\/listings.mybikeplan.ch\/wp-content\/uploads\/2023\/07\/Thule-Yepp-Nexxt-2-Mini-Mint-Green.jpg","width":1000,"height":1000,"caption":"Thule Yepp Nexxt 2 Mini Mint Green"},{"@type":"BreadcrumbList","@id":"https:\/\/listings.mybikeplan.ch\/de\/produkt\/thule-kindersitz-yepp-nexxt-2-mini-mint-green\/#breadcrumb","itemListElement":[{"@type":"ListItem","position":1,"name":"Home","item":"https:\/\/listings.mybikeplan.ch\/de\/"},{"@type":"ListItem","position":2,"name":"Thule Kindersitz Yepp Nexxt 2 Mini Mint Green"}]},{"@type":"WebSite","@id":"https:\/\/listings.mybikeplan.ch\/de\/#website","url":"https:\/\/listings.mybikeplan.ch\/de\/","name":"MyBikePlan","description":"","potentialAction":[{"@type":"SearchAction","target":{"@type":"EntryPoint","urlTemplate":"https:\/\/listings.mybikeplan.ch\/de\/?s={search_term_string}"},"query-input":{"@type":"PropertyValueSpecification","valueRequired":true,"valueName":"search_term_string"}}],"inLanguage":"de"}]}},"_links":{"self":[{"href":"https:\/\/listings.mybikeplan.ch\/de\/wp-json\/wp\/v2\/product\/36255","targetHints":{"allow":["GET"]}}],"collection":[{"href":"https:\/\/listings.mybikeplan.ch\/de\/wp-json\/wp\/v2\/product"}],"about":[{"href":"https:\/\/listings.mybikeplan.ch\/de\/wp-json\/wp\/v2\/types\/product"}],"replies":[{"embeddable":true,"href":"https:\/\/listings.mybikeplan.ch\/de\/wp-json\/wp\/v2\/comments?post=36255"}],"wp:featuredmedia":[{"embeddable":true,"href":"https:\/\/listings.mybikeplan.ch\/de\/wp-json\/wp\/v2\/media\/36261"}],"wp:attachment":[{"href":"https:\/\/listings.mybikeplan.ch\/de\/wp-json\/wp\/v2\/media?parent=36255"}],"wp:term":[{"taxonomy":"product_brand","embeddable":true,"href":"https:\/\/listings.mybikeplan.ch\/de\/wp-json\/wp\/v2\/product_brand?post=36255"},{"taxonomy":"product_cat","embeddable":true,"href":"https:\/\/listings.mybikeplan.ch\/de\/wp-json\/wp\/v2\/product_cat?post=36255"},{"taxonomy":"product_tag","embeddable":true,"href":"https:\/\/listings.mybikeplan.ch\/de\/wp-json\/wp\/v2\/product_tag?post=36255"}],"curies":[{"name":"wp","href":"https:\/\/api.w.org\/{rel}","templated":true}]}}