{"id":36106,"date":"2023-07-12T12:23:46","date_gmt":"2023-07-12T12:23:46","guid":{"rendered":"https:\/\/listings.mybikeplan.ch\/?post_type=product&#038;p=36106"},"modified":"2024-10-14T08:06:45","modified_gmt":"2024-10-14T08:06:45","slug":"cilo-rivertour-ctfl06-oliv","status":"publish","type":"product","link":"https:\/\/listings.mybikeplan.ch\/de\/produkt\/cilo-rivertour-ctfl06-oliv\/","title":{"rendered":"Cilo Rivertour CTFL\u00b006 Oliv"},"content":{"rendered":"<h2><b>Die wichtigsten Fakten zum Cilo Rivertour CTFL\u00b006 auf einen Blick:<\/b><\/h2>\n<ul>\n<li style=\"font-weight: 400;\" aria-level=\"1\"><span style=\"font-weight: 400;\">Trekking E-Bike<\/span><\/li>\n<li style=\"font-weight: 400;\" aria-level=\"1\"><span style=\"font-weight: 400;\">Geeignet f\u00fcr Stadt und Land<\/span><\/li>\n<li style=\"font-weight: 400;\" aria-level=\"1\"><span style=\"font-weight: 400;\">Tiefeinstieg f\u00fcr komfortables Auf- und Absteigen<\/span><\/li>\n<\/ul>\n<h2><b>Das Cilo Rivertour CTFL\u00b006 ist perfekt f\u00fcr Dich, wenn Du:<\/b><\/h2>\n<ul>\n<li style=\"font-weight: 400;\" aria-level=\"1\"><span style=\"font-weight: 400;\">ein E-Bike f\u00fcr den Alltag, aber auch die Freizeit suchst<\/span><\/li>\n<li style=\"font-weight: 400;\" aria-level=\"1\"><span style=\"font-weight: 400;\">gerne mehr Bewegung in Dein t\u00e4gliches Leben einbauen m\u00f6chtest<\/span><\/li>\n<li style=\"font-weight: 400;\" aria-level=\"1\"><span style=\"font-weight: 400;\">ein E-Bike von einer bew\u00e4hrten Schweizer Velomarke suchst<\/span><\/li>\n<\/ul>\n<h2><b>Gr\u00f6ssenempfehlung:<\/b><\/h2>\n<ul>\n<li><span style=\"font-weight: 400;\">S: 43 cm = 160 cm &#8211; 170 cm<\/span><\/li>\n<li><span style=\"font-weight: 400;\">M: 48cm = 170cm &#8211; 185cm<\/span><\/li>\n<\/ul>\n","protected":false},"excerpt":{"rendered":"<h2><b>Cilo Rivertour CTFL\u00b006<\/b><\/h2>\n<p><span style=\"font-weight: 400;\">Ob f\u00fcr ausgedehnte Trekkingausfl\u00fcge ins Unbekannte oder Deinen t\u00e4glichen Pendelweg durch das Herz der Stadt, das Cilo Rivertour CTFL\u00b006 wird zu Deinem perfekten Gef\u00e4hrten und f\u00fcgt sich nahtlos in Deinen Lebensstil ein. Es verbindet Funktionalit\u00e4t und Stil, indem es sinnvolle Ausstattungen wie einen stabilen Gep\u00e4cktr\u00e4ger, robustes Schutzblech und eine leuchtstarke Beleuchtung bietet &#8211; Merkmale, die es zum idealen Partner f\u00fcr den st\u00e4dtischen Gebrauch machen.<\/span><\/p>\n<p><span style=\"font-weight: 400;\">Aber damit noch nicht genug: Trotz seiner st\u00e4dtischen Annehmlichkeiten ist das Cilo Rivertour CTFL\u00b006 bestens ger\u00fcstet f\u00fcr spannende Velotouren und ausgedehnte Ausfahrten auf dem Land. Dank der hochwertigen RST Pulse Air Federgabel mit einem beeindruckenden Federweg von 100 mm, dem gefederten Hinterbau und den verl\u00e4sslichen Schwalbe Smart Sam Pneus bist Du f\u00fcr jede Art von Gel\u00e4nde ger\u00fcstet. Schlagl\u00f6cher, Kieselsteine oder schlammige Wege &#8211; nichts kann Deine Fahrt stoppen.<\/span><\/p>\n<p><span style=\"font-weight: 400;\">Unterst\u00fctzt wirst Du von dem Shimano E6100 Motor, der sich durch sein besonders angenehmes und gleichm\u00e4ssiges Ansprechverhalten auszeichnet. Mit seinen kraftvollen 60 Nm sorgt er daf\u00fcr, dass Du auch an steilen H\u00e4ngen m\u00fchelos vorankommst. So kannst Du jeden Ausflug in vollen Z\u00fcgen geniessen, ohne Dich \u00fcberm\u00e4ssig anzustrengen.<\/span><\/p>\n<p><span style=\"font-weight: 400;\">Das Cilo Rivertour CTFL E-Bike wird Dich nicht nur mit seiner Leistung \u00fcberzeugen, sondern auch mit seinem Aussehen. Es strahlt Eleganz aus und punktet mit seinem aufger\u00e4umten Design, das definitiv ins Auge f\u00e4llt. Der schlanke, formsch\u00f6ne Unisex-Aluminiumrahmen ist in den Gr\u00f6ssen 43 cm und 48 cm erh\u00e4ltlich und bietet somit f\u00fcr jede K\u00f6rpergr\u00f6sse und -form eine passende Option. Das E-Bike ist ein Tiefeinstieg-Modell, sprich: Das Auf- und Absteigen vom Velo ist einfach und komfortabel m\u00f6glich.<\/span><\/p>\n<p><span style=\"font-weight: 400;\">Mit dem Cilo Rivertour CTFL\u00b006 hast Du ein zuverl\u00e4ssiges und stilvolles E-Bike, das Deine Mobilit\u00e4t auf ein neues Level heben wird.<\/span><\/p>\n<h2><\/h2>\n<h2><b>\u00dcber die Marke Cilo<\/b><\/h2>\n<p><span style=\"font-weight: 400;\">Cilo ist die f\u00fchrende Schweizer Fahrradmarke. Das Unternehmen wurde 1904 gegr\u00fcndet und verf\u00fcgt \u00fcber ein grosses Know-how und tief verwurzelte Werte, die bis heute verfolgt werden. So entwickelt Cilo sich st\u00e4ndig weiter und m\u00f6chte der Kundschaft das h\u00f6chste Mass an Komfort und Funktionalit\u00e4t bieten. Das Angebot ist breit gef\u00e4chert und umfasst Mountainbikes, Trekkingbikes und Citybikes.\u00a0<\/span><\/p>\n","protected":false},"featured_media":34894,"comment_status":"open","ping_status":"closed","template":"","meta":{"_acf_changed":false},"product_brand":[],"product_cat":[583,15,578,2089,23,3249,579,76,4481,7789,580],"product_tag":[],"class_list":{"0":"post-36106","1":"product","2":"type-product","3":"status-publish","4":"has-post-thumbnail","6":"product_cat-25-km","7":"product_cat-alle-e-bikes","8":"product_cat-damen","9":"product_cat-e-bikes","10":"product_cat-e-trekking","11":"product_cat-gruen","12":"product_cat-herren","13":"product_cat-marke-cilo","14":"product_cat-mybikeplan","15":"product_cat-swiss-made","16":"product_cat-wave","17":"pa_attachments-trailer-connection","18":"pa_battery-shimano-bt-e8036-630-wh","19":"pa_battery-size-630-wh","20":"pa_brakes-shimano-br-mt200-hydr-disc-brake","21":"pa_brakes-front-shimano-br-mt200-hydr-disc-brake-180mm","22":"pa_brand-cilo","23":"pa_display-shimano-sc-e6100","24":"pa_filters-color-gruen","25":"pa_fork-rst-pulse-air-federgabel-tnl-mit-lockout-100mm-federweg","26":"pa_frame-variant-wave","27":"pa_gear-change-shimano-deore-rd-m6000-12-gang-schaltung","28":"pa_hex-color-c9c1a7-produkt-cilo-rivertour-ctfl06-oliv","29":"pa_hex-color-ceeddf-produkt-cilo-rivertour-ctfl06-polar-green","30":"pa_max-weight-130-kg","31":"pa_motor-shimano-steps-e6100","32":"pa_motor-brand-shimano","33":"pa_range-80-km","34":"pa_rider-height-160-165-cm","35":"pa_rider-height-165-170-cm","36":"pa_rider-height-170-175-cm","37":"pa_rider-height-175-180-cm","38":"pa_rider-height-180-185-cm","39":"pa_seat-tube-length-s-43cm","40":"pa_seat-tube-length-m-48cm","41":"pa_sizes-m","42":"pa_sizes-s","43":"pa_speed-25-km-stunde","44":"pa_suspension-travel-100mm","45":"pa_tires-schwalbe-smart-sam-k-guard-60-584","46":"pa_trailer-compatibility-fuer-die-montage-des-anhaengers-muss-die-achse-gewechselt-werden","48":"first","49":"onbackorder","50":"shipping-taxable","51":"purchasable","52":"product-type-variable"},"acf":{"short_description":"Cilo Rivertour CTFL\u00b006 ist ein zuverl\u00e4ssiges Trekking E-Bike von der bew\u00e4hrten Schweizer Velomarke Cilo. Es begleitet Dich nicht nur im Alltag, sondern auch dar\u00fcber hinaus zuverl\u00e4ssig \u00fcber Berg und Stein.\r\n","bike_name":"Cilo Rivertour CTFL\u00b006","highlight_text":"","frame":"","battery_size":"","motor_strength":""},"yoast_head":"<!-- This site is optimized with the Yoast SEO plugin v24.5 - https:\/\/yoast.com\/wordpress\/plugins\/seo\/ -->\n<title>Cilo Rivertour CTFL\u00b006 | Ab CHF 88 im Monat | 0% Zins<\/title>\n<meta name=\"description\" content=\"Bestelle jetzt das Cilo Rivertour CTFL\u00b006 ab CHF 88 pro Monat! Zahle mit zinsfreier Ratenzahlung und geniesse unsere gratis Heimlieferung.\" \/>\n<meta name=\"robots\" content=\"noindex, follow, max-snippet:-1, max-image-preview:large, max-video-preview:-1\" \/>\n<meta property=\"og:locale\" content=\"de_DE\" \/>\n<meta property=\"og:type\" content=\"article\" \/>\n<meta property=\"og:title\" content=\"Cilo Rivertour CTFL\u00b006 | Ab CHF 88 im Monat | 0% Zins\" \/>\n<meta property=\"og:description\" content=\"Bestelle jetzt das Cilo Rivertour CTFL\u00b006 ab CHF 88 pro Monat! Zahle mit zinsfreier Ratenzahlung und geniesse unsere gratis Heimlieferung.\" \/>\n<meta property=\"og:url\" content=\"https:\/\/listings.mybikeplan.ch\/de\/produkt\/cilo-rivertour-ctfl06-oliv\/\" \/>\n<meta property=\"og:site_name\" content=\"MyBikePlan\" \/>\n<meta property=\"article:modified_time\" content=\"2024-10-14T08:06:45+00:00\" \/>\n<meta property=\"og:image\" content=\"https:\/\/listings.mybikeplan.ch\/wp-content\/uploads\/2023\/06\/Cilo-Rivertour-CTFL\u00b006.jpg\" \/>\n\t<meta property=\"og:image:width\" content=\"1000\" \/>\n\t<meta property=\"og:image:height\" content=\"1000\" \/>\n\t<meta property=\"og:image:type\" content=\"image\/jpeg\" \/>\n<meta name=\"twitter:card\" content=\"summary_large_image\" \/>\n<meta name=\"twitter:label1\" content=\"Gesch\u00e4tzte Lesezeit\" \/>\n\t<meta name=\"twitter:data1\" content=\"1\u00a0Minute\" \/>\n<script type=\"application\/ld+json\" class=\"yoast-schema-graph\">{\"@context\":\"https:\/\/schema.org\",\"@graph\":[{\"@type\":\"WebPage\",\"@id\":\"https:\/\/listings.mybikeplan.ch\/de\/produkt\/cilo-rivertour-ctfl06-oliv\/\",\"url\":\"https:\/\/listings.mybikeplan.ch\/de\/produkt\/cilo-rivertour-ctfl06-oliv\/\",\"name\":\"Cilo Rivertour CTFL\u00b006 | Ab CHF 88 im Monat | 0% Zins\",\"isPartOf\":{\"@id\":\"https:\/\/listings.mybikeplan.ch\/de\/#website\"},\"primaryImageOfPage\":{\"@id\":\"https:\/\/listings.mybikeplan.ch\/de\/produkt\/cilo-rivertour-ctfl06-oliv\/#primaryimage\"},\"image\":{\"@id\":\"https:\/\/listings.mybikeplan.ch\/de\/produkt\/cilo-rivertour-ctfl06-oliv\/#primaryimage\"},\"thumbnailUrl\":\"https:\/\/listings.mybikeplan.ch\/wp-content\/uploads\/2023\/06\/Cilo-Rivertour-CTFL\u00b006.jpg\",\"datePublished\":\"2023-07-12T12:23:46+00:00\",\"dateModified\":\"2024-10-14T08:06:45+00:00\",\"description\":\"Bestelle jetzt das Cilo Rivertour CTFL\u00b006 ab CHF 88 pro Monat! Zahle mit zinsfreier Ratenzahlung und geniesse unsere gratis Heimlieferung.\",\"breadcrumb\":{\"@id\":\"https:\/\/listings.mybikeplan.ch\/de\/produkt\/cilo-rivertour-ctfl06-oliv\/#breadcrumb\"},\"inLanguage\":\"de\",\"potentialAction\":[{\"@type\":\"ReadAction\",\"target\":[\"https:\/\/listings.mybikeplan.ch\/de\/produkt\/cilo-rivertour-ctfl06-oliv\/\"]}]},{\"@type\":\"ImageObject\",\"inLanguage\":\"de\",\"@id\":\"https:\/\/listings.mybikeplan.ch\/de\/produkt\/cilo-rivertour-ctfl06-oliv\/#primaryimage\",\"url\":\"https:\/\/listings.mybikeplan.ch\/wp-content\/uploads\/2023\/06\/Cilo-Rivertour-CTFL\u00b006.jpg\",\"contentUrl\":\"https:\/\/listings.mybikeplan.ch\/wp-content\/uploads\/2023\/06\/Cilo-Rivertour-CTFL\u00b006.jpg\",\"width\":1000,\"height\":1000,\"caption\":\"Cilo Rivertour CTFL\u00b006 Oliv\"},{\"@type\":\"BreadcrumbList\",\"@id\":\"https:\/\/listings.mybikeplan.ch\/de\/produkt\/cilo-rivertour-ctfl06-oliv\/#breadcrumb\",\"itemListElement\":[{\"@type\":\"ListItem\",\"position\":1,\"name\":\"Home\",\"item\":\"https:\/\/listings.mybikeplan.ch\/de\/\"},{\"@type\":\"ListItem\",\"position\":2,\"name\":\"Cilo Rivertour CTFL\u00b006 Oliv\"}]},{\"@type\":\"WebSite\",\"@id\":\"https:\/\/listings.mybikeplan.ch\/de\/#website\",\"url\":\"https:\/\/listings.mybikeplan.ch\/de\/\",\"name\":\"MyBikePlan\",\"description\":\"\",\"potentialAction\":[{\"@type\":\"SearchAction\",\"target\":{\"@type\":\"EntryPoint\",\"urlTemplate\":\"https:\/\/listings.mybikeplan.ch\/de\/?s={search_term_string}\"},\"query-input\":{\"@type\":\"PropertyValueSpecification\",\"valueRequired\":true,\"valueName\":\"search_term_string\"}}],\"inLanguage\":\"de\"}]}<\/script>\n<!-- \/ Yoast SEO plugin. -->","yoast_head_json":{"title":"Cilo Rivertour CTFL\u00b006 | Ab CHF 88 im Monat | 0% Zins","description":"Bestelle jetzt das Cilo Rivertour CTFL\u00b006 ab CHF 88 pro Monat! Zahle mit zinsfreier Ratenzahlung und geniesse unsere gratis Heimlieferung.","robots":{"index":"noindex","follow":"follow","max-snippet":"max-snippet:-1","max-image-preview":"max-image-preview:large","max-video-preview":"max-video-preview:-1"},"og_locale":"de_DE","og_type":"article","og_title":"Cilo Rivertour CTFL\u00b006 | Ab CHF 88 im Monat | 0% Zins","og_description":"Bestelle jetzt das Cilo Rivertour CTFL\u00b006 ab CHF 88 pro Monat! Zahle mit zinsfreier Ratenzahlung und geniesse unsere gratis Heimlieferung.","og_url":"https:\/\/listings.mybikeplan.ch\/de\/produkt\/cilo-rivertour-ctfl06-oliv\/","og_site_name":"MyBikePlan","article_modified_time":"2024-10-14T08:06:45+00:00","og_image":[{"width":1000,"height":1000,"url":"https:\/\/listings.mybikeplan.ch\/wp-content\/uploads\/2023\/06\/Cilo-Rivertour-CTFL\u00b006.jpg","type":"image\/jpeg"}],"twitter_card":"summary_large_image","twitter_misc":{"Gesch\u00e4tzte Lesezeit":"1\u00a0Minute"},"schema":{"@context":"https:\/\/schema.org","@graph":[{"@type":"WebPage","@id":"https:\/\/listings.mybikeplan.ch\/de\/produkt\/cilo-rivertour-ctfl06-oliv\/","url":"https:\/\/listings.mybikeplan.ch\/de\/produkt\/cilo-rivertour-ctfl06-oliv\/","name":"Cilo Rivertour CTFL\u00b006 | Ab CHF 88 im Monat | 0% Zins","isPartOf":{"@id":"https:\/\/listings.mybikeplan.ch\/de\/#website"},"primaryImageOfPage":{"@id":"https:\/\/listings.mybikeplan.ch\/de\/produkt\/cilo-rivertour-ctfl06-oliv\/#primaryimage"},"image":{"@id":"https:\/\/listings.mybikeplan.ch\/de\/produkt\/cilo-rivertour-ctfl06-oliv\/#primaryimage"},"thumbnailUrl":"https:\/\/listings.mybikeplan.ch\/wp-content\/uploads\/2023\/06\/Cilo-Rivertour-CTFL\u00b006.jpg","datePublished":"2023-07-12T12:23:46+00:00","dateModified":"2024-10-14T08:06:45+00:00","description":"Bestelle jetzt das Cilo Rivertour CTFL\u00b006 ab CHF 88 pro Monat! Zahle mit zinsfreier Ratenzahlung und geniesse unsere gratis Heimlieferung.","breadcrumb":{"@id":"https:\/\/listings.mybikeplan.ch\/de\/produkt\/cilo-rivertour-ctfl06-oliv\/#breadcrumb"},"inLanguage":"de","potentialAction":[{"@type":"ReadAction","target":["https:\/\/listings.mybikeplan.ch\/de\/produkt\/cilo-rivertour-ctfl06-oliv\/"]}]},{"@type":"ImageObject","inLanguage":"de","@id":"https:\/\/listings.mybikeplan.ch\/de\/produkt\/cilo-rivertour-ctfl06-oliv\/#primaryimage","url":"https:\/\/listings.mybikeplan.ch\/wp-content\/uploads\/2023\/06\/Cilo-Rivertour-CTFL\u00b006.jpg","contentUrl":"https:\/\/listings.mybikeplan.ch\/wp-content\/uploads\/2023\/06\/Cilo-Rivertour-CTFL\u00b006.jpg","width":1000,"height":1000,"caption":"Cilo Rivertour CTFL\u00b006 Oliv"},{"@type":"BreadcrumbList","@id":"https:\/\/listings.mybikeplan.ch\/de\/produkt\/cilo-rivertour-ctfl06-oliv\/#breadcrumb","itemListElement":[{"@type":"ListItem","position":1,"name":"Home","item":"https:\/\/listings.mybikeplan.ch\/de\/"},{"@type":"ListItem","position":2,"name":"Cilo Rivertour CTFL\u00b006 Oliv"}]},{"@type":"WebSite","@id":"https:\/\/listings.mybikeplan.ch\/de\/#website","url":"https:\/\/listings.mybikeplan.ch\/de\/","name":"MyBikePlan","description":"","potentialAction":[{"@type":"SearchAction","target":{"@type":"EntryPoint","urlTemplate":"https:\/\/listings.mybikeplan.ch\/de\/?s={search_term_string}"},"query-input":{"@type":"PropertyValueSpecification","valueRequired":true,"valueName":"search_term_string"}}],"inLanguage":"de"}]}},"_links":{"self":[{"href":"https:\/\/listings.mybikeplan.ch\/de\/wp-json\/wp\/v2\/product\/36106","targetHints":{"allow":["GET"]}}],"collection":[{"href":"https:\/\/listings.mybikeplan.ch\/de\/wp-json\/wp\/v2\/product"}],"about":[{"href":"https:\/\/listings.mybikeplan.ch\/de\/wp-json\/wp\/v2\/types\/product"}],"replies":[{"embeddable":true,"href":"https:\/\/listings.mybikeplan.ch\/de\/wp-json\/wp\/v2\/comments?post=36106"}],"wp:featuredmedia":[{"embeddable":true,"href":"https:\/\/listings.mybikeplan.ch\/de\/wp-json\/wp\/v2\/media\/34894"}],"wp:attachment":[{"href":"https:\/\/listings.mybikeplan.ch\/de\/wp-json\/wp\/v2\/media?parent=36106"}],"wp:term":[{"taxonomy":"product_brand","embeddable":true,"href":"https:\/\/listings.mybikeplan.ch\/de\/wp-json\/wp\/v2\/product_brand?post=36106"},{"taxonomy":"product_cat","embeddable":true,"href":"https:\/\/listings.mybikeplan.ch\/de\/wp-json\/wp\/v2\/product_cat?post=36106"},{"taxonomy":"product_tag","embeddable":true,"href":"https:\/\/listings.mybikeplan.ch\/de\/wp-json\/wp\/v2\/product_tag?post=36106"}],"curies":[{"name":"wp","href":"https:\/\/api.w.org\/{rel}","templated":true}]}}