{"id":35330,"date":"2023-06-21T11:23:17","date_gmt":"2023-06-21T11:23:17","guid":{"rendered":"https:\/\/listings.mybikeplan.ch\/?post_type=product&#038;p=35330"},"modified":"2024-04-15T07:49:35","modified_gmt":"2024-04-15T07:49:35","slug":"specialized-turbo-como-sl-4-0-red","status":"publish","type":"product","link":"https:\/\/listings.mybikeplan.ch\/de\/produkt\/specialized-turbo-como-sl-4-0-red\/","title":{"rendered":"Specialized Turbo Como SL 4.0"},"content":{"rendered":"<h2><b>Das Wichtigste zum Specialized Turbo Como SL 4.0 auf einen Blick:<\/b><\/h2>\n<ul>\n<li style=\"font-weight: 400;\" aria-level=\"1\"><span style=\"font-weight: 400;\">Leichtes und wendiges City E-Bike<\/span><\/li>\n<li style=\"font-weight: 400;\" aria-level=\"1\"><span style=\"font-weight: 400;\">Ein echter Packesel, ausgestattet mit einem Front-Gep\u00e4cktr\u00e4ger, den Du mit bis zu 15 kg beladen kannst<\/span><\/li>\n<li style=\"font-weight: 400;\" aria-level=\"1\"><span style=\"font-weight: 400;\">M\u00f6glichkeit, einen Range Extender zu verbauen, um noch weiter zu kommen<\/span><\/li>\n<\/ul>\n<h2><\/h2>\n<h2><b>Das Specialized Turbo Como SL 4.0 ist perfekt f\u00fcr Dich, wenn Du:<\/b><\/h2>\n<ul>\n<li style=\"font-weight: 400;\" aria-level=\"1\"><span style=\"font-weight: 400;\">in der Stadt oder der Agglomeration lebst<\/span><\/li>\n<li style=\"font-weight: 400;\" aria-level=\"1\"><span style=\"font-weight: 400;\">k\u00fcnftig schneller und nachhaltiger vorw\u00e4rtskommen m\u00f6chtest<\/span><\/li>\n<li style=\"font-weight: 400;\" aria-level=\"1\"><span style=\"font-weight: 400;\">ein Begleiter f\u00fcr alle F\u00e4lle suchst<\/span><\/li>\n<\/ul>\n<h2><\/h2>\n<h2><b>Gr\u00f6ssenempfehlung:<\/b><\/h2>\n<p><span style=\"font-weight: 400;\">S: 150 &#8211; 165 cm<\/span><\/p>\n<p><span style=\"font-weight: 400;\">M: 165 &#8211; 178 cm<\/span><\/p>\n<p><span style=\"font-weight: 400;\">L: 178 &#8211; 190 cm<\/span><\/p>\n","protected":false},"excerpt":{"rendered":"<h2><b>Specialized Turbo Como SL 4.0<\/b><\/h2>\n<p><span style=\"font-weight: 400;\">Erobere den Urban Jungle mit dem Specialized Turbo Como SL 4.0! Dieses superleichte City E-Bike wiegt gerade mal 22 Kilogramm und ist damit ein deutliches Leichtgewicht unter anderen E-Bikes. Es ist wartungsarm, zuverl\u00e4ssig und bestens ausgestattet f\u00fcr den t\u00e4glichen Pendlerweg, Treffen mit Freund*innen oder spontane Ausfl\u00fcge. Trage es m\u00fchelos die Treppe hinunter, geniesse eine Stadtrundfahrt und belade es mit allen Lebensnotwendigkeiten, die deine Tage versch\u00f6nern \u2013 dank des praktischen Front-Gep\u00e4cktr\u00e4gers mit einer Belastung von bis zu 15 kg!\u00a0<\/span><\/p>\n<p><span style=\"font-weight: 400;\">Das Specialized Turbo Como SL 4.0 verf\u00fcgt \u00fcber eine Shimano Nexus 5-Gang-Nabenschaltung und einen Kettenantrieb. Ein voll integrierter 320-Wh-Akku bringt Dich zuverl\u00e4ssig von A nach B. Optional kann dieser auch mit einem Range Extender f\u00fcr maximale Reichweite ausgestattet werden.\u00a0<\/span><\/p>\n<p><span style=\"font-weight: 400;\">Der Specialized SL 1.1 Motor bietet eine Spitzenleistung von 240 W \/ 35 Nm und verdoppelt deine Trittkraft, mit Unterst\u00fctzung bis zu 25 km\/h. Um f\u00fcr optimale Sichtbarkeit zu sorgen, besitzt das Specialized Turbo Como SL 4.0 integrierte Vorder- und R\u00fccklichter. Die interne Kabelf\u00fchrung, reflektierende Grafiken und hydraulische Scheibenbremsen sorgen f\u00fcr maximale Sicherheit, wenn Du in der Stadt unterwegs bist. Das Fahrrad ist mit robusten 27.5&#8243;-Laufr\u00e4dern und Nimbus 2.3&#8243;-Reifen ausgestattet, die optimalen Grip und Pannenschutz bieten.<\/span><\/p>\n<h2><\/h2>\n<h2><b>\u00dcber Specialized<\/b><\/h2>\n<p><span style=\"font-weight: 400;\">\u201cVon Ridern, f\u00fcr Rider\u201d \u2013 laut diesem Motto entwickelt Specialized E-Bikes, die genau auf die Bed\u00fcrfnisse von Velofahrer*innen abgestimmt sind. Mit seiner Leidenschaft f\u00fcr Innovation und seinem Engagement f\u00fcr Spitzenleistungen hat sich das Unternehmen zu einem der f\u00fchrenden Namen in der Welt des Radsports entwickelt. Von St\u00e4dtern und Pendler \u00fcber Mountainbiker bis hin zu Triathleten: Specialized hat f\u00fcr alle etwas im Programm.<\/span><\/p>\n","protected":false},"featured_media":35111,"comment_status":"open","ping_status":"closed","template":"","meta":{"_acf_changed":false},"product_brand":[],"product_cat":[583,15,578,2089,21,579,3652,4481,3252],"product_tag":[],"class_list":{"0":"post-35330","1":"product","2":"type-product","3":"status-publish","4":"has-post-thumbnail","6":"product_cat-25-km","7":"product_cat-alle-e-bikes","8":"product_cat-damen","9":"product_cat-e-bikes","10":"product_cat-e-urban","11":"product_cat-herren","12":"product_cat-marke-specialized","13":"product_cat-mybikeplan","14":"product_cat-rot","15":"pa_attachments-trailer-connection","16":"pa_battery-specialized-sl1-320-fully-integrated-320wh","17":"pa_battery-size-320-wh","18":"pa_brand-specialized","19":"pa_display-specialized-tcu-10-led-state-of-charge-3-led-ride-mode-display-ant-bluetooth","20":"pa_filters-color-rot","21":"pa_frame-variant-trapez","22":"pa_hex-color-60072a","23":"pa_hex-color-989697-produkt-specialized-turbo-como-sl-4-0-light-grey","24":"pa_max-weight-120-kg","25":"pa_motor-specialized-sl-1-1-custom-lightweight-motor","26":"pa_motor-brand-specialized","27":"pa_range-80-km","28":"pa_rider-height-165-170-cm","29":"pa_rider-height-170-175-cm","30":"pa_rider-height-175-180-cm","31":"pa_rider-height-180-185-cm","32":"pa_rider-height-185-190-cm","33":"pa_seat-tube-length-l","34":"pa_seat-tube-length-m","35":"pa_sizes-l","36":"pa_sizes-m","37":"pa_speed-25-km-stunde","39":"first","40":"instock","41":"sale","42":"shipping-taxable","43":"purchasable","44":"product-type-variable"},"acf":{"short_description":"Das Specialized Turbo Como SL 4.0 ist dein perfekter Begleiter f\u00fcr ungezwungene Abenteuer in der Stadt! Als Leichtgewicht kannst Du es m\u00fchelos die Treppe hinuntertragen und mit allen Lebensnotwendigkeiten beladen.","bike_name":"Specialized Turbo Como SL 4.0","highlight_text":"","frame":"","battery_size":"","motor_strength":""},"yoast_head":"<!-- This site is optimized with the Yoast SEO plugin v24.5 - https:\/\/yoast.com\/wordpress\/plugins\/seo\/ -->\n<title>Specialized Turbo Como SL 4.0 | E-Bike Schweiz | 0% Ratenzahlung<\/title>\n<meta name=\"description\" content=\"Hol Dir das Specialized Turbo Como SL 4.0 und zahle ganz bequem in monatlichen Raten mit 0 % Zins ab! Jetzt profitieren und sofort losfahren.\" \/>\n<meta name=\"robots\" content=\"noindex, follow, max-snippet:-1, max-image-preview:large, max-video-preview:-1\" \/>\n<meta property=\"og:locale\" content=\"de_DE\" \/>\n<meta property=\"og:type\" content=\"article\" \/>\n<meta property=\"og:title\" content=\"Specialized Turbo Como SL 4.0 | E-Bike Schweiz | 0% Ratenzahlung\" \/>\n<meta property=\"og:description\" content=\"Hol Dir das Specialized Turbo Como SL 4.0 und zahle ganz bequem in monatlichen Raten mit 0 % Zins ab! Jetzt profitieren und sofort losfahren.\" \/>\n<meta property=\"og:url\" content=\"https:\/\/listings.mybikeplan.ch\/de\/produkt\/specialized-turbo-como-sl-4-0-red\/\" \/>\n<meta property=\"og:site_name\" content=\"MyBikePlan\" \/>\n<meta property=\"article:modified_time\" content=\"2024-04-15T07:49:35+00:00\" \/>\n<meta property=\"og:image\" content=\"https:\/\/listings.mybikeplan.ch\/wp-content\/uploads\/2023\/06\/Turbo-Como-SL-4.0-Raspberry.jpg\" \/>\n\t<meta property=\"og:image:width\" content=\"1000\" \/>\n\t<meta property=\"og:image:height\" content=\"1000\" \/>\n\t<meta property=\"og:image:type\" content=\"image\/jpeg\" \/>\n<meta name=\"twitter:card\" content=\"summary_large_image\" \/>\n<meta name=\"twitter:label1\" content=\"Gesch\u00e4tzte Lesezeit\" \/>\n\t<meta name=\"twitter:data1\" content=\"1\u00a0Minute\" \/>\n<script type=\"application\/ld+json\" class=\"yoast-schema-graph\">{\"@context\":\"https:\/\/schema.org\",\"@graph\":[{\"@type\":\"WebPage\",\"@id\":\"https:\/\/listings.mybikeplan.ch\/de\/produkt\/specialized-turbo-como-sl-4-0-red\/\",\"url\":\"https:\/\/listings.mybikeplan.ch\/de\/produkt\/specialized-turbo-como-sl-4-0-red\/\",\"name\":\"Specialized Turbo Como SL 4.0 | E-Bike Schweiz | 0% Ratenzahlung\",\"isPartOf\":{\"@id\":\"https:\/\/listings.mybikeplan.ch\/de\/#website\"},\"primaryImageOfPage\":{\"@id\":\"https:\/\/listings.mybikeplan.ch\/de\/produkt\/specialized-turbo-como-sl-4-0-red\/#primaryimage\"},\"image\":{\"@id\":\"https:\/\/listings.mybikeplan.ch\/de\/produkt\/specialized-turbo-como-sl-4-0-red\/#primaryimage\"},\"thumbnailUrl\":\"https:\/\/listings.mybikeplan.ch\/wp-content\/uploads\/2023\/06\/Turbo-Como-SL-4.0-Raspberry.jpg\",\"datePublished\":\"2023-06-21T11:23:17+00:00\",\"dateModified\":\"2024-04-15T07:49:35+00:00\",\"description\":\"Hol Dir das Specialized Turbo Como SL 4.0 und zahle ganz bequem in monatlichen Raten mit 0 % Zins ab! Jetzt profitieren und sofort losfahren.\",\"breadcrumb\":{\"@id\":\"https:\/\/listings.mybikeplan.ch\/de\/produkt\/specialized-turbo-como-sl-4-0-red\/#breadcrumb\"},\"inLanguage\":\"de\",\"potentialAction\":[{\"@type\":\"ReadAction\",\"target\":[\"https:\/\/listings.mybikeplan.ch\/de\/produkt\/specialized-turbo-como-sl-4-0-red\/\"]}]},{\"@type\":\"ImageObject\",\"inLanguage\":\"de\",\"@id\":\"https:\/\/listings.mybikeplan.ch\/de\/produkt\/specialized-turbo-como-sl-4-0-red\/#primaryimage\",\"url\":\"https:\/\/listings.mybikeplan.ch\/wp-content\/uploads\/2023\/06\/Turbo-Como-SL-4.0-Raspberry.jpg\",\"contentUrl\":\"https:\/\/listings.mybikeplan.ch\/wp-content\/uploads\/2023\/06\/Turbo-Como-SL-4.0-Raspberry.jpg\",\"width\":1000,\"height\":1000,\"caption\":\"Turbo Como SL 4.0 Raspberry\"},{\"@type\":\"BreadcrumbList\",\"@id\":\"https:\/\/listings.mybikeplan.ch\/de\/produkt\/specialized-turbo-como-sl-4-0-red\/#breadcrumb\",\"itemListElement\":[{\"@type\":\"ListItem\",\"position\":1,\"name\":\"Home\",\"item\":\"https:\/\/listings.mybikeplan.ch\/de\/\"},{\"@type\":\"ListItem\",\"position\":2,\"name\":\"Specialized Turbo Como SL 4.0\"}]},{\"@type\":\"WebSite\",\"@id\":\"https:\/\/listings.mybikeplan.ch\/de\/#website\",\"url\":\"https:\/\/listings.mybikeplan.ch\/de\/\",\"name\":\"MyBikePlan\",\"description\":\"\",\"potentialAction\":[{\"@type\":\"SearchAction\",\"target\":{\"@type\":\"EntryPoint\",\"urlTemplate\":\"https:\/\/listings.mybikeplan.ch\/de\/?s={search_term_string}\"},\"query-input\":{\"@type\":\"PropertyValueSpecification\",\"valueRequired\":true,\"valueName\":\"search_term_string\"}}],\"inLanguage\":\"de\"}]}<\/script>\n<!-- \/ Yoast SEO plugin. -->","yoast_head_json":{"title":"Specialized Turbo Como SL 4.0 | E-Bike Schweiz | 0% Ratenzahlung","description":"Hol Dir das Specialized Turbo Como SL 4.0 und zahle ganz bequem in monatlichen Raten mit 0 % Zins ab! Jetzt profitieren und sofort losfahren.","robots":{"index":"noindex","follow":"follow","max-snippet":"max-snippet:-1","max-image-preview":"max-image-preview:large","max-video-preview":"max-video-preview:-1"},"og_locale":"de_DE","og_type":"article","og_title":"Specialized Turbo Como SL 4.0 | E-Bike Schweiz | 0% Ratenzahlung","og_description":"Hol Dir das Specialized Turbo Como SL 4.0 und zahle ganz bequem in monatlichen Raten mit 0 % Zins ab! Jetzt profitieren und sofort losfahren.","og_url":"https:\/\/listings.mybikeplan.ch\/de\/produkt\/specialized-turbo-como-sl-4-0-red\/","og_site_name":"MyBikePlan","article_modified_time":"2024-04-15T07:49:35+00:00","og_image":[{"width":1000,"height":1000,"url":"https:\/\/listings.mybikeplan.ch\/wp-content\/uploads\/2023\/06\/Turbo-Como-SL-4.0-Raspberry.jpg","type":"image\/jpeg"}],"twitter_card":"summary_large_image","twitter_misc":{"Gesch\u00e4tzte Lesezeit":"1\u00a0Minute"},"schema":{"@context":"https:\/\/schema.org","@graph":[{"@type":"WebPage","@id":"https:\/\/listings.mybikeplan.ch\/de\/produkt\/specialized-turbo-como-sl-4-0-red\/","url":"https:\/\/listings.mybikeplan.ch\/de\/produkt\/specialized-turbo-como-sl-4-0-red\/","name":"Specialized Turbo Como SL 4.0 | E-Bike Schweiz | 0% Ratenzahlung","isPartOf":{"@id":"https:\/\/listings.mybikeplan.ch\/de\/#website"},"primaryImageOfPage":{"@id":"https:\/\/listings.mybikeplan.ch\/de\/produkt\/specialized-turbo-como-sl-4-0-red\/#primaryimage"},"image":{"@id":"https:\/\/listings.mybikeplan.ch\/de\/produkt\/specialized-turbo-como-sl-4-0-red\/#primaryimage"},"thumbnailUrl":"https:\/\/listings.mybikeplan.ch\/wp-content\/uploads\/2023\/06\/Turbo-Como-SL-4.0-Raspberry.jpg","datePublished":"2023-06-21T11:23:17+00:00","dateModified":"2024-04-15T07:49:35+00:00","description":"Hol Dir das Specialized Turbo Como SL 4.0 und zahle ganz bequem in monatlichen Raten mit 0 % Zins ab! Jetzt profitieren und sofort losfahren.","breadcrumb":{"@id":"https:\/\/listings.mybikeplan.ch\/de\/produkt\/specialized-turbo-como-sl-4-0-red\/#breadcrumb"},"inLanguage":"de","potentialAction":[{"@type":"ReadAction","target":["https:\/\/listings.mybikeplan.ch\/de\/produkt\/specialized-turbo-como-sl-4-0-red\/"]}]},{"@type":"ImageObject","inLanguage":"de","@id":"https:\/\/listings.mybikeplan.ch\/de\/produkt\/specialized-turbo-como-sl-4-0-red\/#primaryimage","url":"https:\/\/listings.mybikeplan.ch\/wp-content\/uploads\/2023\/06\/Turbo-Como-SL-4.0-Raspberry.jpg","contentUrl":"https:\/\/listings.mybikeplan.ch\/wp-content\/uploads\/2023\/06\/Turbo-Como-SL-4.0-Raspberry.jpg","width":1000,"height":1000,"caption":"Turbo Como SL 4.0 Raspberry"},{"@type":"BreadcrumbList","@id":"https:\/\/listings.mybikeplan.ch\/de\/produkt\/specialized-turbo-como-sl-4-0-red\/#breadcrumb","itemListElement":[{"@type":"ListItem","position":1,"name":"Home","item":"https:\/\/listings.mybikeplan.ch\/de\/"},{"@type":"ListItem","position":2,"name":"Specialized Turbo Como SL 4.0"}]},{"@type":"WebSite","@id":"https:\/\/listings.mybikeplan.ch\/de\/#website","url":"https:\/\/listings.mybikeplan.ch\/de\/","name":"MyBikePlan","description":"","potentialAction":[{"@type":"SearchAction","target":{"@type":"EntryPoint","urlTemplate":"https:\/\/listings.mybikeplan.ch\/de\/?s={search_term_string}"},"query-input":{"@type":"PropertyValueSpecification","valueRequired":true,"valueName":"search_term_string"}}],"inLanguage":"de"}]}},"_links":{"self":[{"href":"https:\/\/listings.mybikeplan.ch\/de\/wp-json\/wp\/v2\/product\/35330","targetHints":{"allow":["GET"]}}],"collection":[{"href":"https:\/\/listings.mybikeplan.ch\/de\/wp-json\/wp\/v2\/product"}],"about":[{"href":"https:\/\/listings.mybikeplan.ch\/de\/wp-json\/wp\/v2\/types\/product"}],"replies":[{"embeddable":true,"href":"https:\/\/listings.mybikeplan.ch\/de\/wp-json\/wp\/v2\/comments?post=35330"}],"wp:featuredmedia":[{"embeddable":true,"href":"https:\/\/listings.mybikeplan.ch\/de\/wp-json\/wp\/v2\/media\/35111"}],"wp:attachment":[{"href":"https:\/\/listings.mybikeplan.ch\/de\/wp-json\/wp\/v2\/media?parent=35330"}],"wp:term":[{"taxonomy":"product_brand","embeddable":true,"href":"https:\/\/listings.mybikeplan.ch\/de\/wp-json\/wp\/v2\/product_brand?post=35330"},{"taxonomy":"product_cat","embeddable":true,"href":"https:\/\/listings.mybikeplan.ch\/de\/wp-json\/wp\/v2\/product_cat?post=35330"},{"taxonomy":"product_tag","embeddable":true,"href":"https:\/\/listings.mybikeplan.ch\/de\/wp-json\/wp\/v2\/product_tag?post=35330"}],"curies":[{"name":"wp","href":"https:\/\/api.w.org\/{rel}","templated":true}]}}