{"id":33881,"date":"2023-05-10T08:58:04","date_gmt":"2023-05-10T08:58:04","guid":{"rendered":"https:\/\/listings.mybikeplan.ch\/?post_type=product&#038;p=33881"},"modified":"2025-02-18T13:57:59","modified_gmt":"2025-02-18T13:57:59","slug":"cilo-blackrock-cxm04-phoenix-yellow","status":"publish","type":"product","link":"https:\/\/listings.mybikeplan.ch\/de\/produkt\/cilo-blackrock-cxm04-phoenix-yellow\/","title":{"rendered":"Cilo Blackrock CXM\u00b004 Phoenix Yellow"},"content":{"rendered":"<h2><strong>Das Wichtigste zum Cilo Blackrock CXM\u00b004:<\/strong><\/h2>\n<ul>\n<li style=\"font-weight: 400;\" aria-level=\"1\"><span style=\"font-weight: 400;\">Hardtail Mountain E-Bike<\/span><\/li>\n<li style=\"font-weight: 400;\" aria-level=\"1\"><span style=\"font-weight: 400;\">Der Bosch Performance Line CX-Motor mit 85 Nm macht es leicht, steile H\u00e4nge zu erklimmen<\/span><\/li>\n<li style=\"font-weight: 400;\" aria-level=\"1\"><span style=\"font-weight: 400;\">Mit dem 500-Wh-Akku von Bosch kannst Du weite Strecken sorglos bew\u00e4ltigen<\/span><\/li>\n<\/ul>\n<h2><b>Das Cilo Blackrock CXM\u00b004 ist perfekt f\u00fcr Dich, wenn Du:<\/b><\/h2>\n<ul>\n<li style=\"font-weight: 400;\" aria-level=\"1\"><span style=\"font-weight: 400;\">ein sportliches Aussehen w\u00fcnschst.<\/span><\/li>\n<li style=\"font-weight: 400;\" aria-level=\"1\"><span style=\"font-weight: 400;\">neben Strassen oft auf unebenen Wegen (Schotter- und Feldwegen) f\u00e4hrst und steile H\u00fcgel erklimmen m\u00f6chtest<\/span><\/li>\n<li style=\"font-weight: 400;\" aria-level=\"1\"><span style=\"font-weight: 400;\">einen vielseitigen Begleiter f\u00fcr Alltag und Freizeit suchst<\/span><\/li>\n<\/ul>\n<h2><b>Gr\u00f6ssenempfehlung:<\/b><\/h2>\n<ul>\n<li><span style=\"font-weight: 400;\">S: 16 Zoll = 160cm &#8211; 175cm<\/span><\/li>\n<li><span style=\"font-weight: 400;\">M: 18 Zoll = 175cm &#8211; 185cm<\/span><\/li>\n<li><span style=\"font-weight: 400;\">L: 20 Zoll = &gt;185 cm<\/span><\/li>\n<\/ul>\n","protected":false},"excerpt":{"rendered":"<h2><b>Cilo Blackrock CXM\u00b004<\/b><\/h2>\n<p><span style=\"font-weight: 400;\">Du suchst nach einem Mountain E-Bike mit einem sportlichen Look und einem originellen Modell?\u00a0<\/span><\/p>\n<p><span style=\"font-weight: 400;\">Dann ist das Cilo Blackrock CXM\u00b004 die perfekte Wahl f\u00fcr Dich! Dieses Mountain E-Bike besticht durch seine Bosch-Qualit\u00e4tsteile. Der Bosch Performance Line CX-Motor ist mit 85 Nm sehr leistungsstark und auch der Bosch-Akku mit 500 Wh h\u00e4lt, was er verspricht. Mit diesem Hardtail Elektro-Mountainbike kannst Du Dich in den Bergen entspannen und die Natur noch mehr geniessen \u2013 und das alles zu einem grossartigen Preis-Leistungs-Verh\u00e4ltnis! Das Design dieses Cilo E-Bikes besticht durch seine klare Linienf\u00fchrung und den Unisex-Aluminiumrahmen.<\/span><\/p>\n<h2><b>\u00dcber die Marke Cilo<\/b><\/h2>\n<p><span style=\"font-weight: 400;\"><a href=\"https:\/\/www.mybikeplan.ch\/fr\/marques\/cilo-ebikes\">Cilo<\/a> ist die f\u00fchrende Schweizer Fahrradmarke. Das Unternehmen wurde 1904 gegr\u00fcndet und verf\u00fcgt \u00fcber ein grosses Know-how und tief verwurzelte Werte, die bis heute verfolgt werden. So entwickelt Cilo sich st\u00e4ndig weiter und m\u00f6chte der Kundschaft das h\u00f6chste Mass an Komfort und Funktionalit\u00e4t bieten. Das Angebot ist breit gef\u00e4chert und umfasst Mountainbikes, Trekkingbikes und Citybikes.\u00a0<\/span><\/p>\n","protected":false},"featured_media":33777,"comment_status":"open","ping_status":"closed","template":"","meta":{"_acf_changed":false},"product_brand":[],"product_cat":[583,15,12569,578,582,2089,24,3253,579,76,4481,7189,7789],"product_tag":[],"class_list":{"0":"post-33881","1":"product","2":"type-product","3":"status-publish","4":"has-post-thumbnail","6":"product_cat-25-km","7":"product_cat-alle-e-bikes","8":"product_cat-best_sellers","9":"product_cat-damen","10":"product_cat-diamant","11":"product_cat-e-bikes","12":"product_cat-e-mountain","13":"product_cat-gelb","14":"product_cat-herren","15":"product_cat-marke-cilo","16":"product_cat-mybikeplan","17":"product_cat-sale_500","18":"product_cat-swiss-made","19":"pa_attachments-trailer-connection","20":"pa_battery-bosch-powertube-500-500-wh","21":"pa_brakes-shimano-mt200-hydraulic","22":"pa_brand-cilo","23":"pa_display-bosch-purion","24":"pa_filters-color-gelb","25":"pa_fork-sr-suntour-cxm-100mm","26":"pa_frame-variant-diamant","27":"pa_gear-change-sram-sx-eagle-12-speed","28":"pa_hex-color-8fbbd3-produkt-cilo-blackrock-cxm04-curacao","29":"pa_hex-color-e0b209-produkt-cilo-blackrock-cxm04-phoenix-yellow","30":"pa_hex-color-e9e4de-produkt-cilo-blackrock-cxm04-shell","31":"pa_max-weight-130-kg","32":"pa_motor-bosch-performance-cx","33":"pa_motor-brand-bosch","34":"pa_rider-height-160-165-cm","35":"pa_rider-height-165-170-cm","36":"pa_rider-height-170-175-cm","37":"pa_rider-height-175-180-cm","38":"pa_rider-height-180-185-cm","39":"pa_rider-height-185-190-cm","40":"pa_rider-height-190-195-cm","41":"pa_seat-tube-length-16-zoll-s","42":"pa_seat-tube-length-18-zoll-m","43":"pa_seat-tube-length-20-zoll-l","44":"pa_speed-25-km-stunde","45":"pa_suspension-travel-100mm","46":"pa_trailer-compatibility-fuer-die-montage-des-anhaengers-muss-die-achse-gewechselt-werden","47":"pa_wheel-size-27-5","49":"first","50":"instock","51":"shipping-taxable","52":"purchasable","53":"product-type-variable"},"acf":{"short_description":"Das Cilo Blackrock CXM\u00b004 bringt Dich \u00fcber Stock und Stein und ist Dein perfekter Begleiter f\u00fcr Dein n\u00e4chstes Outdoor-Abenteuer!","bike_name":"Cilo Blackrock CXM\u00b004 ","highlight_text":"","frame":"","battery_size":"","motor_strength":""},"yoast_head":"<!-- This site is optimized with the Yoast SEO plugin v24.5 - https:\/\/yoast.com\/wordpress\/plugins\/seo\/ -->\n<title>Cilo Blackrock CXM\u00b004 | Ab CHF 75 im Monat | 0% Zins | Schweiz<\/title>\n<meta name=\"description\" content=\"Bestelle jetzt das Cilo Blackrock CXM\u00b004 ab CHF 75 pro Monat! Zahle mit zinsfreier Ratenzahlung und geniesse unsere gratis Heimlieferung.\" \/>\n<meta name=\"robots\" content=\"noindex, follow, max-snippet:-1, max-image-preview:large, max-video-preview:-1\" \/>\n<meta property=\"og:locale\" content=\"de_DE\" \/>\n<meta property=\"og:type\" content=\"article\" \/>\n<meta property=\"og:title\" content=\"Cilo Blackrock CXM\u00b004 | Ab CHF 75 im Monat | 0% Zins | Schweiz\" \/>\n<meta property=\"og:description\" content=\"Bestelle jetzt das Cilo Blackrock CXM\u00b004 ab CHF 75 pro Monat! Zahle mit zinsfreier Ratenzahlung und geniesse unsere gratis Heimlieferung.\" \/>\n<meta property=\"og:url\" content=\"https:\/\/listings.mybikeplan.ch\/de\/produkt\/cilo-blackrock-cxm04-phoenix-yellow\/\" \/>\n<meta property=\"og:site_name\" content=\"MyBikePlan\" \/>\n<meta property=\"article:modified_time\" content=\"2025-02-18T13:57:59+00:00\" \/>\n<meta property=\"og:image\" content=\"https:\/\/listings.mybikeplan.ch\/wp-content\/uploads\/2023\/05\/Cilo-Blackrock-CXM\u00b004-Phoenix-Yellow.jpg\" \/>\n\t<meta property=\"og:image:width\" content=\"1000\" \/>\n\t<meta property=\"og:image:height\" content=\"1000\" \/>\n\t<meta property=\"og:image:type\" content=\"image\/jpeg\" \/>\n<meta name=\"twitter:card\" content=\"summary_large_image\" \/>\n<meta name=\"twitter:label1\" content=\"Gesch\u00e4tzte Lesezeit\" \/>\n\t<meta name=\"twitter:data1\" content=\"1\u00a0Minute\" \/>\n<script type=\"application\/ld+json\" class=\"yoast-schema-graph\">{\"@context\":\"https:\/\/schema.org\",\"@graph\":[{\"@type\":\"WebPage\",\"@id\":\"https:\/\/listings.mybikeplan.ch\/de\/produkt\/cilo-blackrock-cxm04-phoenix-yellow\/\",\"url\":\"https:\/\/listings.mybikeplan.ch\/de\/produkt\/cilo-blackrock-cxm04-phoenix-yellow\/\",\"name\":\"Cilo Blackrock CXM\u00b004 | Ab CHF 75 im Monat | 0% Zins | Schweiz\",\"isPartOf\":{\"@id\":\"https:\/\/listings.mybikeplan.ch\/de\/#website\"},\"primaryImageOfPage\":{\"@id\":\"https:\/\/listings.mybikeplan.ch\/de\/produkt\/cilo-blackrock-cxm04-phoenix-yellow\/#primaryimage\"},\"image\":{\"@id\":\"https:\/\/listings.mybikeplan.ch\/de\/produkt\/cilo-blackrock-cxm04-phoenix-yellow\/#primaryimage\"},\"thumbnailUrl\":\"https:\/\/listings.mybikeplan.ch\/wp-content\/uploads\/2023\/05\/Cilo-Blackrock-CXM\u00b004-Phoenix-Yellow.jpg\",\"datePublished\":\"2023-05-10T08:58:04+00:00\",\"dateModified\":\"2025-02-18T13:57:59+00:00\",\"description\":\"Bestelle jetzt das Cilo Blackrock CXM\u00b004 ab CHF 75 pro Monat! Zahle mit zinsfreier Ratenzahlung und geniesse unsere gratis Heimlieferung.\",\"breadcrumb\":{\"@id\":\"https:\/\/listings.mybikeplan.ch\/de\/produkt\/cilo-blackrock-cxm04-phoenix-yellow\/#breadcrumb\"},\"inLanguage\":\"de\",\"potentialAction\":[{\"@type\":\"ReadAction\",\"target\":[\"https:\/\/listings.mybikeplan.ch\/de\/produkt\/cilo-blackrock-cxm04-phoenix-yellow\/\"]}]},{\"@type\":\"ImageObject\",\"inLanguage\":\"de\",\"@id\":\"https:\/\/listings.mybikeplan.ch\/de\/produkt\/cilo-blackrock-cxm04-phoenix-yellow\/#primaryimage\",\"url\":\"https:\/\/listings.mybikeplan.ch\/wp-content\/uploads\/2023\/05\/Cilo-Blackrock-CXM\u00b004-Phoenix-Yellow.jpg\",\"contentUrl\":\"https:\/\/listings.mybikeplan.ch\/wp-content\/uploads\/2023\/05\/Cilo-Blackrock-CXM\u00b004-Phoenix-Yellow.jpg\",\"width\":1000,\"height\":1000},{\"@type\":\"BreadcrumbList\",\"@id\":\"https:\/\/listings.mybikeplan.ch\/de\/produkt\/cilo-blackrock-cxm04-phoenix-yellow\/#breadcrumb\",\"itemListElement\":[{\"@type\":\"ListItem\",\"position\":1,\"name\":\"Home\",\"item\":\"https:\/\/listings.mybikeplan.ch\/de\/\"},{\"@type\":\"ListItem\",\"position\":2,\"name\":\"Cilo Blackrock CXM\u00b004 Phoenix Yellow\"}]},{\"@type\":\"WebSite\",\"@id\":\"https:\/\/listings.mybikeplan.ch\/de\/#website\",\"url\":\"https:\/\/listings.mybikeplan.ch\/de\/\",\"name\":\"MyBikePlan\",\"description\":\"\",\"potentialAction\":[{\"@type\":\"SearchAction\",\"target\":{\"@type\":\"EntryPoint\",\"urlTemplate\":\"https:\/\/listings.mybikeplan.ch\/de\/?s={search_term_string}\"},\"query-input\":{\"@type\":\"PropertyValueSpecification\",\"valueRequired\":true,\"valueName\":\"search_term_string\"}}],\"inLanguage\":\"de\"}]}<\/script>\n<!-- \/ Yoast SEO plugin. -->","yoast_head_json":{"title":"Cilo Blackrock CXM\u00b004 | Ab CHF 75 im Monat | 0% Zins | Schweiz","description":"Bestelle jetzt das Cilo Blackrock CXM\u00b004 ab CHF 75 pro Monat! Zahle mit zinsfreier Ratenzahlung und geniesse unsere gratis Heimlieferung.","robots":{"index":"noindex","follow":"follow","max-snippet":"max-snippet:-1","max-image-preview":"max-image-preview:large","max-video-preview":"max-video-preview:-1"},"og_locale":"de_DE","og_type":"article","og_title":"Cilo Blackrock CXM\u00b004 | Ab CHF 75 im Monat | 0% Zins | Schweiz","og_description":"Bestelle jetzt das Cilo Blackrock CXM\u00b004 ab CHF 75 pro Monat! Zahle mit zinsfreier Ratenzahlung und geniesse unsere gratis Heimlieferung.","og_url":"https:\/\/listings.mybikeplan.ch\/de\/produkt\/cilo-blackrock-cxm04-phoenix-yellow\/","og_site_name":"MyBikePlan","article_modified_time":"2025-02-18T13:57:59+00:00","og_image":[{"width":1000,"height":1000,"url":"https:\/\/listings.mybikeplan.ch\/wp-content\/uploads\/2023\/05\/Cilo-Blackrock-CXM\u00b004-Phoenix-Yellow.jpg","type":"image\/jpeg"}],"twitter_card":"summary_large_image","twitter_misc":{"Gesch\u00e4tzte Lesezeit":"1\u00a0Minute"},"schema":{"@context":"https:\/\/schema.org","@graph":[{"@type":"WebPage","@id":"https:\/\/listings.mybikeplan.ch\/de\/produkt\/cilo-blackrock-cxm04-phoenix-yellow\/","url":"https:\/\/listings.mybikeplan.ch\/de\/produkt\/cilo-blackrock-cxm04-phoenix-yellow\/","name":"Cilo Blackrock CXM\u00b004 | Ab CHF 75 im Monat | 0% Zins | Schweiz","isPartOf":{"@id":"https:\/\/listings.mybikeplan.ch\/de\/#website"},"primaryImageOfPage":{"@id":"https:\/\/listings.mybikeplan.ch\/de\/produkt\/cilo-blackrock-cxm04-phoenix-yellow\/#primaryimage"},"image":{"@id":"https:\/\/listings.mybikeplan.ch\/de\/produkt\/cilo-blackrock-cxm04-phoenix-yellow\/#primaryimage"},"thumbnailUrl":"https:\/\/listings.mybikeplan.ch\/wp-content\/uploads\/2023\/05\/Cilo-Blackrock-CXM\u00b004-Phoenix-Yellow.jpg","datePublished":"2023-05-10T08:58:04+00:00","dateModified":"2025-02-18T13:57:59+00:00","description":"Bestelle jetzt das Cilo Blackrock CXM\u00b004 ab CHF 75 pro Monat! Zahle mit zinsfreier Ratenzahlung und geniesse unsere gratis Heimlieferung.","breadcrumb":{"@id":"https:\/\/listings.mybikeplan.ch\/de\/produkt\/cilo-blackrock-cxm04-phoenix-yellow\/#breadcrumb"},"inLanguage":"de","potentialAction":[{"@type":"ReadAction","target":["https:\/\/listings.mybikeplan.ch\/de\/produkt\/cilo-blackrock-cxm04-phoenix-yellow\/"]}]},{"@type":"ImageObject","inLanguage":"de","@id":"https:\/\/listings.mybikeplan.ch\/de\/produkt\/cilo-blackrock-cxm04-phoenix-yellow\/#primaryimage","url":"https:\/\/listings.mybikeplan.ch\/wp-content\/uploads\/2023\/05\/Cilo-Blackrock-CXM\u00b004-Phoenix-Yellow.jpg","contentUrl":"https:\/\/listings.mybikeplan.ch\/wp-content\/uploads\/2023\/05\/Cilo-Blackrock-CXM\u00b004-Phoenix-Yellow.jpg","width":1000,"height":1000},{"@type":"BreadcrumbList","@id":"https:\/\/listings.mybikeplan.ch\/de\/produkt\/cilo-blackrock-cxm04-phoenix-yellow\/#breadcrumb","itemListElement":[{"@type":"ListItem","position":1,"name":"Home","item":"https:\/\/listings.mybikeplan.ch\/de\/"},{"@type":"ListItem","position":2,"name":"Cilo Blackrock CXM\u00b004 Phoenix Yellow"}]},{"@type":"WebSite","@id":"https:\/\/listings.mybikeplan.ch\/de\/#website","url":"https:\/\/listings.mybikeplan.ch\/de\/","name":"MyBikePlan","description":"","potentialAction":[{"@type":"SearchAction","target":{"@type":"EntryPoint","urlTemplate":"https:\/\/listings.mybikeplan.ch\/de\/?s={search_term_string}"},"query-input":{"@type":"PropertyValueSpecification","valueRequired":true,"valueName":"search_term_string"}}],"inLanguage":"de"}]}},"_links":{"self":[{"href":"https:\/\/listings.mybikeplan.ch\/de\/wp-json\/wp\/v2\/product\/33881","targetHints":{"allow":["GET"]}}],"collection":[{"href":"https:\/\/listings.mybikeplan.ch\/de\/wp-json\/wp\/v2\/product"}],"about":[{"href":"https:\/\/listings.mybikeplan.ch\/de\/wp-json\/wp\/v2\/types\/product"}],"replies":[{"embeddable":true,"href":"https:\/\/listings.mybikeplan.ch\/de\/wp-json\/wp\/v2\/comments?post=33881"}],"wp:featuredmedia":[{"embeddable":true,"href":"https:\/\/listings.mybikeplan.ch\/de\/wp-json\/wp\/v2\/media\/33777"}],"wp:attachment":[{"href":"https:\/\/listings.mybikeplan.ch\/de\/wp-json\/wp\/v2\/media?parent=33881"}],"wp:term":[{"taxonomy":"product_brand","embeddable":true,"href":"https:\/\/listings.mybikeplan.ch\/de\/wp-json\/wp\/v2\/product_brand?post=33881"},{"taxonomy":"product_cat","embeddable":true,"href":"https:\/\/listings.mybikeplan.ch\/de\/wp-json\/wp\/v2\/product_cat?post=33881"},{"taxonomy":"product_tag","embeddable":true,"href":"https:\/\/listings.mybikeplan.ch\/de\/wp-json\/wp\/v2\/product_tag?post=33881"}],"curies":[{"name":"wp","href":"https:\/\/api.w.org\/{rel}","templated":true}]}}