{"id":32434,"date":"2023-04-19T15:16:28","date_gmt":"2023-04-19T15:16:28","guid":{"rendered":"https:\/\/listings.mybikeplan.ch\/?post_type=product&#038;p=32434"},"modified":"2025-03-31T08:01:15","modified_gmt":"2025-03-31T08:01:15","slug":"giant-trance-x-29-1","status":"publish","type":"product","link":"https:\/\/listings.mybikeplan.ch\/de\/produkt\/giant-trance-x-29-1\/","title":{"rendered":"Giant Trance X 29 1"},"content":{"rendered":"<h2><b>Die wichtigsten Fakten \u00fcber das GIANT TRANCE X 29 1 auf einen Blick:<\/b><\/h2>\n<ul>\n<li style=\"font-weight: 400;\" aria-level=\"1\"><span style=\"font-weight: 400;\">Enorm vielseitiges, nicht-elektrisches Mountainbike vom Velo-Gigant GIANT<\/span><\/li>\n<li style=\"font-weight: 400;\" aria-level=\"1\"><span style=\"font-weight: 400;\">29\u2019\u2019 Laufr\u00e4der f\u00fcr extra viel Stabilit\u00e4t<\/span><\/li>\n<li style=\"font-weight: 400;\" aria-level=\"1\"><span style=\"font-weight: 400;\">Progressive Federung f\u00fcr mehr Festigung in jedem Gel\u00e4nde<\/span><\/li>\n<\/ul>\n<h2><b>Das GIANT TRANCE X 29 1 ist perfekt f\u00fcr Dich, wenn Du:<\/b><\/h2>\n<ul>\n<li style=\"font-weight: 400;\" aria-level=\"1\"><span style=\"font-weight: 400;\">Ein hochwertiges Mountainbike suchst, das bei der Qualit\u00e4t keine Abstriche macht<\/span><\/li>\n<li style=\"font-weight: 400;\" aria-level=\"1\"><span style=\"font-weight: 400;\">Genre in ruppigem Gel\u00e4nde unterwegs bist<\/span><\/li>\n<\/ul>\n<h2><b>Gr\u00f6ssenempfehlung:<\/b><\/h2>\n<ul>\n<li><span style=\"font-weight: 400;\">S = 163 cm &#8211; 172 cm<\/span><\/li>\n<li><span style=\"font-weight: 400;\">M = 171 cm &#8211; 180 cm<\/span><\/li>\n<li><span style=\"font-weight: 400;\">L= 179 cm &#8211; 188 cm<\/span><\/li>\n<li><span style=\"font-weight: 400;\">XL = 187 cm &#8211; 198 cm<\/span><\/li>\n<\/ul>\n","protected":false},"excerpt":{"rendered":"<h2><b>GIANT TRANCE X 29 1<\/b><\/h2>\n<p><span style=\"font-weight: 400;\">Das GIANT TRANCE X 29 1 beweist, dass GIANT nicht ohne Grund einer der Giganten im Velomarkt ist: Es begeistert mit einer harmonischen Rahmenf\u00fchrung, m\u00e4chtigen 29\u2019\u2019 Laufr\u00e4dern, die easy \u00fcber jeden Untergrund f\u00fchren, und eine progressive Federung, die sich ganz Deinen Anforderungen anpasst. Die Maestro Hinterradaufh\u00e4ngung verf\u00fcgt \u00fcber einen Trunnion Mount D\u00e4mpfer, 135 mm Feder (und 150 mmm an der Front) und sorgt f\u00fcr mehr Festigkeit am Rahmen. Besonders bei diesem Bike: Die Geometrie ist genau auf Deine Bed\u00fcrfnisse anpassbar. Mit einem Flip-Chip kannst Du sowohl Steuerrohr- und Sitzrohrwinkel wie auch die Tretlagerh\u00f6he ver\u00e4ndern \u2013 je nach Gel\u00e4nde, in dem Du gerade unterwegs bist.<\/span><\/p>\n<h2><b>\u00dcber die Marke GIANT<\/b><\/h2>\n<p><span style=\"font-weight: 400;\">Giant ist eine taiwanesische Marke f\u00fcr Fahrr\u00e4der und Fahrradzubeh\u00f6r, die 1972 gegr\u00fcndet wurde. Giant ist f\u00fcr seine Innovationen und Qualit\u00e4t bekannt und hat sich zu einem der gr\u00f6\u00dften Fahrradhersteller der Welt entwickelt und sponsert zahlreiche Profi-Radteams. Das Unternehmen bietet eine breite Palette von Fahrr\u00e4dern f\u00fcr alle Fahrertypen an, von Rennr\u00e4dern und Mountainbikes bis hin zu Hybrid- und Elektrofahrr\u00e4dern.<\/span><\/p>\n","protected":false},"featured_media":32444,"comment_status":"open","ping_status":"closed","template":"","meta":{"_acf_changed":false},"product_brand":[],"product_cat":[578,8048,579,3245,4481,3247,3422],"product_tag":[],"class_list":{"0":"post-32434","1":"product","2":"type-product","3":"status-publish","4":"has-post-thumbnail","6":"product_cat-damen","7":"product_cat-mountain-fully","8":"product_cat-herren","9":"product_cat-marke-giant","10":"product_cat-mybikeplan","11":"product_cat-schwarz","12":"product_cat-nicht-elektrische-bikes","13":"pa_attachments-trailer-connection","14":"pa_brakes-shimano-deore-br-mt520-hydraulic-shimano-rt-66-rotors-f203mm-r180mm","15":"pa_brand-giant","16":"pa_damper-fox-float-dps-performance-185-55-custom-tuned-for-giant","17":"pa_filters-color-schwarz","18":"pa_fork-fox-36-float-performance-fit4-44mm-offset-150mm-15x110-kabolt-custom-tuned-for-giant","19":"pa_frame-aluxx-sl-grade-aluminum-front-and-rear-triangles-135mm-maestro-suspension-flip-chip-12x148mm-thru-axle","20":"pa_frame-variant-diamant","21":"pa_gear-change-shimano-slx-rd-m7100","22":"pa_gearshift-shimano-slx-sl-m7100-1x12","23":"pa_handlebar-giant-contact-tr35-780x35mm-20mm-rise","24":"pa_hex-color-3462","25":"pa_rider-height-165-170-cm","26":"pa_rider-height-170-175-cm","27":"pa_rider-height-175-180-cm","28":"pa_rims-giant-am-29-alloy","29":"pa_saddle-giant-romero","30":"pa_saddle-post-giant-contact-switch-dropper-remote-s-125mm-travel-30-9-x-395mm-m-150mm-travel-30-9-x-440mm-l-170mm-travel-30-9-x-450mm-xl-170mm-travel-30-9-x-450mm","31":"pa_seat-tube-length-42cm-s","32":"pa_seat-tube-length-49cm-m","33":"pa_seat-tube-length-l-53cm","34":"pa_seat-tube-length-55cm-xl","35":"pa_sizes-l","36":"pa_sizes-m","37":"pa_sizes-s","38":"pa_suspension-travel-150mm-v-135mm-h","39":"pa_trailer-compatibility-fuer-die-montage-des-anhaengers-muss-die-achse-gewechselt-werden","40":"pa_wheel-size-762","42":"first","43":"instock","44":"shipping-taxable","45":"purchasable","46":"product-type-variable"},"acf":{"short_description":"Dieses wendige, nicht-elektrische Giant Mountainbike ist leicht, leistungsstark und die perfekte Wahl f\u00fcr erinnerungsw\u00fcrdige Fahrten auf anspruchsvollen Singletrails.\r\n","bike_name":"GIANT TRANCE X 29 1","highlight_text":"","frame":"","battery_size":"","motor_strength":""},"yoast_head":"<!-- This site is optimized with the Yoast SEO plugin v24.5 - https:\/\/yoast.com\/wordpress\/plugins\/seo\/ -->\n<title>GIANT TRANCE X 29 1 | Velo Schweiz | 0% Ratenzahlung<\/title>\n<meta name=\"description\" content=\"Hol Dir das GIANT TRANCE X 29 1 und zahle ganz bequem in monatlichen Raten mit 0 % Zins ab! Jetzt profitieren und sofort losfahren.\" \/>\n<meta name=\"robots\" content=\"noindex, follow, max-snippet:-1, max-image-preview:large, max-video-preview:-1\" \/>\n<meta property=\"og:locale\" content=\"de_DE\" \/>\n<meta property=\"og:type\" content=\"article\" \/>\n<meta property=\"og:title\" content=\"GIANT TRANCE X 29 1 | Velo Schweiz | 0% Ratenzahlung\" \/>\n<meta property=\"og:description\" content=\"Hol Dir das GIANT TRANCE X 29 1 und zahle ganz bequem in monatlichen Raten mit 0 % Zins ab! Jetzt profitieren und sofort losfahren.\" \/>\n<meta property=\"og:url\" content=\"https:\/\/listings.mybikeplan.ch\/de\/produkt\/giant-trance-x-29-1\/\" \/>\n<meta property=\"og:site_name\" content=\"MyBikePlan\" \/>\n<meta property=\"article:modified_time\" content=\"2025-03-31T08:01:15+00:00\" \/>\n<meta property=\"og:image\" content=\"https:\/\/listings.mybikeplan.ch\/wp-content\/uploads\/2023\/04\/Trance-X-29-1.jpg\" \/>\n\t<meta property=\"og:image:width\" content=\"1000\" \/>\n\t<meta property=\"og:image:height\" content=\"1000\" \/>\n\t<meta property=\"og:image:type\" content=\"image\/jpeg\" \/>\n<meta name=\"twitter:card\" content=\"summary_large_image\" \/>\n<meta name=\"twitter:label1\" content=\"Gesch\u00e4tzte Lesezeit\" \/>\n\t<meta name=\"twitter:data1\" content=\"1\u00a0Minute\" \/>\n<script type=\"application\/ld+json\" class=\"yoast-schema-graph\">{\"@context\":\"https:\/\/schema.org\",\"@graph\":[{\"@type\":\"WebPage\",\"@id\":\"https:\/\/listings.mybikeplan.ch\/de\/produkt\/giant-trance-x-29-1\/\",\"url\":\"https:\/\/listings.mybikeplan.ch\/de\/produkt\/giant-trance-x-29-1\/\",\"name\":\"GIANT TRANCE X 29 1 | Velo Schweiz | 0% Ratenzahlung\",\"isPartOf\":{\"@id\":\"https:\/\/listings.mybikeplan.ch\/de\/#website\"},\"primaryImageOfPage\":{\"@id\":\"https:\/\/listings.mybikeplan.ch\/de\/produkt\/giant-trance-x-29-1\/#primaryimage\"},\"image\":{\"@id\":\"https:\/\/listings.mybikeplan.ch\/de\/produkt\/giant-trance-x-29-1\/#primaryimage\"},\"thumbnailUrl\":\"https:\/\/listings.mybikeplan.ch\/wp-content\/uploads\/2023\/04\/Trance-X-29-1.jpg\",\"datePublished\":\"2023-04-19T15:16:28+00:00\",\"dateModified\":\"2025-03-31T08:01:15+00:00\",\"description\":\"Hol Dir das GIANT TRANCE X 29 1 und zahle ganz bequem in monatlichen Raten mit 0 % Zins ab! Jetzt profitieren und sofort losfahren.\",\"breadcrumb\":{\"@id\":\"https:\/\/listings.mybikeplan.ch\/de\/produkt\/giant-trance-x-29-1\/#breadcrumb\"},\"inLanguage\":\"de\",\"potentialAction\":[{\"@type\":\"ReadAction\",\"target\":[\"https:\/\/listings.mybikeplan.ch\/de\/produkt\/giant-trance-x-29-1\/\"]}]},{\"@type\":\"ImageObject\",\"inLanguage\":\"de\",\"@id\":\"https:\/\/listings.mybikeplan.ch\/de\/produkt\/giant-trance-x-29-1\/#primaryimage\",\"url\":\"https:\/\/listings.mybikeplan.ch\/wp-content\/uploads\/2023\/04\/Trance-X-29-1.jpg\",\"contentUrl\":\"https:\/\/listings.mybikeplan.ch\/wp-content\/uploads\/2023\/04\/Trance-X-29-1.jpg\",\"width\":1000,\"height\":1000},{\"@type\":\"BreadcrumbList\",\"@id\":\"https:\/\/listings.mybikeplan.ch\/de\/produkt\/giant-trance-x-29-1\/#breadcrumb\",\"itemListElement\":[{\"@type\":\"ListItem\",\"position\":1,\"name\":\"Home\",\"item\":\"https:\/\/listings.mybikeplan.ch\/de\/\"},{\"@type\":\"ListItem\",\"position\":2,\"name\":\"Giant Trance X 29 1\"}]},{\"@type\":\"WebSite\",\"@id\":\"https:\/\/listings.mybikeplan.ch\/de\/#website\",\"url\":\"https:\/\/listings.mybikeplan.ch\/de\/\",\"name\":\"MyBikePlan\",\"description\":\"\",\"potentialAction\":[{\"@type\":\"SearchAction\",\"target\":{\"@type\":\"EntryPoint\",\"urlTemplate\":\"https:\/\/listings.mybikeplan.ch\/de\/?s={search_term_string}\"},\"query-input\":{\"@type\":\"PropertyValueSpecification\",\"valueRequired\":true,\"valueName\":\"search_term_string\"}}],\"inLanguage\":\"de\"}]}<\/script>\n<!-- \/ Yoast SEO plugin. -->","yoast_head_json":{"title":"GIANT TRANCE X 29 1 | Velo Schweiz | 0% Ratenzahlung","description":"Hol Dir das GIANT TRANCE X 29 1 und zahle ganz bequem in monatlichen Raten mit 0 % Zins ab! Jetzt profitieren und sofort losfahren.","robots":{"index":"noindex","follow":"follow","max-snippet":"max-snippet:-1","max-image-preview":"max-image-preview:large","max-video-preview":"max-video-preview:-1"},"og_locale":"de_DE","og_type":"article","og_title":"GIANT TRANCE X 29 1 | Velo Schweiz | 0% Ratenzahlung","og_description":"Hol Dir das GIANT TRANCE X 29 1 und zahle ganz bequem in monatlichen Raten mit 0 % Zins ab! Jetzt profitieren und sofort losfahren.","og_url":"https:\/\/listings.mybikeplan.ch\/de\/produkt\/giant-trance-x-29-1\/","og_site_name":"MyBikePlan","article_modified_time":"2025-03-31T08:01:15+00:00","og_image":[{"width":1000,"height":1000,"url":"https:\/\/listings.mybikeplan.ch\/wp-content\/uploads\/2023\/04\/Trance-X-29-1.jpg","type":"image\/jpeg"}],"twitter_card":"summary_large_image","twitter_misc":{"Gesch\u00e4tzte Lesezeit":"1\u00a0Minute"},"schema":{"@context":"https:\/\/schema.org","@graph":[{"@type":"WebPage","@id":"https:\/\/listings.mybikeplan.ch\/de\/produkt\/giant-trance-x-29-1\/","url":"https:\/\/listings.mybikeplan.ch\/de\/produkt\/giant-trance-x-29-1\/","name":"GIANT TRANCE X 29 1 | Velo Schweiz | 0% Ratenzahlung","isPartOf":{"@id":"https:\/\/listings.mybikeplan.ch\/de\/#website"},"primaryImageOfPage":{"@id":"https:\/\/listings.mybikeplan.ch\/de\/produkt\/giant-trance-x-29-1\/#primaryimage"},"image":{"@id":"https:\/\/listings.mybikeplan.ch\/de\/produkt\/giant-trance-x-29-1\/#primaryimage"},"thumbnailUrl":"https:\/\/listings.mybikeplan.ch\/wp-content\/uploads\/2023\/04\/Trance-X-29-1.jpg","datePublished":"2023-04-19T15:16:28+00:00","dateModified":"2025-03-31T08:01:15+00:00","description":"Hol Dir das GIANT TRANCE X 29 1 und zahle ganz bequem in monatlichen Raten mit 0 % Zins ab! Jetzt profitieren und sofort losfahren.","breadcrumb":{"@id":"https:\/\/listings.mybikeplan.ch\/de\/produkt\/giant-trance-x-29-1\/#breadcrumb"},"inLanguage":"de","potentialAction":[{"@type":"ReadAction","target":["https:\/\/listings.mybikeplan.ch\/de\/produkt\/giant-trance-x-29-1\/"]}]},{"@type":"ImageObject","inLanguage":"de","@id":"https:\/\/listings.mybikeplan.ch\/de\/produkt\/giant-trance-x-29-1\/#primaryimage","url":"https:\/\/listings.mybikeplan.ch\/wp-content\/uploads\/2023\/04\/Trance-X-29-1.jpg","contentUrl":"https:\/\/listings.mybikeplan.ch\/wp-content\/uploads\/2023\/04\/Trance-X-29-1.jpg","width":1000,"height":1000},{"@type":"BreadcrumbList","@id":"https:\/\/listings.mybikeplan.ch\/de\/produkt\/giant-trance-x-29-1\/#breadcrumb","itemListElement":[{"@type":"ListItem","position":1,"name":"Home","item":"https:\/\/listings.mybikeplan.ch\/de\/"},{"@type":"ListItem","position":2,"name":"Giant Trance X 29 1"}]},{"@type":"WebSite","@id":"https:\/\/listings.mybikeplan.ch\/de\/#website","url":"https:\/\/listings.mybikeplan.ch\/de\/","name":"MyBikePlan","description":"","potentialAction":[{"@type":"SearchAction","target":{"@type":"EntryPoint","urlTemplate":"https:\/\/listings.mybikeplan.ch\/de\/?s={search_term_string}"},"query-input":{"@type":"PropertyValueSpecification","valueRequired":true,"valueName":"search_term_string"}}],"inLanguage":"de"}]}},"_links":{"self":[{"href":"https:\/\/listings.mybikeplan.ch\/de\/wp-json\/wp\/v2\/product\/32434","targetHints":{"allow":["GET"]}}],"collection":[{"href":"https:\/\/listings.mybikeplan.ch\/de\/wp-json\/wp\/v2\/product"}],"about":[{"href":"https:\/\/listings.mybikeplan.ch\/de\/wp-json\/wp\/v2\/types\/product"}],"replies":[{"embeddable":true,"href":"https:\/\/listings.mybikeplan.ch\/de\/wp-json\/wp\/v2\/comments?post=32434"}],"wp:featuredmedia":[{"embeddable":true,"href":"https:\/\/listings.mybikeplan.ch\/de\/wp-json\/wp\/v2\/media\/32444"}],"wp:attachment":[{"href":"https:\/\/listings.mybikeplan.ch\/de\/wp-json\/wp\/v2\/media?parent=32434"}],"wp:term":[{"taxonomy":"product_brand","embeddable":true,"href":"https:\/\/listings.mybikeplan.ch\/de\/wp-json\/wp\/v2\/product_brand?post=32434"},{"taxonomy":"product_cat","embeddable":true,"href":"https:\/\/listings.mybikeplan.ch\/de\/wp-json\/wp\/v2\/product_cat?post=32434"},{"taxonomy":"product_tag","embeddable":true,"href":"https:\/\/listings.mybikeplan.ch\/de\/wp-json\/wp\/v2\/product_tag?post=32434"}],"curies":[{"name":"wp","href":"https:\/\/api.w.org\/{rel}","templated":true}]}}