{"id":31929,"date":"2023-04-13T09:35:56","date_gmt":"2023-04-13T09:35:56","guid":{"rendered":"https:\/\/listings.mybikeplan.ch\/?post_type=product&#038;p=31929"},"modified":"2024-05-30T12:50:35","modified_gmt":"2024-05-30T12:50:35","slug":"anhaenger-croozer-kid-vaaya-red-1-kind","status":"publish","type":"product","link":"https:\/\/listings.mybikeplan.ch\/de\/produkt\/anhaenger-croozer-kid-vaaya-red-1-kind\/","title":{"rendered":"Anh\u00e4nger Croozer Kid VAAYA Red"},"content":{"rendered":"<ul>\n<li>100 % recyclingf\u00e4higes High-Tech Material f\u00fcr optimale Temperaturregulierung \u2013 w\u00e4rmt im Winter, k\u00fchlt im Sommer!<\/li>\n<li>Croozer AirPad\u00ae Federung: Funktioniert gewichtsunabh\u00e4ngig und erfordert weder Einstellungen noch Wartungen<\/li>\n<li>Sensor-Licht: Integriert in den Schiebeb\u00fcgel, schaltet sich bei Bewegung &amp; D\u00e4mmerung automatisch ein. Und der Akku ist sogar wieder aufladbar!<\/li>\n<li>2in1: Fahrradanh\u00e4nger- &amp; Buggy-Set sind im Paket enthalten, das passende Jogger-Set ist als Zubeh\u00f6r erh\u00e4ltlich.<\/li>\n<li>Sehr schmale Gesamtbreite, trotzdem enormes Kofferraumvolumen und ger\u00e4umiger Sitz.<\/li>\n<li>Farbauswahl: W\u00e4hle zwischen Graphite blue &amp; Jungle green!<\/li>\n<\/ul>\n","protected":false},"excerpt":{"rendered":"<p>100 % recyclingf\u00e4higes High-Tech Material f\u00fcr optimale Temperaturregulierung \u2013 w\u00e4rmt im Winter, k\u00fchlt im Sommer! Croozer AirPad\u00ae Federung: Funktioniert gewichtsunabh\u00e4ngig und erfordert weder Einstellungen noch Wartungen Sensor-Licht: Integriert in den Schiebeb\u00fcgel, schaltet sich bei Bewegung &amp; D\u00e4mmerung automatisch ein. Und der Akku ist sogar wieder aufladbar! 2in1: Fahrradanh\u00e4nger- &amp; Buggy-Set sind im Paket enthalten, das [&hellip;]<\/p>\n","protected":false},"featured_media":36777,"comment_status":"open","ping_status":"closed","template":"","meta":{"_acf_changed":false},"product_brand":[],"product_cat":[7294,10031,4481,1105],"product_tag":[],"class_list":{"0":"post-31929","1":"product","2":"type-product","3":"status-publish","4":"has-post-thumbnail","6":"product_cat-anhaenger","7":"product_cat-marke-croozer","8":"product_cat-mybikeplan","9":"product_cat-zubehoer","10":"pa_accessory-type-trailer","11":"pa_brand-croozer","12":"pa_hex-color-4e717e-produkt-anhaenger-croozer-kid-vaaya-blau-1","13":"pa_hex-color-6ba878-produkt-anhaenger-croozer-kid-vaaya-gruen-1","14":"pa_hex-color-c76663-produkt-anhaenger-croozer-kid-vaaya-red-1-kind","15":"pa_sizes-uni-size-2","17":"first","18":"instock","19":"shipping-taxable","20":"purchasable","21":"product-type-variable"},"acf":{"short_description":"Der Croozer Kid VAAYA ist ein hochwertiger Fahrradanh\u00e4nger f\u00fcr Dich und Dein Kind mit integrierter Temperaturregulierung und einem Licht, das sich automatisch einschaltet.","bike_name":"Anh\u00e4nger Croozer Kid VAAYA","highlight_text":"","frame":null,"battery_size":null,"motor_strength":null},"yoast_head":"<!-- This site is optimized with the Yoast SEO plugin v24.5 - https:\/\/yoast.com\/wordpress\/plugins\/seo\/ -->\n<title>Anh\u00e4nger Croozer Kid VAAYA<\/title>\n<meta name=\"robots\" content=\"noindex, follow, max-snippet:-1, max-image-preview:large, max-video-preview:-1\" \/>\n<meta property=\"og:locale\" content=\"de_DE\" \/>\n<meta property=\"og:type\" content=\"article\" \/>\n<meta property=\"og:title\" content=\"Anh\u00e4nger Croozer Kid VAAYA\" \/>\n<meta property=\"og:description\" content=\"100 % recyclingf\u00e4higes High-Tech Material f\u00fcr optimale Temperaturregulierung \u2013 w\u00e4rmt im Winter, k\u00fchlt im Sommer! Croozer AirPad\u00ae Federung: Funktioniert gewichtsunabh\u00e4ngig und erfordert weder Einstellungen noch Wartungen Sensor-Licht: Integriert in den Schiebeb\u00fcgel, schaltet sich bei Bewegung &amp; D\u00e4mmerung automatisch ein. Und der Akku ist sogar wieder aufladbar! 2in1: Fahrradanh\u00e4nger- &amp; Buggy-Set sind im Paket enthalten, das [&hellip;]\" \/>\n<meta property=\"og:url\" content=\"https:\/\/listings.mybikeplan.ch\/de\/produkt\/anhaenger-croozer-kid-vaaya-red-1-kind\/\" \/>\n<meta property=\"og:site_name\" content=\"MyBikePlan\" \/>\n<meta property=\"article:modified_time\" content=\"2024-05-30T12:50:35+00:00\" \/>\n<meta property=\"og:image\" content=\"https:\/\/listings.mybikeplan.ch\/wp-content\/uploads\/2023\/04\/Anhanger-Croozer-Kid-VAAYA-Red-1-Kind.jpg\" \/>\n\t<meta property=\"og:image:width\" content=\"1000\" \/>\n\t<meta property=\"og:image:height\" content=\"1000\" \/>\n\t<meta property=\"og:image:type\" content=\"image\/jpeg\" \/>\n<meta name=\"twitter:card\" content=\"summary_large_image\" \/>\n<meta name=\"twitter:label1\" content=\"Gesch\u00e4tzte Lesezeit\" \/>\n\t<meta name=\"twitter:data1\" content=\"1\u00a0Minute\" \/>\n<script type=\"application\/ld+json\" class=\"yoast-schema-graph\">{\"@context\":\"https:\/\/schema.org\",\"@graph\":[{\"@type\":\"WebPage\",\"@id\":\"https:\/\/listings.mybikeplan.ch\/de\/produkt\/anhaenger-croozer-kid-vaaya-red-1-kind\/\",\"url\":\"https:\/\/listings.mybikeplan.ch\/de\/produkt\/anhaenger-croozer-kid-vaaya-red-1-kind\/\",\"name\":\"Anh\u00e4nger Croozer Kid VAAYA\",\"isPartOf\":{\"@id\":\"https:\/\/listings.mybikeplan.ch\/de\/#website\"},\"primaryImageOfPage\":{\"@id\":\"https:\/\/listings.mybikeplan.ch\/de\/produkt\/anhaenger-croozer-kid-vaaya-red-1-kind\/#primaryimage\"},\"image\":{\"@id\":\"https:\/\/listings.mybikeplan.ch\/de\/produkt\/anhaenger-croozer-kid-vaaya-red-1-kind\/#primaryimage\"},\"thumbnailUrl\":\"https:\/\/listings.mybikeplan.ch\/wp-content\/uploads\/2023\/04\/Anhanger-Croozer-Kid-VAAYA-Red-1-Kind.jpg\",\"datePublished\":\"2023-04-13T09:35:56+00:00\",\"dateModified\":\"2024-05-30T12:50:35+00:00\",\"breadcrumb\":{\"@id\":\"https:\/\/listings.mybikeplan.ch\/de\/produkt\/anhaenger-croozer-kid-vaaya-red-1-kind\/#breadcrumb\"},\"inLanguage\":\"de\",\"potentialAction\":[{\"@type\":\"ReadAction\",\"target\":[\"https:\/\/listings.mybikeplan.ch\/de\/produkt\/anhaenger-croozer-kid-vaaya-red-1-kind\/\"]}]},{\"@type\":\"ImageObject\",\"inLanguage\":\"de\",\"@id\":\"https:\/\/listings.mybikeplan.ch\/de\/produkt\/anhaenger-croozer-kid-vaaya-red-1-kind\/#primaryimage\",\"url\":\"https:\/\/listings.mybikeplan.ch\/wp-content\/uploads\/2023\/04\/Anhanger-Croozer-Kid-VAAYA-Red-1-Kind.jpg\",\"contentUrl\":\"https:\/\/listings.mybikeplan.ch\/wp-content\/uploads\/2023\/04\/Anhanger-Croozer-Kid-VAAYA-Red-1-Kind.jpg\",\"width\":1000,\"height\":1000,\"caption\":\"Anh\u00e4nger Croozer Kid VAAYA Red (1 Kind)\"},{\"@type\":\"BreadcrumbList\",\"@id\":\"https:\/\/listings.mybikeplan.ch\/de\/produkt\/anhaenger-croozer-kid-vaaya-red-1-kind\/#breadcrumb\",\"itemListElement\":[{\"@type\":\"ListItem\",\"position\":1,\"name\":\"Home\",\"item\":\"https:\/\/listings.mybikeplan.ch\/de\/\"},{\"@type\":\"ListItem\",\"position\":2,\"name\":\"Anh\u00e4nger Croozer Kid VAAYA Red\"}]},{\"@type\":\"WebSite\",\"@id\":\"https:\/\/listings.mybikeplan.ch\/de\/#website\",\"url\":\"https:\/\/listings.mybikeplan.ch\/de\/\",\"name\":\"MyBikePlan\",\"description\":\"\",\"potentialAction\":[{\"@type\":\"SearchAction\",\"target\":{\"@type\":\"EntryPoint\",\"urlTemplate\":\"https:\/\/listings.mybikeplan.ch\/de\/?s={search_term_string}\"},\"query-input\":{\"@type\":\"PropertyValueSpecification\",\"valueRequired\":true,\"valueName\":\"search_term_string\"}}],\"inLanguage\":\"de\"}]}<\/script>\n<!-- \/ Yoast SEO plugin. -->","yoast_head_json":{"title":"Anh\u00e4nger Croozer Kid VAAYA","robots":{"index":"noindex","follow":"follow","max-snippet":"max-snippet:-1","max-image-preview":"max-image-preview:large","max-video-preview":"max-video-preview:-1"},"og_locale":"de_DE","og_type":"article","og_title":"Anh\u00e4nger Croozer Kid VAAYA","og_description":"100 % recyclingf\u00e4higes High-Tech Material f\u00fcr optimale Temperaturregulierung \u2013 w\u00e4rmt im Winter, k\u00fchlt im Sommer! Croozer AirPad\u00ae Federung: Funktioniert gewichtsunabh\u00e4ngig und erfordert weder Einstellungen noch Wartungen Sensor-Licht: Integriert in den Schiebeb\u00fcgel, schaltet sich bei Bewegung &amp; D\u00e4mmerung automatisch ein. Und der Akku ist sogar wieder aufladbar! 2in1: Fahrradanh\u00e4nger- &amp; Buggy-Set sind im Paket enthalten, das [&hellip;]","og_url":"https:\/\/listings.mybikeplan.ch\/de\/produkt\/anhaenger-croozer-kid-vaaya-red-1-kind\/","og_site_name":"MyBikePlan","article_modified_time":"2024-05-30T12:50:35+00:00","og_image":[{"width":1000,"height":1000,"url":"https:\/\/listings.mybikeplan.ch\/wp-content\/uploads\/2023\/04\/Anhanger-Croozer-Kid-VAAYA-Red-1-Kind.jpg","type":"image\/jpeg"}],"twitter_card":"summary_large_image","twitter_misc":{"Gesch\u00e4tzte Lesezeit":"1\u00a0Minute"},"schema":{"@context":"https:\/\/schema.org","@graph":[{"@type":"WebPage","@id":"https:\/\/listings.mybikeplan.ch\/de\/produkt\/anhaenger-croozer-kid-vaaya-red-1-kind\/","url":"https:\/\/listings.mybikeplan.ch\/de\/produkt\/anhaenger-croozer-kid-vaaya-red-1-kind\/","name":"Anh\u00e4nger Croozer Kid VAAYA","isPartOf":{"@id":"https:\/\/listings.mybikeplan.ch\/de\/#website"},"primaryImageOfPage":{"@id":"https:\/\/listings.mybikeplan.ch\/de\/produkt\/anhaenger-croozer-kid-vaaya-red-1-kind\/#primaryimage"},"image":{"@id":"https:\/\/listings.mybikeplan.ch\/de\/produkt\/anhaenger-croozer-kid-vaaya-red-1-kind\/#primaryimage"},"thumbnailUrl":"https:\/\/listings.mybikeplan.ch\/wp-content\/uploads\/2023\/04\/Anhanger-Croozer-Kid-VAAYA-Red-1-Kind.jpg","datePublished":"2023-04-13T09:35:56+00:00","dateModified":"2024-05-30T12:50:35+00:00","breadcrumb":{"@id":"https:\/\/listings.mybikeplan.ch\/de\/produkt\/anhaenger-croozer-kid-vaaya-red-1-kind\/#breadcrumb"},"inLanguage":"de","potentialAction":[{"@type":"ReadAction","target":["https:\/\/listings.mybikeplan.ch\/de\/produkt\/anhaenger-croozer-kid-vaaya-red-1-kind\/"]}]},{"@type":"ImageObject","inLanguage":"de","@id":"https:\/\/listings.mybikeplan.ch\/de\/produkt\/anhaenger-croozer-kid-vaaya-red-1-kind\/#primaryimage","url":"https:\/\/listings.mybikeplan.ch\/wp-content\/uploads\/2023\/04\/Anhanger-Croozer-Kid-VAAYA-Red-1-Kind.jpg","contentUrl":"https:\/\/listings.mybikeplan.ch\/wp-content\/uploads\/2023\/04\/Anhanger-Croozer-Kid-VAAYA-Red-1-Kind.jpg","width":1000,"height":1000,"caption":"Anh\u00e4nger Croozer Kid VAAYA Red (1 Kind)"},{"@type":"BreadcrumbList","@id":"https:\/\/listings.mybikeplan.ch\/de\/produkt\/anhaenger-croozer-kid-vaaya-red-1-kind\/#breadcrumb","itemListElement":[{"@type":"ListItem","position":1,"name":"Home","item":"https:\/\/listings.mybikeplan.ch\/de\/"},{"@type":"ListItem","position":2,"name":"Anh\u00e4nger Croozer Kid VAAYA Red"}]},{"@type":"WebSite","@id":"https:\/\/listings.mybikeplan.ch\/de\/#website","url":"https:\/\/listings.mybikeplan.ch\/de\/","name":"MyBikePlan","description":"","potentialAction":[{"@type":"SearchAction","target":{"@type":"EntryPoint","urlTemplate":"https:\/\/listings.mybikeplan.ch\/de\/?s={search_term_string}"},"query-input":{"@type":"PropertyValueSpecification","valueRequired":true,"valueName":"search_term_string"}}],"inLanguage":"de"}]}},"_links":{"self":[{"href":"https:\/\/listings.mybikeplan.ch\/de\/wp-json\/wp\/v2\/product\/31929","targetHints":{"allow":["GET"]}}],"collection":[{"href":"https:\/\/listings.mybikeplan.ch\/de\/wp-json\/wp\/v2\/product"}],"about":[{"href":"https:\/\/listings.mybikeplan.ch\/de\/wp-json\/wp\/v2\/types\/product"}],"replies":[{"embeddable":true,"href":"https:\/\/listings.mybikeplan.ch\/de\/wp-json\/wp\/v2\/comments?post=31929"}],"wp:featuredmedia":[{"embeddable":true,"href":"https:\/\/listings.mybikeplan.ch\/de\/wp-json\/wp\/v2\/media\/36777"}],"wp:attachment":[{"href":"https:\/\/listings.mybikeplan.ch\/de\/wp-json\/wp\/v2\/media?parent=31929"}],"wp:term":[{"taxonomy":"product_brand","embeddable":true,"href":"https:\/\/listings.mybikeplan.ch\/de\/wp-json\/wp\/v2\/product_brand?post=31929"},{"taxonomy":"product_cat","embeddable":true,"href":"https:\/\/listings.mybikeplan.ch\/de\/wp-json\/wp\/v2\/product_cat?post=31929"},{"taxonomy":"product_tag","embeddable":true,"href":"https:\/\/listings.mybikeplan.ch\/de\/wp-json\/wp\/v2\/product_tag?post=31929"}],"curies":[{"name":"wp","href":"https:\/\/api.w.org\/{rel}","templated":true}]}}