{"id":31514,"date":"2023-04-03T12:13:30","date_gmt":"2023-04-03T12:13:30","guid":{"rendered":"https:\/\/listings.mybikeplan.ch\/?post_type=product&#038;p=31514"},"modified":"2024-05-30T12:36:40","modified_gmt":"2024-05-30T12:36:40","slug":"benno-boost-10d-cx-aqua-green-trapez","status":"publish","type":"product","link":"https:\/\/listings.mybikeplan.ch\/de\/produkt\/benno-boost-10d-cx-aqua-green-trapez\/","title":{"rendered":"Benno Boost 10D CX Aqua Gr\u00fcn Trapez"},"content":{"rendered":"<h2><b>Das Wichtigste zum Benno Boost 10D CX :<\/b><\/h2>\n<ul>\n<li style=\"font-weight: 400;\"><span style=\"font-weight: 400;\">Bosch Performance CX Mittelmotor der 4. Generation<\/span><\/li>\n<li style=\"font-weight: 400;\"><span style=\"font-weight: 400;\">Option eines Doppelakkus mit einer Reichweite von bis zu 250 km<\/span><\/li>\n<li style=\"font-weight: 400;\"><span style=\"font-weight: 400;\">Durchdachtes System zur Organisation des Gep\u00e4cktr\u00e4gers<\/span><\/li>\n<\/ul>\n<h2><b>Das Benno Boost 10D CX ist perfekt f\u00fcr Dich, wenn Du:<\/b><\/h2>\n<ul>\n<li style=\"font-weight: 400;\"><span style=\"font-weight: 400;\">ein vielseitiges E-Bike mit innovativem Stil suchst<\/span><\/li>\n<li style=\"font-weight: 400;\"><span style=\"font-weight: 400;\">nach einem E-Bike suchst, das sich an all deine Bed\u00fcrfnisse anpasst<\/span><\/li>\n<li style=\"font-weight: 400;\"><span style=\"font-weight: 400;\">nach Qualit\u00e4t und Unabh\u00e4ngigkeit suchst<\/span><\/li>\n<\/ul>\n<h2><b>Gr\u00f6ssenempfehlung:<\/b><\/h2>\n<ul>\n<li><span style=\"font-weight: 400;\">Unisize: 155cm-190cm<\/span><\/li>\n<\/ul>\n","protected":false},"excerpt":{"rendered":"<h2><b>Benno Boost E 10D CX<\/b><\/h2>\n<p><span style=\"font-weight: 400;\">Das Benno Boost ist unser erstes Benno E-Bike. Dieses urbane Elektrovelo mit seinem Etility\u00ae-Design ist zu allem bereit und kann mehr als das Dreifache der Last eines herk\u00f6mmlichen Bikes tragen. Das Benno Boost ist ein praktisches City E-Bike mit einem aussergew\u00f6hnlichen Design und einem Bosch Performance CX-Mittelmotor der vierten Generation, mit dem sich Steigungen und Entfernungen m\u00fchelos bew\u00e4ltigen lassen. Ein grosser Vorteil bei diesem E-Bike ist die M\u00f6glichkeit eines Doppelakkus mit einer Gesamtreichweite von \u00fcber 250 km!<\/span><\/p>\n<p><span style=\"font-weight: 400;\"><span style=\"vertical-align: inherit;\"><span style=\"vertical-align: inherit;\">The Benno Boost has won multiple awards for its versatility and intelligent design. <\/span><span style=\"vertical-align: inherit;\">It combines the strengths of different e-bikes in a single bike, with a sophisticated system of interchangeable pannier racks and rails that offers you dozens of configurations to ideally adapt to your everyday life.<\/span><\/span><\/span><\/p>\n<h2><b><span style=\"vertical-align: inherit;\"><span style=\"vertical-align: inherit;\">About the Benno brand<\/span><\/span><\/b><\/h2>\n<p><span style=\"font-weight: 400;\"><a href=\"https:\/\/www.mybikeplan.ch\/marken\/benno-ebikes\"><span style=\"vertical-align: inherit;\"><span style=\"vertical-align: inherit;\">Benno Bike<\/span><\/span><\/a><span style=\"vertical-align: inherit;\"><span style=\"vertical-align: inherit;\"> is an ultra-innovative brand that invented the Etility e-bike. <\/span><span style=\"vertical-align: inherit;\">The brand was founded in 2015 by Benno Baenziger, an established designer, and represents a completely new concept that combines mobility and practicality. <\/span><span style=\"vertical-align: inherit;\">As a real competitor to the cargo bikes, the Benno bikes will undoubtedly make you forget your car.<\/span><\/span><\/span><\/p>\n","protected":false},"featured_media":36493,"comment_status":"open","ping_status":"closed","template":"","meta":{"_acf_changed":false},"product_brand":[],"product_cat":[583,15,2413,578,21,579,998,4481],"product_tag":[],"class_list":{"0":"post-31514","1":"product","2":"type-product","3":"status-publish","4":"has-post-thumbnail","6":"product_cat-25-km","7":"product_cat-alle-e-bikes","8":"product_cat-cargo-e-bikes","9":"product_cat-damen","10":"product_cat-e-urban","11":"product_cat-herren","12":"product_cat-marke-benno","13":"product_cat-mybikeplan","14":"pa_attachments-trailer-connection","15":"pa_battery-bosch-powerpack-500wh-lithium-ion-battery-2","16":"pa_battery-size-500-wh","17":"pa_brakes-shimano-hydraulic-disk","18":"pa_brand-benno","19":"pa_display-bosch-purion-display","20":"pa_fork-oversized-6061-aluminum-alloy-fork-w-integrated-headset-2","21":"pa_frame-variant-diamant","22":"pa_hex-color-48d1cc","23":"pa_hex-color-8d817c-produkt-benno-boost-10d-cx-titanium-gray-trapez-3","24":"pa_max-weight-200-kg","25":"pa_motor-bosch-performance-speed-250w-85nm-gen-4-2","26":"pa_motor-brand-bosch","27":"pa_range-100-km","28":"pa_rider-height-155-160-cm","29":"pa_rider-height-160-165-cm","30":"pa_rider-height-165-170-cm","31":"pa_rider-height-170-175-cm","32":"pa_rider-height-175-180-cm","33":"pa_rider-height-180-185-cm","34":"pa_rider-height-185-190-cm","35":"pa_seat-tube-length-one-size","36":"pa_speed-25-km-stunde","38":"first","39":"instock","40":"shipping-taxable","41":"purchasable","42":"product-type-variable"},"acf":{"short_description":"Das Benno Boost City E-Bike begeistert mit seinem innovativen Design, dem durchdachten Gep\u00e4cktr\u00e4ger-System und einer Traglast, die dreimal gr\u00f6sser ist als bei herk\u00f6mmlichen Bikes! Das gl\u00e4nzende T\u00fcrkisblau erzeugt ein wunderbares Ferienfeeling von Strand, Sonne und Meer.","bike_name":"Benno Boost 10D CX Easy On","highlight_text":"","frame":"","battery_size":"","motor_strength":""},"yoast_head":"<!-- This site is optimized with the Yoast SEO plugin v24.5 - https:\/\/yoast.com\/wordpress\/plugins\/seo\/ -->\n<title>Benno Boost E 10D CX | E Bike kaufen Schweiz | 0% Ratenzahlung<\/title>\n<meta name=\"description\" content=\"Bestelle jetzt das Benno Boost E 10D CX ab CHF 105 pro Monat! Zahle mit zinsfreier Ratenzahlung und geniesse unsere gratis Heimlieferung.\" \/>\n<meta name=\"robots\" content=\"noindex, follow, max-snippet:-1, max-image-preview:large, max-video-preview:-1\" \/>\n<meta property=\"og:locale\" content=\"de_DE\" \/>\n<meta property=\"og:type\" content=\"article\" \/>\n<meta property=\"og:title\" content=\"Benno Boost E 10D CX | E Bike kaufen Schweiz | 0% Ratenzahlung\" \/>\n<meta property=\"og:description\" content=\"Bestelle jetzt das Benno Boost E 10D CX ab CHF 105 pro Monat! Zahle mit zinsfreier Ratenzahlung und geniesse unsere gratis Heimlieferung.\" \/>\n<meta property=\"og:url\" content=\"https:\/\/listings.mybikeplan.ch\/de\/produkt\/benno-boost-10d-cx-aqua-green-trapez\/\" \/>\n<meta property=\"og:site_name\" content=\"MyBikePlan\" \/>\n<meta property=\"article:modified_time\" content=\"2024-05-30T12:36:40+00:00\" \/>\n<meta property=\"og:image\" content=\"https:\/\/listings.mybikeplan.ch\/wp-content\/uploads\/2023\/04\/Benno-Boost-10D-CX-Aqua-Green-Trapez.jpg\" \/>\n\t<meta property=\"og:image:width\" content=\"1000\" \/>\n\t<meta property=\"og:image:height\" content=\"1000\" \/>\n\t<meta property=\"og:image:type\" content=\"image\/jpeg\" \/>\n<meta name=\"twitter:card\" content=\"summary_large_image\" \/>\n<meta name=\"twitter:label1\" content=\"Gesch\u00e4tzte Lesezeit\" \/>\n\t<meta name=\"twitter:data1\" content=\"1\u00a0Minute\" \/>\n<script type=\"application\/ld+json\" class=\"yoast-schema-graph\">{\"@context\":\"https:\/\/schema.org\",\"@graph\":[{\"@type\":\"WebPage\",\"@id\":\"https:\/\/listings.mybikeplan.ch\/de\/produkt\/benno-boost-10d-cx-aqua-green-trapez\/\",\"url\":\"https:\/\/listings.mybikeplan.ch\/de\/produkt\/benno-boost-10d-cx-aqua-green-trapez\/\",\"name\":\"Benno Boost E 10D CX | E Bike kaufen Schweiz | 0% Ratenzahlung\",\"isPartOf\":{\"@id\":\"https:\/\/listings.mybikeplan.ch\/de\/#website\"},\"primaryImageOfPage\":{\"@id\":\"https:\/\/listings.mybikeplan.ch\/de\/produkt\/benno-boost-10d-cx-aqua-green-trapez\/#primaryimage\"},\"image\":{\"@id\":\"https:\/\/listings.mybikeplan.ch\/de\/produkt\/benno-boost-10d-cx-aqua-green-trapez\/#primaryimage\"},\"thumbnailUrl\":\"https:\/\/listings.mybikeplan.ch\/wp-content\/uploads\/2023\/04\/Benno-Boost-10D-CX-Aqua-Green-Trapez.jpg\",\"datePublished\":\"2023-04-03T12:13:30+00:00\",\"dateModified\":\"2024-05-30T12:36:40+00:00\",\"description\":\"Bestelle jetzt das Benno Boost E 10D CX ab CHF 105 pro Monat! Zahle mit zinsfreier Ratenzahlung und geniesse unsere gratis Heimlieferung.\",\"breadcrumb\":{\"@id\":\"https:\/\/listings.mybikeplan.ch\/de\/produkt\/benno-boost-10d-cx-aqua-green-trapez\/#breadcrumb\"},\"inLanguage\":\"de\",\"potentialAction\":[{\"@type\":\"ReadAction\",\"target\":[\"https:\/\/listings.mybikeplan.ch\/de\/produkt\/benno-boost-10d-cx-aqua-green-trapez\/\"]}]},{\"@type\":\"ImageObject\",\"inLanguage\":\"de\",\"@id\":\"https:\/\/listings.mybikeplan.ch\/de\/produkt\/benno-boost-10d-cx-aqua-green-trapez\/#primaryimage\",\"url\":\"https:\/\/listings.mybikeplan.ch\/wp-content\/uploads\/2023\/04\/Benno-Boost-10D-CX-Aqua-Green-Trapez.jpg\",\"contentUrl\":\"https:\/\/listings.mybikeplan.ch\/wp-content\/uploads\/2023\/04\/Benno-Boost-10D-CX-Aqua-Green-Trapez.jpg\",\"width\":1000,\"height\":1000,\"caption\":\"Benno Boost 10D CX Aqua Green Trapez\"},{\"@type\":\"BreadcrumbList\",\"@id\":\"https:\/\/listings.mybikeplan.ch\/de\/produkt\/benno-boost-10d-cx-aqua-green-trapez\/#breadcrumb\",\"itemListElement\":[{\"@type\":\"ListItem\",\"position\":1,\"name\":\"Home\",\"item\":\"https:\/\/listings.mybikeplan.ch\/de\/\"},{\"@type\":\"ListItem\",\"position\":2,\"name\":\"Benno Boost 10D CX Aqua Gr\u00fcn Trapez\"}]},{\"@type\":\"WebSite\",\"@id\":\"https:\/\/listings.mybikeplan.ch\/de\/#website\",\"url\":\"https:\/\/listings.mybikeplan.ch\/de\/\",\"name\":\"MyBikePlan\",\"description\":\"\",\"potentialAction\":[{\"@type\":\"SearchAction\",\"target\":{\"@type\":\"EntryPoint\",\"urlTemplate\":\"https:\/\/listings.mybikeplan.ch\/de\/?s={search_term_string}\"},\"query-input\":{\"@type\":\"PropertyValueSpecification\",\"valueRequired\":true,\"valueName\":\"search_term_string\"}}],\"inLanguage\":\"de\"}]}<\/script>\n<!-- \/ Yoast SEO plugin. -->","yoast_head_json":{"title":"Benno Boost E 10D CX | E Bike kaufen Schweiz | 0% Ratenzahlung","description":"Bestelle jetzt das Benno Boost E 10D CX ab CHF 105 pro Monat! Zahle mit zinsfreier Ratenzahlung und geniesse unsere gratis Heimlieferung.","robots":{"index":"noindex","follow":"follow","max-snippet":"max-snippet:-1","max-image-preview":"max-image-preview:large","max-video-preview":"max-video-preview:-1"},"og_locale":"de_DE","og_type":"article","og_title":"Benno Boost E 10D CX | E Bike kaufen Schweiz | 0% Ratenzahlung","og_description":"Bestelle jetzt das Benno Boost E 10D CX ab CHF 105 pro Monat! Zahle mit zinsfreier Ratenzahlung und geniesse unsere gratis Heimlieferung.","og_url":"https:\/\/listings.mybikeplan.ch\/de\/produkt\/benno-boost-10d-cx-aqua-green-trapez\/","og_site_name":"MyBikePlan","article_modified_time":"2024-05-30T12:36:40+00:00","og_image":[{"width":1000,"height":1000,"url":"https:\/\/listings.mybikeplan.ch\/wp-content\/uploads\/2023\/04\/Benno-Boost-10D-CX-Aqua-Green-Trapez.jpg","type":"image\/jpeg"}],"twitter_card":"summary_large_image","twitter_misc":{"Gesch\u00e4tzte Lesezeit":"1\u00a0Minute"},"schema":{"@context":"https:\/\/schema.org","@graph":[{"@type":"WebPage","@id":"https:\/\/listings.mybikeplan.ch\/de\/produkt\/benno-boost-10d-cx-aqua-green-trapez\/","url":"https:\/\/listings.mybikeplan.ch\/de\/produkt\/benno-boost-10d-cx-aqua-green-trapez\/","name":"Benno Boost E 10D CX | E Bike kaufen Schweiz | 0% Ratenzahlung","isPartOf":{"@id":"https:\/\/listings.mybikeplan.ch\/de\/#website"},"primaryImageOfPage":{"@id":"https:\/\/listings.mybikeplan.ch\/de\/produkt\/benno-boost-10d-cx-aqua-green-trapez\/#primaryimage"},"image":{"@id":"https:\/\/listings.mybikeplan.ch\/de\/produkt\/benno-boost-10d-cx-aqua-green-trapez\/#primaryimage"},"thumbnailUrl":"https:\/\/listings.mybikeplan.ch\/wp-content\/uploads\/2023\/04\/Benno-Boost-10D-CX-Aqua-Green-Trapez.jpg","datePublished":"2023-04-03T12:13:30+00:00","dateModified":"2024-05-30T12:36:40+00:00","description":"Bestelle jetzt das Benno Boost E 10D CX ab CHF 105 pro Monat! Zahle mit zinsfreier Ratenzahlung und geniesse unsere gratis Heimlieferung.","breadcrumb":{"@id":"https:\/\/listings.mybikeplan.ch\/de\/produkt\/benno-boost-10d-cx-aqua-green-trapez\/#breadcrumb"},"inLanguage":"de","potentialAction":[{"@type":"ReadAction","target":["https:\/\/listings.mybikeplan.ch\/de\/produkt\/benno-boost-10d-cx-aqua-green-trapez\/"]}]},{"@type":"ImageObject","inLanguage":"de","@id":"https:\/\/listings.mybikeplan.ch\/de\/produkt\/benno-boost-10d-cx-aqua-green-trapez\/#primaryimage","url":"https:\/\/listings.mybikeplan.ch\/wp-content\/uploads\/2023\/04\/Benno-Boost-10D-CX-Aqua-Green-Trapez.jpg","contentUrl":"https:\/\/listings.mybikeplan.ch\/wp-content\/uploads\/2023\/04\/Benno-Boost-10D-CX-Aqua-Green-Trapez.jpg","width":1000,"height":1000,"caption":"Benno Boost 10D CX Aqua Green Trapez"},{"@type":"BreadcrumbList","@id":"https:\/\/listings.mybikeplan.ch\/de\/produkt\/benno-boost-10d-cx-aqua-green-trapez\/#breadcrumb","itemListElement":[{"@type":"ListItem","position":1,"name":"Home","item":"https:\/\/listings.mybikeplan.ch\/de\/"},{"@type":"ListItem","position":2,"name":"Benno Boost 10D CX Aqua Gr\u00fcn Trapez"}]},{"@type":"WebSite","@id":"https:\/\/listings.mybikeplan.ch\/de\/#website","url":"https:\/\/listings.mybikeplan.ch\/de\/","name":"MyBikePlan","description":"","potentialAction":[{"@type":"SearchAction","target":{"@type":"EntryPoint","urlTemplate":"https:\/\/listings.mybikeplan.ch\/de\/?s={search_term_string}"},"query-input":{"@type":"PropertyValueSpecification","valueRequired":true,"valueName":"search_term_string"}}],"inLanguage":"de"}]}},"_links":{"self":[{"href":"https:\/\/listings.mybikeplan.ch\/de\/wp-json\/wp\/v2\/product\/31514","targetHints":{"allow":["GET"]}}],"collection":[{"href":"https:\/\/listings.mybikeplan.ch\/de\/wp-json\/wp\/v2\/product"}],"about":[{"href":"https:\/\/listings.mybikeplan.ch\/de\/wp-json\/wp\/v2\/types\/product"}],"replies":[{"embeddable":true,"href":"https:\/\/listings.mybikeplan.ch\/de\/wp-json\/wp\/v2\/comments?post=31514"}],"wp:featuredmedia":[{"embeddable":true,"href":"https:\/\/listings.mybikeplan.ch\/de\/wp-json\/wp\/v2\/media\/36493"}],"wp:attachment":[{"href":"https:\/\/listings.mybikeplan.ch\/de\/wp-json\/wp\/v2\/media?parent=31514"}],"wp:term":[{"taxonomy":"product_brand","embeddable":true,"href":"https:\/\/listings.mybikeplan.ch\/de\/wp-json\/wp\/v2\/product_brand?post=31514"},{"taxonomy":"product_cat","embeddable":true,"href":"https:\/\/listings.mybikeplan.ch\/de\/wp-json\/wp\/v2\/product_cat?post=31514"},{"taxonomy":"product_tag","embeddable":true,"href":"https:\/\/listings.mybikeplan.ch\/de\/wp-json\/wp\/v2\/product_tag?post=31514"}],"curies":[{"name":"wp","href":"https:\/\/api.w.org\/{rel}","templated":true}]}}