{"id":28976,"date":"2023-01-27T16:02:49","date_gmt":"2023-01-27T16:02:49","guid":{"rendered":"https:\/\/listings.mybikeplan.ch\/?post_type=product&#038;p=28976"},"modified":"2025-04-11T13:34:01","modified_gmt":"2025-04-11T13:34:01","slug":"r-raymon-fullray-130-e-5","status":"publish","type":"product","link":"https:\/\/listings.mybikeplan.ch\/de\/produkt\/r-raymon-fullray-130-e-5\/","title":{"rendered":"R Raymon FullRay 130E 5.0"},"content":{"rendered":"<h2><b>Das Wichtigste zum R Raymond FullRay 130E 5.0:<\/b><\/h2>\n<ul>\n<li style=\"font-weight: 400;\" aria-level=\"1\"><span style=\"font-weight: 400;\">Fully Mountain E-Bike<\/span><\/li>\n<li style=\"font-weight: 400;\" aria-level=\"1\"><span style=\"font-weight: 400;\">Perfekt f\u00fcr Offroad-Spass in jeder Situation<\/span><\/li>\n<li style=\"font-weight: 400;\" aria-level=\"1\"><span style=\"font-weight: 400;\">Einzigartiges Fahrgef\u00fchl<\/span><\/li>\n<\/ul>\n<h2><b>Das R Raymond FullRay 130E 5.0 st perfekt f\u00fcr Dich, wenn Du:<\/b><\/h2>\n<ul>\n<li style=\"font-weight: 400;\" aria-level=\"1\"><span style=\"font-weight: 400;\">Einen sportlichen, aber dennoch schlichten Look bevorzugst<\/span><\/li>\n<li style=\"font-weight: 400;\" aria-level=\"1\"><span style=\"font-weight: 400;\">Bergab nervenkitzelnde Geschwindigkeiten erreichen willst<\/span><\/li>\n<li style=\"font-weight: 400;\" aria-level=\"1\"><span style=\"font-weight: 400;\">ein Fully Mountain E-Bike f\u00fcr Downhill-Abenteuer und Trails suchst<\/span><\/li>\n<\/ul>\n<h2><b>Gr\u00f6ssenempfehlung:<\/b><\/h2>\n<ul>\n<li><span style=\"font-weight: 400;\">42cm: S = 160 cm &#8211; 170 cm<\/span><\/li>\n<li><span style=\"font-weight: 400;\">46 cm: M = 170 cm -178 cm<\/span><\/li>\n<li><span style=\"font-weight: 400;\">50cm: L = 178- 185 cm<\/span><\/li>\n<\/ul>\n","protected":false},"excerpt":{"rendered":"<h2><b>R Raymond FullRay 130E 5.0<\/b><\/h2>\n<p><span style=\"font-weight: 400;\">Mit dem R Raymond FullRay 130E 5.0 wird Offroad-Spass noch unvergesslicher! Freu Dich auf einen b\u00e4renstarken Yamaha-Motor, der Dich jeden H\u00fcgel hinaufbringt, eine sensationelle Reichweite und ein komplett-gefedertes Mountain E-Bike mit 130 mm Federweg f\u00fcr ein Fahrgef\u00fchl der Sonderklasse. Doch damit noch nicht genug: Das integrierte Design zeigt Dir w\u00e4hrend der Fahrt alle wichtigen Daten an, damit Du immer den \u00dcberblick hast.\u00a0<\/span><\/p>\n<p><span style=\"font-weight: 400;\">Einmal mehr beweist R Raymond mit dem R Raymond FullRay 130E 5.0, dass das Unternehmen es versteht, Technik, Design und ein unschlagbares Preis-Leistungs-Verh\u00e4ltnis perfekt zu kombinieren.<\/span><\/p>\n<h2><b>\u00dcber die Marke R Raymon<\/b><\/h2>\n<p><span style=\"font-weight: 400;\">Die deutsche Marke <a href=\"https:\/\/www.mybikeplan.ch\/marken\/rraymon-ebikes\">Raymon<\/a> stellt E-Bikes mit einem einfachen und schlichten Design her. Dabei wird grossen Wert auf ein gutes Preis-Leistungs-Verh\u00e4ltnis gelegt, um hochwertige Bikes zu einem bezahlbaren Preis anbieten zu k\u00f6nnen.<\/span><\/p>\n<p><span style=\"font-weight: 400;\">Innerhalb weniger Jahre hat sich das Unternehmen rasant weiterentwickelt und bietet nun R Raymon E-Bikes in verschiedenen Stilen an, von Strasse \u00fcber Enduro bis hin zu Schotter und City.<\/span><\/p>\n","protected":false},"featured_media":29445,"comment_status":"open","ping_status":"closed","template":"","meta":{"_acf_changed":false},"product_brand":[],"product_cat":[583,15,578,582,2309,24,579,1459,4481],"product_tag":[],"class_list":{"0":"post-28976","1":"product","2":"type-product","3":"status-publish","4":"has-post-thumbnail","6":"product_cat-25-km","7":"product_cat-alle-e-bikes","8":"product_cat-damen","9":"product_cat-diamant","10":"product_cat-e-mountain-fully","11":"product_cat-e-mountain","12":"product_cat-herren","13":"product_cat-marke-r-raymon","14":"product_cat-mybikeplan","15":"pa_attachments-trailer-connection","16":"pa_battery-yamaha-ml500-500-wh-36-v","17":"pa_battery-size-500-wh","18":"pa_brand-r-raymon","19":"pa_display-yamaha-display-a-lcd-display-micro-usb","20":"pa_filters-color-grau","21":"pa_frame-variant-diamant","22":"pa_hex-color-808080-3","23":"pa_max-weight-130-kg","24":"pa_motor-yamaha-pw-st-250-w-70-nm","25":"pa_motor-brand-yamaha","26":"pa_range-80-km","27":"pa_rider-height-160-165-cm","28":"pa_rider-height-165-170-cm","29":"pa_rider-height-170-175-cm","30":"pa_rider-height-175-180-cm","31":"pa_saddle-post-r-raymon-316-mm-350-mm-patent","32":"pa_seat-tube-length-42cm-s","33":"pa_seat-tube-length-46cm-m","34":"pa_sizes-m","35":"pa_sizes-s","36":"pa_speed-25-km-stunde","37":"pa_stem-r-raymon-31-8-7-ahead","38":"pa_suspension-travel-130-mm","39":"pa_wheel-size-762","41":"first","42":"onbackorder","43":"shipping-taxable","44":"purchasable","45":"product-type-variable"},"acf":{"short_description":"Das R Raymond FullRay 130E 5.0 ist ein agiles, vollgefedertes Mountain E-Bike, das sich sowohl auf dem Trail als auch bei adrenalingeladenen Abfahrten in den Bergen perfekt eignet! Ein Federweg von 130 mm und ein schlankes Design sorgen f\u00fcr extra viel Komfort und Fahrspass.","bike_name":"R Raymond FullRay 130E 5.0","highlight_text":"","frame":"","battery_size":"","motor_strength":""},"yoast_head":"<!-- This site is optimized with the Yoast SEO plugin v24.5 - https:\/\/yoast.com\/wordpress\/plugins\/seo\/ -->\n<title>R Raymond FullRay 130E 5.0 | Ab CHF 87 | E Bike kaufen Schweiz<\/title>\n<meta name=\"description\" content=\"Bestelle jetzt das R Raymond FullRay 130E 5.0 ab CHF 87 pro Monat! Zahle mit zinsfreier Ratenzahlung und geniesse unsere gratis Heimlieferung.\" \/>\n<meta name=\"robots\" content=\"noindex, follow, max-snippet:-1, max-image-preview:large, max-video-preview:-1\" \/>\n<meta property=\"og:locale\" content=\"de_DE\" \/>\n<meta property=\"og:type\" content=\"article\" \/>\n<meta property=\"og:title\" content=\"R Raymond FullRay 130E 5.0 | Ab CHF 87 | E Bike kaufen Schweiz\" \/>\n<meta property=\"og:description\" content=\"Bestelle jetzt das R Raymond FullRay 130E 5.0 ab CHF 87 pro Monat! Zahle mit zinsfreier Ratenzahlung und geniesse unsere gratis Heimlieferung.\" \/>\n<meta property=\"og:url\" content=\"https:\/\/listings.mybikeplan.ch\/de\/produkt\/r-raymon-fullray-130-e-5\/\" \/>\n<meta property=\"og:site_name\" content=\"MyBikePlan\" \/>\n<meta property=\"article:modified_time\" content=\"2025-04-11T13:34:01+00:00\" \/>\n<meta property=\"og:image\" content=\"https:\/\/listings.mybikeplan.ch\/wp-content\/uploads\/2023\/01\/R-Raymon-FullRay-130E-5.0.jpg\" \/>\n\t<meta property=\"og:image:width\" content=\"1080\" \/>\n\t<meta property=\"og:image:height\" content=\"1080\" \/>\n\t<meta property=\"og:image:type\" content=\"image\/jpeg\" \/>\n<meta name=\"twitter:card\" content=\"summary_large_image\" \/>\n<meta name=\"twitter:label1\" content=\"Gesch\u00e4tzte Lesezeit\" \/>\n\t<meta name=\"twitter:data1\" content=\"1\u00a0Minute\" \/>\n<script type=\"application\/ld+json\" class=\"yoast-schema-graph\">{\"@context\":\"https:\/\/schema.org\",\"@graph\":[{\"@type\":\"WebPage\",\"@id\":\"https:\/\/listings.mybikeplan.ch\/de\/produkt\/r-raymon-fullray-130-e-5\/\",\"url\":\"https:\/\/listings.mybikeplan.ch\/de\/produkt\/r-raymon-fullray-130-e-5\/\",\"name\":\"R Raymond FullRay 130E 5.0 | Ab CHF 87 | E Bike kaufen Schweiz\",\"isPartOf\":{\"@id\":\"https:\/\/listings.mybikeplan.ch\/de\/#website\"},\"primaryImageOfPage\":{\"@id\":\"https:\/\/listings.mybikeplan.ch\/de\/produkt\/r-raymon-fullray-130-e-5\/#primaryimage\"},\"image\":{\"@id\":\"https:\/\/listings.mybikeplan.ch\/de\/produkt\/r-raymon-fullray-130-e-5\/#primaryimage\"},\"thumbnailUrl\":\"https:\/\/listings.mybikeplan.ch\/wp-content\/uploads\/2023\/01\/R-Raymon-FullRay-130E-5.0.jpg\",\"datePublished\":\"2023-01-27T16:02:49+00:00\",\"dateModified\":\"2025-04-11T13:34:01+00:00\",\"description\":\"Bestelle jetzt das R Raymond FullRay 130E 5.0 ab CHF 87 pro Monat! Zahle mit zinsfreier Ratenzahlung und geniesse unsere gratis Heimlieferung.\",\"breadcrumb\":{\"@id\":\"https:\/\/listings.mybikeplan.ch\/de\/produkt\/r-raymon-fullray-130-e-5\/#breadcrumb\"},\"inLanguage\":\"de\",\"potentialAction\":[{\"@type\":\"ReadAction\",\"target\":[\"https:\/\/listings.mybikeplan.ch\/de\/produkt\/r-raymon-fullray-130-e-5\/\"]}]},{\"@type\":\"ImageObject\",\"inLanguage\":\"de\",\"@id\":\"https:\/\/listings.mybikeplan.ch\/de\/produkt\/r-raymon-fullray-130-e-5\/#primaryimage\",\"url\":\"https:\/\/listings.mybikeplan.ch\/wp-content\/uploads\/2023\/01\/R-Raymon-FullRay-130E-5.0.jpg\",\"contentUrl\":\"https:\/\/listings.mybikeplan.ch\/wp-content\/uploads\/2023\/01\/R-Raymon-FullRay-130E-5.0.jpg\",\"width\":1080,\"height\":1080,\"caption\":\"R Raymon FullRay 130E 5.0\"},{\"@type\":\"BreadcrumbList\",\"@id\":\"https:\/\/listings.mybikeplan.ch\/de\/produkt\/r-raymon-fullray-130-e-5\/#breadcrumb\",\"itemListElement\":[{\"@type\":\"ListItem\",\"position\":1,\"name\":\"Home\",\"item\":\"https:\/\/listings.mybikeplan.ch\/de\/\"},{\"@type\":\"ListItem\",\"position\":2,\"name\":\"R Raymon FullRay 130E 5.0\"}]},{\"@type\":\"WebSite\",\"@id\":\"https:\/\/listings.mybikeplan.ch\/de\/#website\",\"url\":\"https:\/\/listings.mybikeplan.ch\/de\/\",\"name\":\"MyBikePlan\",\"description\":\"\",\"potentialAction\":[{\"@type\":\"SearchAction\",\"target\":{\"@type\":\"EntryPoint\",\"urlTemplate\":\"https:\/\/listings.mybikeplan.ch\/de\/?s={search_term_string}\"},\"query-input\":{\"@type\":\"PropertyValueSpecification\",\"valueRequired\":true,\"valueName\":\"search_term_string\"}}],\"inLanguage\":\"de\"}]}<\/script>\n<!-- \/ Yoast SEO plugin. -->","yoast_head_json":{"title":"R Raymond FullRay 130E 5.0 | Ab CHF 87 | E Bike kaufen Schweiz","description":"Bestelle jetzt das R Raymond FullRay 130E 5.0 ab CHF 87 pro Monat! Zahle mit zinsfreier Ratenzahlung und geniesse unsere gratis Heimlieferung.","robots":{"index":"noindex","follow":"follow","max-snippet":"max-snippet:-1","max-image-preview":"max-image-preview:large","max-video-preview":"max-video-preview:-1"},"og_locale":"de_DE","og_type":"article","og_title":"R Raymond FullRay 130E 5.0 | Ab CHF 87 | E Bike kaufen Schweiz","og_description":"Bestelle jetzt das R Raymond FullRay 130E 5.0 ab CHF 87 pro Monat! Zahle mit zinsfreier Ratenzahlung und geniesse unsere gratis Heimlieferung.","og_url":"https:\/\/listings.mybikeplan.ch\/de\/produkt\/r-raymon-fullray-130-e-5\/","og_site_name":"MyBikePlan","article_modified_time":"2025-04-11T13:34:01+00:00","og_image":[{"width":1080,"height":1080,"url":"https:\/\/listings.mybikeplan.ch\/wp-content\/uploads\/2023\/01\/R-Raymon-FullRay-130E-5.0.jpg","type":"image\/jpeg"}],"twitter_card":"summary_large_image","twitter_misc":{"Gesch\u00e4tzte Lesezeit":"1\u00a0Minute"},"schema":{"@context":"https:\/\/schema.org","@graph":[{"@type":"WebPage","@id":"https:\/\/listings.mybikeplan.ch\/de\/produkt\/r-raymon-fullray-130-e-5\/","url":"https:\/\/listings.mybikeplan.ch\/de\/produkt\/r-raymon-fullray-130-e-5\/","name":"R Raymond FullRay 130E 5.0 | Ab CHF 87 | E Bike kaufen Schweiz","isPartOf":{"@id":"https:\/\/listings.mybikeplan.ch\/de\/#website"},"primaryImageOfPage":{"@id":"https:\/\/listings.mybikeplan.ch\/de\/produkt\/r-raymon-fullray-130-e-5\/#primaryimage"},"image":{"@id":"https:\/\/listings.mybikeplan.ch\/de\/produkt\/r-raymon-fullray-130-e-5\/#primaryimage"},"thumbnailUrl":"https:\/\/listings.mybikeplan.ch\/wp-content\/uploads\/2023\/01\/R-Raymon-FullRay-130E-5.0.jpg","datePublished":"2023-01-27T16:02:49+00:00","dateModified":"2025-04-11T13:34:01+00:00","description":"Bestelle jetzt das R Raymond FullRay 130E 5.0 ab CHF 87 pro Monat! Zahle mit zinsfreier Ratenzahlung und geniesse unsere gratis Heimlieferung.","breadcrumb":{"@id":"https:\/\/listings.mybikeplan.ch\/de\/produkt\/r-raymon-fullray-130-e-5\/#breadcrumb"},"inLanguage":"de","potentialAction":[{"@type":"ReadAction","target":["https:\/\/listings.mybikeplan.ch\/de\/produkt\/r-raymon-fullray-130-e-5\/"]}]},{"@type":"ImageObject","inLanguage":"de","@id":"https:\/\/listings.mybikeplan.ch\/de\/produkt\/r-raymon-fullray-130-e-5\/#primaryimage","url":"https:\/\/listings.mybikeplan.ch\/wp-content\/uploads\/2023\/01\/R-Raymon-FullRay-130E-5.0.jpg","contentUrl":"https:\/\/listings.mybikeplan.ch\/wp-content\/uploads\/2023\/01\/R-Raymon-FullRay-130E-5.0.jpg","width":1080,"height":1080,"caption":"R Raymon FullRay 130E 5.0"},{"@type":"BreadcrumbList","@id":"https:\/\/listings.mybikeplan.ch\/de\/produkt\/r-raymon-fullray-130-e-5\/#breadcrumb","itemListElement":[{"@type":"ListItem","position":1,"name":"Home","item":"https:\/\/listings.mybikeplan.ch\/de\/"},{"@type":"ListItem","position":2,"name":"R Raymon FullRay 130E 5.0"}]},{"@type":"WebSite","@id":"https:\/\/listings.mybikeplan.ch\/de\/#website","url":"https:\/\/listings.mybikeplan.ch\/de\/","name":"MyBikePlan","description":"","potentialAction":[{"@type":"SearchAction","target":{"@type":"EntryPoint","urlTemplate":"https:\/\/listings.mybikeplan.ch\/de\/?s={search_term_string}"},"query-input":{"@type":"PropertyValueSpecification","valueRequired":true,"valueName":"search_term_string"}}],"inLanguage":"de"}]}},"_links":{"self":[{"href":"https:\/\/listings.mybikeplan.ch\/de\/wp-json\/wp\/v2\/product\/28976","targetHints":{"allow":["GET"]}}],"collection":[{"href":"https:\/\/listings.mybikeplan.ch\/de\/wp-json\/wp\/v2\/product"}],"about":[{"href":"https:\/\/listings.mybikeplan.ch\/de\/wp-json\/wp\/v2\/types\/product"}],"replies":[{"embeddable":true,"href":"https:\/\/listings.mybikeplan.ch\/de\/wp-json\/wp\/v2\/comments?post=28976"}],"wp:featuredmedia":[{"embeddable":true,"href":"https:\/\/listings.mybikeplan.ch\/de\/wp-json\/wp\/v2\/media\/29445"}],"wp:attachment":[{"href":"https:\/\/listings.mybikeplan.ch\/de\/wp-json\/wp\/v2\/media?parent=28976"}],"wp:term":[{"taxonomy":"product_brand","embeddable":true,"href":"https:\/\/listings.mybikeplan.ch\/de\/wp-json\/wp\/v2\/product_brand?post=28976"},{"taxonomy":"product_cat","embeddable":true,"href":"https:\/\/listings.mybikeplan.ch\/de\/wp-json\/wp\/v2\/product_cat?post=28976"},{"taxonomy":"product_tag","embeddable":true,"href":"https:\/\/listings.mybikeplan.ch\/de\/wp-json\/wp\/v2\/product_tag?post=28976"}],"curies":[{"name":"wp","href":"https:\/\/api.w.org\/{rel}","templated":true}]}}