{"id":23604,"date":"2022-11-30T14:02:06","date_gmt":"2022-11-30T14:02:06","guid":{"rendered":"https:\/\/listings.mybikeplan.ch\/?post_type=product&#038;p=23604"},"modified":"2025-03-27T15:19:50","modified_gmt":"2025-03-27T15:19:50","slug":"stromer-st1-dark-grey-comfort-814wh","status":"publish","type":"product","link":"https:\/\/listings.mybikeplan.ch\/de\/produkt\/stromer-st1-dark-grey-comfort-814wh\/","title":{"rendered":"Stromer ST1 Dark Grey Comfort 814 Wh"},"content":{"rendered":"<h2><b>Das Stromer ST1 ist perfekt f\u00fcr Dich, wenn Du:<\/b><\/h2>\n<ul>\n<li style=\"font-weight: 400;\" aria-level=\"1\"><span style=\"font-weight: 400;\">hohe Qualit\u00e4t von A bis Z suchst<\/span><\/li>\n<li style=\"font-weight: 400;\" aria-level=\"1\"><span style=\"font-weight: 400;\">auf Schweizer Produkte setzt<\/span><\/li>\n<li style=\"font-weight: 400;\" aria-level=\"1\"><span style=\"font-weight: 400;\">auf der Suche nach einem E-Bike mit Geschwindigkeit bist<\/span><\/li>\n<\/ul>\n<h2><b>Stromer ST1, ST2 und ST3: Was sind die Unterschiede?<\/b><\/h2>\n<ul>\n<li style=\"font-weight: 400;\" aria-level=\"1\"><span style=\"font-weight: 400;\">Stromer ST1: Das ST1 ist das billigste aller Stromer-Modelle. Es ist schlicht und einfach gehalten, ohne an Qualit\u00e4t einzub\u00fcssen, und setzt in erster Linie auf Komfort. Perfekt geeignet, wenn Du in die Welt der E-Bikes einsteigen willst!<\/span><\/li>\n<li style=\"font-weight: 400;\" aria-level=\"1\"><span style=\"font-weight: 400;\">Stromer ST2: Dieses Modell besitzt keine Kettenschaltung wie die anderen Modelle, sondern einen wartungsarmen Riemenantrieb. Das macht das ST2 zu einem sehr leisen E-Bike. Zudem verf\u00fcgt es mit bis zu 120 km \u00fcber deutlich mehr Reichweite als das ST1.<\/span><\/li>\n<li style=\"font-weight: 400;\" aria-level=\"1\"><span style=\"font-weight: 400;\">Stromer ST3: Das ST3 kombiniert die besten Vorz\u00fcge des ST1 und ST2: Nicht nur besitzt es von all unseren Stromer E-Bikes den st\u00e4rksten Motor und Akku (bis zu 150 km Reichweite!), es hat auch ein komplett integriertes Display. <\/span><\/li>\n<\/ul>\n<h2><b>Gr\u00f6ssenempfehlung:<\/b><\/h2>\n<ul>\n<li><span style=\"font-weight: 400;\">M: &lt;178 cm<\/span><\/li>\n<\/ul>\n","protected":false},"excerpt":{"rendered":"<h2><b>Stromer ST1<\/b><\/h2>\n<p><span style=\"font-weight: 400;\">Das Stromer ST1 ist eines der bekanntesten S-Pedelecs in der Schweiz. Mit seinem modischen Look und einer Geschwindigkeit von bis zu 45k m\/h kommt man mit diesem City E-Bike in k\u00fcrzester Zeit von einem Punkt zum anderen. Mit dem leistungsstarken Akku und der anpassbaren Sitzposition wird die Fahrt garantiert zum Vergn\u00fcgen. Um noch mehr Komfort zu gew\u00e4hrleisten, l\u00e4sst sich das Display sogar mit Bluetooth verbinden.\u00a0<\/span><\/p>\n<p><span style=\"font-weight: 400;\">Dieses Stromer E-Bike ist definitiv ein attraktives Velo, das Charme, Leistung und Komfort vereint. Es eignet sich f\u00fcr den t\u00e4glichen Weg zur Arbeit oder f\u00fcr Ausfl\u00fcge in der Stadt.<\/span><\/p>\n<h2><b>\u00dcber die Marke Stromer<\/b><\/h2>\n<p><span style=\"font-weight: 400;\">Die Gr\u00fcndung von <a href=\"https:\/\/www.mybikeplan.ch\/marken\/stromer-ebikes\">Stromer Bikes<\/a> erfolgte im Jahr 2009 durch den Schweizer Thomas Binggeli. 2010 erfolgte die Neugr\u00fcndung der myStromer AG und die Marke Stromer konnte sich mit der Kombination von Geschwindigkeit und Effizienz erfolgreich auf dem Schweizer Markt etablieren.\u00a0 Mit seinem Hinterradantrieb, der aussergew\u00f6hnlich hohen Leistung, dem sportlichen Design und dem integrierten Akku hat sich das S-Pedelecs als moderne E-Mobilit\u00e4t und bekannte Marke f\u00fcr 45km\/h E-Bikes einen Namen gemacht.<\/span><\/p>\n","protected":false},"featured_media":31607,"comment_status":"open","ping_status":"closed","template":"","meta":{"_acf_changed":false},"product_brand":[],"product_cat":[584,15,578,21,579,1106,4481,12608,7789,580],"product_tag":[],"class_list":{"0":"post-23604","1":"product","2":"type-product","3":"status-publish","4":"has-post-thumbnail","6":"product_cat-45-km","7":"product_cat-alle-e-bikes","8":"product_cat-damen","9":"product_cat-e-urban","10":"product_cat-herren","11":"product_cat-marke-stromer","12":"product_cat-mybikeplan","13":"product_cat-soh_250","14":"product_cat-swiss-made","15":"product_cat-wave","16":"pa_battery-bq814","17":"pa_battery-size-814-wh","18":"pa_brand-stromer","19":"pa_display-omni-c","20":"pa_filters-color-grau","21":"pa_fork-aluminum","22":"pa_frame-variant-trapez","23":"pa_handlebar-rise-handlebar-rise-20-mm-back-sweep-20-2","24":"pa_headlight-roxim-z4-elite-600-lux-2","25":"pa_hex-color-004e6a-produkt-stromer-st1-deep-petrol-comfort-814wh-2","26":"pa_hex-color-808080-2","27":"pa_hex-color-d3d3d3-produkt-stromer-st1-light-grey-comfort-814wh","28":"pa_max-weight-130-kg","29":"pa_motor-stromer-cyro-drive-ii-35nm","30":"pa_motor-brand-stromer","31":"pa_range-100-km","32":"pa_rider-height-160-165-cm","33":"pa_rider-height-165-170-cm","34":"pa_rider-height-170-175-cm","35":"pa_saddle-ergon-st10","36":"pa_seat-tube-length-m","37":"pa_speed-45-km-stunde","38":"pa_stem-m-90-mm-17-l-110-mm-17","39":"pa_weight-30-kg","40":"pa_youtube-link-https-www-youtube-com-watchv-eg73ch5jxk","42":"first","43":"instock","44":"shipping-taxable","45":"purchasable","46":"product-type-variable"},"acf":{"short_description":"Dieses blitzschnelle City E-Bike eignet sich am besten im hektischen Stadtverkehr und bringt Dich dank des extra-starken Motors zielsicher dorthin, wo Du sein musst. Der Comfort-Rahmen sorgt dabei f\u00fcr den h\u00f6chsten Komfort im Sattel!","bike_name":"Stromer ST1 ","highlight_text":"","frame":[14789],"battery_size":[23577],"motor_strength":""},"yoast_head":"<!-- This site is optimized with the Yoast SEO plugin v24.5 - https:\/\/yoast.com\/wordpress\/plugins\/seo\/ -->\n<title>Stromer ST1 | Ab CHF 129 im Monat | 0% Zins | Schweiz<\/title>\n<meta name=\"description\" content=\"Bestelle jetzt das Stromer ST1 ab CHF 129 pro Monat! Zahle mit zinsfreier Ratenzahlung und geniesse unsere gratis Heimlieferung.\" \/>\n<meta name=\"robots\" content=\"noindex, follow, max-snippet:-1, max-image-preview:large, max-video-preview:-1\" \/>\n<meta property=\"og:locale\" content=\"de_DE\" \/>\n<meta property=\"og:type\" content=\"article\" \/>\n<meta property=\"og:title\" content=\"Stromer ST1 | Ab CHF 129 im Monat | 0% Zins | Schweiz\" \/>\n<meta property=\"og:description\" content=\"Bestelle jetzt das Stromer ST1 ab CHF 129 pro Monat! Zahle mit zinsfreier Ratenzahlung und geniesse unsere gratis Heimlieferung.\" \/>\n<meta property=\"og:url\" content=\"https:\/\/listings.mybikeplan.ch\/de\/produkt\/stromer-st1-dark-grey-comfort-814wh\/\" \/>\n<meta property=\"og:site_name\" content=\"MyBikePlan\" \/>\n<meta property=\"article:modified_time\" content=\"2025-03-27T15:19:50+00:00\" \/>\n<meta property=\"og:image\" content=\"https:\/\/listings.mybikeplan.ch\/wp-content\/uploads\/2022\/11\/Stromer-ST1-Dark-Grey-Comfort-1.jpg\" \/>\n\t<meta property=\"og:image:width\" content=\"1000\" \/>\n\t<meta property=\"og:image:height\" content=\"1000\" \/>\n\t<meta property=\"og:image:type\" content=\"image\/jpeg\" \/>\n<meta name=\"twitter:card\" content=\"summary_large_image\" \/>\n<meta name=\"twitter:label1\" content=\"Gesch\u00e4tzte Lesezeit\" \/>\n\t<meta name=\"twitter:data1\" content=\"1\u00a0Minute\" \/>\n<script type=\"application\/ld+json\" class=\"yoast-schema-graph\">{\"@context\":\"https:\/\/schema.org\",\"@graph\":[{\"@type\":\"WebPage\",\"@id\":\"https:\/\/listings.mybikeplan.ch\/de\/produkt\/stromer-st1-dark-grey-comfort-814wh\/\",\"url\":\"https:\/\/listings.mybikeplan.ch\/de\/produkt\/stromer-st1-dark-grey-comfort-814wh\/\",\"name\":\"Stromer ST1 | Ab CHF 129 im Monat | 0% Zins | Schweiz\",\"isPartOf\":{\"@id\":\"https:\/\/listings.mybikeplan.ch\/de\/#website\"},\"primaryImageOfPage\":{\"@id\":\"https:\/\/listings.mybikeplan.ch\/de\/produkt\/stromer-st1-dark-grey-comfort-814wh\/#primaryimage\"},\"image\":{\"@id\":\"https:\/\/listings.mybikeplan.ch\/de\/produkt\/stromer-st1-dark-grey-comfort-814wh\/#primaryimage\"},\"thumbnailUrl\":\"https:\/\/listings.mybikeplan.ch\/wp-content\/uploads\/2022\/11\/Stromer-ST1-Dark-Grey-Comfort-1.jpg\",\"datePublished\":\"2022-11-30T14:02:06+00:00\",\"dateModified\":\"2025-03-27T15:19:50+00:00\",\"description\":\"Bestelle jetzt das Stromer ST1 ab CHF 129 pro Monat! Zahle mit zinsfreier Ratenzahlung und geniesse unsere gratis Heimlieferung.\",\"breadcrumb\":{\"@id\":\"https:\/\/listings.mybikeplan.ch\/de\/produkt\/stromer-st1-dark-grey-comfort-814wh\/#breadcrumb\"},\"inLanguage\":\"de\",\"potentialAction\":[{\"@type\":\"ReadAction\",\"target\":[\"https:\/\/listings.mybikeplan.ch\/de\/produkt\/stromer-st1-dark-grey-comfort-814wh\/\"]}]},{\"@type\":\"ImageObject\",\"inLanguage\":\"de\",\"@id\":\"https:\/\/listings.mybikeplan.ch\/de\/produkt\/stromer-st1-dark-grey-comfort-814wh\/#primaryimage\",\"url\":\"https:\/\/listings.mybikeplan.ch\/wp-content\/uploads\/2022\/11\/Stromer-ST1-Dark-Grey-Comfort-1.jpg\",\"contentUrl\":\"https:\/\/listings.mybikeplan.ch\/wp-content\/uploads\/2022\/11\/Stromer-ST1-Dark-Grey-Comfort-1.jpg\",\"width\":1000,\"height\":1000,\"caption\":\"Stromer ST1 Dark Grey Comfort 814 Wh\"},{\"@type\":\"BreadcrumbList\",\"@id\":\"https:\/\/listings.mybikeplan.ch\/de\/produkt\/stromer-st1-dark-grey-comfort-814wh\/#breadcrumb\",\"itemListElement\":[{\"@type\":\"ListItem\",\"position\":1,\"name\":\"Home\",\"item\":\"https:\/\/listings.mybikeplan.ch\/de\/\"},{\"@type\":\"ListItem\",\"position\":2,\"name\":\"Stromer ST1 Dark Grey Comfort 814 Wh\"}]},{\"@type\":\"WebSite\",\"@id\":\"https:\/\/listings.mybikeplan.ch\/de\/#website\",\"url\":\"https:\/\/listings.mybikeplan.ch\/de\/\",\"name\":\"MyBikePlan\",\"description\":\"\",\"potentialAction\":[{\"@type\":\"SearchAction\",\"target\":{\"@type\":\"EntryPoint\",\"urlTemplate\":\"https:\/\/listings.mybikeplan.ch\/de\/?s={search_term_string}\"},\"query-input\":{\"@type\":\"PropertyValueSpecification\",\"valueRequired\":true,\"valueName\":\"search_term_string\"}}],\"inLanguage\":\"de\"}]}<\/script>\n<!-- \/ Yoast SEO plugin. -->","yoast_head_json":{"title":"Stromer ST1 | Ab CHF 129 im Monat | 0% Zins | Schweiz","description":"Bestelle jetzt das Stromer ST1 ab CHF 129 pro Monat! Zahle mit zinsfreier Ratenzahlung und geniesse unsere gratis Heimlieferung.","robots":{"index":"noindex","follow":"follow","max-snippet":"max-snippet:-1","max-image-preview":"max-image-preview:large","max-video-preview":"max-video-preview:-1"},"og_locale":"de_DE","og_type":"article","og_title":"Stromer ST1 | Ab CHF 129 im Monat | 0% Zins | Schweiz","og_description":"Bestelle jetzt das Stromer ST1 ab CHF 129 pro Monat! Zahle mit zinsfreier Ratenzahlung und geniesse unsere gratis Heimlieferung.","og_url":"https:\/\/listings.mybikeplan.ch\/de\/produkt\/stromer-st1-dark-grey-comfort-814wh\/","og_site_name":"MyBikePlan","article_modified_time":"2025-03-27T15:19:50+00:00","og_image":[{"width":1000,"height":1000,"url":"https:\/\/listings.mybikeplan.ch\/wp-content\/uploads\/2022\/11\/Stromer-ST1-Dark-Grey-Comfort-1.jpg","type":"image\/jpeg"}],"twitter_card":"summary_large_image","twitter_misc":{"Gesch\u00e4tzte Lesezeit":"1\u00a0Minute"},"schema":{"@context":"https:\/\/schema.org","@graph":[{"@type":"WebPage","@id":"https:\/\/listings.mybikeplan.ch\/de\/produkt\/stromer-st1-dark-grey-comfort-814wh\/","url":"https:\/\/listings.mybikeplan.ch\/de\/produkt\/stromer-st1-dark-grey-comfort-814wh\/","name":"Stromer ST1 | Ab CHF 129 im Monat | 0% Zins | Schweiz","isPartOf":{"@id":"https:\/\/listings.mybikeplan.ch\/de\/#website"},"primaryImageOfPage":{"@id":"https:\/\/listings.mybikeplan.ch\/de\/produkt\/stromer-st1-dark-grey-comfort-814wh\/#primaryimage"},"image":{"@id":"https:\/\/listings.mybikeplan.ch\/de\/produkt\/stromer-st1-dark-grey-comfort-814wh\/#primaryimage"},"thumbnailUrl":"https:\/\/listings.mybikeplan.ch\/wp-content\/uploads\/2022\/11\/Stromer-ST1-Dark-Grey-Comfort-1.jpg","datePublished":"2022-11-30T14:02:06+00:00","dateModified":"2025-03-27T15:19:50+00:00","description":"Bestelle jetzt das Stromer ST1 ab CHF 129 pro Monat! Zahle mit zinsfreier Ratenzahlung und geniesse unsere gratis Heimlieferung.","breadcrumb":{"@id":"https:\/\/listings.mybikeplan.ch\/de\/produkt\/stromer-st1-dark-grey-comfort-814wh\/#breadcrumb"},"inLanguage":"de","potentialAction":[{"@type":"ReadAction","target":["https:\/\/listings.mybikeplan.ch\/de\/produkt\/stromer-st1-dark-grey-comfort-814wh\/"]}]},{"@type":"ImageObject","inLanguage":"de","@id":"https:\/\/listings.mybikeplan.ch\/de\/produkt\/stromer-st1-dark-grey-comfort-814wh\/#primaryimage","url":"https:\/\/listings.mybikeplan.ch\/wp-content\/uploads\/2022\/11\/Stromer-ST1-Dark-Grey-Comfort-1.jpg","contentUrl":"https:\/\/listings.mybikeplan.ch\/wp-content\/uploads\/2022\/11\/Stromer-ST1-Dark-Grey-Comfort-1.jpg","width":1000,"height":1000,"caption":"Stromer ST1 Dark Grey Comfort 814 Wh"},{"@type":"BreadcrumbList","@id":"https:\/\/listings.mybikeplan.ch\/de\/produkt\/stromer-st1-dark-grey-comfort-814wh\/#breadcrumb","itemListElement":[{"@type":"ListItem","position":1,"name":"Home","item":"https:\/\/listings.mybikeplan.ch\/de\/"},{"@type":"ListItem","position":2,"name":"Stromer ST1 Dark Grey Comfort 814 Wh"}]},{"@type":"WebSite","@id":"https:\/\/listings.mybikeplan.ch\/de\/#website","url":"https:\/\/listings.mybikeplan.ch\/de\/","name":"MyBikePlan","description":"","potentialAction":[{"@type":"SearchAction","target":{"@type":"EntryPoint","urlTemplate":"https:\/\/listings.mybikeplan.ch\/de\/?s={search_term_string}"},"query-input":{"@type":"PropertyValueSpecification","valueRequired":true,"valueName":"search_term_string"}}],"inLanguage":"de"}]}},"_links":{"self":[{"href":"https:\/\/listings.mybikeplan.ch\/de\/wp-json\/wp\/v2\/product\/23604","targetHints":{"allow":["GET"]}}],"collection":[{"href":"https:\/\/listings.mybikeplan.ch\/de\/wp-json\/wp\/v2\/product"}],"about":[{"href":"https:\/\/listings.mybikeplan.ch\/de\/wp-json\/wp\/v2\/types\/product"}],"replies":[{"embeddable":true,"href":"https:\/\/listings.mybikeplan.ch\/de\/wp-json\/wp\/v2\/comments?post=23604"}],"acf:post":[{"embeddable":true,"href":"https:\/\/listings.mybikeplan.ch\/de\/wp-json\/wp\/v2\/product\/23577"},{"embeddable":true,"href":"https:\/\/listings.mybikeplan.ch\/de\/wp-json\/wp\/v2\/product\/14789"}],"wp:featuredmedia":[{"embeddable":true,"href":"https:\/\/listings.mybikeplan.ch\/de\/wp-json\/wp\/v2\/media\/31607"}],"wp:attachment":[{"href":"https:\/\/listings.mybikeplan.ch\/de\/wp-json\/wp\/v2\/media?parent=23604"}],"wp:term":[{"taxonomy":"product_brand","embeddable":true,"href":"https:\/\/listings.mybikeplan.ch\/de\/wp-json\/wp\/v2\/product_brand?post=23604"},{"taxonomy":"product_cat","embeddable":true,"href":"https:\/\/listings.mybikeplan.ch\/de\/wp-json\/wp\/v2\/product_cat?post=23604"},{"taxonomy":"product_tag","embeddable":true,"href":"https:\/\/listings.mybikeplan.ch\/de\/wp-json\/wp\/v2\/product_tag?post=23604"}],"curies":[{"name":"wp","href":"https:\/\/api.w.org\/{rel}","templated":true}]}}