{"id":23034,"date":"2022-11-23T13:42:54","date_gmt":"2022-11-23T13:42:54","guid":{"rendered":"https:\/\/listings.mybikeplan.ch\/?post_type=product&#038;p=23034"},"modified":"2024-05-31T08:46:44","modified_gmt":"2024-05-31T08:46:44","slug":"focus-jam-6-7-nine-grau","status":"publish","type":"product","link":"https:\/\/listings.mybikeplan.ch\/de\/produkt\/focus-jam-6-7-nine-grau\/","title":{"rendered":"Focus Jam\u00b2 6.7 Nine Grau"},"content":{"rendered":"<h2><b>Das Wichtigste zum Focus Jam\u00b2 6.7 Nine auf einen Blick:<\/b><\/h2>\n<ul>\n<li style=\"font-weight: 400;\"><span style=\"font-weight: 400;\">Fully Mountain E Bike<\/span><\/li>\n<li style=\"font-weight: 400;\"><span style=\"font-weight: 400;\">Neuester Bosch Performance CX Gen4 Motor mit 85 Nm f\u00fcr echte Berg Enthusiasten<\/span><\/li>\n<li style=\"font-weight: 400;\"><span style=\"font-weight: 400;\">Bosch Akku mit 625 Wh f\u00fcr langanhaltenden Spass unterwegs<\/span><\/li>\n<li style=\"font-weight: 400;\"><span style=\"font-weight: 400;\">RockShox Federgabel mit 150 mm\u00a0<\/span><\/li>\n<\/ul>\n<h2><b>Das Focus Jam\u00b2 6.7 Nine ist perfekt f\u00fcr Dich, wenn Du:<\/b><\/h2>\n<ul>\n<li style=\"font-weight: 400;\"><span style=\"font-weight: 400;\">Ein Fully Mountain E Bike suchst, das dich auf Trails und Offroad-Erlebnissen begleitet<\/span><\/li>\n<li style=\"font-weight: 400;\"><span style=\"font-weight: 400;\">Ab jetzt auch die Bergerklimmung vollends geniessen und somit doppelten Fahrspass erleben m\u00f6chtest<\/span><\/li>\n<\/ul>\n<h2><strong>Gr\u00f6ssenempfehlung:<\/strong><\/h2>\n<ul>\n<li>S = 160 cm &#8211; 170 cm<\/li>\n<li>M = 170 cm &#8211; 180 cm<\/li>\n<li>L = 180 cm &#8211; 190 cm<\/li>\n<li>XL = &gt; 190cm<\/li>\n<\/ul>\n","protected":false},"excerpt":{"rendered":"<h2 style=\"text-align: left;\"><strong><span style=\"vertical-align: inherit;\"><span style=\"vertical-align: inherit;\">Focus Jam\u00b2 6.7 Nine<\/span><\/span><\/strong><\/h2>\n<p><span style=\"font-weight: 400;\">Du bist ein Mountainbike-Enthusiast, liebst die Berge, den Sport und den Nervenkitzel? M\u00f6chtest Du den Spassfaktor maximieren und endlich auch den Weg hinauf richtig geniessen?\u00a0<\/span><\/p>\n<p><span style=\"font-weight: 400;\">Ausgestattet ist das Focus Jam\u00b2 6.7 Nine nur mit dem Besten: Der st\u00e4rkste Bosch-Motor mit 85 Nm wurde speziell f\u00fcr steile H\u00e4nge konzipiert und komplett im Rahmen eingelassen. Er verf\u00fcgt zus\u00e4tzlich \u00fcber einen eMTB Modus, der sich dynamisch an deine eigene Muskelarbeit anpasst. Die 12-G\u00e4nge Schaltung und Bremsen sind vom Marktf\u00fchrer Shimano. Schl\u00e4ge werden bei diesem Fully E-Bike durch die Rock Shox-Gabel und -D\u00e4mpfer abgefangen, welche f\u00fcr optimalen Komfort sowie Schutz sorgen. Die Akkuleistung betr\u00e4gt rund 625Wh, womit auch ausgedehnte Touren m\u00f6glich werden.<\/span><\/p>\n<p><span style=\"font-weight: 400;\">Die Pedalen sind im Lieferumfang inbegriffen.<\/span><\/p>\n<h2><b>\u00dcber Focus<\/b><\/h2>\n<p><span style=\"font-weight: 400;\">Die deutsche Fahrradmarke<\/span><a href=\"https:\/\/www.mybikeplan.ch\/focus-e-bikes\"> <span style=\"font-weight: 400;\">Focus<\/span><\/a><span style=\"font-weight: 400;\"> ist ein Unternehmen, das seine Leidenschaft f\u00fcr den Radsport lebt. Spezialisiert auf Mountainbikes und Trekkingr\u00e4der, ist die Qualit\u00e4t der Produkte unbestreitbar! Focus E Bikes sind auf Innovation und Leistung ausgelegt, um dir ein unvergessliches Erlebnis zu bieten.<\/span><\/p>\n<p>&nbsp;<\/p>\n","protected":false},"featured_media":0,"comment_status":"open","ping_status":"closed","template":"","meta":{"_acf_changed":false},"product_brand":[],"product_cat":[583,15,578,582,24,579,54,4481],"product_tag":[42,130,116],"class_list":{"0":"post-23034","1":"product","2":"type-product","3":"status-publish","5":"product_cat-25-km","6":"product_cat-alle-e-bikes","7":"product_cat-damen","8":"product_cat-diamant","9":"product_cat-e-mountain","10":"product_cat-herren","11":"product_cat-marke-focus","12":"product_cat-mybikeplan","13":"product_tag-diamant","14":"product_tag-focus","15":"product_tag-geschwindigkeit-25-km-stunde","16":"pa_brakes-shimano-br-mt520-4-piston","17":"pa_brand-focus","18":"pa_cassette-shimano-slx-m7100-12-speed","19":"pa_chain-shimano-slx-cn-m7100","20":"pa_frame-variant-diamant","21":"pa_handlebar-bbb-ascension-bhb-110-aluminium-riserbar-780mm-rise-20mm-backsweep-9","22":"pa_hub-novatec-d041-15x110-mm","23":"pa_hub-novatec-d162-disc-12x148-m","24":"pa_max-weight-120-kg","25":"pa_motor-brand-bosch","26":"pa_rims-raceface-ar30-offset","27":"pa_seat-tube-length-s-40cm","28":"pa_seat-tube-length-m-42cm","29":"pa_seat-tube-length-l-45cm","30":"pa_seat-tube-length-49cm-xl","31":"pa_speed-25-km-stunde","32":"pa_suspension-travel-150-mm","33":"pa_tires-maxxis-minion-dhf-2-6-dual-exo-tr","34":"pa_weight-2350-kg","36":"first","37":"instock","38":"sold-individually","39":"shipping-taxable","40":"purchasable","41":"product-type-variable","42":"has-default-attributes"},"acf":{"short_description":"Das Focus Jam\u00b2 6.7 Nine ist ein Mountain E-Bike der Sonderklasse, das mit Leistung, Komfort und Hochwertigkeit auf allen Ebenen \u00fcberzeugt. Worauf wartest Du noch? Beginne Dein Adrenalin-Abenteuer noch heute!","bike_name":"Focus Jam\u00b2 6.7 Nine","highlight_text":"","frame":"","battery_size":"","motor_strength":""},"yoast_head":"<!-- This site is optimized with the Yoast SEO plugin v24.5 - https:\/\/yoast.com\/wordpress\/plugins\/seo\/ -->\n<title>Focus Jam\u00b2 6.7 Nine | Ab CHF 104 im Monat | 0% Zins<\/title>\n<meta name=\"description\" content=\"Bestelle jetzt das Focus Jam\u00b2 6.7 Nine ab CHF 104 pro Monat! Zahle mit zinsfreier Ratenzahlung und geniesse unsere gratis Heimlieferung.\" \/>\n<meta name=\"robots\" content=\"noindex, follow, max-snippet:-1, max-image-preview:large, max-video-preview:-1\" \/>\n<meta property=\"og:locale\" content=\"de_DE\" \/>\n<meta property=\"og:type\" content=\"article\" \/>\n<meta property=\"og:title\" content=\"Focus Jam\u00b2 6.7 Nine | Ab CHF 104 im Monat | 0% Zins\" \/>\n<meta property=\"og:description\" content=\"Bestelle jetzt das Focus Jam\u00b2 6.7 Nine ab CHF 104 pro Monat! Zahle mit zinsfreier Ratenzahlung und geniesse unsere gratis Heimlieferung.\" \/>\n<meta property=\"og:url\" content=\"https:\/\/listings.mybikeplan.ch\/de\/produkt\/focus-jam-6-7-nine-grau\/\" \/>\n<meta property=\"og:site_name\" content=\"MyBikePlan\" \/>\n<meta property=\"article:modified_time\" content=\"2024-05-31T08:46:44+00:00\" \/>\n<meta name=\"twitter:card\" content=\"summary_large_image\" \/>\n<meta name=\"twitter:label1\" content=\"Gesch\u00e4tzte Lesezeit\" \/>\n\t<meta name=\"twitter:data1\" content=\"1\u00a0Minute\" \/>\n<script type=\"application\/ld+json\" class=\"yoast-schema-graph\">{\"@context\":\"https:\/\/schema.org\",\"@graph\":[{\"@type\":\"WebPage\",\"@id\":\"https:\/\/listings.mybikeplan.ch\/de\/produkt\/focus-jam-6-7-nine-grau\/\",\"url\":\"https:\/\/listings.mybikeplan.ch\/de\/produkt\/focus-jam-6-7-nine-grau\/\",\"name\":\"Focus Jam\u00b2 6.7 Nine | Ab CHF 104 im Monat | 0% Zins\",\"isPartOf\":{\"@id\":\"https:\/\/listings.mybikeplan.ch\/de\/#website\"},\"datePublished\":\"2022-11-23T13:42:54+00:00\",\"dateModified\":\"2024-05-31T08:46:44+00:00\",\"description\":\"Bestelle jetzt das Focus Jam\u00b2 6.7 Nine ab CHF 104 pro Monat! Zahle mit zinsfreier Ratenzahlung und geniesse unsere gratis Heimlieferung.\",\"breadcrumb\":{\"@id\":\"https:\/\/listings.mybikeplan.ch\/de\/produkt\/focus-jam-6-7-nine-grau\/#breadcrumb\"},\"inLanguage\":\"de\",\"potentialAction\":[{\"@type\":\"ReadAction\",\"target\":[\"https:\/\/listings.mybikeplan.ch\/de\/produkt\/focus-jam-6-7-nine-grau\/\"]}]},{\"@type\":\"BreadcrumbList\",\"@id\":\"https:\/\/listings.mybikeplan.ch\/de\/produkt\/focus-jam-6-7-nine-grau\/#breadcrumb\",\"itemListElement\":[{\"@type\":\"ListItem\",\"position\":1,\"name\":\"Home\",\"item\":\"https:\/\/listings.mybikeplan.ch\/de\/\"},{\"@type\":\"ListItem\",\"position\":2,\"name\":\"Focus Jam\u00b2 6.7 Nine Grau\"}]},{\"@type\":\"WebSite\",\"@id\":\"https:\/\/listings.mybikeplan.ch\/de\/#website\",\"url\":\"https:\/\/listings.mybikeplan.ch\/de\/\",\"name\":\"MyBikePlan\",\"description\":\"\",\"potentialAction\":[{\"@type\":\"SearchAction\",\"target\":{\"@type\":\"EntryPoint\",\"urlTemplate\":\"https:\/\/listings.mybikeplan.ch\/de\/?s={search_term_string}\"},\"query-input\":{\"@type\":\"PropertyValueSpecification\",\"valueRequired\":true,\"valueName\":\"search_term_string\"}}],\"inLanguage\":\"de\"}]}<\/script>\n<!-- \/ Yoast SEO plugin. -->","yoast_head_json":{"title":"Focus Jam\u00b2 6.7 Nine | Ab CHF 104 im Monat | 0% Zins","description":"Bestelle jetzt das Focus Jam\u00b2 6.7 Nine ab CHF 104 pro Monat! Zahle mit zinsfreier Ratenzahlung und geniesse unsere gratis Heimlieferung.","robots":{"index":"noindex","follow":"follow","max-snippet":"max-snippet:-1","max-image-preview":"max-image-preview:large","max-video-preview":"max-video-preview:-1"},"og_locale":"de_DE","og_type":"article","og_title":"Focus Jam\u00b2 6.7 Nine | Ab CHF 104 im Monat | 0% Zins","og_description":"Bestelle jetzt das Focus Jam\u00b2 6.7 Nine ab CHF 104 pro Monat! Zahle mit zinsfreier Ratenzahlung und geniesse unsere gratis Heimlieferung.","og_url":"https:\/\/listings.mybikeplan.ch\/de\/produkt\/focus-jam-6-7-nine-grau\/","og_site_name":"MyBikePlan","article_modified_time":"2024-05-31T08:46:44+00:00","twitter_card":"summary_large_image","twitter_misc":{"Gesch\u00e4tzte Lesezeit":"1\u00a0Minute"},"schema":{"@context":"https:\/\/schema.org","@graph":[{"@type":"WebPage","@id":"https:\/\/listings.mybikeplan.ch\/de\/produkt\/focus-jam-6-7-nine-grau\/","url":"https:\/\/listings.mybikeplan.ch\/de\/produkt\/focus-jam-6-7-nine-grau\/","name":"Focus Jam\u00b2 6.7 Nine | Ab CHF 104 im Monat | 0% Zins","isPartOf":{"@id":"https:\/\/listings.mybikeplan.ch\/de\/#website"},"datePublished":"2022-11-23T13:42:54+00:00","dateModified":"2024-05-31T08:46:44+00:00","description":"Bestelle jetzt das Focus Jam\u00b2 6.7 Nine ab CHF 104 pro Monat! Zahle mit zinsfreier Ratenzahlung und geniesse unsere gratis Heimlieferung.","breadcrumb":{"@id":"https:\/\/listings.mybikeplan.ch\/de\/produkt\/focus-jam-6-7-nine-grau\/#breadcrumb"},"inLanguage":"de","potentialAction":[{"@type":"ReadAction","target":["https:\/\/listings.mybikeplan.ch\/de\/produkt\/focus-jam-6-7-nine-grau\/"]}]},{"@type":"BreadcrumbList","@id":"https:\/\/listings.mybikeplan.ch\/de\/produkt\/focus-jam-6-7-nine-grau\/#breadcrumb","itemListElement":[{"@type":"ListItem","position":1,"name":"Home","item":"https:\/\/listings.mybikeplan.ch\/de\/"},{"@type":"ListItem","position":2,"name":"Focus Jam\u00b2 6.7 Nine Grau"}]},{"@type":"WebSite","@id":"https:\/\/listings.mybikeplan.ch\/de\/#website","url":"https:\/\/listings.mybikeplan.ch\/de\/","name":"MyBikePlan","description":"","potentialAction":[{"@type":"SearchAction","target":{"@type":"EntryPoint","urlTemplate":"https:\/\/listings.mybikeplan.ch\/de\/?s={search_term_string}"},"query-input":{"@type":"PropertyValueSpecification","valueRequired":true,"valueName":"search_term_string"}}],"inLanguage":"de"}]}},"_links":{"self":[{"href":"https:\/\/listings.mybikeplan.ch\/de\/wp-json\/wp\/v2\/product\/23034","targetHints":{"allow":["GET"]}}],"collection":[{"href":"https:\/\/listings.mybikeplan.ch\/de\/wp-json\/wp\/v2\/product"}],"about":[{"href":"https:\/\/listings.mybikeplan.ch\/de\/wp-json\/wp\/v2\/types\/product"}],"replies":[{"embeddable":true,"href":"https:\/\/listings.mybikeplan.ch\/de\/wp-json\/wp\/v2\/comments?post=23034"}],"wp:attachment":[{"href":"https:\/\/listings.mybikeplan.ch\/de\/wp-json\/wp\/v2\/media?parent=23034"}],"wp:term":[{"taxonomy":"product_brand","embeddable":true,"href":"https:\/\/listings.mybikeplan.ch\/de\/wp-json\/wp\/v2\/product_brand?post=23034"},{"taxonomy":"product_cat","embeddable":true,"href":"https:\/\/listings.mybikeplan.ch\/de\/wp-json\/wp\/v2\/product_cat?post=23034"},{"taxonomy":"product_tag","embeddable":true,"href":"https:\/\/listings.mybikeplan.ch\/de\/wp-json\/wp\/v2\/product_tag?post=23034"}],"curies":[{"name":"wp","href":"https:\/\/api.w.org\/{rel}","templated":true}]}}