{"id":22858,"date":"2022-11-23T10:49:55","date_gmt":"2022-11-23T10:49:55","guid":{"rendered":"https:\/\/listings.mybikeplan.ch\/?post_type=product&#038;p=22858"},"modified":"2025-03-20T10:02:18","modified_gmt":"2025-03-20T10:02:18","slug":"allegro-invisible-alltour-atil03-greyhound","status":"publish","type":"product","link":"https:\/\/listings.mybikeplan.ch\/de\/produkt\/allegro-invisible-alltour-atil03-greyhound\/","title":{"rendered":"Allegro Invisible Alltour ATIL\u00b003 Greyhound"},"content":{"rendered":"<h2><b>Das Wichtigste zum Allegro Invisible Alltour ATIL\u00b003:<\/b><\/h2>\n<ul>\n<li style=\"font-weight: 400;\"><span style=\"font-weight: 400;\">Trekking E-Bike\u00a0<\/span><\/li>\n<li style=\"font-weight: 400;\"><span style=\"font-weight: 400;\">Der Bafang Hinterrad-Motor mit 45 Nm bringt Dich flink durch Deinen Alltag<\/span><\/li>\n<li style=\"font-weight: 400;\"><span style=\"font-weight: 400;\">504-Wh Lithium-Ionen Akku<\/span><\/li>\n<\/ul>\n<h2><b>Das Allegro Invisible Alltour ATIL\u00b003 ist perfekt f\u00fcr Dich, wenn Du:<\/b><\/h2>\n<ul>\n<li style=\"font-weight: 400;\"><span style=\"font-weight: 400;\">ein stilvolles E-Bike mit einem Touch Retro suchst<\/span><\/li>\n<li style=\"font-weight: 400;\"><span style=\"font-weight: 400;\">im Alltag flexibel sein m\u00f6chtest und auch mal auf Wegen ausserhalb unterwegs bist<\/span><\/li>\n<li style=\"font-weight: 400;\"><span style=\"font-weight: 400;\">Entlastung f\u00fcr den Transport von Eink\u00e4ufen suchst und mehr Bewegung in Deinen Alltag integrieren m\u00f6chtest<\/span><\/li>\n<\/ul>\n<h2><b>Gr\u00f6ssenempfehlung:<\/b><\/h2>\n<ul>\n<li>M: 48 cm = 160 cm &#8211; 170 cm<\/li>\n<li>L: 52 cm = 170 cm &#8211; 185 cm<\/li>\n<\/ul>\n","protected":false},"excerpt":{"rendered":"<h2><b>Allegro Invisible Alltour ATIL \u00b003<\/b><\/h2>\n<p>Du fragst dich, welches E-Bike am besten f\u00fcr Deinen Alltag geeignet ist? Du m\u00f6chtest in Zukunft Deinen Arbeitsweg per Elektrovelo zur\u00fccklegen und suchst eines, das dich auch am Wochenende begleiten kann?<\/p>\n<p>Das Allegro Invisible Alltour ATIL\u00b003 ist ein stilvoller Allrounder f\u00fcr Deinen Alltag und f\u00fcr Ausfahrten in der Freizeit! Egal ob auf Schotterweg oder asphaltierten Strassen, dieses Trekking-Modell bringt Dich unbeschwert durch die Arbeitswoche und im Anschluss direkt ins Wochenende.<\/p>\n<p>Das Allegro E-Bike ist mit einem Motor mit 45 Nm und einem Akku mit 504 Wh ausger\u00fcstet. Die Gangschaltung Shimano Deore verf\u00fcgt \u00fcber 10 G\u00e4nge und l\u00e4sst Dich jeden Berg problemlos erklimmen.<\/p>\n<h2><b>\u00dcber die Marke Allegro<\/b><\/h2>\n<p><a href=\"https:\/\/www.mybikeplan.ch\/marken\/allegro-ebikes\">Allegro<\/a> ist eine Schweizer Marke, die h\u00e4lt, was sie verspricht. Ganz nach dem Motto \u201cSchweiz auf zwei R\u00e4dern\u201d ist Allegro nicht nur lokal verwurzelt, sondern bietet auch Vielfalt und Innovation. Von City- bis Mountainbikes, von elegant bis sportlich: Die Allegro E-Bikes werden allen Anforderungen gerecht.<\/p>\n","protected":false},"featured_media":33921,"comment_status":"open","ping_status":"closed","template":"","meta":{"_acf_changed":false},"product_brand":[],"product_cat":[583,15,12657,582,23,3250,579,12660,12661,77,4481,7192,12608,12658,12646,12662,12659,7789,580,12650],"product_tag":[],"class_list":{"0":"post-22858","1":"product","2":"type-product","3":"status-publish","4":"has-post-thumbnail","6":"product_cat-25-km","7":"product_cat-alle-e-bikes","8":"product_cat-biciservici_100","9":"product_cat-diamant","10":"product_cat-e-trekking","11":"product_cat-grau","12":"product_cat-herren","13":"product_cat-hotelgastro_250","14":"product_cat-lindenhofgruppe_250","15":"product_cat-marke-allegro","16":"product_cat-mybikeplan","17":"product_cat-sbb_250","18":"product_cat-soh_250","19":"product_cat-spruengli_250","20":"product_cat-stampfliag_250","21":"product_cat-stampli-ag-250","22":"product_cat-swisscasinos_250","23":"product_cat-swiss-made","24":"product_cat-wave","25":"product_cat-wintibike_100","26":"pa_attachments-child-seat","27":"pa_battery-lithium-ionen-intube-akku-36-v-14-ah-504-wh-ausziehbar","28":"pa_battery-size-504-wh","29":"pa_brakes-tektro-hydraulische-scheibenbremsen","30":"pa_brand-allegro","31":"pa_display-king-meter-digital-ii-lcd-display","32":"pa_filters-color-grau","33":"pa_fork-suntour-nex-e25-federgabel","34":"pa_frame-variant-wave","35":"pa_hex-color-4bb6ef-produkt-allegro-invisible-alltour-atil03-lake","36":"pa_hex-color-708e55-produkt-allegro-invisible-alltour-atil03-highland","37":"pa_hex-color-808080-produkt-allegro-invisible-alltour-atil03-raven","38":"pa_hex-color-d7af78-produkt-allegro-invisible-alltour-atil03-sahara","39":"pa_hex-color-dbe0de-produkt-allegro-invisible-alltour-atil03-greyhound-2","40":"pa_hex-color-e98b8c-produkt-allegro-invisible-alltour-atil03-velvet","41":"pa_max-weight-130-kg","42":"pa_motor-bafang-bafang-g310-250-d-dc-hinterradmotor-36-v-250-w-30-nm","43":"pa_motor-brand-bafang","44":"pa_range-80-km","45":"pa_rider-height-160-165-cm","46":"pa_rider-height-165-170-cm","47":"pa_rider-height-170-175-cm","48":"pa_rider-height-175-180-cm","49":"pa_rider-height-180-185-cm","50":"pa_seat-tube-length-m-48cm","51":"pa_seat-tube-length-52cm-l","52":"pa_sizes-l","53":"pa_sizes-m","54":"pa_speed-25-km-stunde","55":"pa_suspension-travel-63mm","56":"pa_weight-2250-kg","57":"pa_wheel-size-26-zoll","59":"first","60":"instock","61":"shipping-taxable","62":"purchasable","63":"product-type-variable"},"acf":{"short_description":"Ein sportliches E-Bike f\u00fcr den Alltag und die Freizeit: Mit dem Allegro Invisible Alltour ATIL\u00b003 hast du einen treuen Begleiter f\u00fcr alle F\u00e4lle! Das schicke Design und der elegante schwarze Rahmen sorgen f\u00fcr ein harmonisches Fahrgef\u00fchl.","bike_name":"Allegro Invisible Alltour ATIL\u00b003 ","highlight_text":"","frame":"","battery_size":"","motor_strength":""},"yoast_head":"<!-- This site is optimized with the Yoast SEO plugin v24.5 - https:\/\/yoast.com\/wordpress\/plugins\/seo\/ -->\n<title>Allegro Invisible City ACIL\u00b003 | Ab CHF 59 im Monat | 0% Zins | Schweiz<\/title>\n<meta name=\"description\" content=\"Bestelle jetzt das Allegro E Bike Invisible City ACIL\u00b003 ab CHF 59 pro Monat! Zahle mit zinsfreier Ratenzahlung und geniesse unsere gratis Heimlieferung.\" \/>\n<meta name=\"robots\" content=\"noindex, follow, max-snippet:-1, max-image-preview:large, max-video-preview:-1\" \/>\n<meta property=\"og:locale\" content=\"de_DE\" \/>\n<meta property=\"og:type\" content=\"article\" \/>\n<meta property=\"og:title\" content=\"Allegro Invisible City ACIL\u00b003 | Ab CHF 59 im Monat | 0% Zins | Schweiz\" \/>\n<meta property=\"og:description\" content=\"Bestelle jetzt das Allegro E Bike Invisible City ACIL\u00b003 ab CHF 59 pro Monat! Zahle mit zinsfreier Ratenzahlung und geniesse unsere gratis Heimlieferung.\" \/>\n<meta property=\"og:url\" content=\"https:\/\/listings.mybikeplan.ch\/de\/produkt\/allegro-invisible-alltour-atil03-greyhound\/\" \/>\n<meta property=\"og:site_name\" content=\"MyBikePlan\" \/>\n<meta property=\"article:modified_time\" content=\"2025-03-20T10:02:18+00:00\" \/>\n<meta property=\"og:image\" content=\"https:\/\/listings.mybikeplan.ch\/wp-content\/uploads\/2023\/05\/Allegro-Invisible-Alltour-ATIL\u00b003-Greyhound_4-1.jpg\" \/>\n\t<meta property=\"og:image:width\" content=\"1000\" \/>\n\t<meta property=\"og:image:height\" content=\"1000\" \/>\n\t<meta property=\"og:image:type\" content=\"image\/jpeg\" \/>\n<meta name=\"twitter:card\" content=\"summary_large_image\" \/>\n<meta name=\"twitter:label1\" content=\"Gesch\u00e4tzte Lesezeit\" \/>\n\t<meta name=\"twitter:data1\" content=\"1\u00a0Minute\" \/>\n<script type=\"application\/ld+json\" class=\"yoast-schema-graph\">{\"@context\":\"https:\/\/schema.org\",\"@graph\":[{\"@type\":\"WebPage\",\"@id\":\"https:\/\/listings.mybikeplan.ch\/de\/produkt\/allegro-invisible-alltour-atil03-greyhound\/\",\"url\":\"https:\/\/listings.mybikeplan.ch\/de\/produkt\/allegro-invisible-alltour-atil03-greyhound\/\",\"name\":\"Allegro Invisible City ACIL\u00b003 | Ab CHF 59 im Monat | 0% Zins | Schweiz\",\"isPartOf\":{\"@id\":\"https:\/\/listings.mybikeplan.ch\/de\/#website\"},\"primaryImageOfPage\":{\"@id\":\"https:\/\/listings.mybikeplan.ch\/de\/produkt\/allegro-invisible-alltour-atil03-greyhound\/#primaryimage\"},\"image\":{\"@id\":\"https:\/\/listings.mybikeplan.ch\/de\/produkt\/allegro-invisible-alltour-atil03-greyhound\/#primaryimage\"},\"thumbnailUrl\":\"https:\/\/listings.mybikeplan.ch\/wp-content\/uploads\/2023\/05\/Allegro-Invisible-Alltour-ATIL\u00b003-Greyhound_4-1.jpg\",\"datePublished\":\"2022-11-23T10:49:55+00:00\",\"dateModified\":\"2025-03-20T10:02:18+00:00\",\"description\":\"Bestelle jetzt das Allegro E Bike Invisible City ACIL\u00b003 ab CHF 59 pro Monat! Zahle mit zinsfreier Ratenzahlung und geniesse unsere gratis Heimlieferung.\",\"breadcrumb\":{\"@id\":\"https:\/\/listings.mybikeplan.ch\/de\/produkt\/allegro-invisible-alltour-atil03-greyhound\/#breadcrumb\"},\"inLanguage\":\"de\",\"potentialAction\":[{\"@type\":\"ReadAction\",\"target\":[\"https:\/\/listings.mybikeplan.ch\/de\/produkt\/allegro-invisible-alltour-atil03-greyhound\/\"]}]},{\"@type\":\"ImageObject\",\"inLanguage\":\"de\",\"@id\":\"https:\/\/listings.mybikeplan.ch\/de\/produkt\/allegro-invisible-alltour-atil03-greyhound\/#primaryimage\",\"url\":\"https:\/\/listings.mybikeplan.ch\/wp-content\/uploads\/2023\/05\/Allegro-Invisible-Alltour-ATIL\u00b003-Greyhound_4-1.jpg\",\"contentUrl\":\"https:\/\/listings.mybikeplan.ch\/wp-content\/uploads\/2023\/05\/Allegro-Invisible-Alltour-ATIL\u00b003-Greyhound_4-1.jpg\",\"width\":1000,\"height\":1000},{\"@type\":\"BreadcrumbList\",\"@id\":\"https:\/\/listings.mybikeplan.ch\/de\/produkt\/allegro-invisible-alltour-atil03-greyhound\/#breadcrumb\",\"itemListElement\":[{\"@type\":\"ListItem\",\"position\":1,\"name\":\"Home\",\"item\":\"https:\/\/listings.mybikeplan.ch\/de\/\"},{\"@type\":\"ListItem\",\"position\":2,\"name\":\"Allegro Invisible Alltour ATIL\u00b003 Greyhound\"}]},{\"@type\":\"WebSite\",\"@id\":\"https:\/\/listings.mybikeplan.ch\/de\/#website\",\"url\":\"https:\/\/listings.mybikeplan.ch\/de\/\",\"name\":\"MyBikePlan\",\"description\":\"\",\"potentialAction\":[{\"@type\":\"SearchAction\",\"target\":{\"@type\":\"EntryPoint\",\"urlTemplate\":\"https:\/\/listings.mybikeplan.ch\/de\/?s={search_term_string}\"},\"query-input\":{\"@type\":\"PropertyValueSpecification\",\"valueRequired\":true,\"valueName\":\"search_term_string\"}}],\"inLanguage\":\"de\"}]}<\/script>\n<!-- \/ Yoast SEO plugin. -->","yoast_head_json":{"title":"Allegro Invisible City ACIL\u00b003 | Ab CHF 59 im Monat | 0% Zins | Schweiz","description":"Bestelle jetzt das Allegro E Bike Invisible City ACIL\u00b003 ab CHF 59 pro Monat! Zahle mit zinsfreier Ratenzahlung und geniesse unsere gratis Heimlieferung.","robots":{"index":"noindex","follow":"follow","max-snippet":"max-snippet:-1","max-image-preview":"max-image-preview:large","max-video-preview":"max-video-preview:-1"},"og_locale":"de_DE","og_type":"article","og_title":"Allegro Invisible City ACIL\u00b003 | Ab CHF 59 im Monat | 0% Zins | Schweiz","og_description":"Bestelle jetzt das Allegro E Bike Invisible City ACIL\u00b003 ab CHF 59 pro Monat! Zahle mit zinsfreier Ratenzahlung und geniesse unsere gratis Heimlieferung.","og_url":"https:\/\/listings.mybikeplan.ch\/de\/produkt\/allegro-invisible-alltour-atil03-greyhound\/","og_site_name":"MyBikePlan","article_modified_time":"2025-03-20T10:02:18+00:00","og_image":[{"width":1000,"height":1000,"url":"https:\/\/listings.mybikeplan.ch\/wp-content\/uploads\/2023\/05\/Allegro-Invisible-Alltour-ATIL\u00b003-Greyhound_4-1.jpg","type":"image\/jpeg"}],"twitter_card":"summary_large_image","twitter_misc":{"Gesch\u00e4tzte Lesezeit":"1\u00a0Minute"},"schema":{"@context":"https:\/\/schema.org","@graph":[{"@type":"WebPage","@id":"https:\/\/listings.mybikeplan.ch\/de\/produkt\/allegro-invisible-alltour-atil03-greyhound\/","url":"https:\/\/listings.mybikeplan.ch\/de\/produkt\/allegro-invisible-alltour-atil03-greyhound\/","name":"Allegro Invisible City ACIL\u00b003 | Ab CHF 59 im Monat | 0% Zins | Schweiz","isPartOf":{"@id":"https:\/\/listings.mybikeplan.ch\/de\/#website"},"primaryImageOfPage":{"@id":"https:\/\/listings.mybikeplan.ch\/de\/produkt\/allegro-invisible-alltour-atil03-greyhound\/#primaryimage"},"image":{"@id":"https:\/\/listings.mybikeplan.ch\/de\/produkt\/allegro-invisible-alltour-atil03-greyhound\/#primaryimage"},"thumbnailUrl":"https:\/\/listings.mybikeplan.ch\/wp-content\/uploads\/2023\/05\/Allegro-Invisible-Alltour-ATIL\u00b003-Greyhound_4-1.jpg","datePublished":"2022-11-23T10:49:55+00:00","dateModified":"2025-03-20T10:02:18+00:00","description":"Bestelle jetzt das Allegro E Bike Invisible City ACIL\u00b003 ab CHF 59 pro Monat! Zahle mit zinsfreier Ratenzahlung und geniesse unsere gratis Heimlieferung.","breadcrumb":{"@id":"https:\/\/listings.mybikeplan.ch\/de\/produkt\/allegro-invisible-alltour-atil03-greyhound\/#breadcrumb"},"inLanguage":"de","potentialAction":[{"@type":"ReadAction","target":["https:\/\/listings.mybikeplan.ch\/de\/produkt\/allegro-invisible-alltour-atil03-greyhound\/"]}]},{"@type":"ImageObject","inLanguage":"de","@id":"https:\/\/listings.mybikeplan.ch\/de\/produkt\/allegro-invisible-alltour-atil03-greyhound\/#primaryimage","url":"https:\/\/listings.mybikeplan.ch\/wp-content\/uploads\/2023\/05\/Allegro-Invisible-Alltour-ATIL\u00b003-Greyhound_4-1.jpg","contentUrl":"https:\/\/listings.mybikeplan.ch\/wp-content\/uploads\/2023\/05\/Allegro-Invisible-Alltour-ATIL\u00b003-Greyhound_4-1.jpg","width":1000,"height":1000},{"@type":"BreadcrumbList","@id":"https:\/\/listings.mybikeplan.ch\/de\/produkt\/allegro-invisible-alltour-atil03-greyhound\/#breadcrumb","itemListElement":[{"@type":"ListItem","position":1,"name":"Home","item":"https:\/\/listings.mybikeplan.ch\/de\/"},{"@type":"ListItem","position":2,"name":"Allegro Invisible Alltour ATIL\u00b003 Greyhound"}]},{"@type":"WebSite","@id":"https:\/\/listings.mybikeplan.ch\/de\/#website","url":"https:\/\/listings.mybikeplan.ch\/de\/","name":"MyBikePlan","description":"","potentialAction":[{"@type":"SearchAction","target":{"@type":"EntryPoint","urlTemplate":"https:\/\/listings.mybikeplan.ch\/de\/?s={search_term_string}"},"query-input":{"@type":"PropertyValueSpecification","valueRequired":true,"valueName":"search_term_string"}}],"inLanguage":"de"}]}},"_links":{"self":[{"href":"https:\/\/listings.mybikeplan.ch\/de\/wp-json\/wp\/v2\/product\/22858","targetHints":{"allow":["GET"]}}],"collection":[{"href":"https:\/\/listings.mybikeplan.ch\/de\/wp-json\/wp\/v2\/product"}],"about":[{"href":"https:\/\/listings.mybikeplan.ch\/de\/wp-json\/wp\/v2\/types\/product"}],"replies":[{"embeddable":true,"href":"https:\/\/listings.mybikeplan.ch\/de\/wp-json\/wp\/v2\/comments?post=22858"}],"wp:featuredmedia":[{"embeddable":true,"href":"https:\/\/listings.mybikeplan.ch\/de\/wp-json\/wp\/v2\/media\/33921"}],"wp:attachment":[{"href":"https:\/\/listings.mybikeplan.ch\/de\/wp-json\/wp\/v2\/media?parent=22858"}],"wp:term":[{"taxonomy":"product_brand","embeddable":true,"href":"https:\/\/listings.mybikeplan.ch\/de\/wp-json\/wp\/v2\/product_brand?post=22858"},{"taxonomy":"product_cat","embeddable":true,"href":"https:\/\/listings.mybikeplan.ch\/de\/wp-json\/wp\/v2\/product_cat?post=22858"},{"taxonomy":"product_tag","embeddable":true,"href":"https:\/\/listings.mybikeplan.ch\/de\/wp-json\/wp\/v2\/product_tag?post=22858"}],"curies":[{"name":"wp","href":"https:\/\/api.w.org\/{rel}","templated":true}]}}