{"id":22202,"date":"2022-09-30T12:41:18","date_gmt":"2022-09-30T12:41:18","guid":{"rendered":"https:\/\/listings.mybikeplan.ch\/?post_type=product&#038;p=22202"},"modified":"2025-03-20T10:05:11","modified_gmt":"2025-03-20T10:05:11","slug":"allegro-invisible-city-acil03-aqua-2","status":"publish","type":"product","link":"https:\/\/listings.mybikeplan.ch\/de\/produkt\/allegro-invisible-city-acil03-aqua-2\/","title":{"rendered":"Allegro Invisible City ACIL\u00b003 Aqua"},"content":{"rendered":"<h5><strong>Wichtiges auf einen Blick: <\/strong><\/h5>\n<ul>\n<li style=\"font-weight: 400;\"><span style=\"font-weight: 400;\">Ein City E-Bike im Retro-Look, das Dich mit einem Bafang Motor und 30 Nm (250 W) zuverl\u00e4ssig durch die Stadt begleitet.<\/span><\/li>\n<li style=\"font-weight: 400;\"><span style=\"font-weight: 400;\">Der 504 Wh starke Akku (Lithium-Intube) ist komplett im Rahmen integriert und bringt Dich bis zu 80 km weit. <\/span><\/li>\n<\/ul>\n<h5><strong>Dieses E Bike ist perfekt f\u00fcr dich, wenn Du:<\/strong><\/h5>\n<ul>\n<li style=\"font-weight: 400;\"><span style=\"font-weight: 400;\">In der Stadt wohnst<\/span><\/li>\n<li style=\"font-weight: 400;\"><span style=\"font-weight: 400;\">Deinen Alltag effizient gestalten willst<\/span><\/li>\n<li style=\"font-weight: 400;\"><span style=\"font-weight: 400;\">Deinen mittel-weiten Arbeitsweg ab jetzt sportlich, zeiteffizient und schweissfrei bew\u00e4ltigen willst<\/span><\/li>\n<\/ul>\n<h5><strong>Gr\u00f6ssenempfehlung:<\/strong><\/h5>\n<ul>\n<li style=\"font-weight: 400;\"><span style=\"vertical-align: inherit;\">S : 43cm = 155cm &#8211; 165cm<\/span><\/li>\n<\/ul>\n","protected":false},"excerpt":{"rendered":"<h2 style=\"text-align: left;\"><strong><span style=\"color: #000000;\"><span style=\"vertical-align: inherit;\"><span style=\"vertical-align: inherit;\">Allegro Invisible City ACIL\u00b003<\/span><\/span><\/span><\/strong><\/h2>\n<p style=\"text-align: left;\"><span style=\"font-weight: 400;\">Das Allegro Invisible City ACIL \u00b003 ist mit einem starken Bafang Hinterradmotor ausgestattet und unterst\u00fctzt Dich mit bis zu 25km\/h. Die Schaltung mit 10 G\u00e4ngen von Shimano erm\u00f6glicht es Dir, auch Steigungen m\u00fchelos hinter Dich zu bringen. Die Federgabel von Suntour sorgt f\u00fcr Komfort und die hydraulischen Bremsen f\u00fcr die maximale Sicherheit.<\/span><\/p>\n<p style=\"text-align: left;\"><span style=\"font-weight: 400;\">Integriert in der Ausstattung sind der Gep\u00e4cktr\u00e4ger, die LED-Beleuchtung und die Schutzbleche. Der himmelblaue Rahmen ist ein echter Hingucker auf der Strasse.<\/span><\/p>\n<p style=\"text-align: left;\"><span style=\"font-weight: 400;\">Entscheide Dich f\u00fcr das Invisible City ACIL \u00b003, wenn du einen Alltagsbegleiter zum unschlagbaren Preis-Leistungsverh\u00e4ltnis suchst!\u00a0<\/span><\/p>\n<h2><strong>\u00dcber die Marke Allegro<\/strong><\/h2>\n<div class=\"mt-3 bg-white\">\n<div class=\"container\">\n<div>\n<div class=\"row\">\n<div class=\"col-12\">\n<div class=\"bike-details-tab-panel pt-4 pb-4\">\n<div>\n<p><a href=\"https:\/\/www.mybikeplan.ch\/marken\/allegro-ebikes\">Allegro<\/a> ist eine Schweizer Marke, die h\u00e4lt, was sie verspricht. Ganz nach dem Motto \u201cSchweiz auf zwei R\u00e4dern\u201d ist Allegro nicht nur lokal verwurzelt, sondern bietet auch Vielfalt und Innovation. Von City- bis Mountainbikes, von elegant bis sportlich: Die Allegro E-Bikes werden allen Anforderungen gerecht.<\/p>\n<\/div>\n<\/div>\n<\/div>\n<\/div>\n<\/div>\n<\/div>\n<\/div>\n","protected":false},"featured_media":33006,"comment_status":"open","ping_status":"closed","template":"","meta":{"_acf_changed":false},"product_brand":[],"product_cat":[583,15,12657,578,21,12660,12661,77,4481,7192,12608,12658,12646,12662,12659,7789,580,12650],"product_tag":[],"class_list":{"0":"post-22202","1":"product","2":"type-product","3":"status-publish","4":"has-post-thumbnail","6":"product_cat-25-km","7":"product_cat-alle-e-bikes","8":"product_cat-biciservici_100","9":"product_cat-damen","10":"product_cat-e-urban","11":"product_cat-hotelgastro_250","12":"product_cat-lindenhofgruppe_250","13":"product_cat-marke-allegro","14":"product_cat-mybikeplan","15":"product_cat-sbb_250","16":"product_cat-soh_250","17":"product_cat-spruengli_250","18":"product_cat-stampfliag_250","19":"product_cat-stampli-ag-250","20":"product_cat-swisscasinos_250","21":"product_cat-swiss-made","22":"product_cat-wave","23":"product_cat-wintibike_100","24":"pa_attachments-child-seat","25":"pa_battery-lithium-ionen-intube-akku-36-v-14-ah-504-wh-ausziehbar","26":"pa_battery-size-504-wh","27":"pa_brakes-tektro-hydraulische-scheibenbremsen","28":"pa_brand-allegro","29":"pa_fork-suntour-nex-e25-federgabel","30":"pa_frame-variant-wave","31":"pa_max-weight-130-kg","32":"pa_motor-bafang-bafang-g310-250-d-dc-hinterradmotor-36-v-250-w-30-nm","33":"pa_motor-brand-bafang","34":"pa_range-80-km","35":"pa_rider-height-160-165-cm","36":"pa_rider-height-165-170-cm","37":"pa_rider-height-170-175-cm","38":"pa_rider-height-175-180-cm","39":"pa_rider-height-180-185-cm","40":"pa_seat-tube-length-s-43cm","41":"pa_sizes-s","42":"pa_speed-25-km-stunde","43":"pa_suspension-travel-63mm","44":"pa_weight-2250-kg","45":"pa_wheel-size-26-zoll","47":"first","48":"instock","49":"shipping-taxable","50":"purchasable","51":"product-type-variable"},"acf":{"short_description":"Mit dem stylischen Retro-Look und dem leistungsstarken Hinterradmotor bringt Dich dieses schicke City E-Bike in vertr\u00e4umtem T\u00fcrkis zielsicher dorthin, wo Du sein willst. ","bike_name":"Allegro Invisible City ACIL\u00b003","highlight_text":"","frame":"","battery_size":"","motor_strength":""},"yoast_head":"<!-- This site is optimized with the Yoast SEO plugin v24.5 - https:\/\/yoast.com\/wordpress\/plugins\/seo\/ -->\n<title>Allegro Invisible City ACIL\u00b003 | Ab CHF 52 im Monat | 0% Zins | Schweiz<\/title>\n<meta name=\"description\" content=\"Bestelle jetzt das Allegro E Bike Invisible City ACIL\u00b003 ab CHF 52 pro Monat! Zahle mit zinsfreier Ratenzahlung und geniesse unsere gratis Heimlieferung.\" \/>\n<meta name=\"robots\" content=\"noindex, follow, max-snippet:-1, max-image-preview:large, max-video-preview:-1\" \/>\n<meta property=\"og:locale\" content=\"de_DE\" \/>\n<meta property=\"og:type\" content=\"article\" \/>\n<meta property=\"og:title\" content=\"Allegro Invisible City ACIL\u00b003 | Ab CHF 52 im Monat | 0% Zins | Schweiz\" \/>\n<meta property=\"og:description\" content=\"Bestelle jetzt das Allegro E Bike Invisible City ACIL\u00b003 ab CHF 52 pro Monat! Zahle mit zinsfreier Ratenzahlung und geniesse unsere gratis Heimlieferung.\" \/>\n<meta property=\"og:url\" content=\"https:\/\/listings.mybikeplan.ch\/de\/produkt\/allegro-invisible-city-acil03-aqua-2\/\" \/>\n<meta property=\"og:site_name\" content=\"MyBikePlan\" \/>\n<meta property=\"article:modified_time\" content=\"2025-03-20T10:05:11+00:00\" \/>\n<meta property=\"og:image\" content=\"https:\/\/listings.mybikeplan.ch\/wp-content\/uploads\/2022\/09\/Allegro-Invisible-City-ACIL\u00b003-Aqua-3.jpg\" \/>\n\t<meta property=\"og:image:width\" content=\"1000\" \/>\n\t<meta property=\"og:image:height\" content=\"1000\" \/>\n\t<meta property=\"og:image:type\" content=\"image\/jpeg\" \/>\n<meta name=\"twitter:card\" content=\"summary_large_image\" \/>\n<meta name=\"twitter:label1\" content=\"Gesch\u00e4tzte Lesezeit\" \/>\n\t<meta name=\"twitter:data1\" content=\"1\u00a0Minute\" \/>\n<script type=\"application\/ld+json\" class=\"yoast-schema-graph\">{\"@context\":\"https:\/\/schema.org\",\"@graph\":[{\"@type\":\"WebPage\",\"@id\":\"https:\/\/listings.mybikeplan.ch\/de\/produkt\/allegro-invisible-city-acil03-aqua-2\/\",\"url\":\"https:\/\/listings.mybikeplan.ch\/de\/produkt\/allegro-invisible-city-acil03-aqua-2\/\",\"name\":\"Allegro Invisible City ACIL\u00b003 | Ab CHF 52 im Monat | 0% Zins | Schweiz\",\"isPartOf\":{\"@id\":\"https:\/\/listings.mybikeplan.ch\/de\/#website\"},\"primaryImageOfPage\":{\"@id\":\"https:\/\/listings.mybikeplan.ch\/de\/produkt\/allegro-invisible-city-acil03-aqua-2\/#primaryimage\"},\"image\":{\"@id\":\"https:\/\/listings.mybikeplan.ch\/de\/produkt\/allegro-invisible-city-acil03-aqua-2\/#primaryimage\"},\"thumbnailUrl\":\"https:\/\/listings.mybikeplan.ch\/wp-content\/uploads\/2022\/09\/Allegro-Invisible-City-ACIL\u00b003-Aqua-3.jpg\",\"datePublished\":\"2022-09-30T12:41:18+00:00\",\"dateModified\":\"2025-03-20T10:05:11+00:00\",\"description\":\"Bestelle jetzt das Allegro E Bike Invisible City ACIL\u00b003 ab CHF 52 pro Monat! Zahle mit zinsfreier Ratenzahlung und geniesse unsere gratis Heimlieferung.\",\"breadcrumb\":{\"@id\":\"https:\/\/listings.mybikeplan.ch\/de\/produkt\/allegro-invisible-city-acil03-aqua-2\/#breadcrumb\"},\"inLanguage\":\"de\",\"potentialAction\":[{\"@type\":\"ReadAction\",\"target\":[\"https:\/\/listings.mybikeplan.ch\/de\/produkt\/allegro-invisible-city-acil03-aqua-2\/\"]}]},{\"@type\":\"ImageObject\",\"inLanguage\":\"de\",\"@id\":\"https:\/\/listings.mybikeplan.ch\/de\/produkt\/allegro-invisible-city-acil03-aqua-2\/#primaryimage\",\"url\":\"https:\/\/listings.mybikeplan.ch\/wp-content\/uploads\/2022\/09\/Allegro-Invisible-City-ACIL\u00b003-Aqua-3.jpg\",\"contentUrl\":\"https:\/\/listings.mybikeplan.ch\/wp-content\/uploads\/2022\/09\/Allegro-Invisible-City-ACIL\u00b003-Aqua-3.jpg\",\"width\":1000,\"height\":1000,\"caption\":\"Allegro Invisible City ACIL\u00b003 Aqua\"},{\"@type\":\"BreadcrumbList\",\"@id\":\"https:\/\/listings.mybikeplan.ch\/de\/produkt\/allegro-invisible-city-acil03-aqua-2\/#breadcrumb\",\"itemListElement\":[{\"@type\":\"ListItem\",\"position\":1,\"name\":\"Home\",\"item\":\"https:\/\/listings.mybikeplan.ch\/de\/\"},{\"@type\":\"ListItem\",\"position\":2,\"name\":\"Allegro Invisible City ACIL\u00b003 Aqua\"}]},{\"@type\":\"WebSite\",\"@id\":\"https:\/\/listings.mybikeplan.ch\/de\/#website\",\"url\":\"https:\/\/listings.mybikeplan.ch\/de\/\",\"name\":\"MyBikePlan\",\"description\":\"\",\"potentialAction\":[{\"@type\":\"SearchAction\",\"target\":{\"@type\":\"EntryPoint\",\"urlTemplate\":\"https:\/\/listings.mybikeplan.ch\/de\/?s={search_term_string}\"},\"query-input\":{\"@type\":\"PropertyValueSpecification\",\"valueRequired\":true,\"valueName\":\"search_term_string\"}}],\"inLanguage\":\"de\"}]}<\/script>\n<!-- \/ Yoast SEO plugin. -->","yoast_head_json":{"title":"Allegro Invisible City ACIL\u00b003 | Ab CHF 52 im Monat | 0% Zins | Schweiz","description":"Bestelle jetzt das Allegro E Bike Invisible City ACIL\u00b003 ab CHF 52 pro Monat! Zahle mit zinsfreier Ratenzahlung und geniesse unsere gratis Heimlieferung.","robots":{"index":"noindex","follow":"follow","max-snippet":"max-snippet:-1","max-image-preview":"max-image-preview:large","max-video-preview":"max-video-preview:-1"},"og_locale":"de_DE","og_type":"article","og_title":"Allegro Invisible City ACIL\u00b003 | Ab CHF 52 im Monat | 0% Zins | Schweiz","og_description":"Bestelle jetzt das Allegro E Bike Invisible City ACIL\u00b003 ab CHF 52 pro Monat! Zahle mit zinsfreier Ratenzahlung und geniesse unsere gratis Heimlieferung.","og_url":"https:\/\/listings.mybikeplan.ch\/de\/produkt\/allegro-invisible-city-acil03-aqua-2\/","og_site_name":"MyBikePlan","article_modified_time":"2025-03-20T10:05:11+00:00","og_image":[{"width":1000,"height":1000,"url":"https:\/\/listings.mybikeplan.ch\/wp-content\/uploads\/2022\/09\/Allegro-Invisible-City-ACIL\u00b003-Aqua-3.jpg","type":"image\/jpeg"}],"twitter_card":"summary_large_image","twitter_misc":{"Gesch\u00e4tzte Lesezeit":"1\u00a0Minute"},"schema":{"@context":"https:\/\/schema.org","@graph":[{"@type":"WebPage","@id":"https:\/\/listings.mybikeplan.ch\/de\/produkt\/allegro-invisible-city-acil03-aqua-2\/","url":"https:\/\/listings.mybikeplan.ch\/de\/produkt\/allegro-invisible-city-acil03-aqua-2\/","name":"Allegro Invisible City ACIL\u00b003 | Ab CHF 52 im Monat | 0% Zins | Schweiz","isPartOf":{"@id":"https:\/\/listings.mybikeplan.ch\/de\/#website"},"primaryImageOfPage":{"@id":"https:\/\/listings.mybikeplan.ch\/de\/produkt\/allegro-invisible-city-acil03-aqua-2\/#primaryimage"},"image":{"@id":"https:\/\/listings.mybikeplan.ch\/de\/produkt\/allegro-invisible-city-acil03-aqua-2\/#primaryimage"},"thumbnailUrl":"https:\/\/listings.mybikeplan.ch\/wp-content\/uploads\/2022\/09\/Allegro-Invisible-City-ACIL\u00b003-Aqua-3.jpg","datePublished":"2022-09-30T12:41:18+00:00","dateModified":"2025-03-20T10:05:11+00:00","description":"Bestelle jetzt das Allegro E Bike Invisible City ACIL\u00b003 ab CHF 52 pro Monat! Zahle mit zinsfreier Ratenzahlung und geniesse unsere gratis Heimlieferung.","breadcrumb":{"@id":"https:\/\/listings.mybikeplan.ch\/de\/produkt\/allegro-invisible-city-acil03-aqua-2\/#breadcrumb"},"inLanguage":"de","potentialAction":[{"@type":"ReadAction","target":["https:\/\/listings.mybikeplan.ch\/de\/produkt\/allegro-invisible-city-acil03-aqua-2\/"]}]},{"@type":"ImageObject","inLanguage":"de","@id":"https:\/\/listings.mybikeplan.ch\/de\/produkt\/allegro-invisible-city-acil03-aqua-2\/#primaryimage","url":"https:\/\/listings.mybikeplan.ch\/wp-content\/uploads\/2022\/09\/Allegro-Invisible-City-ACIL\u00b003-Aqua-3.jpg","contentUrl":"https:\/\/listings.mybikeplan.ch\/wp-content\/uploads\/2022\/09\/Allegro-Invisible-City-ACIL\u00b003-Aqua-3.jpg","width":1000,"height":1000,"caption":"Allegro Invisible City ACIL\u00b003 Aqua"},{"@type":"BreadcrumbList","@id":"https:\/\/listings.mybikeplan.ch\/de\/produkt\/allegro-invisible-city-acil03-aqua-2\/#breadcrumb","itemListElement":[{"@type":"ListItem","position":1,"name":"Home","item":"https:\/\/listings.mybikeplan.ch\/de\/"},{"@type":"ListItem","position":2,"name":"Allegro Invisible City ACIL\u00b003 Aqua"}]},{"@type":"WebSite","@id":"https:\/\/listings.mybikeplan.ch\/de\/#website","url":"https:\/\/listings.mybikeplan.ch\/de\/","name":"MyBikePlan","description":"","potentialAction":[{"@type":"SearchAction","target":{"@type":"EntryPoint","urlTemplate":"https:\/\/listings.mybikeplan.ch\/de\/?s={search_term_string}"},"query-input":{"@type":"PropertyValueSpecification","valueRequired":true,"valueName":"search_term_string"}}],"inLanguage":"de"}]}},"_links":{"self":[{"href":"https:\/\/listings.mybikeplan.ch\/de\/wp-json\/wp\/v2\/product\/22202","targetHints":{"allow":["GET"]}}],"collection":[{"href":"https:\/\/listings.mybikeplan.ch\/de\/wp-json\/wp\/v2\/product"}],"about":[{"href":"https:\/\/listings.mybikeplan.ch\/de\/wp-json\/wp\/v2\/types\/product"}],"replies":[{"embeddable":true,"href":"https:\/\/listings.mybikeplan.ch\/de\/wp-json\/wp\/v2\/comments?post=22202"}],"wp:featuredmedia":[{"embeddable":true,"href":"https:\/\/listings.mybikeplan.ch\/de\/wp-json\/wp\/v2\/media\/33006"}],"wp:attachment":[{"href":"https:\/\/listings.mybikeplan.ch\/de\/wp-json\/wp\/v2\/media?parent=22202"}],"wp:term":[{"taxonomy":"product_brand","embeddable":true,"href":"https:\/\/listings.mybikeplan.ch\/de\/wp-json\/wp\/v2\/product_brand?post=22202"},{"taxonomy":"product_cat","embeddable":true,"href":"https:\/\/listings.mybikeplan.ch\/de\/wp-json\/wp\/v2\/product_cat?post=22202"},{"taxonomy":"product_tag","embeddable":true,"href":"https:\/\/listings.mybikeplan.ch\/de\/wp-json\/wp\/v2\/product_tag?post=22202"}],"curies":[{"name":"wp","href":"https:\/\/api.w.org\/{rel}","templated":true}]}}