{"id":21711,"date":"2022-08-18T12:18:25","date_gmt":"2022-08-18T12:18:25","guid":{"rendered":"https:\/\/listings.mybikeplan.ch\/?post_type=product&#038;p=21711"},"modified":"2024-12-06T09:45:04","modified_gmt":"2024-12-06T09:45:04","slug":"cilo-aglotour-ctl06-blau","status":"publish","type":"product","link":"https:\/\/listings.mybikeplan.ch\/de\/produkt\/cilo-aglotour-ctl06-blau\/","title":{"rendered":"Cilo Aglotour CTL\u00b006+ Grau"},"content":{"rendered":"<h2><b>Das Wichtigste zum Cilo Aglotour CTL\u00b006+:<\/b><\/h2>\n<ul>\n<li style=\"font-weight: 400;\"><span style=\"font-weight: 400;\">Trekking E-Bike\u00a0<\/span><\/li>\n<li style=\"font-weight: 400;\"><span style=\"font-weight: 400;\">Ideal f\u00fcr die Stadt und auf unebenen Strassen<\/span><\/li>\n<li style=\"font-weight: 400;\"><span style=\"font-weight: 400;\">Integriertes Sicherheitsschloss<\/span><\/li>\n<\/ul>\n<h2><b>Das Cilo Aglotour CTL\u00b006+ ist perfekt f\u00fcr Dich, wenn Du:<\/b><\/h2>\n<ul>\n<li style=\"font-weight: 400;\"><span style=\"font-weight: 400;\">Ein Allround E-Bike suchst<\/span><\/li>\n<li style=\"font-weight: 400;\"><span style=\"font-weight: 400;\">Ein E-Bike brauchst, das Dich im Alltag vollst\u00e4ndig unterst\u00fctzen kann<\/span><\/li>\n<li style=\"font-weight: 400;\"><span style=\"font-weight: 400;\">Entlastung f\u00fcr den Transport von Eink\u00e4ufen und mehr Bewegung in Deinen Alltag integrieren m\u00f6chtest<\/span><\/li>\n<\/ul>\n<h2><b>Gr\u00f6ssenempfehlung:<\/b><\/h2>\n<ul>\n<li style=\"font-weight: 400;\"><span style=\"font-weight: 400;\">S: 44 cm = 160 cm &#8211; 170 cm<\/span><\/li>\n<li style=\"font-weight: 400;\"><span style=\"font-weight: 400;\">M: 48cm= 170cm &#8211; 185cm<\/span><\/li>\n<\/ul>\n","protected":false},"excerpt":{"rendered":"<h2><b>Cilo Aglotour CTL\u00b006+<\/b><\/h2>\n<p><span style=\"font-weight: 400;\">Das Cilo Aglotour CTM\u00b006+ steht f\u00fcr Funktionalit\u00e4t. Der Shimano E6100 Motor hat ein Drehmoment von 60Nm und macht dieses Cilo E-Bike zu einem leistungsstarken Velo, das Dich auch bei extremen Steigungen zuverl\u00e4ssig unterst\u00fctzt. Der Shimano-Akku mit 630 Wh ist besonders langlebig und kann leicht am Bike oder separat aufgeladen werden.<\/span><\/p>\n<p><span style=\"font-weight: 400;\">Das Cilo Aglotour CTL\u00b006+ ist mit vielen Extras ausgestattet, die es zu einem praktischen Trekking E-Bike machen, darunter ein Teleskopsattel, die M\u00f6glichkeit, das Display zu entfernen, und ein integriertes Schloss.<\/span><\/p>\n<p><span style=\"font-weight: 400;\">Beim Einkaufen oder Transportieren kannst Du Dich ebenfalls auf dein neues E-Bike verlassen: Mit einer maximalen Tragf\u00e4higkeit von 130 kg bringst Du auch schwere Ladungen m\u00fchelos an den Zielort.<\/span><\/p>\n<p><span style=\"font-weight: 400;\">Zu guter Letzt ist das Cilo Aglotour CTL\u00b006+ dank seines einzigartigen Designs und seiner harmonischen Farbkombination definitiv ein stilvolles Bike.<\/span><\/p>\n<h2><b>\u00dcber die Marke Cilo<\/b><\/h2>\n<div class=\"mt-3 bg-white\">\n<div class=\"container\">\n<div>\n<div class=\"row\">\n<div class=\"col-12\">\n<div class=\"bike-details-tab-panel pt-4 pb-4\">\n<div>\n<p><a href=\"https:\/\/www.mybikeplan.ch\/marken\/cilo-ebikes\">Cilo<\/a> ist die f\u00fchrende Schweizer Fahrradmarke. Das Unternehmen wurde 1904 gegr\u00fcndet und verf\u00fcgt \u00fcber ein grosses Know-how und tief verwurzelte Werte, die bis heute verfolgt werden. So entwickelt Cilo sich st\u00e4ndig weiter und m\u00f6chte der Kundschaft das h\u00f6chste Mass an Komfort und Funktionalit\u00e4t bieten. Das Angebot ist breit gef\u00e4chert und umfasst Mountain E-Bikes, Trekking E-Bikes und City E-Bikes.<\/p>\n<\/div>\n<\/div>\n<\/div>\n<\/div>\n<\/div>\n<\/div>\n<\/div>\n","protected":false},"featured_media":30053,"comment_status":"open","ping_status":"closed","template":"","meta":{"_acf_changed":false},"product_brand":[],"product_cat":[583,15,578,23,3250,76,4481,11794,7789,580],"product_tag":[],"class_list":{"0":"post-21711","1":"product","2":"type-product","3":"status-publish","4":"has-post-thumbnail","6":"product_cat-25-km","7":"product_cat-alle-e-bikes","8":"product_cat-damen","9":"product_cat-e-trekking","10":"product_cat-grau","11":"product_cat-marke-cilo","12":"product_cat-mybikeplan","13":"product_cat-sale_250","14":"product_cat-swiss-made","15":"product_cat-wave","16":"pa_attachments-child-seat","17":"pa_attachments-trailer-connection","18":"pa_battery-shimano-bt-e8036-630wh-2","19":"pa_battery-size-630-wh","20":"pa_brakes-shimano-mt200-hydraulische-scheibenbremsen-160-180mm","21":"pa_brand-cilo","22":"pa_filters-color-blau","23":"pa_fork-rst-vogue-e-air-federgabel-tnl-mit-lockout-80mm-federweg","24":"pa_frame-variant-wave","25":"pa_hex-color-808080-produkt-cilo-aglotour-ctm-06-2","26":"pa_hex-color-d7e5f0","27":"pa_max-weight-130-kg","28":"pa_motor-shimano-du-e6100-36-v-250-w-60-nm","29":"pa_motor-brand-shimano","30":"pa_range-100-km","31":"pa_rider-height-160-165-cm","32":"pa_rider-height-165-170-cm","33":"pa_rider-height-170-175-cm","34":"pa_rider-height-175-180-cm","35":"pa_rider-height-180-185-cm","36":"pa_seat-tube-length-44cm-s","37":"pa_seat-tube-length-m-48cm","38":"pa_sizes-m","39":"pa_sizes-s","40":"pa_speed-25-km-stunde","41":"pa_weight-26-kg","43":"first","44":"instock","45":"shipping-taxable","46":"purchasable","47":"product-type-variable"},"acf":{"short_description":"Dieses komfortable Trekking E-Bike begleitet dich zuverl\u00e4ssig im Alltag: vom Einkaufen bis hin zum Arbeitsweg! Jetzt mit einem stylischen silbernen Rahmen, der garantiert auff\u00e4llt!\r\n","bike_name":"Cilo Aglotour CTL\u00b006+","highlight_text":"","frame":"","battery_size":"","motor_strength":""},"yoast_head":"<!-- This site is optimized with the Yoast SEO plugin v24.5 - https:\/\/yoast.com\/wordpress\/plugins\/seo\/ -->\n<title>Cilo Aglotour CTL\u00b006+ | E Bike kaufen Schweiz | 0% Ratenzahlung<\/title>\n<meta name=\"description\" content=\"Bestelle jetzt das Cilo E Bike Cilo Aglotour CTL\u00b006+ ab CHF 78 pro Monat! Zahle mit zinsfreier Ratenzahlung und geniesse unsere gratis Heimlieferung.\" \/>\n<meta name=\"robots\" content=\"noindex, follow, max-snippet:-1, max-image-preview:large, max-video-preview:-1\" \/>\n<meta property=\"og:locale\" content=\"de_DE\" \/>\n<meta property=\"og:type\" content=\"article\" \/>\n<meta property=\"og:title\" content=\"Cilo Aglotour CTL\u00b006+ | E Bike kaufen Schweiz | 0% Ratenzahlung\" \/>\n<meta property=\"og:description\" content=\"Bestelle jetzt das Cilo E Bike Cilo Aglotour CTL\u00b006+ ab CHF 78 pro Monat! Zahle mit zinsfreier Ratenzahlung und geniesse unsere gratis Heimlieferung.\" \/>\n<meta property=\"og:url\" content=\"https:\/\/listings.mybikeplan.ch\/de\/produkt\/cilo-aglotour-ctl06-blau\/\" \/>\n<meta property=\"og:site_name\" content=\"MyBikePlan\" \/>\n<meta property=\"article:modified_time\" content=\"2024-12-06T09:45:04+00:00\" \/>\n<meta property=\"og:image\" content=\"https:\/\/listings.mybikeplan.ch\/wp-content\/uploads\/2022\/08\/Cilo-Aglotour-CTL\u00b006-28\u2033-Blue.jpg\" \/>\n\t<meta property=\"og:image:width\" content=\"1000\" \/>\n\t<meta property=\"og:image:height\" content=\"1000\" \/>\n\t<meta property=\"og:image:type\" content=\"image\/jpeg\" \/>\n<meta name=\"twitter:card\" content=\"summary_large_image\" \/>\n<meta name=\"twitter:label1\" content=\"Gesch\u00e4tzte Lesezeit\" \/>\n\t<meta name=\"twitter:data1\" content=\"1\u00a0Minute\" \/>\n<script type=\"application\/ld+json\" class=\"yoast-schema-graph\">{\"@context\":\"https:\/\/schema.org\",\"@graph\":[{\"@type\":\"WebPage\",\"@id\":\"https:\/\/listings.mybikeplan.ch\/de\/produkt\/cilo-aglotour-ctl06-blau\/\",\"url\":\"https:\/\/listings.mybikeplan.ch\/de\/produkt\/cilo-aglotour-ctl06-blau\/\",\"name\":\"Cilo Aglotour CTL\u00b006+ | E Bike kaufen Schweiz | 0% Ratenzahlung\",\"isPartOf\":{\"@id\":\"https:\/\/listings.mybikeplan.ch\/de\/#website\"},\"primaryImageOfPage\":{\"@id\":\"https:\/\/listings.mybikeplan.ch\/de\/produkt\/cilo-aglotour-ctl06-blau\/#primaryimage\"},\"image\":{\"@id\":\"https:\/\/listings.mybikeplan.ch\/de\/produkt\/cilo-aglotour-ctl06-blau\/#primaryimage\"},\"thumbnailUrl\":\"https:\/\/listings.mybikeplan.ch\/wp-content\/uploads\/2022\/08\/Cilo-Aglotour-CTL\u00b006-28\u2033-Blue.jpg\",\"datePublished\":\"2022-08-18T12:18:25+00:00\",\"dateModified\":\"2024-12-06T09:45:04+00:00\",\"description\":\"Bestelle jetzt das Cilo E Bike Cilo Aglotour CTL\u00b006+ ab CHF 78 pro Monat! Zahle mit zinsfreier Ratenzahlung und geniesse unsere gratis Heimlieferung.\",\"breadcrumb\":{\"@id\":\"https:\/\/listings.mybikeplan.ch\/de\/produkt\/cilo-aglotour-ctl06-blau\/#breadcrumb\"},\"inLanguage\":\"de\",\"potentialAction\":[{\"@type\":\"ReadAction\",\"target\":[\"https:\/\/listings.mybikeplan.ch\/de\/produkt\/cilo-aglotour-ctl06-blau\/\"]}]},{\"@type\":\"ImageObject\",\"inLanguage\":\"de\",\"@id\":\"https:\/\/listings.mybikeplan.ch\/de\/produkt\/cilo-aglotour-ctl06-blau\/#primaryimage\",\"url\":\"https:\/\/listings.mybikeplan.ch\/wp-content\/uploads\/2022\/08\/Cilo-Aglotour-CTL\u00b006-28\u2033-Blue.jpg\",\"contentUrl\":\"https:\/\/listings.mybikeplan.ch\/wp-content\/uploads\/2022\/08\/Cilo-Aglotour-CTL\u00b006-28\u2033-Blue.jpg\",\"width\":1000,\"height\":1000,\"caption\":\"Cilo Aglotour CTL\u00b006+ 28\u2033 Blue\"},{\"@type\":\"BreadcrumbList\",\"@id\":\"https:\/\/listings.mybikeplan.ch\/de\/produkt\/cilo-aglotour-ctl06-blau\/#breadcrumb\",\"itemListElement\":[{\"@type\":\"ListItem\",\"position\":1,\"name\":\"Home\",\"item\":\"https:\/\/listings.mybikeplan.ch\/de\/\"},{\"@type\":\"ListItem\",\"position\":2,\"name\":\"Cilo Aglotour CTL\u00b006+ Grau\"}]},{\"@type\":\"WebSite\",\"@id\":\"https:\/\/listings.mybikeplan.ch\/de\/#website\",\"url\":\"https:\/\/listings.mybikeplan.ch\/de\/\",\"name\":\"MyBikePlan\",\"description\":\"\",\"potentialAction\":[{\"@type\":\"SearchAction\",\"target\":{\"@type\":\"EntryPoint\",\"urlTemplate\":\"https:\/\/listings.mybikeplan.ch\/de\/?s={search_term_string}\"},\"query-input\":{\"@type\":\"PropertyValueSpecification\",\"valueRequired\":true,\"valueName\":\"search_term_string\"}}],\"inLanguage\":\"de\"}]}<\/script>\n<!-- \/ Yoast SEO plugin. -->","yoast_head_json":{"title":"Cilo Aglotour CTL\u00b006+ | E Bike kaufen Schweiz | 0% Ratenzahlung","description":"Bestelle jetzt das Cilo E Bike Cilo Aglotour CTL\u00b006+ ab CHF 78 pro Monat! Zahle mit zinsfreier Ratenzahlung und geniesse unsere gratis Heimlieferung.","robots":{"index":"noindex","follow":"follow","max-snippet":"max-snippet:-1","max-image-preview":"max-image-preview:large","max-video-preview":"max-video-preview:-1"},"og_locale":"de_DE","og_type":"article","og_title":"Cilo Aglotour CTL\u00b006+ | E Bike kaufen Schweiz | 0% Ratenzahlung","og_description":"Bestelle jetzt das Cilo E Bike Cilo Aglotour CTL\u00b006+ ab CHF 78 pro Monat! Zahle mit zinsfreier Ratenzahlung und geniesse unsere gratis Heimlieferung.","og_url":"https:\/\/listings.mybikeplan.ch\/de\/produkt\/cilo-aglotour-ctl06-blau\/","og_site_name":"MyBikePlan","article_modified_time":"2024-12-06T09:45:04+00:00","og_image":[{"width":1000,"height":1000,"url":"https:\/\/listings.mybikeplan.ch\/wp-content\/uploads\/2022\/08\/Cilo-Aglotour-CTL\u00b006-28\u2033-Blue.jpg","type":"image\/jpeg"}],"twitter_card":"summary_large_image","twitter_misc":{"Gesch\u00e4tzte Lesezeit":"1\u00a0Minute"},"schema":{"@context":"https:\/\/schema.org","@graph":[{"@type":"WebPage","@id":"https:\/\/listings.mybikeplan.ch\/de\/produkt\/cilo-aglotour-ctl06-blau\/","url":"https:\/\/listings.mybikeplan.ch\/de\/produkt\/cilo-aglotour-ctl06-blau\/","name":"Cilo Aglotour CTL\u00b006+ | E Bike kaufen Schweiz | 0% Ratenzahlung","isPartOf":{"@id":"https:\/\/listings.mybikeplan.ch\/de\/#website"},"primaryImageOfPage":{"@id":"https:\/\/listings.mybikeplan.ch\/de\/produkt\/cilo-aglotour-ctl06-blau\/#primaryimage"},"image":{"@id":"https:\/\/listings.mybikeplan.ch\/de\/produkt\/cilo-aglotour-ctl06-blau\/#primaryimage"},"thumbnailUrl":"https:\/\/listings.mybikeplan.ch\/wp-content\/uploads\/2022\/08\/Cilo-Aglotour-CTL\u00b006-28\u2033-Blue.jpg","datePublished":"2022-08-18T12:18:25+00:00","dateModified":"2024-12-06T09:45:04+00:00","description":"Bestelle jetzt das Cilo E Bike Cilo Aglotour CTL\u00b006+ ab CHF 78 pro Monat! Zahle mit zinsfreier Ratenzahlung und geniesse unsere gratis Heimlieferung.","breadcrumb":{"@id":"https:\/\/listings.mybikeplan.ch\/de\/produkt\/cilo-aglotour-ctl06-blau\/#breadcrumb"},"inLanguage":"de","potentialAction":[{"@type":"ReadAction","target":["https:\/\/listings.mybikeplan.ch\/de\/produkt\/cilo-aglotour-ctl06-blau\/"]}]},{"@type":"ImageObject","inLanguage":"de","@id":"https:\/\/listings.mybikeplan.ch\/de\/produkt\/cilo-aglotour-ctl06-blau\/#primaryimage","url":"https:\/\/listings.mybikeplan.ch\/wp-content\/uploads\/2022\/08\/Cilo-Aglotour-CTL\u00b006-28\u2033-Blue.jpg","contentUrl":"https:\/\/listings.mybikeplan.ch\/wp-content\/uploads\/2022\/08\/Cilo-Aglotour-CTL\u00b006-28\u2033-Blue.jpg","width":1000,"height":1000,"caption":"Cilo Aglotour CTL\u00b006+ 28\u2033 Blue"},{"@type":"BreadcrumbList","@id":"https:\/\/listings.mybikeplan.ch\/de\/produkt\/cilo-aglotour-ctl06-blau\/#breadcrumb","itemListElement":[{"@type":"ListItem","position":1,"name":"Home","item":"https:\/\/listings.mybikeplan.ch\/de\/"},{"@type":"ListItem","position":2,"name":"Cilo Aglotour CTL\u00b006+ Grau"}]},{"@type":"WebSite","@id":"https:\/\/listings.mybikeplan.ch\/de\/#website","url":"https:\/\/listings.mybikeplan.ch\/de\/","name":"MyBikePlan","description":"","potentialAction":[{"@type":"SearchAction","target":{"@type":"EntryPoint","urlTemplate":"https:\/\/listings.mybikeplan.ch\/de\/?s={search_term_string}"},"query-input":{"@type":"PropertyValueSpecification","valueRequired":true,"valueName":"search_term_string"}}],"inLanguage":"de"}]}},"_links":{"self":[{"href":"https:\/\/listings.mybikeplan.ch\/de\/wp-json\/wp\/v2\/product\/21711","targetHints":{"allow":["GET"]}}],"collection":[{"href":"https:\/\/listings.mybikeplan.ch\/de\/wp-json\/wp\/v2\/product"}],"about":[{"href":"https:\/\/listings.mybikeplan.ch\/de\/wp-json\/wp\/v2\/types\/product"}],"replies":[{"embeddable":true,"href":"https:\/\/listings.mybikeplan.ch\/de\/wp-json\/wp\/v2\/comments?post=21711"}],"wp:featuredmedia":[{"embeddable":true,"href":"https:\/\/listings.mybikeplan.ch\/de\/wp-json\/wp\/v2\/media\/30053"}],"wp:attachment":[{"href":"https:\/\/listings.mybikeplan.ch\/de\/wp-json\/wp\/v2\/media?parent=21711"}],"wp:term":[{"taxonomy":"product_brand","embeddable":true,"href":"https:\/\/listings.mybikeplan.ch\/de\/wp-json\/wp\/v2\/product_brand?post=21711"},{"taxonomy":"product_cat","embeddable":true,"href":"https:\/\/listings.mybikeplan.ch\/de\/wp-json\/wp\/v2\/product_cat?post=21711"},{"taxonomy":"product_tag","embeddable":true,"href":"https:\/\/listings.mybikeplan.ch\/de\/wp-json\/wp\/v2\/product_tag?post=21711"}],"curies":[{"name":"wp","href":"https:\/\/api.w.org\/{rel}","templated":true}]}}