{"id":21661,"date":"2022-08-12T08:54:33","date_gmt":"2022-08-12T08:54:33","guid":{"rendered":"https:\/\/listings.mybikeplan.ch\/?post_type=product&#038;p=21661"},"modified":"2025-03-25T12:17:52","modified_gmt":"2025-03-25T12:17:52","slug":"r-raymon-hardray-e-3-0","status":"publish","type":"product","link":"https:\/\/listings.mybikeplan.ch\/de\/produkt\/r-raymon-hardray-e-3-0\/","title":{"rendered":"R Raymon HardRay E 3.0"},"content":{"rendered":"<h2><strong>Das Wichtigste zum R Raymon HardRay E 3.0:\u00a0<\/strong><\/h2>\n<ul>\n<li style=\"font-weight: 400;\"><span style=\"font-weight: 400;\">Hardtail Mountain E-Bike<\/span><\/li>\n<li style=\"font-weight: 400;\"><span style=\"font-weight: 400;\">Ideal f\u00fcr Einsteiger*innen in den Mountainbike-Sport<\/span><\/li>\n<li>Tolles Preis-Leistungs-Verh\u00e4ltnis<\/li>\n<\/ul>\n<h2><b>Das R Raymon HardRay E 3.0 ist perfekt f\u00fcr Dich, wenn Du:<\/b><\/h2>\n<ul>\n<li style=\"font-weight: 400;\"><span style=\"font-weight: 400;\">Ein E-Bike brauchst, welches Dich sicher \u00fcber Stock und Stein begleitet\u00a0<\/span><\/li>\n<li style=\"font-weight: 400;\"><span style=\"font-weight: 400;\">Ein leistungsstarkes E-Bike suchst, das gleichzeitig komfortabel ist und sich abenteuerlichen Routen in der Natur anpassen kann<\/span><\/li>\n<li style=\"font-weight: 400;\"><span style=\"font-weight: 400;\">Fan von sportlichen E-Bikes bist, welche sich f\u00fcr Abenteuer in den Bergen eignen<\/span><\/li>\n<\/ul>\n<h2><b>Gr\u00f6ssenempfehlung:<\/b><\/h2>\n<ul>\n<li><span style=\"font-weight: 400;\">M: 45cm = 170cm &#8211; 180cm<\/span><\/li>\n<li><span style=\"font-weight: 400;\">L: 50cm = 180cm &#8211; 190cm<\/span><\/li>\n<li>XL: 55 cm = 190 &#8211; 195 cm<\/li>\n<\/ul>\n","protected":false},"excerpt":{"rendered":"<h2><b>R Raymon HardRay E 3.0<\/b><\/h2>\n<p><span style=\"font-weight: 400;\">Du willst Abenteuer und Nervenkitzel auf Deinem sportlichen E-Bike erleben, aber gleichzeitig komfortabel und sicher unterwegs sein? Dann ist das R Raymon HardRay E 3.0 die richtige Wahl f\u00fcr Dich. Dieses Mountain E-Bike hat einen Yamaha PW-TE Mittelmotor mit 60 Nm und einen Yamaha DT500 Akku mit 500 Wh. Kombiniert verleiht Dir das grosse Autonomie w\u00e4hrend der Fahrt und garantiert Stabilit\u00e4t und Spass selbst auf den steilsten Routen. Dieses E-Bike wurde konzipiert f\u00fcr alle Adrenalinjunkies, die am Wochenende nichts lieber machen, als sich auf den Sattel zu schwingen und durch die Natur zu cruisen. Kurzum: Das R Raymon HardRay E 3.0 ist ein E-Bike, welches Dich auf all Deinen Abenteuern begleitet.\u00a0<\/span><\/p>\n<h2><b>\u00dcber die Marke R Raymon<\/b><\/h2>\n<p><span style=\"font-weight: 400;\">Die deutsche Marke <a href=\"https:\/\/www.mybikeplan.ch\/marken\/rraymon-ebikes\">Raymon<\/a> stellt E-Bikes mit einem einfachen und schlichten Design her. Dabei wird grossen Wert auf ein gutes Preis-Leistungs-Verh\u00e4ltnis gelegt, um hochwertige Bikes zu einem bezahlbaren Preis anbieten zu k\u00f6nnen. <\/span><span style=\"font-weight: 400;\">Innerhalb weniger Jahre hat sich das Unternehmen rasant weiterentwickelt und bietet nun R Raymon E-Bikes in verschiedenen Stilen an, von Strasse \u00fcber Enduro bis hin zu Schotter und City.<\/span><\/p>\n","protected":false},"featured_media":31312,"comment_status":"open","ping_status":"closed","template":"","meta":{"_acf_changed":false},"product_brand":[],"product_cat":[583,15,582,24,3250,579,1459,4481],"product_tag":[],"class_list":{"0":"post-21661","1":"product","2":"type-product","3":"status-publish","4":"has-post-thumbnail","6":"product_cat-25-km","7":"product_cat-alle-e-bikes","8":"product_cat-diamant","9":"product_cat-e-mountain","10":"product_cat-grau","11":"product_cat-herren","12":"product_cat-marke-r-raymon","13":"product_cat-mybikeplan","14":"pa_attachments-trailer-connection","15":"pa_battery-yamaha-dt500-500-wh-36-v","16":"pa_battery-size-500-wh","17":"pa_brakes-clarks-m2-2-kolben-hydraulische-scheibenbremse","18":"pa_brand-r-raymon","19":"pa_chain-kmc-z9","20":"pa_display-yamaha-display-a-lcd-display","21":"pa_filters-color-schwarz","22":"pa_fork-sr-suntour-xct30-hlo-feder-100-mm","23":"pa_frame-variant-diamant","24":"pa_handlebar-r-raymon-riser-318-mm-720-mm-sweep-6-rise-15-mm","25":"pa_hex-color-808080-2","26":"pa_max-weight-130-kg","27":"pa_motor-yamaha-pw-te-250-w-60-nm","28":"pa_motor-brand-yamaha","29":"pa_pedals-r-raymon-kunststoff","30":"pa_range-80-km","31":"pa_rider-height-170-175-cm","32":"pa_rider-height-175-180-cm","33":"pa_rider-height-180-185-cm","34":"pa_rider-height-185-190-cm","35":"pa_saddle-post-r-raymon-316-mm-350-mm-patent","36":"pa_seat-tube-length-45cm-m","37":"pa_seat-tube-length-50cm-l","38":"pa_seat-tube-length-55cm-xl","39":"pa_sizes-l","40":"pa_sizes-m","41":"pa_sizes-xl","42":"pa_speed-25-km-stunde","43":"pa_stem-r-raymon-31-8-7-ahead","44":"pa_weight-22-90kg","45":"pa_wheel-size-762","47":"first","48":"onbackorder","49":"shipping-taxable","50":"purchasable","51":"product-type-variable"},"acf":{"short_description":"Das R Raymond HardRay E 3.0 ist die perfekte Wahl f\u00fcr alle Abenteuerlustigen, die gerne mit ihrem E-Bike in der Natur unterwegs sind.","bike_name":"R Raymon HardRay E 3.0","highlight_text":"","frame":"","battery_size":"","motor_strength":""},"yoast_head":"<!-- This site is optimized with the Yoast SEO plugin v24.5 - https:\/\/yoast.com\/wordpress\/plugins\/seo\/ -->\n<title>R Raymon HardRay E 3.0 | E Bike kaufen Schweiz | 0% Ratenzahlung<\/title>\n<meta name=\"description\" content=\"Bestelle jetzt das R Raymon HardRay E 3.0 ab CHF62 pro Monat! Zahle mit zinsfreier Ratenzahlung und geniesse unsere gratis Heimlieferung.\" \/>\n<meta name=\"robots\" content=\"noindex, follow, max-snippet:-1, max-image-preview:large, max-video-preview:-1\" \/>\n<meta property=\"og:locale\" content=\"de_DE\" \/>\n<meta property=\"og:type\" content=\"article\" \/>\n<meta property=\"og:title\" content=\"R Raymon HardRay E 3.0 | E Bike kaufen Schweiz | 0% Ratenzahlung\" \/>\n<meta property=\"og:description\" content=\"Bestelle jetzt das R Raymon HardRay E 3.0 ab CHF62 pro Monat! Zahle mit zinsfreier Ratenzahlung und geniesse unsere gratis Heimlieferung.\" \/>\n<meta property=\"og:url\" content=\"https:\/\/listings.mybikeplan.ch\/de\/produkt\/r-raymon-hardray-e-3-0\/\" \/>\n<meta property=\"og:site_name\" content=\"MyBikePlan\" \/>\n<meta property=\"article:modified_time\" content=\"2025-03-25T12:17:52+00:00\" \/>\n<meta property=\"og:image\" content=\"https:\/\/listings.mybikeplan.ch\/wp-content\/uploads\/2022\/08\/R-Raymon-HardRay-E-3.0.jpg\" \/>\n\t<meta property=\"og:image:width\" content=\"1000\" \/>\n\t<meta property=\"og:image:height\" content=\"1000\" \/>\n\t<meta property=\"og:image:type\" content=\"image\/jpeg\" \/>\n<meta name=\"twitter:card\" content=\"summary_large_image\" \/>\n<meta name=\"twitter:label1\" content=\"Gesch\u00e4tzte Lesezeit\" \/>\n\t<meta name=\"twitter:data1\" content=\"1\u00a0Minute\" \/>\n<script type=\"application\/ld+json\" class=\"yoast-schema-graph\">{\"@context\":\"https:\/\/schema.org\",\"@graph\":[{\"@type\":\"WebPage\",\"@id\":\"https:\/\/listings.mybikeplan.ch\/de\/produkt\/r-raymon-hardray-e-3-0\/\",\"url\":\"https:\/\/listings.mybikeplan.ch\/de\/produkt\/r-raymon-hardray-e-3-0\/\",\"name\":\"R Raymon HardRay E 3.0 | E Bike kaufen Schweiz | 0% Ratenzahlung\",\"isPartOf\":{\"@id\":\"https:\/\/listings.mybikeplan.ch\/de\/#website\"},\"primaryImageOfPage\":{\"@id\":\"https:\/\/listings.mybikeplan.ch\/de\/produkt\/r-raymon-hardray-e-3-0\/#primaryimage\"},\"image\":{\"@id\":\"https:\/\/listings.mybikeplan.ch\/de\/produkt\/r-raymon-hardray-e-3-0\/#primaryimage\"},\"thumbnailUrl\":\"https:\/\/listings.mybikeplan.ch\/wp-content\/uploads\/2022\/08\/R-Raymon-HardRay-E-3.0.jpg\",\"datePublished\":\"2022-08-12T08:54:33+00:00\",\"dateModified\":\"2025-03-25T12:17:52+00:00\",\"description\":\"Bestelle jetzt das R Raymon HardRay E 3.0 ab CHF62 pro Monat! Zahle mit zinsfreier Ratenzahlung und geniesse unsere gratis Heimlieferung.\",\"breadcrumb\":{\"@id\":\"https:\/\/listings.mybikeplan.ch\/de\/produkt\/r-raymon-hardray-e-3-0\/#breadcrumb\"},\"inLanguage\":\"de\",\"potentialAction\":[{\"@type\":\"ReadAction\",\"target\":[\"https:\/\/listings.mybikeplan.ch\/de\/produkt\/r-raymon-hardray-e-3-0\/\"]}]},{\"@type\":\"ImageObject\",\"inLanguage\":\"de\",\"@id\":\"https:\/\/listings.mybikeplan.ch\/de\/produkt\/r-raymon-hardray-e-3-0\/#primaryimage\",\"url\":\"https:\/\/listings.mybikeplan.ch\/wp-content\/uploads\/2022\/08\/R-Raymon-HardRay-E-3.0.jpg\",\"contentUrl\":\"https:\/\/listings.mybikeplan.ch\/wp-content\/uploads\/2022\/08\/R-Raymon-HardRay-E-3.0.jpg\",\"width\":1000,\"height\":1000,\"caption\":\"R Raymon HardRay E 3.0\"},{\"@type\":\"BreadcrumbList\",\"@id\":\"https:\/\/listings.mybikeplan.ch\/de\/produkt\/r-raymon-hardray-e-3-0\/#breadcrumb\",\"itemListElement\":[{\"@type\":\"ListItem\",\"position\":1,\"name\":\"Home\",\"item\":\"https:\/\/listings.mybikeplan.ch\/de\/\"},{\"@type\":\"ListItem\",\"position\":2,\"name\":\"R Raymon HardRay E 3.0\"}]},{\"@type\":\"WebSite\",\"@id\":\"https:\/\/listings.mybikeplan.ch\/de\/#website\",\"url\":\"https:\/\/listings.mybikeplan.ch\/de\/\",\"name\":\"MyBikePlan\",\"description\":\"\",\"potentialAction\":[{\"@type\":\"SearchAction\",\"target\":{\"@type\":\"EntryPoint\",\"urlTemplate\":\"https:\/\/listings.mybikeplan.ch\/de\/?s={search_term_string}\"},\"query-input\":{\"@type\":\"PropertyValueSpecification\",\"valueRequired\":true,\"valueName\":\"search_term_string\"}}],\"inLanguage\":\"de\"}]}<\/script>\n<!-- \/ Yoast SEO plugin. -->","yoast_head_json":{"title":"R Raymon HardRay E 3.0 | E Bike kaufen Schweiz | 0% Ratenzahlung","description":"Bestelle jetzt das R Raymon HardRay E 3.0 ab CHF62 pro Monat! Zahle mit zinsfreier Ratenzahlung und geniesse unsere gratis Heimlieferung.","robots":{"index":"noindex","follow":"follow","max-snippet":"max-snippet:-1","max-image-preview":"max-image-preview:large","max-video-preview":"max-video-preview:-1"},"og_locale":"de_DE","og_type":"article","og_title":"R Raymon HardRay E 3.0 | E Bike kaufen Schweiz | 0% Ratenzahlung","og_description":"Bestelle jetzt das R Raymon HardRay E 3.0 ab CHF62 pro Monat! Zahle mit zinsfreier Ratenzahlung und geniesse unsere gratis Heimlieferung.","og_url":"https:\/\/listings.mybikeplan.ch\/de\/produkt\/r-raymon-hardray-e-3-0\/","og_site_name":"MyBikePlan","article_modified_time":"2025-03-25T12:17:52+00:00","og_image":[{"width":1000,"height":1000,"url":"https:\/\/listings.mybikeplan.ch\/wp-content\/uploads\/2022\/08\/R-Raymon-HardRay-E-3.0.jpg","type":"image\/jpeg"}],"twitter_card":"summary_large_image","twitter_misc":{"Gesch\u00e4tzte Lesezeit":"1\u00a0Minute"},"schema":{"@context":"https:\/\/schema.org","@graph":[{"@type":"WebPage","@id":"https:\/\/listings.mybikeplan.ch\/de\/produkt\/r-raymon-hardray-e-3-0\/","url":"https:\/\/listings.mybikeplan.ch\/de\/produkt\/r-raymon-hardray-e-3-0\/","name":"R Raymon HardRay E 3.0 | E Bike kaufen Schweiz | 0% Ratenzahlung","isPartOf":{"@id":"https:\/\/listings.mybikeplan.ch\/de\/#website"},"primaryImageOfPage":{"@id":"https:\/\/listings.mybikeplan.ch\/de\/produkt\/r-raymon-hardray-e-3-0\/#primaryimage"},"image":{"@id":"https:\/\/listings.mybikeplan.ch\/de\/produkt\/r-raymon-hardray-e-3-0\/#primaryimage"},"thumbnailUrl":"https:\/\/listings.mybikeplan.ch\/wp-content\/uploads\/2022\/08\/R-Raymon-HardRay-E-3.0.jpg","datePublished":"2022-08-12T08:54:33+00:00","dateModified":"2025-03-25T12:17:52+00:00","description":"Bestelle jetzt das R Raymon HardRay E 3.0 ab CHF62 pro Monat! Zahle mit zinsfreier Ratenzahlung und geniesse unsere gratis Heimlieferung.","breadcrumb":{"@id":"https:\/\/listings.mybikeplan.ch\/de\/produkt\/r-raymon-hardray-e-3-0\/#breadcrumb"},"inLanguage":"de","potentialAction":[{"@type":"ReadAction","target":["https:\/\/listings.mybikeplan.ch\/de\/produkt\/r-raymon-hardray-e-3-0\/"]}]},{"@type":"ImageObject","inLanguage":"de","@id":"https:\/\/listings.mybikeplan.ch\/de\/produkt\/r-raymon-hardray-e-3-0\/#primaryimage","url":"https:\/\/listings.mybikeplan.ch\/wp-content\/uploads\/2022\/08\/R-Raymon-HardRay-E-3.0.jpg","contentUrl":"https:\/\/listings.mybikeplan.ch\/wp-content\/uploads\/2022\/08\/R-Raymon-HardRay-E-3.0.jpg","width":1000,"height":1000,"caption":"R Raymon HardRay E 3.0"},{"@type":"BreadcrumbList","@id":"https:\/\/listings.mybikeplan.ch\/de\/produkt\/r-raymon-hardray-e-3-0\/#breadcrumb","itemListElement":[{"@type":"ListItem","position":1,"name":"Home","item":"https:\/\/listings.mybikeplan.ch\/de\/"},{"@type":"ListItem","position":2,"name":"R Raymon HardRay E 3.0"}]},{"@type":"WebSite","@id":"https:\/\/listings.mybikeplan.ch\/de\/#website","url":"https:\/\/listings.mybikeplan.ch\/de\/","name":"MyBikePlan","description":"","potentialAction":[{"@type":"SearchAction","target":{"@type":"EntryPoint","urlTemplate":"https:\/\/listings.mybikeplan.ch\/de\/?s={search_term_string}"},"query-input":{"@type":"PropertyValueSpecification","valueRequired":true,"valueName":"search_term_string"}}],"inLanguage":"de"}]}},"_links":{"self":[{"href":"https:\/\/listings.mybikeplan.ch\/de\/wp-json\/wp\/v2\/product\/21661","targetHints":{"allow":["GET"]}}],"collection":[{"href":"https:\/\/listings.mybikeplan.ch\/de\/wp-json\/wp\/v2\/product"}],"about":[{"href":"https:\/\/listings.mybikeplan.ch\/de\/wp-json\/wp\/v2\/types\/product"}],"replies":[{"embeddable":true,"href":"https:\/\/listings.mybikeplan.ch\/de\/wp-json\/wp\/v2\/comments?post=21661"}],"wp:featuredmedia":[{"embeddable":true,"href":"https:\/\/listings.mybikeplan.ch\/de\/wp-json\/wp\/v2\/media\/31312"}],"wp:attachment":[{"href":"https:\/\/listings.mybikeplan.ch\/de\/wp-json\/wp\/v2\/media?parent=21661"}],"wp:term":[{"taxonomy":"product_brand","embeddable":true,"href":"https:\/\/listings.mybikeplan.ch\/de\/wp-json\/wp\/v2\/product_brand?post=21661"},{"taxonomy":"product_cat","embeddable":true,"href":"https:\/\/listings.mybikeplan.ch\/de\/wp-json\/wp\/v2\/product_cat?post=21661"},{"taxonomy":"product_tag","embeddable":true,"href":"https:\/\/listings.mybikeplan.ch\/de\/wp-json\/wp\/v2\/product_tag?post=21661"}],"curies":[{"name":"wp","href":"https:\/\/api.w.org\/{rel}","templated":true}]}}