{"id":15744,"date":"2022-02-16T13:21:44","date_gmt":"2022-02-16T13:21:44","guid":{"rendered":"https:\/\/listings.mybikeplan.ch\/?post_type=product&#038;p=15744"},"modified":"2024-02-13T12:26:18","modified_gmt":"2024-02-13T12:26:18","slug":"anhaenger-thule-coaster-xt-2-gruen","status":"publish","type":"product","link":"https:\/\/listings.mybikeplan.ch\/de\/produkt\/anhaenger-thule-coaster-xt-2-gruen\/","title":{"rendered":"Anh\u00e4nger Thule COASTER XT 2 Gr\u00fcn"},"content":{"rendered":"<div class=\"product-description-wrap\">\n<div class=\"product-description-wrap\">\n<ul>\n<li>Inklusive Fahrrad- und Buggy-Set<\/li>\n<li data-bs-target=\"#allfeatures-image-slider\" data-bs-slide-to=\"1\">Einfache Umr\u00fcstung vom Fahrradanh\u00e4nger zum Buggy<\/li>\n<li data-bs-target=\"#allfeatures-image-slider\" data-bs-slide-to=\"0\">Sichere Befestigung am Fahrrad mit der Thule ezHitch Achsbefestigung<\/li>\n<li data-bs-target=\"#allfeatures-image-slider\" data-bs-slide-to=\"1\">Buggyrad-Aufbewahrung an Bord<\/li>\n<li data-bs-target=\"#allfeatures-image-slider\" data-bs-slide-to=\"2\">Komfortabel f\u00fcr zwei Kinder<\/li>\n<li data-bs-target=\"#allfeatures-image-slider\" data-bs-slide-to=\"3\">Verstellbarer Schiebeb\u00fcgel \u2013 der ergonomische, verstellbare Schiebeb\u00fcgel bietet Eltern maximalen Komfort<\/li>\n<li>Kompatibel mit unterschiedlichem Zubeh\u00f6r<\/li>\n<li data-bs-target=\"#allfeatures-image-slider\" data-bs-slide-to=\"4\">Leichtes Zusammenklappen f\u00fcr Lagerung und Transport<\/li>\n<li data-bs-target=\"#allfeatures-image-slider\" data-bs-slide-to=\"5\">Extra Stauraum f\u00fcr den Gep\u00e4cktransport<\/li>\n<li>Erf\u00fcllt internationale Sicherheitsstandards<\/li>\n<\/ul>\n<\/div>\n<div id=\"collapsableProductInformations\" class=\"product-details unique-variant-attr minrow row hiddenProductInformations\">\n<div class=\"col-sm-12 col-xs-12\"><\/div>\n<\/div>\n<\/div>\n","protected":false},"excerpt":{"rendered":"<p>Inklusive Fahrrad- und Buggy-Set Einfache Umr\u00fcstung vom Fahrradanh\u00e4nger zum Buggy Sichere Befestigung am Fahrrad mit der Thule ezHitch Achsbefestigung Buggyrad-Aufbewahrung an Bord Komfortabel f\u00fcr zwei Kinder Verstellbarer Schiebeb\u00fcgel \u2013 der ergonomische, verstellbare Schiebeb\u00fcgel bietet Eltern maximalen Komfort Kompatibel mit unterschiedlichem Zubeh\u00f6r Leichtes Zusammenklappen f\u00fcr Lagerung und Transport Extra Stauraum f\u00fcr den Gep\u00e4cktransport Erf\u00fcllt internationale Sicherheitsstandards<\/p>\n","protected":false},"featured_media":30496,"comment_status":"open","ping_status":"closed","template":"","meta":{"_acf_changed":false},"product_brand":[],"product_cat":[7294,1105],"product_tag":[],"class_list":{"0":"post-15744","1":"product","2":"type-product","3":"status-publish","4":"has-post-thumbnail","6":"product_cat-anhaenger","7":"product_cat-zubehoer","8":"pa_accessory-type-trailer","9":"pa_brand-thule","10":"pa_hex-color-000000-produkt-anhaenger-thule-coaster-xt-2-schwarz","11":"pa_hex-color-51d4eb-produkt-anhaenger-thule-coaster-xt-2-blau","12":"pa_hex-color-9db274-produkt-anhaenger-thule-coaster-xt-2-gruen","13":"pa_sizes-uni-size-2","15":"first","16":"instock","17":"shipping-taxable","18":"purchasable","19":"product-type-variable"},"acf":{"short_description":"Du suchst nach einem Anh\u00e4nger f\u00fcr Dein E-Bike, der ganz einfach zu einem Buggy umgewandelt werden kann? Dann ist der Thule COASTER XT 2 perfekt f\u00fcr Dich!","bike_name":"Anh\u00e4nger Thule COASTER","highlight_text":""},"yoast_head":"<!-- This site is optimized with the Yoast SEO plugin v24.5 - https:\/\/yoast.com\/wordpress\/plugins\/seo\/ -->\n<title>Anh\u00e4nger Thule COASTER XT 2 Gr\u00fcn<\/title>\n<meta name=\"robots\" content=\"noindex, follow, max-snippet:-1, max-image-preview:large, max-video-preview:-1\" \/>\n<meta property=\"og:locale\" content=\"de_DE\" \/>\n<meta property=\"og:type\" content=\"article\" \/>\n<meta property=\"og:title\" content=\"Anh\u00e4nger Thule COASTER XT 2 Gr\u00fcn\" \/>\n<meta property=\"og:description\" content=\"Inklusive Fahrrad- und Buggy-Set Einfache Umr\u00fcstung vom Fahrradanh\u00e4nger zum Buggy Sichere Befestigung am Fahrrad mit der Thule ezHitch Achsbefestigung Buggyrad-Aufbewahrung an Bord Komfortabel f\u00fcr zwei Kinder Verstellbarer Schiebeb\u00fcgel \u2013 der ergonomische, verstellbare Schiebeb\u00fcgel bietet Eltern maximalen Komfort Kompatibel mit unterschiedlichem Zubeh\u00f6r Leichtes Zusammenklappen f\u00fcr Lagerung und Transport Extra Stauraum f\u00fcr den Gep\u00e4cktransport Erf\u00fcllt internationale Sicherheitsstandards\" \/>\n<meta property=\"og:url\" content=\"https:\/\/listings.mybikeplan.ch\/de\/produkt\/anhaenger-thule-coaster-xt-2-gruen\/\" \/>\n<meta property=\"og:site_name\" content=\"MyBikePlan\" \/>\n<meta property=\"article:modified_time\" content=\"2024-02-13T12:26:18+00:00\" \/>\n<meta property=\"og:image\" content=\"https:\/\/listings.mybikeplan.ch\/wp-content\/uploads\/2022\/02\/Anhanger-COASTER-XT-2.jpg\" \/>\n\t<meta property=\"og:image:width\" content=\"1000\" \/>\n\t<meta property=\"og:image:height\" content=\"1000\" \/>\n\t<meta property=\"og:image:type\" content=\"image\/jpeg\" \/>\n<meta name=\"twitter:card\" content=\"summary_large_image\" \/>\n<meta name=\"twitter:label1\" content=\"Gesch\u00e4tzte Lesezeit\" \/>\n\t<meta name=\"twitter:data1\" content=\"1\u00a0Minute\" \/>\n<script type=\"application\/ld+json\" class=\"yoast-schema-graph\">{\"@context\":\"https:\/\/schema.org\",\"@graph\":[{\"@type\":\"WebPage\",\"@id\":\"https:\/\/listings.mybikeplan.ch\/de\/produkt\/anhaenger-thule-coaster-xt-2-gruen\/\",\"url\":\"https:\/\/listings.mybikeplan.ch\/de\/produkt\/anhaenger-thule-coaster-xt-2-gruen\/\",\"name\":\"Anh\u00e4nger Thule COASTER XT 2 Gr\u00fcn\",\"isPartOf\":{\"@id\":\"https:\/\/listings.mybikeplan.ch\/de\/#website\"},\"primaryImageOfPage\":{\"@id\":\"https:\/\/listings.mybikeplan.ch\/de\/produkt\/anhaenger-thule-coaster-xt-2-gruen\/#primaryimage\"},\"image\":{\"@id\":\"https:\/\/listings.mybikeplan.ch\/de\/produkt\/anhaenger-thule-coaster-xt-2-gruen\/#primaryimage\"},\"thumbnailUrl\":\"https:\/\/listings.mybikeplan.ch\/wp-content\/uploads\/2022\/02\/Anhanger-COASTER-XT-2.jpg\",\"datePublished\":\"2022-02-16T13:21:44+00:00\",\"dateModified\":\"2024-02-13T12:26:18+00:00\",\"breadcrumb\":{\"@id\":\"https:\/\/listings.mybikeplan.ch\/de\/produkt\/anhaenger-thule-coaster-xt-2-gruen\/#breadcrumb\"},\"inLanguage\":\"de\",\"potentialAction\":[{\"@type\":\"ReadAction\",\"target\":[\"https:\/\/listings.mybikeplan.ch\/de\/produkt\/anhaenger-thule-coaster-xt-2-gruen\/\"]}]},{\"@type\":\"ImageObject\",\"inLanguage\":\"de\",\"@id\":\"https:\/\/listings.mybikeplan.ch\/de\/produkt\/anhaenger-thule-coaster-xt-2-gruen\/#primaryimage\",\"url\":\"https:\/\/listings.mybikeplan.ch\/wp-content\/uploads\/2022\/02\/Anhanger-COASTER-XT-2.jpg\",\"contentUrl\":\"https:\/\/listings.mybikeplan.ch\/wp-content\/uploads\/2022\/02\/Anhanger-COASTER-XT-2.jpg\",\"width\":1000,\"height\":1000,\"caption\":\"Anh\u00e4nger COASTER XT 2\"},{\"@type\":\"BreadcrumbList\",\"@id\":\"https:\/\/listings.mybikeplan.ch\/de\/produkt\/anhaenger-thule-coaster-xt-2-gruen\/#breadcrumb\",\"itemListElement\":[{\"@type\":\"ListItem\",\"position\":1,\"name\":\"Home\",\"item\":\"https:\/\/listings.mybikeplan.ch\/de\/\"},{\"@type\":\"ListItem\",\"position\":2,\"name\":\"Anh\u00e4nger Thule COASTER XT 2 Gr\u00fcn\"}]},{\"@type\":\"WebSite\",\"@id\":\"https:\/\/listings.mybikeplan.ch\/de\/#website\",\"url\":\"https:\/\/listings.mybikeplan.ch\/de\/\",\"name\":\"MyBikePlan\",\"description\":\"\",\"potentialAction\":[{\"@type\":\"SearchAction\",\"target\":{\"@type\":\"EntryPoint\",\"urlTemplate\":\"https:\/\/listings.mybikeplan.ch\/de\/?s={search_term_string}\"},\"query-input\":{\"@type\":\"PropertyValueSpecification\",\"valueRequired\":true,\"valueName\":\"search_term_string\"}}],\"inLanguage\":\"de\"}]}<\/script>\n<!-- \/ Yoast SEO plugin. -->","yoast_head_json":{"title":"Anh\u00e4nger Thule COASTER XT 2 Gr\u00fcn","robots":{"index":"noindex","follow":"follow","max-snippet":"max-snippet:-1","max-image-preview":"max-image-preview:large","max-video-preview":"max-video-preview:-1"},"og_locale":"de_DE","og_type":"article","og_title":"Anh\u00e4nger Thule COASTER XT 2 Gr\u00fcn","og_description":"Inklusive Fahrrad- und Buggy-Set Einfache Umr\u00fcstung vom Fahrradanh\u00e4nger zum Buggy Sichere Befestigung am Fahrrad mit der Thule ezHitch Achsbefestigung Buggyrad-Aufbewahrung an Bord Komfortabel f\u00fcr zwei Kinder Verstellbarer Schiebeb\u00fcgel \u2013 der ergonomische, verstellbare Schiebeb\u00fcgel bietet Eltern maximalen Komfort Kompatibel mit unterschiedlichem Zubeh\u00f6r Leichtes Zusammenklappen f\u00fcr Lagerung und Transport Extra Stauraum f\u00fcr den Gep\u00e4cktransport Erf\u00fcllt internationale Sicherheitsstandards","og_url":"https:\/\/listings.mybikeplan.ch\/de\/produkt\/anhaenger-thule-coaster-xt-2-gruen\/","og_site_name":"MyBikePlan","article_modified_time":"2024-02-13T12:26:18+00:00","og_image":[{"width":1000,"height":1000,"url":"https:\/\/listings.mybikeplan.ch\/wp-content\/uploads\/2022\/02\/Anhanger-COASTER-XT-2.jpg","type":"image\/jpeg"}],"twitter_card":"summary_large_image","twitter_misc":{"Gesch\u00e4tzte Lesezeit":"1\u00a0Minute"},"schema":{"@context":"https:\/\/schema.org","@graph":[{"@type":"WebPage","@id":"https:\/\/listings.mybikeplan.ch\/de\/produkt\/anhaenger-thule-coaster-xt-2-gruen\/","url":"https:\/\/listings.mybikeplan.ch\/de\/produkt\/anhaenger-thule-coaster-xt-2-gruen\/","name":"Anh\u00e4nger Thule COASTER XT 2 Gr\u00fcn","isPartOf":{"@id":"https:\/\/listings.mybikeplan.ch\/de\/#website"},"primaryImageOfPage":{"@id":"https:\/\/listings.mybikeplan.ch\/de\/produkt\/anhaenger-thule-coaster-xt-2-gruen\/#primaryimage"},"image":{"@id":"https:\/\/listings.mybikeplan.ch\/de\/produkt\/anhaenger-thule-coaster-xt-2-gruen\/#primaryimage"},"thumbnailUrl":"https:\/\/listings.mybikeplan.ch\/wp-content\/uploads\/2022\/02\/Anhanger-COASTER-XT-2.jpg","datePublished":"2022-02-16T13:21:44+00:00","dateModified":"2024-02-13T12:26:18+00:00","breadcrumb":{"@id":"https:\/\/listings.mybikeplan.ch\/de\/produkt\/anhaenger-thule-coaster-xt-2-gruen\/#breadcrumb"},"inLanguage":"de","potentialAction":[{"@type":"ReadAction","target":["https:\/\/listings.mybikeplan.ch\/de\/produkt\/anhaenger-thule-coaster-xt-2-gruen\/"]}]},{"@type":"ImageObject","inLanguage":"de","@id":"https:\/\/listings.mybikeplan.ch\/de\/produkt\/anhaenger-thule-coaster-xt-2-gruen\/#primaryimage","url":"https:\/\/listings.mybikeplan.ch\/wp-content\/uploads\/2022\/02\/Anhanger-COASTER-XT-2.jpg","contentUrl":"https:\/\/listings.mybikeplan.ch\/wp-content\/uploads\/2022\/02\/Anhanger-COASTER-XT-2.jpg","width":1000,"height":1000,"caption":"Anh\u00e4nger COASTER XT 2"},{"@type":"BreadcrumbList","@id":"https:\/\/listings.mybikeplan.ch\/de\/produkt\/anhaenger-thule-coaster-xt-2-gruen\/#breadcrumb","itemListElement":[{"@type":"ListItem","position":1,"name":"Home","item":"https:\/\/listings.mybikeplan.ch\/de\/"},{"@type":"ListItem","position":2,"name":"Anh\u00e4nger Thule COASTER XT 2 Gr\u00fcn"}]},{"@type":"WebSite","@id":"https:\/\/listings.mybikeplan.ch\/de\/#website","url":"https:\/\/listings.mybikeplan.ch\/de\/","name":"MyBikePlan","description":"","potentialAction":[{"@type":"SearchAction","target":{"@type":"EntryPoint","urlTemplate":"https:\/\/listings.mybikeplan.ch\/de\/?s={search_term_string}"},"query-input":{"@type":"PropertyValueSpecification","valueRequired":true,"valueName":"search_term_string"}}],"inLanguage":"de"}]}},"_links":{"self":[{"href":"https:\/\/listings.mybikeplan.ch\/de\/wp-json\/wp\/v2\/product\/15744","targetHints":{"allow":["GET"]}}],"collection":[{"href":"https:\/\/listings.mybikeplan.ch\/de\/wp-json\/wp\/v2\/product"}],"about":[{"href":"https:\/\/listings.mybikeplan.ch\/de\/wp-json\/wp\/v2\/types\/product"}],"replies":[{"embeddable":true,"href":"https:\/\/listings.mybikeplan.ch\/de\/wp-json\/wp\/v2\/comments?post=15744"}],"wp:featuredmedia":[{"embeddable":true,"href":"https:\/\/listings.mybikeplan.ch\/de\/wp-json\/wp\/v2\/media\/30496"}],"wp:attachment":[{"href":"https:\/\/listings.mybikeplan.ch\/de\/wp-json\/wp\/v2\/media?parent=15744"}],"wp:term":[{"taxonomy":"product_brand","embeddable":true,"href":"https:\/\/listings.mybikeplan.ch\/de\/wp-json\/wp\/v2\/product_brand?post=15744"},{"taxonomy":"product_cat","embeddable":true,"href":"https:\/\/listings.mybikeplan.ch\/de\/wp-json\/wp\/v2\/product_cat?post=15744"},{"taxonomy":"product_tag","embeddable":true,"href":"https:\/\/listings.mybikeplan.ch\/de\/wp-json\/wp\/v2\/product_tag?post=15744"}],"curies":[{"name":"wp","href":"https:\/\/api.w.org\/{rel}","templated":true}]}}