{"id":10645,"date":"2021-07-12T16:14:26","date_gmt":"2021-07-12T16:14:26","guid":{"rendered":"https:\/\/listings.mybikeplan.ch\/?post_type=product&#038;p=10645"},"modified":"2024-06-03T08:29:43","modified_gmt":"2024-06-03T08:29:43","slug":"cilo-cityliner-ccl02","status":"publish","type":"product","link":"https:\/\/listings.mybikeplan.ch\/de\/produkt\/cilo-cityliner-ccl02\/","title":{"rendered":"Cilo Cityliner CCL\u00b002+"},"content":{"rendered":"<h2><b>Das Wichtigste zum Cilo Cityliner CCL\u00b002+ auf einen Blick:<\/b><\/h2>\n<ul>\n<li style=\"font-weight: 400;\" aria-level=\"1\">Vielseitiges City E-Bike mit Gep\u00e4cktr\u00e4ger<\/li>\n<li aria-level=\"1\">Bosch Motor mit 50 Nm<\/li>\n<li aria-level=\"1\">Bosch PowerTube Akku mit 500 Wh<\/li>\n<\/ul>\n<h2><b>Das Cilo Cityliner CCL\u00b002+ ist perfekt f\u00fcr Dich, wenn Du:<\/b><\/h2>\n<ul>\n<li style=\"font-weight: 400;\" aria-level=\"1\"><span style=\"font-weight: 400;\">in der Stadt lebst oder viel in der Stadt unterwegs bist<\/span><\/li>\n<li aria-level=\"1\">ein zuverl\u00e4ssiges E-Bike f\u00fcr Erledigungen und den Alltag suchst<\/li>\n<\/ul>\n<h2><b>Gr\u00f6ssenempfehlung:<\/b><\/h2>\n<ul>\n<li>45 cm: 160 &#8211; 170 cm<\/li>\n<li>50 cm: 170 &#8211; 185 cm<\/li>\n<\/ul>\n","protected":false},"excerpt":{"rendered":"<h2>Cilo Cityliner CCL\u00b002+<\/h2>\n<p>Wenn Du gerne und oft mit dem Velo in der Stadt unterwegs bist und ganz entspannt fahren m\u00f6chtest, ist dieses E-City Bike genau die richtige Entscheidung f\u00fcr Dich. Der Elektromotor unterst\u00fctzt Dich bei Bedarf, sodass jede Tour zum Kinderspiel wird und Du immer vollen Fahrspass geniesst. Das Cilo Cityliner CCL\u00b002+ bietet Dir f\u00fcr kurze und l\u00e4ngere Touren flexible, unabh\u00e4ngige und optimale Elektro-Mobilit\u00e4t. Ob aus Zeitersparnis, aus Liebe zum Komfort oder weil du die Unterst\u00fctzung des Motors brauchst, dieses E-Bike ist eine tolle Erleichterung im Alltag und in der Freizeit!<\/p>\n<h2><b>\u00dcber Cilo<\/b><\/h2>\n<p>Cilo ist die f\u00fchrende Schweizer Velomarke. Das Unternehmen wurde 1904 gegr\u00fcndet und verf\u00fcgt \u00fcber ein grosses Know-how und tief verwurzelte Werte, die mit den Cilo E-Bikes bis heute verfolgt werden. So entwickelt sich das Unternehmen st\u00e4ndig weiter und m\u00f6chte der Kundschaft das h\u00f6chste Mass an Komfort und Funktionalit\u00e4t bieten. Das Angebot von Cilo E-Bikes ist breit gef\u00e4chert und umfasst Mountain E-Bikes, Trekking E-Bikes und City E-Bikes.<\/p>\n","protected":false},"featured_media":31532,"comment_status":"open","ping_status":"closed","template":"","meta":{"_acf_changed":false},"product_brand":[],"product_cat":[583,15,578,21,579,76,4481,7789,580],"product_tag":[],"class_list":{"0":"post-10645","1":"product","2":"type-product","3":"status-publish","4":"has-post-thumbnail","6":"product_cat-25-km","7":"product_cat-alle-e-bikes","8":"product_cat-damen","9":"product_cat-e-urban","10":"product_cat-herren","11":"product_cat-marke-cilo","12":"product_cat-mybikeplan","13":"product_cat-swiss-made","14":"product_cat-wave","15":"pa_battery-bosch-powertube-500-500-wh","16":"pa_battery-size-500-wh","17":"pa_brakes-clarks-hydraulische-scheibenbremsen-180mm-bremsscheiben","18":"pa_brand-cilo","19":"pa_frame-variant-wave","20":"pa_hex-color-7c9fb5-produkt-cilo-cityliner-ccl02-blau","21":"pa_hex-color-475","22":"pa_hex-color-b85413-produkt-cilo-cityliner-ccl02-orange","23":"pa_hex-color-cfc3b5-produkt-cilo-cityliner-ccl02-beige","24":"pa_max-weight-130-kg","25":"pa_motor-bosch-active-line-plus-50-nm","26":"pa_motor-brand-bosch","27":"pa_pedals-c10-comfort","28":"pa_range-80-km","29":"pa_rider-height-160-165-cm","30":"pa_rider-height-165-170-cm","31":"pa_rider-height-180-185-cm","32":"pa_rider-height-185-190-cm","33":"pa_seat-tube-length-45cm-m","34":"pa_seat-tube-length-50cm-l","35":"pa_speed-25-km-stunde","36":"pa_weight-2690-kg","38":"first","39":"instock","40":"shipping-taxable","41":"purchasable","42":"product-type-variable"},"acf":{"short_description":"","bike_name":"Cilo Cityliner CCL\u00b002+","highlight_text":"","frame":"","battery_size":"","motor_strength":""},"yoast_head":"<!-- This site is optimized with the Yoast SEO plugin v24.5 - https:\/\/yoast.com\/wordpress\/plugins\/seo\/ -->\n<title>Cilo Cityliner CCL\u00b002+ | Ab CHF 60 im Monat | 0% Zins<\/title>\n<meta name=\"description\" content=\"Bestelle jetzt den Cilo Cityliner CCL\u00b002+ ab CHF 60 pro Monat! Zahle mit zinsfreier Ratenzahlung und geniesse unsere gratis Heimlieferung.\" \/>\n<meta name=\"robots\" content=\"noindex, follow, max-snippet:-1, max-image-preview:large, max-video-preview:-1\" \/>\n<meta property=\"og:locale\" content=\"de_DE\" \/>\n<meta property=\"og:type\" content=\"article\" \/>\n<meta property=\"og:title\" content=\"Cilo Cityliner CCL\u00b002+ | Ab CHF 60 im Monat | 0% Zins\" \/>\n<meta property=\"og:description\" content=\"Bestelle jetzt den Cilo Cityliner CCL\u00b002+ ab CHF 60 pro Monat! Zahle mit zinsfreier Ratenzahlung und geniesse unsere gratis Heimlieferung.\" \/>\n<meta property=\"og:url\" content=\"https:\/\/listings.mybikeplan.ch\/de\/produkt\/cilo-cityliner-ccl02\/\" \/>\n<meta property=\"og:site_name\" content=\"MyBikePlan\" \/>\n<meta property=\"article:modified_time\" content=\"2024-06-03T08:29:43+00:00\" \/>\n<meta property=\"og:image\" content=\"https:\/\/listings.mybikeplan.ch\/wp-content\/uploads\/2021\/07\/CILO-CITYLINER-CCL\u00b002.jpg\" \/>\n\t<meta property=\"og:image:width\" content=\"1000\" \/>\n\t<meta property=\"og:image:height\" content=\"1000\" \/>\n\t<meta property=\"og:image:type\" content=\"image\/jpeg\" \/>\n<meta name=\"twitter:card\" content=\"summary_large_image\" \/>\n<meta name=\"twitter:label1\" content=\"Gesch\u00e4tzte Lesezeit\" \/>\n\t<meta name=\"twitter:data1\" content=\"1\u00a0Minute\" \/>\n<script type=\"application\/ld+json\" class=\"yoast-schema-graph\">{\"@context\":\"https:\/\/schema.org\",\"@graph\":[{\"@type\":\"WebPage\",\"@id\":\"https:\/\/listings.mybikeplan.ch\/de\/produkt\/cilo-cityliner-ccl02\/\",\"url\":\"https:\/\/listings.mybikeplan.ch\/de\/produkt\/cilo-cityliner-ccl02\/\",\"name\":\"Cilo Cityliner CCL\u00b002+ | Ab CHF 60 im Monat | 0% Zins\",\"isPartOf\":{\"@id\":\"https:\/\/listings.mybikeplan.ch\/de\/#website\"},\"primaryImageOfPage\":{\"@id\":\"https:\/\/listings.mybikeplan.ch\/de\/produkt\/cilo-cityliner-ccl02\/#primaryimage\"},\"image\":{\"@id\":\"https:\/\/listings.mybikeplan.ch\/de\/produkt\/cilo-cityliner-ccl02\/#primaryimage\"},\"thumbnailUrl\":\"https:\/\/listings.mybikeplan.ch\/wp-content\/uploads\/2021\/07\/CILO-CITYLINER-CCL\u00b002.jpg\",\"datePublished\":\"2021-07-12T16:14:26+00:00\",\"dateModified\":\"2024-06-03T08:29:43+00:00\",\"description\":\"Bestelle jetzt den Cilo Cityliner CCL\u00b002+ ab CHF 60 pro Monat! Zahle mit zinsfreier Ratenzahlung und geniesse unsere gratis Heimlieferung.\",\"breadcrumb\":{\"@id\":\"https:\/\/listings.mybikeplan.ch\/de\/produkt\/cilo-cityliner-ccl02\/#breadcrumb\"},\"inLanguage\":\"de\",\"potentialAction\":[{\"@type\":\"ReadAction\",\"target\":[\"https:\/\/listings.mybikeplan.ch\/de\/produkt\/cilo-cityliner-ccl02\/\"]}]},{\"@type\":\"ImageObject\",\"inLanguage\":\"de\",\"@id\":\"https:\/\/listings.mybikeplan.ch\/de\/produkt\/cilo-cityliner-ccl02\/#primaryimage\",\"url\":\"https:\/\/listings.mybikeplan.ch\/wp-content\/uploads\/2021\/07\/CILO-CITYLINER-CCL\u00b002.jpg\",\"contentUrl\":\"https:\/\/listings.mybikeplan.ch\/wp-content\/uploads\/2021\/07\/CILO-CITYLINER-CCL\u00b002.jpg\",\"width\":1000,\"height\":1000,\"caption\":\"CILO CITYLINER CCL\u00b002+\"},{\"@type\":\"BreadcrumbList\",\"@id\":\"https:\/\/listings.mybikeplan.ch\/de\/produkt\/cilo-cityliner-ccl02\/#breadcrumb\",\"itemListElement\":[{\"@type\":\"ListItem\",\"position\":1,\"name\":\"Home\",\"item\":\"https:\/\/listings.mybikeplan.ch\/de\/\"},{\"@type\":\"ListItem\",\"position\":2,\"name\":\"Cilo Cityliner CCL\u00b002+\"}]},{\"@type\":\"WebSite\",\"@id\":\"https:\/\/listings.mybikeplan.ch\/de\/#website\",\"url\":\"https:\/\/listings.mybikeplan.ch\/de\/\",\"name\":\"MyBikePlan\",\"description\":\"\",\"potentialAction\":[{\"@type\":\"SearchAction\",\"target\":{\"@type\":\"EntryPoint\",\"urlTemplate\":\"https:\/\/listings.mybikeplan.ch\/de\/?s={search_term_string}\"},\"query-input\":{\"@type\":\"PropertyValueSpecification\",\"valueRequired\":true,\"valueName\":\"search_term_string\"}}],\"inLanguage\":\"de\"}]}<\/script>\n<!-- \/ Yoast SEO plugin. -->","yoast_head_json":{"title":"Cilo Cityliner CCL\u00b002+ | Ab CHF 60 im Monat | 0% Zins","description":"Bestelle jetzt den Cilo Cityliner CCL\u00b002+ ab CHF 60 pro Monat! Zahle mit zinsfreier Ratenzahlung und geniesse unsere gratis Heimlieferung.","robots":{"index":"noindex","follow":"follow","max-snippet":"max-snippet:-1","max-image-preview":"max-image-preview:large","max-video-preview":"max-video-preview:-1"},"og_locale":"de_DE","og_type":"article","og_title":"Cilo Cityliner CCL\u00b002+ | Ab CHF 60 im Monat | 0% Zins","og_description":"Bestelle jetzt den Cilo Cityliner CCL\u00b002+ ab CHF 60 pro Monat! Zahle mit zinsfreier Ratenzahlung und geniesse unsere gratis Heimlieferung.","og_url":"https:\/\/listings.mybikeplan.ch\/de\/produkt\/cilo-cityliner-ccl02\/","og_site_name":"MyBikePlan","article_modified_time":"2024-06-03T08:29:43+00:00","og_image":[{"width":1000,"height":1000,"url":"https:\/\/listings.mybikeplan.ch\/wp-content\/uploads\/2021\/07\/CILO-CITYLINER-CCL\u00b002.jpg","type":"image\/jpeg"}],"twitter_card":"summary_large_image","twitter_misc":{"Gesch\u00e4tzte Lesezeit":"1\u00a0Minute"},"schema":{"@context":"https:\/\/schema.org","@graph":[{"@type":"WebPage","@id":"https:\/\/listings.mybikeplan.ch\/de\/produkt\/cilo-cityliner-ccl02\/","url":"https:\/\/listings.mybikeplan.ch\/de\/produkt\/cilo-cityliner-ccl02\/","name":"Cilo Cityliner CCL\u00b002+ | Ab CHF 60 im Monat | 0% Zins","isPartOf":{"@id":"https:\/\/listings.mybikeplan.ch\/de\/#website"},"primaryImageOfPage":{"@id":"https:\/\/listings.mybikeplan.ch\/de\/produkt\/cilo-cityliner-ccl02\/#primaryimage"},"image":{"@id":"https:\/\/listings.mybikeplan.ch\/de\/produkt\/cilo-cityliner-ccl02\/#primaryimage"},"thumbnailUrl":"https:\/\/listings.mybikeplan.ch\/wp-content\/uploads\/2021\/07\/CILO-CITYLINER-CCL\u00b002.jpg","datePublished":"2021-07-12T16:14:26+00:00","dateModified":"2024-06-03T08:29:43+00:00","description":"Bestelle jetzt den Cilo Cityliner CCL\u00b002+ ab CHF 60 pro Monat! Zahle mit zinsfreier Ratenzahlung und geniesse unsere gratis Heimlieferung.","breadcrumb":{"@id":"https:\/\/listings.mybikeplan.ch\/de\/produkt\/cilo-cityliner-ccl02\/#breadcrumb"},"inLanguage":"de","potentialAction":[{"@type":"ReadAction","target":["https:\/\/listings.mybikeplan.ch\/de\/produkt\/cilo-cityliner-ccl02\/"]}]},{"@type":"ImageObject","inLanguage":"de","@id":"https:\/\/listings.mybikeplan.ch\/de\/produkt\/cilo-cityliner-ccl02\/#primaryimage","url":"https:\/\/listings.mybikeplan.ch\/wp-content\/uploads\/2021\/07\/CILO-CITYLINER-CCL\u00b002.jpg","contentUrl":"https:\/\/listings.mybikeplan.ch\/wp-content\/uploads\/2021\/07\/CILO-CITYLINER-CCL\u00b002.jpg","width":1000,"height":1000,"caption":"CILO CITYLINER CCL\u00b002+"},{"@type":"BreadcrumbList","@id":"https:\/\/listings.mybikeplan.ch\/de\/produkt\/cilo-cityliner-ccl02\/#breadcrumb","itemListElement":[{"@type":"ListItem","position":1,"name":"Home","item":"https:\/\/listings.mybikeplan.ch\/de\/"},{"@type":"ListItem","position":2,"name":"Cilo Cityliner CCL\u00b002+"}]},{"@type":"WebSite","@id":"https:\/\/listings.mybikeplan.ch\/de\/#website","url":"https:\/\/listings.mybikeplan.ch\/de\/","name":"MyBikePlan","description":"","potentialAction":[{"@type":"SearchAction","target":{"@type":"EntryPoint","urlTemplate":"https:\/\/listings.mybikeplan.ch\/de\/?s={search_term_string}"},"query-input":{"@type":"PropertyValueSpecification","valueRequired":true,"valueName":"search_term_string"}}],"inLanguage":"de"}]}},"_links":{"self":[{"href":"https:\/\/listings.mybikeplan.ch\/de\/wp-json\/wp\/v2\/product\/10645","targetHints":{"allow":["GET"]}}],"collection":[{"href":"https:\/\/listings.mybikeplan.ch\/de\/wp-json\/wp\/v2\/product"}],"about":[{"href":"https:\/\/listings.mybikeplan.ch\/de\/wp-json\/wp\/v2\/types\/product"}],"replies":[{"embeddable":true,"href":"https:\/\/listings.mybikeplan.ch\/de\/wp-json\/wp\/v2\/comments?post=10645"}],"wp:featuredmedia":[{"embeddable":true,"href":"https:\/\/listings.mybikeplan.ch\/de\/wp-json\/wp\/v2\/media\/31532"}],"wp:attachment":[{"href":"https:\/\/listings.mybikeplan.ch\/de\/wp-json\/wp\/v2\/media?parent=10645"}],"wp:term":[{"taxonomy":"product_brand","embeddable":true,"href":"https:\/\/listings.mybikeplan.ch\/de\/wp-json\/wp\/v2\/product_brand?post=10645"},{"taxonomy":"product_cat","embeddable":true,"href":"https:\/\/listings.mybikeplan.ch\/de\/wp-json\/wp\/v2\/product_cat?post=10645"},{"taxonomy":"product_tag","embeddable":true,"href":"https:\/\/listings.mybikeplan.ch\/de\/wp-json\/wp\/v2\/product_tag?post=10645"}],"curies":[{"name":"wp","href":"https:\/\/api.w.org\/{rel}","templated":true}]}}